{"id":1040,"date":"2018-03-13T09:39:25","date_gmt":"2018-03-13T08:39:25","guid":{"rendered":"https:\/\/alt.bzi-rs.de\/?page_id=1040"},"modified":"2020-03-04T16:48:17","modified_gmt":"2020-03-04T15:48:17","slug":"vde-1","status":"publish","type":"page","link":"https:\/\/alt.bzi-rs.de\/index.php\/vde-1\/","title":{"rendered":"VDE 1"},"content":{"rendered":"<p><div class=\"fusion-fullwidth fullwidth-box fusion-builder-row-1 nonhundred-percent-fullwidth non-hundred-percent-height-scrolling\" style=\"background-color: rgba(255,255,255,0);background-position: center center;background-repeat: no-repeat;padding-top:0px;padding-right:0px;padding-bottom:0px;padding-left:0px;margin-bottom: 0px;margin-top: 0px;border-width: 0px 0px 0px 0px;border-color:#eae9e9;border-style:solid;\" ><div class=\"fusion-builder-row fusion-row\"><div class=\"fusion-layout-column fusion_builder_column fusion-builder-column-0 fusion_builder_column_1_1 1_1 fusion-one-full fusion-column-first fusion-column-last\" style=\"margin-top:0px;margin-bottom:0px;\"><div class=\"fusion-column-wrapper fusion-flex-column-wrapper-legacy\" style=\"background-position:left top;background-repeat:no-repeat;-webkit-background-size:cover;-moz-background-size:cover;-o-background-size:cover;background-size:cover;padding: 0px 0px 0px 0px;\"><style type=\"text\/css\"><\/style><div class=\"fusion-title title fusion-title-1 fusion-sep-none fusion-title-text fusion-title-size-two\" style=\"margin-top:0px;margin-right:0px;margin-bottom:0px;margin-left:0px;\"><h2 class=\"title-heading-left\" style=\"margin:0;\">VDE 1<\/h2><\/div><div class=\"fusion-clearfix\"><\/div><\/div><\/div><\/div><\/div><div class=\"fusion-fullwidth fullwidth-box fusion-builder-row-2 nonhundred-percent-fullwidth non-hundred-percent-height-scrolling\" style=\"background-color: rgba(255,255,255,0);background-position: center center;background-repeat: no-repeat;padding-top:0px;padding-right:0px;padding-bottom:0px;padding-left:0px;margin-bottom: 0px;margin-top: 0px;border-width: 0px 0px 0px 0px;border-color:#eae9e9;border-style:solid;\" ><div class=\"fusion-builder-row fusion-row\"><div class=\"fusion-layout-column fusion_builder_column fusion-builder-column-1 fusion_builder_column_2_3 2_3 fusion-two-third fusion-column-first\" style=\"width:66.666666666667%;width:calc(66.666666666667% - ( ( 4% ) * 0.66666666666667 ) );margin-right: 4%;margin-top:0px;margin-bottom:0px;\"><div class=\"fusion-column-wrapper fusion-flex-column-wrapper-legacy\" style=\"background-position:left top;background-repeat:no-repeat;-webkit-background-size:cover;-moz-background-size:cover;-o-background-size:cover;background-size:cover;padding: 0px 0px 0px 0px;\"><div class=\"fusion-text fusion-text-1\"><p><strong>Inhalte: <\/strong><\/p>\n<p>Zu jedem Thema werden praktische Fallbeispiele mit entsprechenden Messaufgaben durchgef\u00fchrt. Sie dienen u.a. zur Vorbereitung auf die geforderten Aufgaben in den Facharbeiterpr\u00fcfungen Teil 1<\/p>\n<ul>\n<li>Begriffserkl\u00e4rungen, Abk\u00fcrzungen, Zust\u00e4ndigkeiten<\/li>\n<li>Rechtliche und technische Bestimmungen, ArbSchG, BetrSichV, TRBS, DGUV,<\/li>\n<li>Technische Normen, DIN VDE, EN, ISO<\/li>\n<li>Fachverantwortung, Organisation der elektrischen Sicherheit im Unternehmen<\/li>\n<li>Elektrische Gef\u00e4hrdung, K\u00f6rperdurchstr\u00f6mungen, St\u00f6rlichb\u00f6gen, Brandgefahr<\/li>\n<li>Basisschutz, Schutzma\u00dfnahmen gegen direktes Ber\u00fchren<\/li>\n<li>Fehlerschutz, Schutzma\u00dfnahmen gegen indirektes Ber\u00fchren<\/li>\n<li>Zus\u00e4tzlicher Schutz durch RCD Typ A und Typ B<\/li>\n<li>Elektrische Netzformen, netzabh\u00e4ngige und netzunabh\u00e4ngige Schutzma\u00dfnahmen<\/li>\n<li>Messversuche zu den Schutzma\u00dfnahmen, Fehlerstrom- Fehlerspannungsmessungen<\/li>\n<li>IP-Schutzarten, Schutzklassen,<\/li>\n<li>Erstinbetriebnahme, Erstpr\u00fcfung von elektrischen Neuanlagen, DIN VDE 0100-600<\/li>\n<li>Wiederholungspr\u00fcfung von\u00a0 elektrischen Anlagen, DIN VDE 0105-100<\/li>\n<li>Auswahl der Messger\u00e4te zum Pr\u00fcfen der elektrischen und funktionellen Sicherheit<\/li>\n<li>Mess\u00fcbungen in und an elektrischen Anlagen<\/li>\n<li>Dokumentation der Pr\u00fcfergebnisse von Sichtkontrollen<\/li>\n<li>Dokumentation der Pr\u00fcfergebnisse von Mess- und Funktionskontrollen<\/li>\n<li>Pr\u00fcfprotokolle rechtssicher erstellen<\/li>\n<\/ul>\n<p><strong>Zielgruppe:<br \/>\n<\/strong>Auszubildende der Elektroberufe und Mechatroniker im 2. Ausbildungsjahr<\/p>\n<\/div><hr><p><a href=\"#\" onClick=\"history.back(); return false\">Zur\u00fcck zur \u00dcbersicht<\/a><\/p>\n<hr>\n<p><a href=\"http:\/\/www.bzi-rs.de\/index.php\/anmeldung-und-agb\/\">Anmeldung & AGB<\/a> | <a href=\"http:\/\/www.bzi-rs.de\/index.php\/foerdermoeglichkeiten\/\">F\u00f6rderm\u00f6glichkeiten<\/a> | <a href=\"http:\/\/www.bzi-rs.de\/index.php\/weiterbildungsbroschuere\/\">Weiterbildungsbrosch\u00fcre<\/a><\/p>\n<p><a href=\"#\" onClick=\"history.back(); return false\"><\/a><\/p>\n<div class=\"fusion-clearfix\"><\/div><\/div><\/div><div class=\"fusion-layout-column fusion_builder_column fusion-builder-column-2 fusion_builder_column_1_3 1_3 fusion-one-third fusion-column-last\" style=\"width:33.333333333333%;width:calc(33.333333333333% - ( ( 4% ) * 0.33333333333333 ) );margin-top:0px;margin-bottom:0px;\"><div class=\"fusion-column-wrapper fusion-flex-column-wrapper-legacy\" style=\"background-position:left top;background-repeat:no-repeat;-webkit-background-size:cover;-moz-background-size:cover;-o-background-size:cover;background-size:cover;padding: 0px 0px 0px 0px;\"><style type='text\/css'>.reading-box-container-1 .element-bottomshadow:before,.reading-box-container-1 .element-bottomshadow:after{opacity:0.70;}<\/style><div class=\"fusion-reading-box-container reading-box-container-1\" style=\"margin-top:0px;margin-bottom:84px;\"><div class=\"reading-box element-bottomshadow\" style=\"background-color:#f6f6f6;border-width:1px;border-color:#f6f6f6;border-left-width:3px;border-left-color:var(--primary_color);border-style:solid;\"><div class=\"reading-box-additional\">\n<div id=\"InfoControl_InfoPanel\" class=\"InfoPanel\"><span id=\"InfoControl_descriptionCity\" class=\"descriptionCity\"><strong>Ort:<\/strong><br \/>\nBerufsbildungszentrum der Remscheider<br \/>\nMetall- und Elektroindustrie GmbH<br \/>\nW\u00fcstenhagener Stra\u00dfe 18 &#8211; 26<br \/>\n42855 Remscheid<\/span><\/div>\n<div class=\"InfoPanel\"><span id=\"InfoControl_descriptionDate\" class=\"descriptionDate\"><strong><br \/>\n<\/strong><span class=\"descriptionDate\"><strong>Zeit:<br \/>\n<\/strong><\/span>Mo. &#8211; Do. 7:30 &#8211; 15:45 Uhr<br \/>\nFr.\u00a0\u00a0\u00a0\u00a0\u00a0\u00a0\u00a0\u00a0\u00a0\u00a0\u00a0 7:30 &#8211; 11:40 Uhr<br \/>\nau\u00dfer an Berufsschultagen<br \/>\n<\/span><\/div>\n<div class=\"InfoPanel\"><span id=\"InfoControl_descriptionTime\" class=\"descriptionTime\"><strong><br \/>\nDauer: <\/strong><\/span><\/div>\n<div class=\"InfoPanel\">2 Wochen<span id=\"InfoControl_descriptionTime\" class=\"descriptionTime\"><\/span><\/div>\n<\/div><div class=\"fusion-clearfix\"><\/div><\/div><\/div><div class=\"fusion-clearfix\"><\/div><\/div><\/div><\/div><\/div><\/p>\n","protected":false},"excerpt":{"rendered":"","protected":false},"author":1,"featured_media":0,"parent":0,"menu_order":213,"comment_status":"closed","ping_status":"closed","template":"","meta":{"footnotes":""},"_links":{"self":[{"href":"https:\/\/alt.bzi-rs.de\/index.php\/wp-json\/wp\/v2\/pages\/1040"}],"collection":[{"href":"https:\/\/alt.bzi-rs.de\/index.php\/wp-json\/wp\/v2\/pages"}],"about":[{"href":"https:\/\/alt.bzi-rs.de\/index.php\/wp-json\/wp\/v2\/types\/page"}],"author":[{"embeddable":true,"href":"https:\/\/alt.bzi-rs.de\/index.php\/wp-json\/wp\/v2\/users\/1"}],"replies":[{"embeddable":true,"href":"https:\/\/alt.bzi-rs.de\/index.php\/wp-json\/wp\/v2\/comments?post=1040"}],"version-history":[{"count":11,"href":"https:\/\/alt.bzi-rs.de\/index.php\/wp-json\/wp\/v2\/pages\/1040\/revisions"}],"predecessor-version":[{"id":7610,"href":"https:\/\/alt.bzi-rs.de\/index.php\/wp-json\/wp\/v2\/pages\/1040\/revisions\/7610"}],"wp:attachment":[{"href":"https:\/\/alt.bzi-rs.de\/index.php\/wp-json\/wp\/v2\/media?parent=1040"}],"curies":[{"name":"wp","href":"https:\/\/api.w.org\/{rel}","templated":true}]}}