{"id":1070,"date":"2018-03-13T09:57:38","date_gmt":"2018-03-13T08:57:38","guid":{"rendered":"https:\/\/alt.bzi-rs.de\/?page_id=1070"},"modified":"2018-09-20T10:45:27","modified_gmt":"2018-09-20T08:45:27","slug":"studiengang-produktionstechnik-rfh","status":"publish","type":"page","link":"https:\/\/alt.bzi-rs.de\/index.php\/studiengang-produktionstechnik-rfh\/","title":{"rendered":"Studiengang Produktionstechnik RFH"},"content":{"rendered":"<div class=\"fusion-fullwidth fullwidth-box fusion-builder-row-1 nonhundred-percent-fullwidth non-hundred-percent-height-scrolling\" style=\"background-color: rgba(255,255,255,0);background-position: center center;background-repeat: no-repeat;padding-top:0px;padding-right:0px;padding-bottom:0px;padding-left:0px;margin-bottom: 0px;margin-top: 0px;border-width: 0px 0px 0px 0px;border-color:#eae9e9;border-style:solid;\" ><div class=\"fusion-builder-row fusion-row\"><div class=\"fusion-layout-column fusion_builder_column fusion-builder-column-0 fusion_builder_column_1_1 1_1 fusion-one-full fusion-column-first fusion-column-last\" style=\"margin-top:0px;margin-bottom:0px;\"><div class=\"fusion-column-wrapper fusion-flex-column-wrapper-legacy\" style=\"background-position:left top;background-repeat:no-repeat;-webkit-background-size:cover;-moz-background-size:cover;-o-background-size:cover;background-size:cover;padding: 0px 0px 0px 0px;\"><div class=\"fusion-clearfix\"><\/div><\/div><\/div><div class=\"fusion-layout-column fusion_builder_column fusion-builder-column-1 fusion_builder_column_1_1 1_1 fusion-one-full fusion-column-first fusion-column-last\" style=\"margin-top:0px;margin-bottom:0px;\"><div class=\"fusion-column-wrapper fusion-flex-column-wrapper-legacy\" style=\"background-position:left top;background-repeat:no-repeat;-webkit-background-size:cover;-moz-background-size:cover;-o-background-size:cover;background-size:cover;padding: 0px 0px 0px 0px;\"><style type=\"text\/css\"><\/style><div class=\"fusion-title title fusion-title-1 fusion-sep-none fusion-title-text fusion-title-size-two\" style=\"margin-top:0px;margin-right:0px;margin-bottom:31px;margin-left:0px;\"><h2 class=\"title-heading-left\" style=\"margin:0;\"><p>Studiengang Produktionstechnik<br \/>\nder Rheinischen Fachhochschule K\u00f6ln<\/p><\/h2><\/div><div class=\"fusion-text fusion-text-1\"><p>Die staatlich anerkannte Rheinische Fachhochschule K\u00f6ln (RFH) bietet diverse Bachelor- und Masterstudieng\u00e4nge aus unterschiedlichen Fachbereichen an. Charakteristisch f\u00fcr die RFH, die zu den gr\u00f6\u00dften Bildungstr\u00e4gern in K\u00f6ln geh\u00f6rt, sind die individuelle F\u00f6rderung der Studenten durch kleine Gruppengr\u00f6\u00dfen und ein hohes Ma\u00df an Praxisn\u00e4he.<\/p>\n<p>Zu den Angeboten der RFH geh\u00f6rt unter anderem der Studiengang Produktionstechnik, der in Kooperation mit dem BZI an den Standorten Wermelskirchen und Remscheid erstmalig zum Wintersemester 2017\/2018 durchgef\u00fchrt wird. Dieser Studiengang ist zugeschnitten auf den Bedarf der Unternehmen im Bergischen Land: Mit dem Einzug von Industrie 4.0 in die Unternehmen steigt auch der Bedarf an kompetenten Fach- und F\u00fchrungskr\u00e4ften mit Ingenieurausbildung.<\/p>\n<p>An dieser Stelle setzen RFH und BZI an: Der Studiengang Produktionstechnik vermittelt ingenieurwissenschaftliche Grundlagen, detaillierte Kenntnisse der Produktionstechnik und des Produktionsmanagements sowie betriebswirtschaftliche Grundlagen und Soft Skills. Das Studium richtet sich gleicherma\u00dfen an Berufseinsteiger und erfahrene Praktiker mit technischem Hintergrund und kann sowohl ausbildungs- als auch berufsbegleitend absolviert werden. Es ist auf acht Semester festgelegt und bietet hervorragende Berufsperspektiven.<\/p>\n<p>N\u00e4here Informationen finden Sie hier:<\/p>\n<p><a href=\"https:\/\/alt.bzi-rs.de\/wp-content\/uploads\/2018\/06\/Pr\u00e4sentation-Produktionstechnik-Juni-2018.pdf\">Pr\u00e4sentation Produktionstechnik Juni 2018<\/a><\/p>\n<p><a href=\"https:\/\/alt.bzi-rs.de\/wp-content\/uploads\/2018\/06\/produktionstechnik-bachelor-bergisches_land.pdf\">Info-Flyer<\/a><\/p>\n<p><a href=\"http:\/\/www.rfh-koeln.de\/studium\/studiengaenge\/ingenieurwesen\/produktionstechnik\/index_ger.html\">weitere Informationen (Homepage der RFH)<\/a><\/p>\n<\/div><div class=\"fusion-clearfix\"><\/div><\/div><\/div><\/div><\/div>\n","protected":false},"excerpt":{"rendered":"","protected":false},"author":1,"featured_media":0,"parent":0,"menu_order":199,"comment_status":"closed","ping_status":"closed","template":"","meta":{"footnotes":""},"_links":{"self":[{"href":"https:\/\/alt.bzi-rs.de\/index.php\/wp-json\/wp\/v2\/pages\/1070"}],"collection":[{"href":"https:\/\/alt.bzi-rs.de\/index.php\/wp-json\/wp\/v2\/pages"}],"about":[{"href":"https:\/\/alt.bzi-rs.de\/index.php\/wp-json\/wp\/v2\/types\/page"}],"author":[{"embeddable":true,"href":"https:\/\/alt.bzi-rs.de\/index.php\/wp-json\/wp\/v2\/users\/1"}],"replies":[{"embeddable":true,"href":"https:\/\/alt.bzi-rs.de\/index.php\/wp-json\/wp\/v2\/comments?post=1070"}],"version-history":[{"count":6,"href":"https:\/\/alt.bzi-rs.de\/index.php\/wp-json\/wp\/v2\/pages\/1070\/revisions"}],"predecessor-version":[{"id":2367,"href":"https:\/\/alt.bzi-rs.de\/index.php\/wp-json\/wp\/v2\/pages\/1070\/revisions\/2367"}],"wp:attachment":[{"href":"https:\/\/alt.bzi-rs.de\/index.php\/wp-json\/wp\/v2\/media?parent=1070"}],"curies":[{"name":"wp","href":"https:\/\/api.w.org\/{rel}","templated":true}]}}