{"id":1072,"date":"2018-03-13T10:00:01","date_gmt":"2018-03-13T09:00:01","guid":{"rendered":"https:\/\/alt.bzi-rs.de\/?page_id=1072"},"modified":"2021-08-05T12:25:02","modified_gmt":"2021-08-05T10:25:02","slug":"bzi-mehr-als-ausbildung","status":"publish","type":"page","link":"https:\/\/alt.bzi-rs.de\/index.php\/bzi-mehr-als-ausbildung\/","title":{"rendered":"BZI &#8211; Mehr als Ausbildung"},"content":{"rendered":"<div class=\"fusion-fullwidth fullwidth-box fusion-builder-row-1 nonhundred-percent-fullwidth non-hundred-percent-height-scrolling\" style=\"background-color: rgba(255,255,255,0);background-position: center center;background-repeat: no-repeat;padding-top:0px;padding-right:0px;padding-bottom:0px;padding-left:0px;margin-bottom: 0px;margin-top: 0px;border-width: 0px 0px 0px 0px;border-color:#eae9e9;border-style:solid;\" ><div class=\"fusion-builder-row fusion-row\"><div class=\"fusion-layout-column fusion_builder_column fusion-builder-column-0 fusion_builder_column_1_1 1_1 fusion-one-full fusion-column-first fusion-column-last\" style=\"margin-top:0px;margin-bottom:0px;\"><div class=\"fusion-column-wrapper fusion-flex-column-wrapper-legacy\" style=\"background-position:left top;background-repeat:no-repeat;-webkit-background-size:cover;-moz-background-size:cover;-o-background-size:cover;background-size:cover;padding: 0px 0px 0px 0px;\"><style type=\"text\/css\"><\/style><div class=\"fusion-title title fusion-title-1 fusion-sep-none fusion-title-text fusion-title-size-two\" style=\"margin-top:0px;margin-right:0px;margin-bottom:31px;margin-left:0px;\"><h2 class=\"title-heading-left\" style=\"margin:0;\"><p>BZI \u2013 Mehr als Ausbildung<br \/>\nPr\u00e4ventionskurse zu \u201eLebensthemen\u201c erg\u00e4nzen die Grundausbildung<\/p><\/h2><\/div><div class=\"fusion-text fusion-text-1\"><p><strong>Projekthintergrund<\/strong><\/p>\n<p>Seit Jahrzehnten f\u00fchrt das Berufsbildungszentrum der Remscheider Metall- und Elektroindustrie (BZI) erfolgreich die \u00fcberbetriebliche Ausbildung im Auftrag hiesiger Industrieunternehmen durch. Hierbei legen wir Wert darauf, den uns anvertrauten jungen Menschen mehr als \u201enur\u201c eine hochwertige fachliche Ausbildung zu bieten.<\/p>\n<p>Erstmals f\u00fcr das Ausbildungsjahr 2014 \/ 2015 haben wir einige relevante Themen aus der Lebenswelt \u201eunserer\u201c Auszubildenden aufgegriffen und eine entsprechende Seminarreihe konzipiert. Verteilt auf das erste Ausbildungsjahr wird es Workshops mit theoretischen Inhalten und vor allem praktischen Erlebnissen geben.<\/p>\n<p>Die p\u00e4dagogische Maxime hierbei ist \u201eErkenntnis durch Erleben\u201c, deshalb stehen bei den Workshops auch Aktion und aktives Mitmachen im Vordergrund, um hier\u00fcber einen wichtigen Beitrag zur Pers\u00f6nlichkeitsentwicklung und F\u00f6rderung der Auszubildenden zu leisten.<\/p>\n<p>Wir freuen uns, dass es uns gelungen ist, f\u00fcr unsere Ideen kompetente Kooperationspartner gefunden zu haben, die uns bei der Durchf\u00fchrung der Pr\u00e4ventionskurse unterst\u00fctzen:<\/p>\n<ul>\n<li>Gesundheitsmanagement &#8211; Ern\u00e4hrung und Bewegung; MEDORA, Zentrum f\u00fcr Gesundheit und Bewegung<\/li>\n<li>Selbsthilfe; Berufsfeuerwehr Remscheid<\/li>\n<li>Umgang mit den sozialen Medien; Polizei Nordrhein-Westfalen Wuppertal<\/li>\n<li>Guter Umgang mit Geld; Stadtsparkasse Remscheid<\/li>\n<li>Suchtprophylaxe; Diakonie Remscheid Fachstelle Sucht<\/li>\n<li>Benimm-ABC; AOK Remscheid<\/li>\n<li>Verkehrssicherheitsberatung und Trainingskurs; Verkehrsunfallpr\u00e4vention Remscheid des Polizeipr\u00e4sidiums Wuppertal und Verkehrswacht NRW<\/li>\n<li>Grundlagen der Kommunikation; kommweit, Kommunikation und Weiterbildung<\/li>\n<\/ul>\n<\/div><div class=\"fusion-clearfix\"><\/div><\/div><\/div><\/div><\/div>\n","protected":false},"excerpt":{"rendered":"","protected":false},"author":1,"featured_media":0,"parent":0,"menu_order":198,"comment_status":"closed","ping_status":"closed","template":"","meta":{"footnotes":""},"_links":{"self":[{"href":"https:\/\/alt.bzi-rs.de\/index.php\/wp-json\/wp\/v2\/pages\/1072"}],"collection":[{"href":"https:\/\/alt.bzi-rs.de\/index.php\/wp-json\/wp\/v2\/pages"}],"about":[{"href":"https:\/\/alt.bzi-rs.de\/index.php\/wp-json\/wp\/v2\/types\/page"}],"author":[{"embeddable":true,"href":"https:\/\/alt.bzi-rs.de\/index.php\/wp-json\/wp\/v2\/users\/1"}],"replies":[{"embeddable":true,"href":"https:\/\/alt.bzi-rs.de\/index.php\/wp-json\/wp\/v2\/comments?post=1072"}],"version-history":[{"count":15,"href":"https:\/\/alt.bzi-rs.de\/index.php\/wp-json\/wp\/v2\/pages\/1072\/revisions"}],"predecessor-version":[{"id":11158,"href":"https:\/\/alt.bzi-rs.de\/index.php\/wp-json\/wp\/v2\/pages\/1072\/revisions\/11158"}],"wp:attachment":[{"href":"https:\/\/alt.bzi-rs.de\/index.php\/wp-json\/wp\/v2\/media?parent=1072"}],"curies":[{"name":"wp","href":"https:\/\/api.w.org\/{rel}","templated":true}]}}