{"id":11121,"date":"2021-07-28T09:04:14","date_gmt":"2021-07-28T07:04:14","guid":{"rendered":"https:\/\/alt.bzi-rs.de\/?page_id=11121"},"modified":"2022-06-20T15:26:38","modified_gmt":"2022-06-20T13:26:38","slug":"bae-fachkraft-fuer-metalltechnik-und-maschinen-und-anlagenfuehrer","status":"publish","type":"page","link":"https:\/\/alt.bzi-rs.de\/index.php\/bae-fachkraft-fuer-metalltechnik-und-maschinen-und-anlagenfuehrer\/","title":{"rendered":"BaE &#8211; Fachkraft f\u00fcr Metalltechnik oder Maschinen- und Anlagenf\u00fchrer"},"content":{"rendered":"<div class=\"fusion-fullwidth fullwidth-box fusion-builder-row-1 nonhundred-percent-fullwidth non-hundred-percent-height-scrolling\" style=\"background-color: rgba(255,255,255,0);background-position: center center;background-repeat: no-repeat;padding-top:0px;padding-right:0px;padding-bottom:0px;padding-left:0px;margin-bottom: 0px;margin-top: 0px;border-width: 0px 0px 0px 0px;border-color:#eae9e9;border-style:solid;\" ><div class=\"fusion-builder-row fusion-row\"><div class=\"fusion-layout-column fusion_builder_column fusion-builder-column-0 fusion_builder_column_1_1 1_1 fusion-one-full fusion-column-first fusion-column-last\" style=\"margin-top:0px;margin-bottom:0px;\"><div class=\"fusion-column-wrapper fusion-flex-column-wrapper-legacy\" style=\"background-position:left top;background-repeat:no-repeat;-webkit-background-size:cover;-moz-background-size:cover;-o-background-size:cover;background-size:cover;padding: 0px 0px 0px 0px;\"><div class=\"fusion-clearfix\"><\/div><\/div><\/div><div class=\"fusion-layout-column fusion_builder_column fusion-builder-column-1 fusion_builder_column_4_5 4_5 fusion-four-fifth fusion-column-first\" style=\"width:80%;width:calc(80% - ( ( 4% ) * 0.8 ) );margin-right: 4%;margin-top:0px;margin-bottom:0px;\"><div class=\"fusion-column-wrapper fusion-flex-column-wrapper-legacy\" style=\"background-position:left top;background-repeat:no-repeat;-webkit-background-size:cover;-moz-background-size:cover;-o-background-size:cover;background-size:cover;padding: 0px 0px 0px 0px;\"><style type=\"text\/css\"><\/style><div class=\"fusion-title title fusion-title-1 fusion-sep-none fusion-title-text fusion-title-size-two\" style=\"margin-top:0px;margin-right:0px;margin-bottom:31px;margin-left:0px;\"><h2 class=\"title-heading-left\" style=\"margin:0;\">Berufsausbildung in au\u00dferbetrieblichen Einrichtungen zur Fachkraft f\u00fcr Metalltechnik oder Maschinen- und Anlagenf\u00fchrer<\/h2><\/div><div class=\"fusion-text fusion-text-1\"><p>Das BZI bietet in Kooperation mit der Bundesagentur f\u00fcr Arbeit und der <a href=\"https:\/\/www.arbeit-remscheid.de\/\">Arbeit Remscheid gGmbH<\/a> die Berufsausbildung in au\u00dferbetrieblichen Einrichtungen (BaE) zur Fachkraft f\u00fcr Metalltechnik oder Maschinen- und Anlagenf\u00fchrer an. Die Ausbildungsinhalte entsprechen der Ausbildungsordnung zur Ausbildung zur Fachkraft f\u00fcr Metalltechnik oder Maschinen- und Anlagenf\u00fchrer.<\/p>\n<p><strong>Informationsflyer:<\/strong><br \/>\n<img decoding=\"async\" class=\"alignleft size-full wp-image-11130\" src=\"https:\/\/alt.bzi-rs.de\/wp-content\/uploads\/2021\/07\/icon.jpg\" alt=\"\" width=\"20\" height=\"21\" \/><a href=\"https:\/\/alt.bzi-rs.de\/wp-content\/uploads\/2021\/07\/170801_BaE_Flyer.pdf\">Infoflyer<\/a> <span style=\"color: #808080;\">(PDF Datei 0,3 MB)<\/span><\/p>\n<p><img decoding=\"async\" class=\"alignleft size-full wp-image-11130\" src=\"https:\/\/alt.bzi-rs.de\/wp-content\/uploads\/2021\/07\/icon.jpg\" alt=\"\" width=\"20\" height=\"21\" \/><a href=\"https:\/\/alt.bzi-rs.de\/wp-content\/uploads\/2021\/09\/Einlegeblatt-Los-4-2021-BaE-integrativ-003.pdf\">Einlegeblatt<\/a> <span style=\"color: #808080;\">(PDF Datei 0,2 MB)<\/span><\/p>\n<p><strong>Zielgruppe:<br \/>\n<\/strong>An der au\u00dferbetrieblichen Berufsausbildung k\u00f6nnen, unabh\u00e4ngig von der erreichten Schulbildung, Jugendliche und\u00a0 junge Erwachsene ohne berufliche Erstausbildung teilnehmen, die die allgemeine Schulpflicht erf\u00fcllt haben und auf eine au\u00dferbetriebliche Einrichtung angewiesen sind. Die Ausbildung wird in Kooperation mit der Bundesagentur f\u00fcr Arbeit durchgef\u00fchrt.<\/p>\n<p><strong>Teilnahmevoraussetzungen:<br \/>\n<\/strong>Die Ausbildungsma\u00dfnahme wird durch die Bundesagentur f\u00fcr Arbeit finanziert. Teilnehmen k\u00f6nnen daher auch nur solche Interessenten, die durch diese dem Ausbildungsprojekt zugewiesen werden.<\/p>\n<p><strong>Dauer:<br \/>\n<\/strong>Zwei Jahre, betriebliche Praktikumsphasen sind enthalten.<\/p>\n<p><strong>Abschluss:<br \/>\n<\/strong>IHK-Facharbeiterabschluss zur Fachkraft f\u00fcr Metalltechnik oder Maschinen- und Anlagenf\u00fchrer.<\/p>\n<p><strong>Zeit:<br \/>\n<\/strong>Mo bis Do.: 07.05 &#8211; 16.15<br \/>\nFr.: 07.05 &#8211; 12.15 Uhr<br \/>\nau\u00dfer an Berufsschultagen<\/p>\n<p><strong>Ablauf:<\/strong><\/p>\n<ul>\n<li>Grundausbildung Metall<\/li>\n<li>Fachausbildung Fachkraft f\u00fcr Metalltechnik oder Maschinen- und Anlagenf\u00fchrer<\/li>\n<li>Betriebliche Praktikumsphasen<\/li>\n<li>Pr\u00fcfungsvorbereitung<\/li>\n<li>Werks- und F\u00f6rderunterricht<\/li>\n<li>Berufsschulunterricht<\/li>\n<li>Sozialp\u00e4dagogische Betreuung<\/li>\n<li>Training sozialer Kompetenzen<\/li>\n<\/ul>\n<p><strong>Ausbildungsort:<br \/>\n<\/strong>Berufsbildungszentrum der Remscheider Metall- und Elektroindustrie GmbH<\/p>\n<p><strong>Berufsschule:<br \/>\n<\/strong>Berufskolleg Technik Remscheid<\/p>\n<p><strong>Kontakt:<br \/>\n<\/strong>Berufsbildungszentrum der Remscheider Metall- und Elektroindustrie (BZI)<br \/>\nW\u00fcstenhagener Str. 18 \u2013 26, 42855 Remscheid<br \/>\nTelefon: 0 21 91 \u2013 93 87 \u2013 100, E-Mail: <a href=\"mailto:info@bzi-rs.de\">info@bzi-rs.de<\/a><\/p>\n<\/div><div class=\"fusion-clearfix\"><\/div><\/div><\/div><\/div><\/div>\n","protected":false},"excerpt":{"rendered":"","protected":false},"author":1,"featured_media":0,"parent":0,"menu_order":177,"comment_status":"closed","ping_status":"closed","template":"","meta":{"footnotes":""},"_links":{"self":[{"href":"https:\/\/alt.bzi-rs.de\/index.php\/wp-json\/wp\/v2\/pages\/11121"}],"collection":[{"href":"https:\/\/alt.bzi-rs.de\/index.php\/wp-json\/wp\/v2\/pages"}],"about":[{"href":"https:\/\/alt.bzi-rs.de\/index.php\/wp-json\/wp\/v2\/types\/page"}],"author":[{"embeddable":true,"href":"https:\/\/alt.bzi-rs.de\/index.php\/wp-json\/wp\/v2\/users\/1"}],"replies":[{"embeddable":true,"href":"https:\/\/alt.bzi-rs.de\/index.php\/wp-json\/wp\/v2\/comments?post=11121"}],"version-history":[{"count":17,"href":"https:\/\/alt.bzi-rs.de\/index.php\/wp-json\/wp\/v2\/pages\/11121\/revisions"}],"predecessor-version":[{"id":12658,"href":"https:\/\/alt.bzi-rs.de\/index.php\/wp-json\/wp\/v2\/pages\/11121\/revisions\/12658"}],"wp:attachment":[{"href":"https:\/\/alt.bzi-rs.de\/index.php\/wp-json\/wp\/v2\/media?parent=11121"}],"curies":[{"name":"wp","href":"https:\/\/api.w.org\/{rel}","templated":true}]}}