{"id":1127,"date":"2018-03-13T10:34:29","date_gmt":"2018-03-13T09:34:29","guid":{"rendered":"https:\/\/alt.bzi-rs.de\/?page_id=1127"},"modified":"2022-08-15T14:11:08","modified_gmt":"2022-08-15T12:11:08","slug":"metallgrundausbildung","status":"publish","type":"page","link":"https:\/\/alt.bzi-rs.de\/index.php\/metallgrundausbildung\/","title":{"rendered":"Metallgrundausbildung"},"content":{"rendered":"<p><div class=\"fusion-fullwidth fullwidth-box fusion-builder-row-1 nonhundred-percent-fullwidth non-hundred-percent-height-scrolling\" style=\"background-color: rgba(255,255,255,0);background-position: center center;background-repeat: no-repeat;padding-top:0px;padding-right:0px;padding-bottom:0px;padding-left:0px;margin-bottom: 0px;margin-top: 0px;border-width: 0px 0px 0px 0px;border-color:#eae9e9;border-style:solid;\" ><div class=\"fusion-builder-row fusion-row\"><div class=\"fusion-layout-column fusion_builder_column fusion-builder-column-0 fusion_builder_column_1_1 1_1 fusion-one-full fusion-column-first fusion-column-last\" style=\"margin-top:0px;margin-bottom:0px;\"><div class=\"fusion-column-wrapper fusion-flex-column-wrapper-legacy\" style=\"background-position:left top;background-repeat:no-repeat;-webkit-background-size:cover;-moz-background-size:cover;-o-background-size:cover;background-size:cover;padding: 0px 0px 0px 0px;\"><style type=\"text\/css\"><\/style><div class=\"fusion-title title fusion-title-1 fusion-sep-none fusion-title-text fusion-title-size-two\" style=\"margin-top:0px;margin-right:0px;margin-bottom:0px;margin-left:0px;\"><h2 class=\"title-heading-left\" style=\"margin:0;\">Metallgrundausbildung<\/h2><\/div><div class=\"fusion-clearfix\"><\/div><\/div><\/div><\/div><\/div><div class=\"fusion-fullwidth fullwidth-box fusion-builder-row-2 nonhundred-percent-fullwidth non-hundred-percent-height-scrolling\" style=\"background-color: rgba(255,255,255,0);background-position: center center;background-repeat: no-repeat;padding-top:0px;padding-right:0px;padding-bottom:0px;padding-left:0px;margin-bottom: 0px;margin-top: 0px;border-width: 0px 0px 0px 0px;border-color:#eae9e9;border-style:solid;\" ><div class=\"fusion-builder-row fusion-row\"><div class=\"fusion-layout-column fusion_builder_column fusion-builder-column-1 fusion_builder_column_2_3 2_3 fusion-two-third fusion-column-first\" style=\"width:66.666666666667%;width:calc(66.666666666667% - ( ( 4% ) * 0.66666666666667 ) );margin-right: 4%;margin-top:0px;margin-bottom:0px;\"><div class=\"fusion-column-wrapper fusion-flex-column-wrapper-legacy\" style=\"background-position:left top;background-repeat:no-repeat;-webkit-background-size:cover;-moz-background-size:cover;-o-background-size:cover;background-size:cover;padding: 0px 0px 0px 0px;\"><div class=\"fusion-text fusion-text-1\"><p>Die Metall- und Elektrogrundausbildung findet im Auftrag der Unternehmen \u00fcber einen Zeitraum von 6 Monaten (26 Ausbildungswochen) bzw. 12 Monaten (52 Ausbildungswochen), je nach Ausbildungsberuf, entsprechend unserer sachlichen und zeitlichen Gliederung statt. Mit diesen Lehrg\u00e4ngen bieten wir den Industrieunternehmen des Bergischen Landes eine auf die jeweilige betriebliche Ausbildungssituation angepasste L\u00f6sung an. Neben der fundierten fachbezogenen Basisausbildung werden dar\u00fcber hinaus auch die sozialen Kompetenzen gest\u00e4rkt. Hierzu wird die Ausbildung im BZI sozialp\u00e4dagogisch begleitet und durch Pr\u00e4ventionskurse erg\u00e4nzt:<\/p>\n<ul>\n<li>Selbsthilfe (Erste Hilfe, Defibrillator, Brandbek\u00e4mpfung)<\/li>\n<li>Umgang mit sozialen Medien<\/li>\n<li>Benimm-ABC<\/li>\n<li>Guter Umgang mit Geld<\/li>\n<li>Suchtpr\u00e4vention<\/li>\n<li>Verkehrssicherheit<\/li>\n<\/ul>\n<p>F\u00fcr die Fachausbildung (ab dem 2. Ausbildungsjahr bis zum Facharbeiterabschluss) bieten wir f\u00fcr die Auszubildenden der Metall-, Elektro- und IT-Berufe einen Katalog von Fachlehrg\u00e4ngen an, aus denen der Ausbildungsbetrieb entsprechend des jeweiligen Bedarfs ausw\u00e4hlen kann und die im Rahmen der betrieblichen Ausbildung besucht werden. Die ausf\u00fchrliche Beschreibung der Inhalte und die Termine der Fachlehrg\u00e4nge sind auf der Internetseite des BZI zu finden.<\/p>\n<p>Das BZI begleitet die Industrieunternehmen und ihre Auszubildenden auf Wunsch vom ersten Tag der Ausbildung, bis hin zur Abschlusspr\u00fcfung.<\/p>\n<p>In der durch das BZI durchgef\u00fchrten halbj\u00e4hrigen (schwarz) und einj\u00e4hrigen (schwarz + <span style=\"color: #005ca9;\">blau<\/span>) Grundausbildung der <strong>Metallberufe <\/strong>sind folgende Inhalte (berufsabh\u00e4ngig) enthalten:<\/p>\n<ul>\n<li><strong>Erwerb von Fachwissen durch regelm\u00e4\u00dfigen Werksunterricht in den entsprechenden Fachbereichen<\/strong><\/li>\n<li><strong>Erwerb von Fertigkeiten durch die Bearbeitung von Stahl, <\/strong><strong>Aluminium, Messing und Kunststoff zur Herstellung von <\/strong><strong>Bauteilen und Baugruppen durch:<\/strong><br \/>\n\u00b7 Manuelle Fertigung<br \/>\n\u00b7 Maschinelle Fertigung<\/li>\n<li><strong>Messlehrgang<\/strong><\/li>\n<li><strong>Herstellen und Montieren von Bauteilen und Baugruppen<\/strong><\/li>\n<li><span style=\"color: #005ca9;\"><strong>Projektarbeiten mit Arbeitsplanung und Eigenbewertung<br \/>\n<\/strong><\/span><span style=\"color: #005ca9;\"><strong>Vertiefungsphase in der Zerspanung<\/strong><\/span><br \/>\n<span style=\"color: #005ca9;\">\u00b7 Fr\u00e4sen und Drehen unter produktionsorientierten <\/span><span style=\"color: #005ca9;\">Bedingungen, z.B. Kleinserien einfacher Werkst\u00fccke mit <\/span><span style=\"color: #005ca9;\">hoher Wiederholungsgenauigkeit<\/span><\/li>\n<li><span style=\"color: #005ca9;\"><strong>Anwendung der Steuerungstechnik<\/strong><\/span><br \/>\n<span style=\"color: #005ca9;\">\u00b7 Grundlagen der Pneumatik<\/span><\/li>\n<li><span style=\"color: #005ca9;\"><strong>Blechbearbeitung<\/strong><\/span><\/li>\n<li><span style=\"color: #005ca9;\"><strong>Elektrotechnik f\u00fcr Metallberufe<\/strong><\/span><\/li>\n<li><span style=\"color: #005ca9;\"><strong>Einf\u00fchrung in moderne Arbeitstechniken, wie z.B.:<\/strong><\/span><br \/>\n<span style=\"color: #005ca9;\">\u00b7 Grundlagen der NC-Technik<\/span><\/li>\n<\/ul>\n<\/div><hr><p><a href=\"https:\/\/www.bzi-rs.de\/index.php\/metallberufe\/\" >Zur\u00fcck zur \u00dcbersicht<\/a><\/p>\n<hr>\n<p><a href=\"http:\/\/www.bzi-rs.de\/index.php\/anmeldung-und-agb\/\">Anmeldung & AGB<\/a> | <a href=\"http:\/\/www.bzi-rs.de\/index.php\/foerdermoeglichkeiten\/\">F\u00f6rderm\u00f6glichkeiten<\/a> | <a href=\"http:\/\/www.bzi-rs.de\/index.php\/weiterbildungsbroschuere\/\">Weiterbildungsbrosch\u00fcre<\/a><\/p>\n<p><a href=\"#\" onClick=\"history.back(); return false\"><\/a><\/p><div class=\"fusion-clearfix\"><\/div><\/div><\/div><div class=\"fusion-layout-column fusion_builder_column fusion-builder-column-2 fusion_builder_column_1_3 1_3 fusion-one-third fusion-column-last\" style=\"width:33.333333333333%;width:calc(33.333333333333% - ( ( 4% ) * 0.33333333333333 ) );margin-top:0px;margin-bottom:0px;\"><div class=\"fusion-column-wrapper fusion-flex-column-wrapper-legacy\" style=\"background-position:left top;background-repeat:no-repeat;-webkit-background-size:cover;-moz-background-size:cover;-o-background-size:cover;background-size:cover;padding: 0px 0px 0px 0px;\"><style type='text\/css'>.reading-box-container-1 .element-bottomshadow:before,.reading-box-container-1 .element-bottomshadow:after{opacity:0.70;}<\/style><div class=\"fusion-reading-box-container reading-box-container-1\" style=\"margin-top:0px;margin-bottom:84px;\"><div class=\"reading-box element-bottomshadow\" style=\"background-color:#f6f6f6;border-width:1px;border-color:#f6f6f6;border-left-width:3px;border-left-color:var(--primary_color);border-style:solid;\"><div class=\"reading-box-additional\">\n<p><span id=\"InfoControl_descriptionCity\" class=\"descriptionCity\"><strong>Ort:<\/strong><br \/>\nBerufsbildungszentrum der Remscheider<br \/>\nMetall- und Elektroindustrie GmbH<br \/>\nW\u00fcstenhagener Stra\u00dfe 18 \u2013 26<br \/>\n42855 Remscheid<\/span><\/p>\n<\/div><div class=\"fusion-clearfix\"><\/div><\/div><\/div><div class=\"fusion-clearfix\"><\/div><\/div><\/div><\/div><\/div><\/p>\n","protected":false},"excerpt":{"rendered":"","protected":false},"author":1,"featured_media":0,"parent":0,"menu_order":193,"comment_status":"closed","ping_status":"closed","template":"","meta":{"footnotes":""},"_links":{"self":[{"href":"https:\/\/alt.bzi-rs.de\/index.php\/wp-json\/wp\/v2\/pages\/1127"}],"collection":[{"href":"https:\/\/alt.bzi-rs.de\/index.php\/wp-json\/wp\/v2\/pages"}],"about":[{"href":"https:\/\/alt.bzi-rs.de\/index.php\/wp-json\/wp\/v2\/types\/page"}],"author":[{"embeddable":true,"href":"https:\/\/alt.bzi-rs.de\/index.php\/wp-json\/wp\/v2\/users\/1"}],"replies":[{"embeddable":true,"href":"https:\/\/alt.bzi-rs.de\/index.php\/wp-json\/wp\/v2\/comments?post=1127"}],"version-history":[{"count":24,"href":"https:\/\/alt.bzi-rs.de\/index.php\/wp-json\/wp\/v2\/pages\/1127\/revisions"}],"predecessor-version":[{"id":12890,"href":"https:\/\/alt.bzi-rs.de\/index.php\/wp-json\/wp\/v2\/pages\/1127\/revisions\/12890"}],"wp:attachment":[{"href":"https:\/\/alt.bzi-rs.de\/index.php\/wp-json\/wp\/v2\/media?parent=1127"}],"curies":[{"name":"wp","href":"https:\/\/api.w.org\/{rel}","templated":true}]}}