{"id":11331,"date":"2021-10-04T09:04:25","date_gmt":"2021-10-04T07:04:25","guid":{"rendered":"https:\/\/alt.bzi-rs.de\/?page_id=11331"},"modified":"2021-12-15T09:32:42","modified_gmt":"2021-12-15T08:32:42","slug":"snackpoint","status":"publish","type":"page","link":"https:\/\/alt.bzi-rs.de\/index.php\/snackpoint\/","title":{"rendered":"Snackpoint"},"content":{"rendered":"<p><div class=\"fusion-fullwidth fullwidth-box fusion-builder-row-1 fusion-flex-container nonhundred-percent-fullwidth non-hundred-percent-height-scrolling\" style=\"background-color: rgba(255,255,255,0);background-position: center center;background-repeat: no-repeat;border-width: 0px 0px 0px 0px;border-color:#eae9e9;border-style:solid;\" ><div class=\"fusion-builder-row fusion-row fusion-flex-align-items-flex-start\" style=\"max-width:1248px;margin-left: calc(-4% \/ 2 );margin-right: calc(-4% \/ 2 );\"><div class=\"fusion-layout-column fusion_builder_column fusion-builder-column-0 fusion_builder_column_2_3 2_3 fusion-flex-column\"><div class=\"fusion-column-wrapper fusion-flex-justify-content-flex-start fusion-content-layout-column\" style=\"background-position:left top;background-repeat:no-repeat;-webkit-background-size:cover;-moz-background-size:cover;-o-background-size:cover;background-size:cover;padding: 0px 0px 0px 0px;\"><style type=\"text\/css\">@media only screen and (max-width:1024px) {.fusion-title.fusion-title-1{margin-top:0px!important; margin-right:0px!important;margin-bottom:31px!important;margin-left:0px!important;}}@media only screen and (max-width:640px) {.fusion-title.fusion-title-1{margin-top:0px!important; margin-right:0px!important;margin-bottom:20px!important; margin-left:0px!important;}}<\/style><div class=\"fusion-title title fusion-title-1 fusion-title-text fusion-title-size-two\" style=\"margin-top:0px;margin-right:0px;margin-bottom:31px;margin-left:0px;\"><div class=\"title-sep-container title-sep-container-left fusion-no-large-visibility fusion-no-medium-visibility fusion-no-small-visibility\"><div class=\"title-sep sep-double sep-solid\" style=\"border-color:#e0dede;\"><\/div><\/div><h2 class=\"title-heading-left\" style=\"margin:0;\">\u201eSnackpoint\u201c hat er\u00f6ffnet<\/h2><div class=\"title-sep-container title-sep-container-right\"><div class=\"title-sep sep-double sep-solid\" style=\"border-color:#e0dede;\"><\/div><\/div><\/div><div class=\"fusion-text fusion-text-1\"><p>Das BZI ist um ein weiteres Angebot reicher. Der neue \u201eSnackpoint\u201c im Untergeschoss unseres Neubaus bietet vielf\u00e4ltige kulinarische Verf\u00fchrungen zu moderaten Preisen. Warm oder kalt? Die Auswahl ist gro\u00df und reicht von Pizza und Pasta, frischen, knackigen Salaten \u00fcber Joghurts und Obstsalat, vielseitig belegten Br\u00f6tchen, gesunden Fitness-Schnitten bis hin zu Brezeln, Nussecken und vielem mehr. Und hei\u00dfen Kaffee und k\u00fchle Getr\u00e4nke gibt`s nat\u00fcrlich auch.<\/p>\n<p>Ein Wochenplan gibt Aufschluss \u00fcber die angebotenen Speisen, so dass man sich fr\u00fchzeitig auf die abwechslungsreichen Gaumenfreuden freuen kann. Egal ob Fr\u00fchst\u00fcck oder Mittagssnack \u2013 \u201eSnackpoint\u201c-P\u00e4chter Torsten Dehnke und das freundliche \u201eSnackpoint\u201c-Team um Annabelle Kisters freuen sich, dass zunehmend mehr Mitarbeitende und Auszubildende buchst\u00e4blich auf den Geschmack kommen. \u201e<em>Auf kurzen Wegen kann man sich nun innerhalb des BZI st\u00e4rken und muss daf\u00fcr nicht mehr das Haus verlassen. Ein echter Mehrwert f\u00fcr unser Bildungszentrum<\/em>\u201c, sagt BZI-Gesch\u00e4ftsf\u00fchrer Alexander Lampe erfreut.<\/p>\n<\/div><div style=\"text-align:left;\"><div class=\"imageframe-liftup fusion-image-frame-bottomshadow image-frame-shadow-1\" style=\"margin-top:4%;margin-right:4%;margin-bottom:4%;margin-left:4%;\"><style>.element-bottomshadow.imageframe-1:before, .element-bottomshadow.imageframe-1:after{-webkit-box-shadow: 0 17px 10px rgba(0,0,0,0.4);box-shadow: 0 17px 10px rgba(0,0,0,0.4);}<\/style><span class=\" fusion-imageframe imageframe-bottomshadow imageframe-1 element-bottomshadow\" style=\"border:1px solid #777777;\"><a href=\"https:\/\/alt.bzi-rs.de\/wp-content\/uploads\/2021\/10\/snackpoint-2.jpg\" class=\"fusion-lightbox\" data-rel=\"iLightbox[5e5e3bc8a98ed99a92f]\" data-title=\"snackpoint\" title=\"snackpoint\"><img decoding=\"async\" width=\"630\" height=\"387\" src=\"https:\/\/alt.bzi-rs.de\/wp-content\/uploads\/2021\/10\/snackpoint-1.jpg\" class=\"img-responsive wp-image-11334\" srcset=\"https:\/\/alt.bzi-rs.de\/wp-content\/uploads\/2021\/10\/snackpoint-1-200x123.jpg 200w, https:\/\/alt.bzi-rs.de\/wp-content\/uploads\/2021\/10\/snackpoint-1-400x246.jpg 400w, https:\/\/alt.bzi-rs.de\/wp-content\/uploads\/2021\/10\/snackpoint-1-600x369.jpg 600w, https:\/\/alt.bzi-rs.de\/wp-content\/uploads\/2021\/10\/snackpoint-1.jpg 630w\" sizes=\"(max-width: 1024px) 100vw, (max-width: 640px) 100vw, 630px\" \/><\/a><\/span><\/div><\/div><\/div><style type=\"text\/css\">.fusion-body .fusion-builder-column-0{width:66.666666666667% !important;margin-top : 0px;margin-bottom : 0px;}.fusion-builder-column-0 > .fusion-column-wrapper {padding-top : 0px !important;padding-right : 0px !important;margin-right : 2.88%;padding-bottom : 0px !important;padding-left : 0px !important;margin-left : 2.88%;}@media only screen and (max-width:1024px) {.fusion-body .fusion-builder-column-0{width:100% !important;order : 0;}.fusion-builder-column-0 > .fusion-column-wrapper {margin-right : 1.92%;margin-left : 1.92%;}}@media only screen and (max-width:640px) {.fusion-body .fusion-builder-column-0{width:100% !important;order : 0;}.fusion-builder-column-0 > .fusion-column-wrapper {margin-right : 1.92%;margin-left : 1.92%;}}<\/style><\/div><div class=\"fusion-layout-column fusion_builder_column fusion-builder-column-1 fusion_builder_column_1_3 1_3 fusion-flex-column\"><div class=\"fusion-column-wrapper fusion-flex-justify-content-flex-start fusion-content-layout-column\" style=\"background-position:left top;background-repeat:no-repeat;-webkit-background-size:cover;-moz-background-size:cover;-o-background-size:cover;background-size:cover;padding: 0px 0px 0px 0px;\"><style type='text\/css'>.reading-box-container-1 .element-bottomshadow:before,.reading-box-container-1 .element-bottomshadow:after{opacity:0.7;}<\/style><div class=\"fusion-reading-box-container reading-box-container-1\" style=\"margin-top:0px;margin-bottom:84px;\"><div class=\"reading-box element-bottomshadow\" style=\"background-color:#f6f6f6;border-width:1px;border-color:#f6f6f6;border-left-width:3px;border-left-color:var(--primary_color);border-style:solid;\"><h2>\u00d6ffnungszeiten<\/h2><div class=\"reading-box-additional fusion-reading-box-additional\">\n<p>Montag\u00a0\u00a0\u00a0\u00a0\u00a0\u00a0\u00a0 7 -13 Uhr<br \/>\nDienstag\u00a0\u00a0\u00a0\u00a0\u00a0 7 -13 Uhr<br \/>\nMittwoch\u00a0\u00a0\u00a0 \u00a0 7 -13 Uhr<br \/>\nDonnerstag\u00a0 7 -13 Uhr<br \/>\nFreitag \u00a0\u00a0\u00a0\u00a0\u00a0\u00a0\u00a0 7 -10 Uhr<\/p>\n<\/div><div class=\"fusion-clearfix\"><\/div><\/div><\/div><style type=\"text\/css\">.fusion-gallery-1 .fusion-gallery-image {border:0px solid #f6f6f6;}<\/style><div class=\"fusion-gallery fusion-gallery-container fusion-grid-2 fusion-columns-total-19 fusion-gallery-layout-grid fusion-gallery-1\" style=\"margin:-2px;\"><div style=\"padding:2.5px;\" class=\"fusion-grid-column fusion-gallery-column fusion-gallery-column-2\"><div class=\"fusion-gallery-image fusion-gallery-image-liftup\"><a href=\"https:\/\/alt.bzi-rs.de\/wp-content\/uploads\/2021\/10\/243867240_219865043451939_4954215274991174562_n.jpg\" rel=\"noreferrer\" data-rel=\"iLightbox[gallery_image_1]\" class=\"fusion-lightbox\" target=\"_self\"><img decoding=\"async\" src=\"https:\/\/alt.bzi-rs.de\/wp-content\/uploads\/2021\/10\/243867240_219865043451939_4954215274991174562_n-460x295.jpg\" width=\"460\" height=\"295\" alt=\"\" title=\"243867240_219865043451939_4954215274991174562_n\" aria-label=\"243867240_219865043451939_4954215274991174562_n\" class=\"img-responsive wp-image-11379 fusion-gallery-image-size-fixed\" \/><\/a><\/div><\/div><div style=\"padding:2.5px;\" class=\"fusion-grid-column fusion-gallery-column fusion-gallery-column-2\"><div class=\"fusion-gallery-image fusion-gallery-image-liftup\"><a href=\"https:\/\/alt.bzi-rs.de\/wp-content\/uploads\/2021\/10\/243245279_216430677128709_5210867339729358783_n.jpg\" rel=\"noreferrer\" data-rel=\"iLightbox[gallery_image_1]\" class=\"fusion-lightbox\" target=\"_self\"><img decoding=\"async\" src=\"https:\/\/alt.bzi-rs.de\/wp-content\/uploads\/2021\/10\/243245279_216430677128709_5210867339729358783_n-460x295.jpg\" width=\"460\" height=\"295\" alt=\"\" title=\"243245279_216430677128709_5210867339729358783_n\" aria-label=\"243245279_216430677128709_5210867339729358783_n\" class=\"img-responsive wp-image-11378 fusion-gallery-image-size-fixed\" \/><\/a><\/div><\/div><div class=\"clearfix\"><\/div><div style=\"padding:2.5px;\" class=\"fusion-grid-column fusion-gallery-column fusion-gallery-column-2\"><div class=\"fusion-gallery-image fusion-gallery-image-liftup\"><a href=\"https:\/\/alt.bzi-rs.de\/wp-content\/uploads\/2021\/12\/263959658_265218062249970_5249578565324204091_n.jpg\" rel=\"noreferrer\" data-rel=\"iLightbox[gallery_image_1]\" class=\"fusion-lightbox\" target=\"_self\"><img decoding=\"async\" src=\"https:\/\/alt.bzi-rs.de\/wp-content\/uploads\/2021\/12\/263959658_265218062249970_5249578565324204091_n-460x295.jpg\" width=\"460\" height=\"295\" alt=\"\" title=\"263959658_265218062249970_5249578565324204091_n\" aria-label=\"263959658_265218062249970_5249578565324204091_n\" class=\"img-responsive wp-image-11674 fusion-gallery-image-size-fixed\" \/><\/a><\/div><\/div><div style=\"padding:2.5px;\" class=\"fusion-grid-column fusion-gallery-column fusion-gallery-column-2\"><div class=\"fusion-gallery-image fusion-gallery-image-liftup\"><a href=\"https:\/\/alt.bzi-rs.de\/wp-content\/uploads\/2021\/10\/241978596_205877068184070_4528195542346537755_n.jpg\" rel=\"noreferrer\" data-rel=\"iLightbox[gallery_image_1]\" class=\"fusion-lightbox\" target=\"_self\"><img decoding=\"async\" src=\"https:\/\/alt.bzi-rs.de\/wp-content\/uploads\/2021\/10\/241978596_205877068184070_4528195542346537755_n-460x295.jpg\" width=\"460\" height=\"295\" alt=\"\" title=\"241978596_205877068184070_4528195542346537755_n\" aria-label=\"241978596_205877068184070_4528195542346537755_n\" class=\"img-responsive wp-image-11376 fusion-gallery-image-size-fixed\" \/><\/a><\/div><\/div><div class=\"clearfix\"><\/div><div style=\"padding:2.5px;\" class=\"fusion-grid-column fusion-gallery-column fusion-gallery-column-2\"><div class=\"fusion-gallery-image fusion-gallery-image-liftup\"><a href=\"https:\/\/alt.bzi-rs.de\/wp-content\/uploads\/2021\/12\/256330969_247210727384037_2711460693294575665_n.jpg\" rel=\"noreferrer\" data-rel=\"iLightbox[gallery_image_1]\" class=\"fusion-lightbox\" target=\"_self\"><img decoding=\"async\" src=\"https:\/\/alt.bzi-rs.de\/wp-content\/uploads\/2021\/12\/256330969_247210727384037_2711460693294575665_n-460x295.jpg\" width=\"460\" height=\"295\" alt=\"\" title=\"256330969_247210727384037_2711460693294575665_n\" aria-label=\"256330969_247210727384037_2711460693294575665_n\" class=\"img-responsive wp-image-11680 fusion-gallery-image-size-fixed\" \/><\/a><\/div><\/div><div style=\"padding:2.5px;\" class=\"fusion-grid-column fusion-gallery-column fusion-gallery-column-2\"><div class=\"fusion-gallery-image fusion-gallery-image-liftup\"><a href=\"https:\/\/alt.bzi-rs.de\/wp-content\/uploads\/2021\/10\/241712435_201907271914383_7634108698690010983_n.jpg\" rel=\"noreferrer\" data-rel=\"iLightbox[gallery_image_1]\" class=\"fusion-lightbox\" target=\"_self\"><img decoding=\"async\" src=\"https:\/\/alt.bzi-rs.de\/wp-content\/uploads\/2021\/10\/241712435_201907271914383_7634108698690010983_n-460x295.jpg\" width=\"460\" height=\"295\" alt=\"\" title=\"241712435_201907271914383_7634108698690010983_n\" aria-label=\"241712435_201907271914383_7634108698690010983_n\" class=\"img-responsive wp-image-11375 fusion-gallery-image-size-fixed\" \/><\/a><\/div><\/div><div class=\"clearfix\"><\/div><div style=\"padding:2.5px;\" class=\"fusion-grid-column fusion-gallery-column fusion-gallery-column-2\"><div class=\"fusion-gallery-image fusion-gallery-image-liftup\"><a href=\"https:\/\/alt.bzi-rs.de\/wp-content\/uploads\/2021\/10\/241159924_195617562543354_6395351644317715869_n.jpg\" rel=\"noreferrer\" data-rel=\"iLightbox[gallery_image_1]\" class=\"fusion-lightbox\" target=\"_self\"><img decoding=\"async\" src=\"https:\/\/alt.bzi-rs.de\/wp-content\/uploads\/2021\/10\/241159924_195617562543354_6395351644317715869_n-460x295.jpg\" width=\"460\" height=\"295\" alt=\"\" title=\"241159924_195617562543354_6395351644317715869_n\" aria-label=\"241159924_195617562543354_6395351644317715869_n\" class=\"img-responsive wp-image-11374 fusion-gallery-image-size-fixed\" \/><\/a><\/div><\/div><div style=\"padding:2.5px;\" class=\"fusion-grid-column fusion-gallery-column fusion-gallery-column-2\"><div class=\"fusion-gallery-image fusion-gallery-image-liftup\"><a href=\"https:\/\/alt.bzi-rs.de\/wp-content\/uploads\/2021\/10\/242597924_211112760993834_9139051371457099248_n.jpg\" rel=\"noreferrer\" data-rel=\"iLightbox[gallery_image_1]\" class=\"fusion-lightbox\" target=\"_self\"><img decoding=\"async\" src=\"https:\/\/alt.bzi-rs.de\/wp-content\/uploads\/2021\/10\/242597924_211112760993834_9139051371457099248_n-460x295.jpg\" width=\"460\" height=\"295\" alt=\"\" title=\"242597924_211112760993834_9139051371457099248_n\" aria-label=\"242597924_211112760993834_9139051371457099248_n\" class=\"img-responsive wp-image-11377 fusion-gallery-image-size-fixed\" \/><\/a><\/div><\/div><div class=\"clearfix\"><\/div><div style=\"padding:2.5px;\" class=\"fusion-grid-column fusion-gallery-column fusion-gallery-column-2\"><div class=\"fusion-gallery-image fusion-gallery-image-liftup\"><a href=\"https:\/\/alt.bzi-rs.de\/wp-content\/uploads\/2021\/10\/240782834_189032196535224_5758101754619992514_n.jpg\" rel=\"noreferrer\" data-rel=\"iLightbox[gallery_image_1]\" class=\"fusion-lightbox\" target=\"_self\"><img decoding=\"async\" src=\"https:\/\/alt.bzi-rs.de\/wp-content\/uploads\/2021\/10\/240782834_189032196535224_5758101754619992514_n-460x295.jpg\" width=\"460\" height=\"295\" alt=\"\" title=\"240782834_189032196535224_5758101754619992514_n\" aria-label=\"240782834_189032196535224_5758101754619992514_n\" class=\"img-responsive wp-image-11373 fusion-gallery-image-size-fixed\" \/><\/a><\/div><\/div><div style=\"padding:2.5px;\" class=\"fusion-grid-column fusion-gallery-column fusion-gallery-column-2\"><div class=\"fusion-gallery-image fusion-gallery-image-liftup\"><a href=\"https:\/\/alt.bzi-rs.de\/wp-content\/uploads\/2021\/10\/240660253_186691303435980_42896952961765514_n.jpg\" rel=\"noreferrer\" data-rel=\"iLightbox[gallery_image_1]\" class=\"fusion-lightbox\" target=\"_self\"><img decoding=\"async\" src=\"https:\/\/alt.bzi-rs.de\/wp-content\/uploads\/2021\/10\/240660253_186691303435980_42896952961765514_n-460x295.jpg\" width=\"460\" height=\"295\" alt=\"\" title=\"240660253_186691303435980_42896952961765514_n\" aria-label=\"240660253_186691303435980_42896952961765514_n\" class=\"img-responsive wp-image-11372 fusion-gallery-image-size-fixed\" \/><\/a><\/div><\/div><div class=\"clearfix\"><\/div><div style=\"padding:2.5px;\" class=\"fusion-grid-column fusion-gallery-column fusion-gallery-column-2\"><div class=\"fusion-gallery-image fusion-gallery-image-liftup\"><a href=\"https:\/\/alt.bzi-rs.de\/wp-content\/uploads\/2021\/12\/249461193_237743868330723_278327096165281763_n.jpg\" rel=\"noreferrer\" data-rel=\"iLightbox[gallery_image_1]\" class=\"fusion-lightbox\" target=\"_self\"><img decoding=\"async\" src=\"https:\/\/alt.bzi-rs.de\/wp-content\/uploads\/2021\/12\/249461193_237743868330723_278327096165281763_n-460x295.jpg\" width=\"460\" height=\"295\" alt=\"\" title=\"249461193_237743868330723_278327096165281763_n\" aria-label=\"249461193_237743868330723_278327096165281763_n\" class=\"img-responsive wp-image-11679 fusion-gallery-image-size-fixed\" \/><\/a><\/div><\/div><div style=\"padding:2.5px;\" class=\"fusion-grid-column fusion-gallery-column fusion-gallery-column-2\"><div class=\"fusion-gallery-image fusion-gallery-image-liftup\"><a href=\"https:\/\/alt.bzi-rs.de\/wp-content\/uploads\/2021\/10\/239897912_184837983621312_2407345595050510536_n.jpg\" rel=\"noreferrer\" data-rel=\"iLightbox[gallery_image_1]\" class=\"fusion-lightbox\" target=\"_self\"><img decoding=\"async\" src=\"https:\/\/alt.bzi-rs.de\/wp-content\/uploads\/2021\/10\/239897912_184837983621312_2407345595050510536_n-460x295.jpg\" width=\"460\" height=\"295\" alt=\"\" title=\"239897912_184837983621312_2407345595050510536_n\" aria-label=\"239897912_184837983621312_2407345595050510536_n\" class=\"img-responsive wp-image-11371 fusion-gallery-image-size-fixed\" \/><\/a><\/div><\/div><div class=\"clearfix\"><\/div><div style=\"padding:2.5px;\" class=\"fusion-grid-column fusion-gallery-column fusion-gallery-column-2\"><div class=\"fusion-gallery-image fusion-gallery-image-liftup\"><a href=\"https:\/\/alt.bzi-rs.de\/wp-content\/uploads\/2021\/12\/246530112_230879725683804_9071486601041034363_n.jpg\" rel=\"noreferrer\" data-rel=\"iLightbox[gallery_image_1]\" class=\"fusion-lightbox\" target=\"_self\"><img decoding=\"async\" src=\"https:\/\/alt.bzi-rs.de\/wp-content\/uploads\/2021\/12\/246530112_230879725683804_9071486601041034363_n-460x295.jpg\" width=\"460\" height=\"295\" alt=\"\" title=\"246530112_230879725683804_9071486601041034363_n\" aria-label=\"246530112_230879725683804_9071486601041034363_n\" class=\"img-responsive wp-image-11678 fusion-gallery-image-size-fixed\" \/><\/a><\/div><\/div><div style=\"padding:2.5px;\" class=\"fusion-grid-column fusion-gallery-column fusion-gallery-column-2\"><div class=\"fusion-gallery-image fusion-gallery-image-liftup\"><a href=\"https:\/\/alt.bzi-rs.de\/wp-content\/uploads\/2021\/10\/238324563_183521270419650_5609917538008000729_n.jpg\" rel=\"noreferrer\" data-rel=\"iLightbox[gallery_image_1]\" class=\"fusion-lightbox\" target=\"_self\"><img decoding=\"async\" src=\"https:\/\/alt.bzi-rs.de\/wp-content\/uploads\/2021\/10\/238324563_183521270419650_5609917538008000729_n-460x295.jpg\" width=\"460\" height=\"295\" alt=\"\" title=\"238324563_183521270419650_5609917538008000729_n\" aria-label=\"238324563_183521270419650_5609917538008000729_n\" class=\"img-responsive wp-image-11370 fusion-gallery-image-size-fixed\" \/><\/a><\/div><\/div><div class=\"clearfix\"><\/div><div style=\"padding:2.5px;\" class=\"fusion-grid-column fusion-gallery-column fusion-gallery-column-2\"><div class=\"fusion-gallery-image fusion-gallery-image-liftup\"><a href=\"https:\/\/alt.bzi-rs.de\/wp-content\/uploads\/2021\/12\/258386078_250749047030205_4246702462793933113_n.jpg\" rel=\"noreferrer\" data-rel=\"iLightbox[gallery_image_1]\" class=\"fusion-lightbox\" target=\"_self\"><img decoding=\"async\" src=\"https:\/\/alt.bzi-rs.de\/wp-content\/uploads\/2021\/12\/258386078_250749047030205_4246702462793933113_n-460x295.jpg\" width=\"460\" height=\"295\" alt=\"\" title=\"258386078_250749047030205_4246702462793933113_n\" aria-label=\"258386078_250749047030205_4246702462793933113_n\" class=\"img-responsive wp-image-11681 fusion-gallery-image-size-fixed\" \/><\/a><\/div><\/div><div style=\"padding:2.5px;\" class=\"fusion-grid-column fusion-gallery-column fusion-gallery-column-2\"><div class=\"fusion-gallery-image fusion-gallery-image-liftup\"><a href=\"https:\/\/alt.bzi-rs.de\/wp-content\/uploads\/2021\/12\/263169729_261447362627040_8822507354413678592_n.jpg\" rel=\"noreferrer\" data-rel=\"iLightbox[gallery_image_1]\" class=\"fusion-lightbox\" target=\"_self\"><img decoding=\"async\" src=\"https:\/\/alt.bzi-rs.de\/wp-content\/uploads\/2021\/12\/263169729_261447362627040_8822507354413678592_n-460x295.jpg\" width=\"460\" height=\"295\" alt=\"\" title=\"263169729_261447362627040_8822507354413678592_n\" aria-label=\"263169729_261447362627040_8822507354413678592_n\" class=\"img-responsive wp-image-11673 fusion-gallery-image-size-fixed\" \/><\/a><\/div><\/div><div class=\"clearfix\"><\/div><div style=\"padding:2.5px;\" class=\"fusion-grid-column fusion-gallery-column fusion-gallery-column-2\"><div class=\"fusion-gallery-image fusion-gallery-image-liftup\"><a href=\"https:\/\/alt.bzi-rs.de\/wp-content\/uploads\/2021\/12\/265286265_263962815708828_3907849152604356342_n.jpg\" rel=\"noreferrer\" data-rel=\"iLightbox[gallery_image_1]\" class=\"fusion-lightbox\" target=\"_self\"><img decoding=\"async\" src=\"https:\/\/alt.bzi-rs.de\/wp-content\/uploads\/2021\/12\/265286265_263962815708828_3907849152604356342_n-460x295.jpg\" width=\"460\" height=\"295\" alt=\"\" title=\"265286265_263962815708828_3907849152604356342_n\" aria-label=\"265286265_263962815708828_3907849152604356342_n\" class=\"img-responsive wp-image-11675 fusion-gallery-image-size-fixed\" \/><\/a><\/div><\/div><div style=\"padding:2.5px;\" class=\"fusion-grid-column fusion-gallery-column fusion-gallery-column-2\"><div class=\"fusion-gallery-image fusion-gallery-image-liftup\"><a href=\"https:\/\/alt.bzi-rs.de\/wp-content\/uploads\/2021\/10\/238092036_183157653789345_1553552799352522561_n.jpg\" rel=\"noreferrer\" data-rel=\"iLightbox[gallery_image_1]\" class=\"fusion-lightbox\" target=\"_self\"><img decoding=\"async\" src=\"https:\/\/alt.bzi-rs.de\/wp-content\/uploads\/2021\/10\/238092036_183157653789345_1553552799352522561_n-460x295.jpg\" width=\"460\" height=\"295\" alt=\"\" title=\"238092036_183157653789345_1553552799352522561_n\" aria-label=\"238092036_183157653789345_1553552799352522561_n\" class=\"img-responsive wp-image-11369 fusion-gallery-image-size-fixed\" \/><\/a><\/div><\/div><div class=\"clearfix\"><\/div><div style=\"padding:2.5px;\" class=\"fusion-grid-column fusion-gallery-column fusion-gallery-column-2\"><div class=\"fusion-gallery-image fusion-gallery-image-liftup\"><a href=\"https:\/\/alt.bzi-rs.de\/wp-content\/uploads\/2021\/10\/236608363_179157220856055_5114011843738512082_n.jpg\" rel=\"noreferrer\" data-rel=\"iLightbox[gallery_image_1]\" class=\"fusion-lightbox\" target=\"_self\"><img decoding=\"async\" src=\"https:\/\/alt.bzi-rs.de\/wp-content\/uploads\/2021\/10\/236608363_179157220856055_5114011843738512082_n-460x295.jpg\" width=\"460\" height=\"295\" alt=\"\" title=\"236608363_179157220856055_5114011843738512082_n\" aria-label=\"236608363_179157220856055_5114011843738512082_n\" class=\"img-responsive wp-image-11368 fusion-gallery-image-size-fixed\" \/><\/a><\/div><\/div><\/div><\/div><style type=\"text\/css\">.fusion-body .fusion-builder-column-1{width:33.333333333333% !important;margin-top : 0px;margin-bottom : 0px;}.fusion-builder-column-1 > .fusion-column-wrapper {padding-top : 0px !important;padding-right : 0px !important;margin-right : 5.76%;padding-bottom : 0px !important;padding-left : 0px !important;margin-left : 5.76%;}@media only screen and (max-width:1024px) {.fusion-body .fusion-builder-column-1{width:100% !important;order : 0;}.fusion-builder-column-1 > .fusion-column-wrapper {margin-right : 1.92%;margin-left : 1.92%;}}@media only screen and (max-width:640px) {.fusion-body .fusion-builder-column-1{width:100% !important;order : 0;}.fusion-builder-column-1 > .fusion-column-wrapper {margin-right : 1.92%;margin-left : 1.92%;}}<\/style><\/div><\/div><style type=\"text\/css\">.fusion-body .fusion-flex-container.fusion-builder-row-1{ padding-top : 0px;margin-top : 0px;padding-right : 0px;padding-bottom : 0px;margin-bottom : 0px;padding-left : 0px;}<\/style><\/div><div class=\"fusion-fullwidth fullwidth-box fusion-builder-row-2 fusion-flex-container nonhundred-percent-fullwidth non-hundred-percent-height-scrolling\" style=\"background-color: rgba(255,255,255,0);background-position: center center;background-repeat: no-repeat;border-width: 0px 0px 0px 0px;border-color:#eae9e9;border-style:solid;\" ><div class=\"fusion-builder-row fusion-row fusion-flex-align-items-flex-start\" style=\"max-width:1248px;margin-left: calc(-4% \/ 2 );margin-right: calc(-4% \/ 2 );\"><div class=\"fusion-layout-column fusion_builder_column fusion-builder-column-2 fusion_builder_column_1_1 1_1 fusion-flex-column\"><div class=\"fusion-column-wrapper fusion-flex-justify-content-flex-start fusion-content-layout-column\" style=\"background-position:left top;background-repeat:no-repeat;-webkit-background-size:cover;-moz-background-size:cover;-o-background-size:cover;background-size:cover;padding: 0px 0px 0px 0px;\"><\/div><style type=\"text\/css\">.fusion-body .fusion-builder-column-2{width:100% !important;margin-top : 0px;margin-bottom : 0px;}.fusion-builder-column-2 > .fusion-column-wrapper {padding-top : 0px !important;padding-right : 0px !important;margin-right : 1.92%;padding-bottom : 0px !important;padding-left : 0px !important;margin-left : 1.92%;}@media only screen and (max-width:1024px) {.fusion-body .fusion-builder-column-2{width:100% !important;order : 0;}.fusion-builder-column-2 > .fusion-column-wrapper {margin-right : 1.92%;margin-left : 1.92%;}}@media only screen and (max-width:640px) {.fusion-body .fusion-builder-column-2{width:100% !important;order : 0;}.fusion-builder-column-2 > .fusion-column-wrapper {margin-right : 1.92%;margin-left : 1.92%;}}<\/style><\/div><\/div><style type=\"text\/css\">.fusion-body .fusion-flex-container.fusion-builder-row-2{ padding-top : 0px;margin-top : 0px;padding-right : 0px;padding-bottom : 0px;margin-bottom : 0px;padding-left : 0px;}<\/style><\/div><\/p>\n","protected":false},"excerpt":{"rendered":"","protected":false},"author":1,"featured_media":0,"parent":0,"menu_order":0,"comment_status":"closed","ping_status":"closed","template":"","meta":{"footnotes":""},"_links":{"self":[{"href":"https:\/\/alt.bzi-rs.de\/index.php\/wp-json\/wp\/v2\/pages\/11331"}],"collection":[{"href":"https:\/\/alt.bzi-rs.de\/index.php\/wp-json\/wp\/v2\/pages"}],"about":[{"href":"https:\/\/alt.bzi-rs.de\/index.php\/wp-json\/wp\/v2\/types\/page"}],"author":[{"embeddable":true,"href":"https:\/\/alt.bzi-rs.de\/index.php\/wp-json\/wp\/v2\/users\/1"}],"replies":[{"embeddable":true,"href":"https:\/\/alt.bzi-rs.de\/index.php\/wp-json\/wp\/v2\/comments?post=11331"}],"version-history":[{"count":25,"href":"https:\/\/alt.bzi-rs.de\/index.php\/wp-json\/wp\/v2\/pages\/11331\/revisions"}],"predecessor-version":[{"id":11682,"href":"https:\/\/alt.bzi-rs.de\/index.php\/wp-json\/wp\/v2\/pages\/11331\/revisions\/11682"}],"wp:attachment":[{"href":"https:\/\/alt.bzi-rs.de\/index.php\/wp-json\/wp\/v2\/media?parent=11331"}],"curies":[{"name":"wp","href":"https:\/\/api.w.org\/{rel}","templated":true}]}}