{"id":1147,"date":"2018-03-13T10:43:55","date_gmt":"2018-03-13T09:43:55","guid":{"rendered":"https:\/\/alt.bzi-rs.de\/?page_id=1147"},"modified":"2023-09-11T09:32:50","modified_gmt":"2023-09-11T07:32:50","slug":"industrieelektriker-umschulung","status":"publish","type":"page","link":"https:\/\/alt.bzi-rs.de\/index.php\/industrieelektriker-umschulung\/","title":{"rendered":"Industrieelektriker (Umschulung)"},"content":{"rendered":"<div class=\"fusion-fullwidth fullwidth-box fusion-builder-row-1 nonhundred-percent-fullwidth non-hundred-percent-height-scrolling\" style=\"background-color: rgba(255,255,255,0);background-position: center center;background-repeat: no-repeat;padding-top:0px;padding-right:0px;padding-bottom:0px;padding-left:0px;margin-bottom: 0px;margin-top: 0px;border-width: 0px 0px 0px 0px;border-color:#eae9e9;border-style:solid;\" ><div class=\"fusion-builder-row fusion-row\"><div class=\"fusion-layout-column fusion_builder_column fusion-builder-column-0 fusion_builder_column_1_1 1_1 fusion-one-full fusion-column-first fusion-column-last\" style=\"margin-top:0px;margin-bottom:0px;\"><div class=\"fusion-column-wrapper fusion-flex-column-wrapper-legacy\" style=\"background-position:left top;background-repeat:no-repeat;-webkit-background-size:cover;-moz-background-size:cover;-o-background-size:cover;background-size:cover;padding: 0px 0px 0px 0px;\"><style type=\"text\/css\"><\/style><div class=\"fusion-title title fusion-title-1 fusion-sep-none fusion-title-text fusion-title-size-two\" style=\"margin-top:0px;margin-right:0px;margin-bottom:31px;margin-left:0px;\"><h2 class=\"title-heading-left\" style=\"margin:0;\">Industrieelektriker Umschulung \u2013 IHK-Abschluss (16 Monate)<\/h2><\/div><div class=\"fusion-clearfix\"><\/div><\/div><\/div><div class=\"fusion-layout-column fusion_builder_column fusion-builder-column-1 fusion_builder_column_2_3 2_3 fusion-two-third fusion-column-first\" style=\"width:66.666666666667%;width:calc(66.666666666667% - ( ( 4% ) * 0.66666666666667 ) );margin-right: 4%;margin-top:0px;margin-bottom:0px;\"><div class=\"fusion-column-wrapper fusion-flex-column-wrapper-legacy\" style=\"background-position:left top;background-repeat:no-repeat;-webkit-background-size:cover;-moz-background-size:cover;-o-background-size:cover;background-size:cover;padding: 0px 0px 0px 0px;\"><div class=\"fusion-text fusion-text-1\"><p><strong>Umschulung<\/strong><\/p>\n<p><strong>Inhalte:<br \/>\n<\/strong>Berufliche Grund- und Fachausbildung<\/p>\n<ul>\n<li>Metallgrundkenntnisse (Feilen, S\u00e4gen, Anrei\u00dfen, K\u00f6rnen, Bohren, Senken, Gewindeschneiden, Montieren)<\/li>\n<li>Elektrogrund-\u00a0 und Fachkenntnisse (Konfektionieren, Grundlagen Leitungsverlegung, Installationstechnik, Messen elektrischer Gr\u00f6\u00dfen, Steuerungstechnik)<\/li>\n<li>Arbeitssicherheit und Unfallverh\u00fctungsvorschriften<\/li>\n<\/ul>\n<p>Fachlehrg\u00e4nge<\/p>\n<ul>\n<li>Pneumatik Grundlagen<\/li>\n<li>Schalten und Messen Grundlagen<\/li>\n<li>VDE-Technik<\/li>\n<li>Elektronik Grundlagen<\/li>\n<li>SPS-Technik<\/li>\n<li>Antriebstechnik<\/li>\n<\/ul>\n<p>Theoretische Grundlagen<br \/>\nInhalte lt. Lehrplan f\u00fcr das Berufsbild aus den Bereichen<\/p>\n<ul>\n<li>Technologie<\/li>\n<li>Technische Kommunikation<\/li>\n<li>Technische Mathematik<\/li>\n<li>WiSo<\/li>\n<\/ul>\n<p>Bewerbungstraining<\/p>\n<p>Betriebliches Praktikum<\/p>\n<p><strong>Ziel:<br \/>\n<\/strong>Die Teilnehmer erwerben in diesem Lehrgang, aufbauend auf Grundlkenntnissen der Metallbe- und verarbeitung, sowie der Elektrotechnik, vertiefende und erweiternde Fertigkeiten in Praxis und Theorie. Fachkenntnisse in den Bereichen der Steuerungstechnik und Elektrotechnik bilden weitere Grundlagen f\u00fcr einen erfolgreichen Berufsabschluss.<br \/>\nEin anschlie\u00dfendes betriebliches Praktikum soll die im Lehrgang erworbenen Kenntnisse und Fertigkeiten durch praktische Auftr\u00e4ge in der industriellen Fertigung vertiefen und erweitern.<br \/>\nIndustrieelektriker ist ein seit 2009 anerkannter 2-j\u00e4hriger Ausbildungsberuf. Die Teilnehmer sollen am Ende der Umschulungsma\u00dfnahme die Abschlusspr\u00fcfung vor einem Pr\u00fcfungsausschuss der IHK ablegen. Nach erfolgreicher Pr\u00fcfung erhalten sie das Pr\u00fcfungszeugnis der IHK.<\/p>\n<p><strong>Zielgruppe:<br \/>\n<\/strong>An- und Ungelernte, die aus einer T\u00e4tigkeit in der Metall- und Elektroindustrie oder verwandten T\u00e4tigkeiten Erfahrungen mitbringen, sowie gelernte Fachkr\u00e4fte anderer Branchen, die in ihrem Beruf nicht mehr t\u00e4tig sein k\u00f6nnen und bereits Erfahrungen im Metall- und Elektrobereich gesammelt haben. Teilnehmende sollten Interesse an einer qualifizierten T\u00e4tigkeit in entsprechenden Bereichen der Indsutrie mitbringen.<\/p>\n<p><strong>Informationen:<br \/>\n<\/strong>Berufsbildungszentrum der Remscheider<br \/>\nMetall- und Elektroindustrie GmbH<br \/>\nW\u00fcstenhagener Stra\u00dfe 18 &#8211; 26<br \/>\n42855 Remscheid<br \/>\nTelefon: 0 21 91 &#8211; 93 87 &#8211; 100<br \/>\nE-Mail: <a href=\"mailto:info@bzi-rs.de\">info@bzi-rs.de<\/a><\/p>\n<\/div><hr><p><a href=\"#\" onClick=\"history.back(); return false\">Zur\u00fcck zur \u00dcbersicht<\/a><\/p>\n<hr>\n<p><a href=\"http:\/\/www.bzi-rs.de\/index.php\/anmeldung-und-agb\/\">Anmeldung & AGB<\/a> | <a href=\"http:\/\/www.bzi-rs.de\/index.php\/foerdermoeglichkeiten\/\">F\u00f6rderm\u00f6glichkeiten<\/a> | <a href=\"http:\/\/www.bzi-rs.de\/index.php\/weiterbildungsbroschuere\/\">Weiterbildungsbrosch\u00fcre<\/a><\/p>\n<p><a href=\"#\" onClick=\"history.back(); return false\"><\/a><\/p>\n<div class=\"fusion-clearfix\"><\/div><\/div><\/div><div class=\"fusion-layout-column fusion_builder_column fusion-builder-column-2 fusion_builder_column_1_3 1_3 fusion-one-third fusion-column-last\" style=\"width:33.333333333333%;width:calc(33.333333333333% - ( ( 4% ) * 0.33333333333333 ) );margin-top:0px;margin-bottom:0px;\"><div class=\"fusion-column-wrapper fusion-flex-column-wrapper-legacy\" style=\"background-position:left top;background-repeat:no-repeat;-webkit-background-size:cover;-moz-background-size:cover;-o-background-size:cover;background-size:cover;padding: 0px 0px 0px 0px;\"><style type='text\/css'>.reading-box-container-1 .element-bottomshadow:before,.reading-box-container-1 .element-bottomshadow:after{opacity:0.70;}<\/style><div class=\"fusion-reading-box-container reading-box-container-1\" style=\"margin-top:0px;margin-bottom:84px;\"><div class=\"reading-box\" style=\"background-color:#f6f6f6;border-width:1px;border-color:#f6f6f6;border-left-width:3px;border-left-color:var(--primary_color);border-style:solid;\"><div class=\"reading-box-additional\">\n<p><span id=\"InfoControl_descriptionCity\" class=\"descriptionCity\"><strong>Termine:<\/strong><br \/>\nAuf Anfrage<br \/>\n<\/span><\/p>\n<\/div><div class=\"fusion-clearfix\"><\/div><\/div><\/div><div class=\"fusion-clearfix\"><\/div><\/div><\/div><\/div><\/div>\n","protected":false},"excerpt":{"rendered":"","protected":false},"author":1,"featured_media":0,"parent":0,"menu_order":183,"comment_status":"closed","ping_status":"closed","template":"","meta":{"footnotes":""},"_links":{"self":[{"href":"https:\/\/alt.bzi-rs.de\/index.php\/wp-json\/wp\/v2\/pages\/1147"}],"collection":[{"href":"https:\/\/alt.bzi-rs.de\/index.php\/wp-json\/wp\/v2\/pages"}],"about":[{"href":"https:\/\/alt.bzi-rs.de\/index.php\/wp-json\/wp\/v2\/types\/page"}],"author":[{"embeddable":true,"href":"https:\/\/alt.bzi-rs.de\/index.php\/wp-json\/wp\/v2\/users\/1"}],"replies":[{"embeddable":true,"href":"https:\/\/alt.bzi-rs.de\/index.php\/wp-json\/wp\/v2\/comments?post=1147"}],"version-history":[{"count":23,"href":"https:\/\/alt.bzi-rs.de\/index.php\/wp-json\/wp\/v2\/pages\/1147\/revisions"}],"predecessor-version":[{"id":14388,"href":"https:\/\/alt.bzi-rs.de\/index.php\/wp-json\/wp\/v2\/pages\/1147\/revisions\/14388"}],"wp:attachment":[{"href":"https:\/\/alt.bzi-rs.de\/index.php\/wp-json\/wp\/v2\/media?parent=1147"}],"curies":[{"name":"wp","href":"https:\/\/api.w.org\/{rel}","templated":true}]}}