{"id":1149,"date":"2018-03-13T10:45:06","date_gmt":"2018-03-13T09:45:06","guid":{"rendered":"https:\/\/alt.bzi-rs.de\/?page_id=1149"},"modified":"2023-07-26T10:25:15","modified_gmt":"2023-07-26T08:25:15","slug":"anmeldung-und-agb-4","status":"publish","type":"page","link":"https:\/\/alt.bzi-rs.de\/index.php\/anmeldung-und-agb-4\/","title":{"rendered":"Anmeldung und AGB"},"content":{"rendered":"<div class=\"fusion-fullwidth fullwidth-box fusion-builder-row-1 nonhundred-percent-fullwidth non-hundred-percent-height-scrolling\" style=\"background-color: rgba(255,255,255,0);background-position: center center;background-repeat: no-repeat;padding-top:0px;padding-right:0px;padding-bottom:0px;padding-left:0px;margin-bottom: 0px;margin-top: 0px;border-width: 0px 0px 0px 0px;border-color:#eae9e9;border-style:solid;\" ><div class=\"fusion-builder-row fusion-row\"><div class=\"fusion-layout-column fusion_builder_column fusion-builder-column-0 fusion_builder_column_1_1 1_1 fusion-one-full fusion-column-first fusion-column-last\" style=\"margin-top:0px;margin-bottom:0px;\"><div class=\"fusion-column-wrapper fusion-flex-column-wrapper-legacy\" style=\"background-position:left top;background-repeat:no-repeat;-webkit-background-size:cover;-moz-background-size:cover;-o-background-size:cover;background-size:cover;padding: 0px 0px 0px 0px;\"><style type=\"text\/css\"><\/style><div class=\"fusion-title title fusion-title-1 fusion-sep-none fusion-title-text fusion-title-size-two\" style=\"margin-top:0px;margin-right:0px;margin-bottom:15px;margin-left:0px;\"><h2 class=\"title-heading-left\" style=\"margin:0;\">Anmeldung und AGB<\/h2><\/div><div class=\"fusion-text fusion-text-1\"><p>Bitte nutzen Sie f\u00fcr die Anmeldung die hier bereitgestellten PDF-Dokumente.<br \/>Senden Sie uns diese ausgef\u00fcllt zu.<\/p>\n<p><a href=\"https:\/\/alt.bzi-rs.de\/wp-content\/uploads\/2022\/01\/Allgemeine-Geschaeftsbedingungen-BZI_Final.pdf\">Allgemeine Gesch\u00e4ftsbedingungen<\/a><\/p>\n<p><a href=\"https:\/\/alt.bzi-rs.de\/wp-content\/uploads\/2022\/01\/Verhaltensregeln-fuer-Teilnehmer_Homepage.pdf\">Verhaltensregeln f\u00fcr Teilnehmer <\/a><\/p>\n<p><a href=\"https:\/\/alt.bzi-rs.de\/wp-content\/uploads\/2022\/01\/Widerrufsbelehrung-BZI.pdf\">Widerrufsbelehrung<\/a><\/p>\n<p><a href=\"https:\/\/alt.bzi-rs.de\/wp-content\/uploads\/2022\/01\/Online_Seminar_AGB_BZI_2020_04_27.pdf\">Online-Seminar-Gesch\u00e4ftsbedingungen<\/a><\/p>\n<p><a href=\"https:\/\/alt.bzi-rs.de\/wp-content\/uploads\/2023\/06\/FB-08-AL_Anmeldung-AB.pdf\">Anmeldung und Vertragsbedingungen Ausbildung<\/a> &#8211; <a href=\"https:\/\/alt.bzi-rs.de\/wp-content\/uploads\/2023\/07\/Anmeldung_Ausbildung_2021.pdf-webforlumar.pdf\">ausf\u00fcllbares PDF<\/a><\/p>\n<p><a href=\"https:\/\/alt.bzi-rs.de\/index.php\/formular-weiterbildung-anmeldung\/\">Anmeldung und Vertragsbedingungen Weiterbildung<\/a> &#8211; <a href=\"https:\/\/alt.bzi-rs.de\/wp-content\/uploads\/2023\/07\/Anmeldeformular_Weiterbildung_06_2021.pdf-webformular.pdf\">ausf\u00fcllbares PDF<\/a><\/p>\n<p>Haben Sie Fragen zu den einzelnen Lehrg\u00e4ngen, F\u00f6rderm\u00f6glichkeiten oder der Anmeldung?<br \/>Sprechen Sie uns an. Wir beraten Sie gerne. Sie erreichen uns unter 0 21 91 &#8211; 93 87 &#8211; 100 oder <a href=\"mailto:info@bzi-rs.de\" target=\"_blank\" rel=\"noopener noreferrer\">info@bzi-rs.de<\/a>.<\/p>\n<\/div><div class=\"fusion-clearfix\"><\/div><\/div><\/div><\/div><\/div>\n","protected":false},"excerpt":{"rendered":"","protected":false},"author":1,"featured_media":0,"parent":0,"menu_order":182,"comment_status":"closed","ping_status":"closed","template":"","meta":{"footnotes":""},"_links":{"self":[{"href":"https:\/\/alt.bzi-rs.de\/index.php\/wp-json\/wp\/v2\/pages\/1149"}],"collection":[{"href":"https:\/\/alt.bzi-rs.de\/index.php\/wp-json\/wp\/v2\/pages"}],"about":[{"href":"https:\/\/alt.bzi-rs.de\/index.php\/wp-json\/wp\/v2\/types\/page"}],"author":[{"embeddable":true,"href":"https:\/\/alt.bzi-rs.de\/index.php\/wp-json\/wp\/v2\/users\/1"}],"replies":[{"embeddable":true,"href":"https:\/\/alt.bzi-rs.de\/index.php\/wp-json\/wp\/v2\/comments?post=1149"}],"version-history":[{"count":42,"href":"https:\/\/alt.bzi-rs.de\/index.php\/wp-json\/wp\/v2\/pages\/1149\/revisions"}],"predecessor-version":[{"id":14307,"href":"https:\/\/alt.bzi-rs.de\/index.php\/wp-json\/wp\/v2\/pages\/1149\/revisions\/14307"}],"wp:attachment":[{"href":"https:\/\/alt.bzi-rs.de\/index.php\/wp-json\/wp\/v2\/media?parent=1149"}],"curies":[{"name":"wp","href":"https:\/\/api.w.org\/{rel}","templated":true}]}}