{"id":1157,"date":"2018-03-13T10:50:03","date_gmt":"2018-03-13T09:50:03","guid":{"rendered":"https:\/\/alt.bzi-rs.de\/?page_id=1157"},"modified":"2019-03-12T11:13:49","modified_gmt":"2019-03-12T10:13:49","slug":"qualifizierungsinitiative-fuer-fluechtlinge","status":"publish","type":"page","link":"https:\/\/alt.bzi-rs.de\/index.php\/qualifizierungsinitiative-fuer-fluechtlinge\/","title":{"rendered":"Qualifizierungsinitiative f\u00fcr Fl\u00fcchtlinge"},"content":{"rendered":"<div class=\"fusion-fullwidth fullwidth-box fusion-builder-row-1 nonhundred-percent-fullwidth non-hundred-percent-height-scrolling\" style=\"background-color: rgba(255,255,255,0);background-position: center center;background-repeat: no-repeat;padding-top:0px;padding-right:0px;padding-bottom:0px;padding-left:0px;margin-bottom: 0px;margin-top: 0px;border-width: 0px 0px 0px 0px;border-color:#eae9e9;border-style:solid;\" ><div class=\"fusion-builder-row fusion-row\"><div class=\"fusion-layout-column fusion_builder_column fusion-builder-column-0 fusion_builder_column_2_3 2_3 fusion-two-third fusion-column-first\" style=\"width:66.666666666667%;width:calc(66.666666666667% - ( ( 4% ) * 0.66666666666667 ) );margin-right: 4%;margin-top:0px;margin-bottom:0px;\"><div class=\"fusion-column-wrapper fusion-flex-column-wrapper-legacy\" style=\"background-position:left top;background-repeat:no-repeat;-webkit-background-size:cover;-moz-background-size:cover;-o-background-size:cover;background-size:cover;padding: 0px 0px 0px 0px;\"><style type=\"text\/css\"><\/style><div class=\"fusion-title title fusion-title-1 fusion-sep-none fusion-title-text fusion-title-size-two\" style=\"margin-top:0px;margin-right:0px;margin-bottom:31px;margin-left:0px;\"><h2 class=\"title-heading-left\" style=\"margin:0;\">Bei uns sind Sie herzlich willkommen!!<\/h2><\/div><div class=\"fusion-text fusion-text-1\"><p><strong>Aktivit\u00e4ten zur beruflichen Integration von Fl\u00fcchtlingen<\/strong><\/p>\n<p>Das BZI bietet durch ein vielf\u00e4ltiges Ma\u00dfnahmenb\u00fcndel\u00a0eine individuelle und bedarfsorientierte praxisnahe Qualifizierung und Weiterbildung f\u00fcr Fl\u00fcchtlinge an, denn wir verstehen produktive Besch\u00e4ftigung in einem stabilen Arbeitsverh\u00e4ltnis als das beste Integrationsprogramm.<\/p>\n<p>Orientiert an Kompetenzen, F\u00e4higkeiten, Vorerfahrungen und St\u00e4rken entwickeln wir f\u00fcr jeden Fl\u00fcchtling eine Zukunftsperspektive.<\/p>\n<p>Zentrales Ziel ist die gelungene und nachhaltige soziale Integration sowie die Ausbildung von Fachkr\u00e4ften, die ihr Wissen und ihre Fertigkeiten effizient in der Bergischen Region einbringen k\u00f6nnen.<\/p>\n<p>Das BZI bietet zahlreiche Aktivit\u00e4ten zur <strong>beruflichen Integration von Fl\u00fcchtlingen<\/strong>\u00a0an:<\/p>\n<ul>\n<li>Allgemeine Berufsorientierung<\/li>\n<li>Vertiefte Berufsorientierung<\/li>\n<li><a href=\"https:\/\/alt.bzi-rs.de\/index.php\/ausbildungsvorbereitungsjahr\/\">Ausbildungsvorbereitung<\/a><\/li>\n<li>Vermittlung in Ausbildung mit kontinuierlicher Begleitung<\/li>\n<li>Vermittlung in Praktika<\/li>\n<li>Vermittlung in Besch\u00e4ftigung<\/li>\n<li>Flankierende Sprachkurse (allgemein und berufsbezogen)<\/li>\n<li>Fachberatung zur Anerkennung von im Ausland erworbenen Berufsabschl\u00fcssen<\/li>\n<li><a href=\"https:\/\/alt.bzi-rs.de\/index.php\/bof-berufsorientierung-fuer-fluechtlinge\/\">Vertiefte Berufsorientierung von Fl\u00fcchtlingen in handwerklichen Ausbildungsberufen<\/a><\/li>\n<\/ul>\n<p><a href=\"https:\/\/alt.bzi-rs.de\/wp-content\/uploads\/2019\/02\/Qualifizierung-f\u00fcr-Fl\u00fcchtlinge-im-BZI-Q_2019.pdf\">&#8211; Qualifizierungsangebot f\u00fcr Fl\u00fcchtlinge<\/a><br \/>\n<a href=\"https:\/\/www.das-machen-wir.nrw\/#berufsbildungszentrum-der-remscheider-metall--und-elektroindustrie-bzi-gmbh---ein-systematisches-konzept-zur-beschleunigten-beruflichen-integration-0-101\">&#8211; NRW DAS MACHEN WIR!<\/a>\u00a0Integration von Gefl\u00fcchteten in Arbeit und Ausbildung<br \/>\n&#8211; <a href=\"http:\/\/wir-zusammen.de\/patenschaften\/berufsbildungszentrum_der_industrie\">Wir zusammen<\/a><br \/>\n<a href=\"https:\/\/www.deutschland-kann-das.de\">&#8211; Deutschland kann das<\/a>. Integration die allen hilft.<br \/>\n&#8211; <a href=\"https:\/\/unternehmen-integrieren-fluechtlinge.de\">Unternehmen integrieren Fl\u00fcchtlinge<\/a> (\u21d2<a href=\"https:\/\/www.unternehmen-integrieren-fluechtlinge.de\/wp-content\/uploads\/2018\/09\/NUiF_Religionsbroschuere_final_online.pdf\">Flyer zum Download<\/a>)<br \/>\n&#8211; <a href=\"https:\/\/alt.bzi-rs.de\/wp-content\/uploads\/2019\/02\/3.-Auflage-Fl\u00fcchtlingsbrosch\u00fcre-unternehmer-nrw.pdf\">Intergration von Fl\u00fcchtlingen in Arbeit und Ausbildung<\/a><\/p>\n<\/div><div class=\"fusion-sep-clear\"><\/div><div class=\"fusion-separator fusion-full-width-sep\" style=\"margin-left: auto;margin-right: auto;margin-top:5px;margin-bottom:15px;width:100%;\"><div class=\"fusion-separator-border sep-single sep-solid\" style=\"border-color:#e0dede;border-top-width:1px;\"><\/div><\/div><div class=\"fusion-sep-clear\"><\/div><div class=\"fusion-text fusion-text-2\"><p><a href=\"https:\/\/alt.bzi-rs.de\/wp-content\/uploads\/2019\/02\/Abschlussworkshop-PERSPEKT_BZIa.pdf\"><strong>Pr\u00e4sentation: Berufliche Integration von Gefl\u00fcchteten im BZI<\/strong><\/a><\/p>\n<\/div><div class=\"fusion-sep-clear\"><\/div><div class=\"fusion-separator fusion-full-width-sep\" style=\"margin-left: auto;margin-right: auto;margin-top:0px;margin-bottom:10px;width:100%;\"><div class=\"fusion-separator-border sep-single sep-solid\" style=\"border-color:#e0dede;border-top-width:1px;\"><\/div><\/div><div class=\"fusion-sep-clear\"><\/div><div class=\"fusion-text fusion-text-3\"><p><em><strong>Interesse? Dann melden Sie sich einfach bei uns!<\/strong><\/em><\/p>\n<p>Kontakt:<br \/>\nBZI Remscheid<br \/>\nGerda Becker M. A.<br \/>\nTel: 0 21 91 &#8211; 93 87 &#8211; 250<br \/>\nE-Mail: <a href=\"mailto:g.becker@bzi-rs.de\">g.becker@bzi-rs.de<\/a><\/p>\n<p><img decoding=\"async\" id=\"basePlaceholder_AxImage9352\" src=\"https:\/\/alt.bzi-rs.de\/upload\/ContentWidth466\/BO_Fluechtlinge_1_2632.jpg\" alt=\"\" width=\"466\" height=\"310\" \/><\/p>\n<\/div><div class=\"fusion-clearfix\"><\/div><\/div><\/div><div class=\"fusion-layout-column fusion_builder_column fusion-builder-column-1 fusion_builder_column_1_3 1_3 fusion-one-third fusion-column-last\" style=\"width:33.333333333333%;width:calc(33.333333333333% - ( ( 4% ) * 0.33333333333333 ) );margin-top:0px;margin-bottom:0px;\"><div class=\"fusion-column-wrapper fusion-flex-column-wrapper-legacy\" style=\"background-position:left top;background-repeat:no-repeat;-webkit-background-size:cover;-moz-background-size:cover;-o-background-size:cover;background-size:cover;padding: 0px 0px 0px 0px;\"><div class=\"fusion-widget-area fusion-widget-area-1 fusion-content-widget-area\"><style type=\"text\/css\">.fusion-widget-area-1 {padding:0px 0px 0px 0px;}.fusion-widget-area-1 .widget h4 {color:#0078b8;}.fusion-widget-area-1 .widget .heading h4 {color:#0078b8;}.fusion-widget-area-1 .widget h4 {font-size:20px;}.fusion-widget-area-1 .widget .heading h4 {font-size:20px;}<\/style><div id=\"nav_menu-12\" class=\"widget widget_nav_menu\"><div class=\"menu-integration-container\"><ul id=\"menu-integration\" class=\"menu\"><li id=\"menu-item-3947\" class=\"menu-item menu-item-type-post_type menu-item-object-page menu-item-3947\"><a href=\"https:\/\/alt.bzi-rs.de\/index.php\/neustart-in-deutschland\/\">Neustart in Deutschland<\/a><\/li>\n<li id=\"menu-item-3949\" class=\"menu-item menu-item-type-post_type menu-item-object-page menu-item-3949\"><a href=\"https:\/\/alt.bzi-rs.de\/index.php\/qualifizierungsinitiative-fuer-fluechtlinge\/\">Qualifizierungsinitiative f\u00fcr Fl\u00fcchtlinge<\/a><\/li>\n<li id=\"menu-item-3951\" class=\"menu-item menu-item-type-post_type menu-item-object-page menu-item-3951\"><a href=\"https:\/\/alt.bzi-rs.de\/index.php\/stipendien\/\">Stipendien<\/a><\/li>\n<li id=\"menu-item-4676\" class=\"menu-item menu-item-type-post_type menu-item-object-page menu-item-4676\"><a href=\"https:\/\/alt.bzi-rs.de\/index.php\/welcome-to-job\/\">Welcome to Job<\/a><\/li>\n<\/ul><\/div><\/div><div class=\"fusion-additional-widget-content\"><\/div><\/div><div class=\"fusion-clearfix\"><\/div><\/div><\/div><\/div><\/div>\n","protected":false},"excerpt":{"rendered":"","protected":false},"author":1,"featured_media":0,"parent":0,"menu_order":180,"comment_status":"closed","ping_status":"closed","template":"","meta":{"footnotes":""},"_links":{"self":[{"href":"https:\/\/alt.bzi-rs.de\/index.php\/wp-json\/wp\/v2\/pages\/1157"}],"collection":[{"href":"https:\/\/alt.bzi-rs.de\/index.php\/wp-json\/wp\/v2\/pages"}],"about":[{"href":"https:\/\/alt.bzi-rs.de\/index.php\/wp-json\/wp\/v2\/types\/page"}],"author":[{"embeddable":true,"href":"https:\/\/alt.bzi-rs.de\/index.php\/wp-json\/wp\/v2\/users\/1"}],"replies":[{"embeddable":true,"href":"https:\/\/alt.bzi-rs.de\/index.php\/wp-json\/wp\/v2\/comments?post=1157"}],"version-history":[{"count":35,"href":"https:\/\/alt.bzi-rs.de\/index.php\/wp-json\/wp\/v2\/pages\/1157\/revisions"}],"predecessor-version":[{"id":4854,"href":"https:\/\/alt.bzi-rs.de\/index.php\/wp-json\/wp\/v2\/pages\/1157\/revisions\/4854"}],"wp:attachment":[{"href":"https:\/\/alt.bzi-rs.de\/index.php\/wp-json\/wp\/v2\/media?parent=1157"}],"curies":[{"name":"wp","href":"https:\/\/api.w.org\/{rel}","templated":true}]}}