{"id":1163,"date":"2018-03-13T10:53:44","date_gmt":"2018-03-13T09:53:44","guid":{"rendered":"https:\/\/alt.bzi-rs.de\/?page_id=1163"},"modified":"2021-05-10T10:24:52","modified_gmt":"2021-05-10T08:24:52","slug":"ausbildungs-und-facharbeiterpotenzial","status":"publish","type":"page","link":"https:\/\/alt.bzi-rs.de\/index.php\/ausbildungs-und-facharbeiterpotenzial\/","title":{"rendered":"Ausbildungs- und Facharbeiterpotenzial"},"content":{"rendered":"<div class=\"fusion-fullwidth fullwidth-box fusion-builder-row-1 nonhundred-percent-fullwidth non-hundred-percent-height-scrolling\" style=\"background-color: rgba(255,255,255,0);background-position: center center;background-repeat: no-repeat;padding-top:0px;padding-right:0px;padding-bottom:0px;padding-left:0px;margin-bottom: 0px;margin-top: 0px;border-width: 0px 0px 0px 0px;border-color:#eae9e9;border-style:solid;\" ><div class=\"fusion-builder-row fusion-row\"><div class=\"fusion-layout-column fusion_builder_column fusion-builder-column-0 fusion_builder_column_1_1 1_1 fusion-one-full fusion-column-first fusion-column-last\" style=\"margin-top:0px;margin-bottom:0px;\"><div class=\"fusion-column-wrapper fusion-flex-column-wrapper-legacy\" style=\"background-position:left top;background-repeat:no-repeat;-webkit-background-size:cover;-moz-background-size:cover;-o-background-size:cover;background-size:cover;padding: 0px 0px 0px 0px;\"><div class=\"fusion-clearfix\"><\/div><\/div><\/div><div class=\"fusion-layout-column fusion_builder_column fusion-builder-column-1 fusion_builder_column_1_1 1_1 fusion-one-full fusion-column-first fusion-column-last\" style=\"margin-top:0px;margin-bottom:0px;\"><div class=\"fusion-column-wrapper fusion-flex-column-wrapper-legacy\" style=\"background-position:left top;background-repeat:no-repeat;-webkit-background-size:cover;-moz-background-size:cover;-o-background-size:cover;background-size:cover;padding: 0px 0px 0px 0px;\"><style type=\"text\/css\"><\/style><div class=\"fusion-title title fusion-title-1 fusion-sep-none fusion-title-text fusion-title-size-two\" style=\"margin-top:0px;margin-right:0px;margin-bottom:31px;margin-left:0px;\"><h2 class=\"title-heading-left\" style=\"margin:0;\">Vermittlung von Ausbildungs- und Facharbeiterpotenzial<\/h2><\/div><div class=\"fusion-text fusion-text-1\"><p>Das BZI bietet verschiedene Projekte zur Ausbildungsvorbereitung an.<\/p>\n<p>Im Ausbildungsvorbereitungsjahr werden Hauptschulabsolventen auf eine gewerbliche Ausbildung in der Metallindustrie vorbereitet.<br \/>\nDie Profile der Teilnehmer mit den jeweiligen Berufsw\u00fcnschen\u00a0finden Sie unter Ausbildungsvorbereitungsjahr Metalltechnik.<\/p>\n<p>Zudem bildet das BZI selbst sowie in Kooperation mit dem\u00a0Jobcenter Remscheid Fachkr\u00e4fte f\u00fcr Metalltechnik &#8211; Fachrichtung Zerspanungstechnik, aus. Die Profile dieser Auszubildenden finden Sie unter Fachkr\u00e4fte f\u00fcr Metalltechnik im 1. Ausbildungsjahr sowie Fachkr\u00e4fte f\u00fcr Metalltechnik im 2. Ausbildungsjahr.<\/p>\n<p>Bei Interesse stellen wir jederzeit gerne den Kontakt zu unseren Teilnehmern bzw. Auszubildenden her.<\/p>\n<p><strong>Kontakt:<br \/>\n<\/strong>Berufsbildungszentrum der Remscheider Metall- und Elektroindustrie (BZI)<br \/>\nW\u00fcstenhagener Str. 18 \u2013 26, 42855 Remscheid<br \/>\nTelefon: 0 21 91 \u2013 93 87 \u2013 100, E-Mail: <a href=\"mailto:info@bzi-rs.de\">info@bzi-rs.de<\/a><\/p>\n<\/div><div class=\"fusion-text fusion-text-2\"><hr \/>\n<p><strong><a href=\"https:\/\/chancen.mein-bestens.de\/fuer-firmen\/\" target=\"_blank\" rel=\"noopener noreferrer\"><img decoding=\"async\" class=\"alignright wp-image-2473 size-full\" src=\"https:\/\/alt.bzi-rs.de\/wp-content\/uploads\/2018\/06\/chancen-mein-bestens.jpg\" alt=\"\" width=\"389\" height=\"73\" srcset=\"https:\/\/alt.bzi-rs.de\/wp-content\/uploads\/2018\/06\/chancen-mein-bestens-200x38.jpg 200w, https:\/\/alt.bzi-rs.de\/wp-content\/uploads\/2018\/06\/chancen-mein-bestens-300x56.jpg 300w, https:\/\/alt.bzi-rs.de\/wp-content\/uploads\/2018\/06\/chancen-mein-bestens.jpg 389w\" sizes=\"(max-width: 389px) 100vw, 389px\" \/><\/a>Gut \u2013 besser \u2013 mein-bestens:<\/strong><\/p>\n<p>Das BZI ist auch bei <a href=\"http:\/\/www.chancen.mein-bestens.de\">www.chancen.mein-bestens.de<\/a> \u00a0vertreten, dem Ausbildungsportal f\u00fcr das Bergische Land. Unsere Neuigkeiten rund um Aus-, Weiterbildung und Qualifizierung geben wir dorthin weiter, um einen noch gr\u00f6\u00dferen Adressatenkreis f\u00fcr unsere Angebote zu erreichen.<\/p>\n<p>Aktuell stellen wir dort Bewerber aus unserem Bewerberbuch vor, die noch auf der Suche nach einem Ausbildungsplatz sind.<br \/>\n<a href=\"http:\/\/www.chancen.mein-bestens.de\/fuer-firmen\">www.chancen.mein-bestens.de\/fuer-firmen<\/a><\/p>\n<\/div><div class=\"fusion-clearfix\"><\/div><\/div><\/div><\/div><\/div>\n","protected":false},"excerpt":{"rendered":"","protected":false},"author":1,"featured_media":0,"parent":0,"menu_order":179,"comment_status":"closed","ping_status":"closed","template":"","meta":{"footnotes":""},"_links":{"self":[{"href":"https:\/\/alt.bzi-rs.de\/index.php\/wp-json\/wp\/v2\/pages\/1163"}],"collection":[{"href":"https:\/\/alt.bzi-rs.de\/index.php\/wp-json\/wp\/v2\/pages"}],"about":[{"href":"https:\/\/alt.bzi-rs.de\/index.php\/wp-json\/wp\/v2\/types\/page"}],"author":[{"embeddable":true,"href":"https:\/\/alt.bzi-rs.de\/index.php\/wp-json\/wp\/v2\/users\/1"}],"replies":[{"embeddable":true,"href":"https:\/\/alt.bzi-rs.de\/index.php\/wp-json\/wp\/v2\/comments?post=1163"}],"version-history":[{"count":21,"href":"https:\/\/alt.bzi-rs.de\/index.php\/wp-json\/wp\/v2\/pages\/1163\/revisions"}],"predecessor-version":[{"id":10538,"href":"https:\/\/alt.bzi-rs.de\/index.php\/wp-json\/wp\/v2\/pages\/1163\/revisions\/10538"}],"wp:attachment":[{"href":"https:\/\/alt.bzi-rs.de\/index.php\/wp-json\/wp\/v2\/media?parent=1163"}],"curies":[{"name":"wp","href":"https:\/\/api.w.org\/{rel}","templated":true}]}}