{"id":11633,"date":"2021-12-08T08:52:42","date_gmt":"2021-12-08T07:52:42","guid":{"rendered":"https:\/\/alt.bzi-rs.de\/?page_id=11633"},"modified":"2021-12-08T09:26:13","modified_gmt":"2021-12-08T08:26:13","slug":"endlich-wieder-tage-der-offenen-tuer-im-bzi","status":"publish","type":"page","link":"https:\/\/alt.bzi-rs.de\/index.php\/endlich-wieder-tage-der-offenen-tuer-im-bzi\/","title":{"rendered":"Endlich wieder Tage der offenen T\u00fcr im BZI"},"content":{"rendered":"<div class=\"fusion-fullwidth fullwidth-box fusion-builder-row-1 fusion-flex-container nonhundred-percent-fullwidth non-hundred-percent-height-scrolling\" style=\"background-color: rgba(255,255,255,0);background-position: center center;background-repeat: no-repeat;border-width: 0px 0px 0px 0px;border-color:#eae9e9;border-style:solid;\" ><div class=\"fusion-builder-row fusion-row fusion-flex-align-items-flex-start\" style=\"max-width:1248px;margin-left: calc(-4% \/ 2 );margin-right: calc(-4% \/ 2 );\"><div class=\"fusion-layout-column fusion_builder_column fusion-builder-column-0 fusion_builder_column_1_1 1_1 fusion-flex-column\"><div class=\"fusion-column-wrapper fusion-flex-justify-content-flex-start fusion-content-layout-column\" style=\"background-position:left top;background-repeat:no-repeat;-webkit-background-size:cover;-moz-background-size:cover;-o-background-size:cover;background-size:cover;padding: 0px 0px 0px 0px;\"><style type=\"text\/css\">@media only screen and (max-width:1024px) {.fusion-title.fusion-title-1{margin-top:0px!important; margin-right:0px!important;margin-bottom:31px!important;margin-left:0px!important;}}@media only screen and (max-width:640px) {.fusion-title.fusion-title-1{margin-top:0px!important; margin-right:0px!important;margin-bottom:20px!important; margin-left:0px!important;}}<\/style><div class=\"fusion-title title fusion-title-1 fusion-title-text fusion-title-size-one\" style=\"margin-top:0px;margin-right:0px;margin-bottom:31px;margin-left:0px;\"><div class=\"title-sep-container title-sep-container-left fusion-no-large-visibility fusion-no-medium-visibility fusion-no-small-visibility\"><div class=\"title-sep sep-double sep-solid\" style=\"border-color:#e0dede;\"><\/div><\/div><h1 class=\"title-heading-left\" style=\"margin:0;\">Endlich wieder Tage der offenen T\u00fcr im BZI<\/h1><div class=\"title-sep-container title-sep-container-right\"><div class=\"title-sep sep-double sep-solid\" style=\"border-color:#e0dede;\"><\/div><\/div><\/div><div class=\"fusion-text fusion-text-1\"><p><strong><img decoding=\"async\" class=\"alignleft wp-image-11564\" src=\"https:\/\/alt.bzi-rs.de\/wp-content\/uploads\/2021\/11\/tdoft_2021_15.jpg\" alt=\"\" width=\"241\" height=\"241\" srcset=\"https:\/\/alt.bzi-rs.de\/wp-content\/uploads\/2021\/11\/tdoft_2021_15-66x66.jpg 66w, https:\/\/alt.bzi-rs.de\/wp-content\/uploads\/2021\/11\/tdoft_2021_15-150x150.jpg 150w, https:\/\/alt.bzi-rs.de\/wp-content\/uploads\/2021\/11\/tdoft_2021_15-200x200.jpg 200w, https:\/\/alt.bzi-rs.de\/wp-content\/uploads\/2021\/11\/tdoft_2021_15-300x300.jpg 300w, https:\/\/alt.bzi-rs.de\/wp-content\/uploads\/2021\/11\/tdoft_2021_15-400x400.jpg 400w, https:\/\/alt.bzi-rs.de\/wp-content\/uploads\/2021\/11\/tdoft_2021_15.jpg 600w\" sizes=\"(max-width: 241px) 100vw, 241px\" \/><img decoding=\"async\" class=\"wp-image-11567 alignright\" src=\"https:\/\/alt.bzi-rs.de\/wp-content\/uploads\/2021\/11\/tdoft_2021_16.jpg\" alt=\"\" width=\"240\" height=\"240\" srcset=\"https:\/\/alt.bzi-rs.de\/wp-content\/uploads\/2021\/11\/tdoft_2021_16-66x66.jpg 66w, https:\/\/alt.bzi-rs.de\/wp-content\/uploads\/2021\/11\/tdoft_2021_16-150x150.jpg 150w, https:\/\/alt.bzi-rs.de\/wp-content\/uploads\/2021\/11\/tdoft_2021_16-200x200.jpg 200w, https:\/\/alt.bzi-rs.de\/wp-content\/uploads\/2021\/11\/tdoft_2021_16-300x300.jpg 300w, https:\/\/alt.bzi-rs.de\/wp-content\/uploads\/2021\/11\/tdoft_2021_16-400x400.jpg 400w, https:\/\/alt.bzi-rs.de\/wp-content\/uploads\/2021\/11\/tdoft_2021_16.jpg 600w\" sizes=\"(max-width: 240px) 100vw, 240px\" \/>Gro\u00df war die Freude, dass nach dem Corona-bedingten Ausfall im letzten Jahr wieder die Tage der offenen T\u00fcr f\u00fcr die \u00d6ffentlichkeit stattfinden konnten. Zudem wurde der rund 5.000 Quadratmeter gro\u00dfe Erweiterungsbau offiziell er\u00f6ffnet, was bisher aufgrund der Pandemieauflagen nicht m\u00f6glich gewesen war.<\/strong><\/p>\n<p>Von einem Leuchtturmprojekt f\u00fcr die Region und vom Quantensprung f\u00fcr das BZI war die Rede, als der Neubau der hoch modernen Aus- und Weiterbildungsst\u00e4tte mit geladenen G\u00e4sten nun auch offiziell in Betrieb genommen wurde. In ihren Gru\u00dfworten stellten alle Redner \u2013 angefangen von den digital eingespielten Gl\u00fcckw\u00fcnschen von NRW-Wirtschafts- und Innovationsminister Professor Dr. Andreas Pinkwart \u2013 unisono die gro\u00dfe Bedeutung des BZI in Bezug auf die Sicherung des heimischen Fachkr\u00e4ftenachwuchses f\u00fcr die Metall- und Elektroindustrie heraus. F\u00fcr die BZI-Gesellschafter lobten Dr. Marcus Jankowski, Vorsitzender des Arbeitgeberverbands von Remscheid und Umgebung e.V., sowie Henner Pasch, Pr\u00e4sident der Bergischen Industrie- und Handelskammer Wuppertal-Solingen-Remscheid, und Dr. Wilhelm Brunner, Vorsitzender des BZI-Beirates, die enorme Entwicklung, die das Berufsbildungszentrum in den letzten Jahren genommen hatte. Seitens der Politik gratulierte Bundestagsabgeordneter J\u00fcrgen Hardt, der den Fortgang des BZI seit vielen Jahren verfolgt.<\/p>\n<p><img decoding=\"async\" class=\"alignleft wp-image-11562\" src=\"https:\/\/alt.bzi-rs.de\/wp-content\/uploads\/2021\/11\/tdoft_2021_13.jpg\" alt=\"\" width=\"247\" height=\"247\" srcset=\"https:\/\/alt.bzi-rs.de\/wp-content\/uploads\/2021\/11\/tdoft_2021_13-66x66.jpg 66w, https:\/\/alt.bzi-rs.de\/wp-content\/uploads\/2021\/11\/tdoft_2021_13-150x150.jpg 150w, https:\/\/alt.bzi-rs.de\/wp-content\/uploads\/2021\/11\/tdoft_2021_13-200x200.jpg 200w, https:\/\/alt.bzi-rs.de\/wp-content\/uploads\/2021\/11\/tdoft_2021_13-300x300.jpg 300w, https:\/\/alt.bzi-rs.de\/wp-content\/uploads\/2021\/11\/tdoft_2021_13-400x400.jpg 400w, https:\/\/alt.bzi-rs.de\/wp-content\/uploads\/2021\/11\/tdoft_2021_13.jpg 600w\" sizes=\"(max-width: 247px) 100vw, 247px\" \/><img decoding=\"async\" class=\"wp-image-11561 alignright\" src=\"https:\/\/alt.bzi-rs.de\/wp-content\/uploads\/2021\/11\/tdoft_2021_12.jpg\" alt=\"\" width=\"249\" height=\"249\" srcset=\"https:\/\/alt.bzi-rs.de\/wp-content\/uploads\/2021\/11\/tdoft_2021_12-66x66.jpg 66w, https:\/\/alt.bzi-rs.de\/wp-content\/uploads\/2021\/11\/tdoft_2021_12-150x150.jpg 150w, https:\/\/alt.bzi-rs.de\/wp-content\/uploads\/2021\/11\/tdoft_2021_12-200x200.jpg 200w, https:\/\/alt.bzi-rs.de\/wp-content\/uploads\/2021\/11\/tdoft_2021_12-300x300.jpg 300w, https:\/\/alt.bzi-rs.de\/wp-content\/uploads\/2021\/11\/tdoft_2021_12-400x400.jpg 400w, https:\/\/alt.bzi-rs.de\/wp-content\/uploads\/2021\/11\/tdoft_2021_12.jpg 600w\" sizes=\"(max-width: 249px) 100vw, 249px\" \/>Sodann freuten sich die BZI-Gesch\u00e4ftsf\u00fchrer Alexander Lampe und Frank Schmitz \u00fcber das gro\u00dfe Interesse der \u00d6ffentlichkeit. Viele Besucherinnen und Besucher informierten sich an zwei Tagen der offenen T\u00fcr ausgiebig \u00fcber die M\u00f6glichkeiten der Aus- und Weiterbildung und waren genauso neugierig auf technische Innovationen, die in einem neuen Raumkonzept pr\u00e4sentiert werden. Ist doch das BZI in jedem Bereich am Puls der Zeit, wie etwa das fortschrittliche 3D-Druckzentrum unter Beweis stellte. So widmet sich das Remscheider Berufsbildungszentrum fortlaufend allen Anforderungen, die von der Wirtschaft an ein fortschrittliches Aus- und Weiterbildungskonzept gestellt werden. Welche Herausforderungen damit verbunden sind, skizzierte BZI-Gesch\u00e4ftsf\u00fchrer Alexander Lampe in einem Impulsvortrag w\u00e4hrend der Feierstunde zur Neubau-Er\u00f6ffnung. So geht es f\u00fcr die Gesch\u00e4ftsleitung, Ausbilder- und Dozenten-Teams nicht nur darum, das erforderliche fachliche Wissen zu vermitteln. Vielmehr m\u00fcssen zun\u00e4chst Interessenten f\u00fcr eine gewerblich-technische Ausbildung gewonnen werden, damit die n\u00e4chste Fachkr\u00e4ftegeneration in die bergischen Betriebe hineinwachsen kann.<\/p>\n<p>So wurden erstmals Schulabg\u00e4ngerinnen und Schulabg\u00e4nger gezielt eingeladen, um sich umfassend zu informieren, das BZI kennenzulernen, aber auch an den St\u00e4nden der 40 beteiligten Unternehmen Ausbildungsm\u00f6glichkeiten zu erkunden und sogar freie Ausbildungspl\u00e4tze zu finden. Rund 300 junge Menschen nahmen diese M\u00f6glichkeit wahr. Unter Ber\u00fccksichtigung der aktuellen Hygiene- und Abstandsregeln gab es lebhafte Gespr\u00e4che und Kontakte zwischen Ausbildungsbetrieben und potenziellen neuen Azubis sowie Praktikanten wurden gekn\u00fcpft. Insgesamt eine gelungene Premiere f\u00fcr dieses neue Format. \u201eDie Tage der offenen T\u00fcr und die offizielle Einweihung des BZI Neubaus setzten wichtige Impulse f\u00fcr die berufliche Zukunft junger Menschen in Remscheid und Umgebung\u201c, zieht Alexander Lampe ein positives Fazit. Der \u201eAus- und Weiterbildungsleuchtturm f\u00fcr die Metall- und Elektroindustrie\u201c k\u00f6nne nun \u00fcber die Grenzen Remscheids hinaus erstrahlen und sein Potenzial entfalten.<\/p>\n<\/div><\/div><style type=\"text\/css\">.fusion-body .fusion-builder-column-0{width:100% !important;margin-top : 0px;margin-bottom : 0px;}.fusion-builder-column-0 > .fusion-column-wrapper {padding-top : 0px !important;padding-right : 0px !important;margin-right : 1.92%;padding-bottom : 0px !important;padding-left : 0px !important;margin-left : 1.92%;}@media only screen and (max-width:1024px) {.fusion-body .fusion-builder-column-0{width:100% !important;order : 0;}.fusion-builder-column-0 > .fusion-column-wrapper {margin-right : 1.92%;margin-left : 1.92%;}}@media only screen and (max-width:640px) {.fusion-body .fusion-builder-column-0{width:100% !important;order : 0;}.fusion-builder-column-0 > .fusion-column-wrapper {margin-right : 1.92%;margin-left : 1.92%;}}<\/style><\/div><\/div><style type=\"text\/css\">.fusion-body .fusion-flex-container.fusion-builder-row-1{ padding-top : 0px;margin-top : 0px;padding-right : 0px;padding-bottom : 0px;margin-bottom : 0px;padding-left : 0px;}<\/style><\/div>\n","protected":false},"excerpt":{"rendered":"","protected":false},"author":1,"featured_media":0,"parent":0,"menu_order":0,"comment_status":"closed","ping_status":"closed","template":"","meta":{"footnotes":""},"_links":{"self":[{"href":"https:\/\/alt.bzi-rs.de\/index.php\/wp-json\/wp\/v2\/pages\/11633"}],"collection":[{"href":"https:\/\/alt.bzi-rs.de\/index.php\/wp-json\/wp\/v2\/pages"}],"about":[{"href":"https:\/\/alt.bzi-rs.de\/index.php\/wp-json\/wp\/v2\/types\/page"}],"author":[{"embeddable":true,"href":"https:\/\/alt.bzi-rs.de\/index.php\/wp-json\/wp\/v2\/users\/1"}],"replies":[{"embeddable":true,"href":"https:\/\/alt.bzi-rs.de\/index.php\/wp-json\/wp\/v2\/comments?post=11633"}],"version-history":[{"count":4,"href":"https:\/\/alt.bzi-rs.de\/index.php\/wp-json\/wp\/v2\/pages\/11633\/revisions"}],"predecessor-version":[{"id":11637,"href":"https:\/\/alt.bzi-rs.de\/index.php\/wp-json\/wp\/v2\/pages\/11633\/revisions\/11637"}],"wp:attachment":[{"href":"https:\/\/alt.bzi-rs.de\/index.php\/wp-json\/wp\/v2\/media?parent=11633"}],"curies":[{"name":"wp","href":"https:\/\/api.w.org\/{rel}","templated":true}]}}