{"id":1171,"date":"2018-03-13T11:00:00","date_gmt":"2018-03-13T10:00:00","guid":{"rendered":"https:\/\/alt.bzi-rs.de\/?page_id=1171"},"modified":"2022-05-17T10:34:26","modified_gmt":"2022-05-17T08:34:26","slug":"best","status":"publish","type":"page","link":"https:\/\/alt.bzi-rs.de\/index.php\/best\/","title":{"rendered":"BeST"},"content":{"rendered":"<div class=\"fusion-fullwidth fullwidth-box fusion-builder-row-1 nonhundred-percent-fullwidth non-hundred-percent-height-scrolling\" style=\"background-color: rgba(255,255,255,0);background-position: center center;background-repeat: no-repeat;padding-top:0px;padding-right:0px;padding-bottom:0px;padding-left:0px;margin-bottom: 0px;margin-top: 0px;border-width: 0px 0px 0px 0px;border-color:#eae9e9;border-style:solid;\" ><div class=\"fusion-builder-row fusion-row\"><div class=\"fusion-layout-column fusion_builder_column fusion-builder-column-0 fusion_builder_column_1_1 1_1 fusion-one-full fusion-column-first fusion-column-last\" style=\"margin-top:0px;margin-bottom:0px;\"><div class=\"fusion-column-wrapper fusion-flex-column-wrapper-legacy\" style=\"background-position:left top;background-repeat:no-repeat;-webkit-background-size:cover;-moz-background-size:cover;-o-background-size:cover;background-size:cover;padding: 0px 0px 0px 0px;\"><style type=\"text\/css\"><\/style><div class=\"fusion-title title fusion-title-1 fusion-sep-none fusion-title-text fusion-title-size-two\" style=\"margin-top:0px;margin-right:0px;margin-bottom:0px;margin-left:0px;\"><h2 class=\"title-heading-left\" style=\"margin:0;\">BeST \u2013 Bergisches Schultechnikum<\/h2><\/div><div class=\"fusion-sep-clear\"><\/div><div class=\"fusion-separator fusion-full-width-sep\" style=\"margin-left: auto;margin-right: auto;margin-top:20px;width:100%;\"><\/div><div class=\"fusion-sep-clear\"><\/div><div class=\"fusion-text fusion-text-1\"><p>Sch\u00fclerinnen und Sch\u00fcler ab Klasse 9 bis Klasse 13 haben durch das Bergische Schul-Technikum (BeST) die M\u00f6glichkeit spannende und innovative Technologien kennenzulernen und durch viele Experimente hautnah zu erleben.<\/p>\n<p>Das BeST vermittelt jungen Menschen erste Kontakte zur Wirtschaftsregion und zeigt ihnen die vielf\u00e4ltigen M\u00f6glichkeiten des Standortes Bergisches Land f\u00fcr ihre sp\u00e4tere Studien- und Berufswahl auf. Dies wird durch ein breites Angebot an kostenfreien Zertifikatskursen in Kooperation mit Partnern aus der regionalen Wirtschaft erreicht.<\/p>\n<p>Unser Ziel ist es einen Beitrag f\u00fcr die Zukunft des Nachwuchses, der regional ans\u00e4ssigen Unternehmen und der Region Bergisches Land zu leisten.<\/p>\n<\/div><div class=\"fusion-sep-clear\"><\/div><div class=\"fusion-separator fusion-full-width-sep\" style=\"margin-left: auto;margin-right: auto;margin-top:20px;width:100%;\"><\/div><div class=\"fusion-sep-clear\"><\/div><div class=\"fusion-clearfix\"><\/div><\/div><\/div><div class=\"fusion-layout-column fusion_builder_column fusion-builder-column-1 fusion_builder_column_1_1 1_1 fusion-one-full fusion-column-first fusion-column-last\" style=\"margin-top:0px;margin-bottom:0px;\"><div class=\"fusion-column-wrapper fusion-flex-column-wrapper-legacy\" style=\"background-position:left top;background-repeat:no-repeat;-webkit-background-size:cover;-moz-background-size:cover;-o-background-size:cover;background-size:cover;border-width: 1px 1px 1px 1px;border-color:#dbdbdb;border-style:solid;padding: 20px 20px 0px 20px;\"><div class=\"fusion-text fusion-text-2\"><p><strong>Das BZI ist einer der Projektstandorte des BeST und bietet nachfolgende Kurse an:<\/strong><\/p>\n<ul>\n<li><strong>Wir machen Druck &#8211;<\/strong> <a href=\"https:\/\/www.zdi-best.de\/kursuebersicht\/?course-id=19\" target=\"_blank\" rel=\"noopener noreferrer\">Kursbeschreibung \u00bb<\/a><\/li>\n<li><strong>Klicken. Coden. Drehen. Fr\u00e4sen. (1) &#8211;<\/strong> <a href=\"https:\/\/zdi-best.de\/kursuebersicht\/?course-id=201\" target=\"_blank\" rel=\"noopener\">Kursbeschreibung \u00bb<\/a><\/li>\n<li><strong>Klicken. Coden. Drehen. Fr\u00e4sen. (2) &#8211;<\/strong> <a href=\"https:\/\/zdi-best.de\/kursuebersicht\/?course-id=202\" target=\"_blank\" rel=\"noopener\">Kursbeschreibung \u00bb<\/a><\/li>\n<\/ul>\n<p>Informationen und Anmeldungen: <a href=\"http:\/\/www.zdi-best.de\">www.zdi-best.de<\/a><\/p>\n<\/div><div class=\"fusion-clearfix\"><\/div><\/div><\/div><div class=\"fusion-layout-column fusion_builder_column fusion-builder-column-2 fusion_builder_column_1_1 1_1 fusion-one-full fusion-column-first fusion-column-last\" style=\"margin-top:2px;margin-bottom:0px;\"><div class=\"fusion-column-wrapper fusion-flex-column-wrapper-legacy\" style=\"background-position:left top;background-repeat:no-repeat;-webkit-background-size:cover;-moz-background-size:cover;-o-background-size:cover;background-size:cover;padding: 0px 0px 0px 0px;\"><div class=\"fusion-clearfix\"><\/div><\/div><\/div><\/div><\/div>\n","protected":false},"excerpt":{"rendered":"","protected":false},"author":1,"featured_media":0,"parent":0,"menu_order":176,"comment_status":"closed","ping_status":"closed","template":"","meta":{"footnotes":""},"_links":{"self":[{"href":"https:\/\/alt.bzi-rs.de\/index.php\/wp-json\/wp\/v2\/pages\/1171"}],"collection":[{"href":"https:\/\/alt.bzi-rs.de\/index.php\/wp-json\/wp\/v2\/pages"}],"about":[{"href":"https:\/\/alt.bzi-rs.de\/index.php\/wp-json\/wp\/v2\/types\/page"}],"author":[{"embeddable":true,"href":"https:\/\/alt.bzi-rs.de\/index.php\/wp-json\/wp\/v2\/users\/1"}],"replies":[{"embeddable":true,"href":"https:\/\/alt.bzi-rs.de\/index.php\/wp-json\/wp\/v2\/comments?post=1171"}],"version-history":[{"count":35,"href":"https:\/\/alt.bzi-rs.de\/index.php\/wp-json\/wp\/v2\/pages\/1171\/revisions"}],"predecessor-version":[{"id":12577,"href":"https:\/\/alt.bzi-rs.de\/index.php\/wp-json\/wp\/v2\/pages\/1171\/revisions\/12577"}],"wp:attachment":[{"href":"https:\/\/alt.bzi-rs.de\/index.php\/wp-json\/wp\/v2\/media?parent=1171"}],"curies":[{"name":"wp","href":"https:\/\/api.w.org\/{rel}","templated":true}]}}