{"id":1175,"date":"2018-03-13T11:02:44","date_gmt":"2018-03-13T10:02:44","guid":{"rendered":"https:\/\/alt.bzi-rs.de\/?page_id=1175"},"modified":"2021-12-03T10:32:12","modified_gmt":"2021-12-03T09:32:12","slug":"fruehaufsteher","status":"publish","type":"page","link":"https:\/\/alt.bzi-rs.de\/index.php\/fruehaufsteher\/","title":{"rendered":"Fr\u00fchaufsteher"},"content":{"rendered":"<p><div class=\"fusion-fullwidth fullwidth-box fusion-builder-row-1 nonhundred-percent-fullwidth non-hundred-percent-height-scrolling\" style=\"background-color: rgba(255,255,255,0);background-position: center center;background-repeat: no-repeat;padding-top:0px;padding-right:0px;padding-bottom:0px;padding-left:0px;margin-bottom: 0px;margin-top: 0px;border-width: 0px 0px 0px 0px;border-color:#eae9e9;border-style:solid;\" ><div class=\"fusion-builder-row fusion-row\"><div class=\"fusion-layout-column fusion_builder_column fusion-builder-column-0 fusion_builder_column_1_1 1_1 fusion-one-full fusion-column-first fusion-column-last\" style=\"margin-top:0px;margin-bottom:0px;\"><div class=\"fusion-column-wrapper fusion-flex-column-wrapper-legacy\" style=\"background-position:left top;background-repeat:no-repeat;-webkit-background-size:cover;-moz-background-size:cover;-o-background-size:cover;background-size:cover;padding: 0px 0px 0px 0px;\"><style type=\"text\/css\"><\/style><div class=\"fusion-title title fusion-title-1 fusion-sep-none fusion-title-text fusion-title-size-two\" style=\"margin-top:0px;margin-right:0px;margin-bottom:0px;margin-left:0px;\"><h2 class=\"title-heading-left\" style=\"margin:0;\"><h3><strong>Wer sind eigentlich die<\/strong> FR\u00dcHAUFSTEHER <strong>??<\/strong><\/h3><\/h2><\/div><div class=\"fusion-clearfix\"><\/div><\/div><\/div><\/div><\/div><div class=\"fusion-fullwidth fullwidth-box fusion-builder-row-2 nonhundred-percent-fullwidth non-hundred-percent-height-scrolling\" style=\"background-color: rgba(255,255,255,0);background-position: center center;background-repeat: no-repeat;padding-top:0px;padding-right:0px;padding-bottom:0px;padding-left:0px;margin-bottom: 0px;margin-top: 0px;border-width: 0px 0px 0px 0px;border-color:#eae9e9;border-style:solid;\" ><div class=\"fusion-builder-row fusion-row\"><div class=\"fusion-layout-column fusion_builder_column fusion-builder-column-1 fusion_builder_column_2_3 2_3 fusion-two-third fusion-column-first\" style=\"width:66.666666666667%;width:calc(66.666666666667% - ( ( 4% ) * 0.66666666666667 ) );margin-right: 4%;margin-top:0px;margin-bottom:0px;\"><div class=\"fusion-column-wrapper fusion-flex-column-wrapper-legacy\" style=\"background-position:left top;background-repeat:no-repeat;-webkit-background-size:cover;-moz-background-size:cover;-o-background-size:cover;background-size:cover;padding: 0px 0px 0px 0px;\"><div class=\"fusion-sep-clear\"><\/div><div class=\"fusion-separator fusion-full-width-sep\" style=\"margin-left: auto;margin-right: auto;margin-top:20px;margin-bottom:20px;width:100%;\"><\/div><div class=\"fusion-sep-clear\"><\/div><div class=\"fusion-video fusion-selfhosted-video\" style=\"max-width:100%;\"><div class=\"video-wrapper\" style=\"box-shadow:0px 0px #e2e2e2;;\"><video playsinline=\"true\" width=\"100%\" style=\"object-fit: cover;\" muted=\"true\" loop=\"true\" poster=\"https:\/\/alt.bzi-rs.de\/wp-content\/uploads\/2020\/12\/video-fruehaufsteher.jpg\" preload=\"auto\" controls=\"1\"><source src=\"https:\/\/nms-rs.de\/seiten\/Fruehaufsteheratnms.mp4\" type=\"video\/mp4\">Sorry, your browser doesn&#039;t support embedded videos.<\/video><\/div><\/div><div class=\"fusion-sep-clear\"><\/div><div class=\"fusion-separator fusion-full-width-sep\" style=\"margin-left: auto;margin-right: auto;margin-top:20px;width:100%;\"><\/div><div class=\"fusion-sep-clear\"><\/div><div class=\"fusion-text fusion-text-1\"><p><em>Die Fr\u00fchaufsteher an der Nelson-Mandela-Schule<\/em><\/p>\n<\/div><div class=\"fusion-sep-clear\"><\/div><div class=\"fusion-separator fusion-full-width-sep\" style=\"margin-left: auto;margin-right: auto;margin-top:20px;margin-bottom:20px;width:100%;\"><div class=\"fusion-separator-border sep-single sep-dotted\" style=\"border-color:#e0dede;border-top-width:1px;\"><\/div><\/div><div class=\"fusion-sep-clear\"><\/div><div class=\"fusion-text fusion-text-2\"><p><strong>\u2026 und was hat eine Weltreise mit einem Besuch einer Stierzucht in Spanien, einer Flo\u00dffahrt auf dem Tiber in Italien und das Erklimmen der Tower Bridge in Gro\u00dfbritannien mit Berufsorientierung zu tun?<\/strong><\/p>\n<p>Auf den ersten Blick vielleicht nichts. Bei den &#8220;FR\u00dcHAUFSTEHERn&#8221; aber sehr viel \u2026<\/p>\n<p>Gemeinsam mit der Nelson-Mandela-Schule, St\u00e4dtische Sekundarschule in Remscheid, f\u00fchrt das BZI seit vielen Jahren erfolgreich das Projekt FR\u00dcHAUFSTEHER zur vertieften Berufsorientierung durch. FR\u00dcHAUFSTEHER<strong>\u00a0 <\/strong>wendet sich\u00a0 an die Sch\u00fclerinnen und Sch\u00fcler der Klassen f\u00fcnf bis sieben. Durch eine fr\u00fchzeitige Berufsorientierung, Kompetenzentwicklung und Demokratieerziehung leistet das Projekt einen wichtigen Beitrag zu einer umfassenden Pers\u00f6nlichkeitsentwicklung der Kinder und Jugendlichen. Dazu geh\u00f6rt sowohl eine gelungene Integration in die demokratische Gesellschaft als auch perspektivisch in die Arbeitswelt.<\/p>\n<p>W\u00e4hrend des Projektbausteins &#8220;Sozialkompetenztraining&#8221;, der FR\u00dcHAUFSTEHER &#8211; Weltreise, lernen die Kinder im Team zu arbeiten, Entscheidungen zu treffen, Misserfolge auszuhalten, sich in der Gruppe zurecht zu finden, R\u00fccksicht zu nehmen, Ideen zu entfalten, auszuprobieren und umzusetzen. Zwischendurch (w\u00e4hrend der langen Fl\u00fcge) setzen sich die Kinder mit dem gerade Erlebten auseinander, reflektieren \u00fcber ihre Erfahrungen und pers\u00f6nlichen Erlebnissen.<\/p>\n<p><strong>Und was hat das alles nun mit Berufsorientierung zu tun?<\/strong><\/p>\n<p>Die Kinder trainieren spielerisch durch praktische Erfahrungen und eindr\u00fcckliche Erlebnisse Kompetenzen, die grundlegend f\u00fcr eine Berufswahl und die sp\u00e4tere Ausbildung sind. Sie lernen in verschiedenen praktischen Projektbausteinen konkrete berufliche Perspektiven und M\u00f6glichkeiten kennen. Neben der Metall- und Elektroindustrie, f\u00fcr die das BZI steht, unterst\u00fctzt ein Netzwerk von Projektpartnern aus den Branchen Industrie und Handwerk, Gesundheit und Soziales sowie Wirtschaft und Verwaltung das Modellprojekt.<\/p>\n<p>Die Sch\u00fclerinnen und Sch\u00fcler werden also durch praktische Erfahrungen und Erlebnisse an die Berufswelt herangef\u00fchrt. Ihre Motivation, sich f\u00fcr ihre Zukunft zu interessieren und einzusetzen wird geweckt und sie werden in ihrer Selbsteinsch\u00e4tzung unterst\u00fctzt. Dabei steht die praktische Auseinandersetzung mit der Berufswelt im Vordergrund. Das Ziel ist eine ganzheitliche F\u00f6rderung der Pers\u00f6nlichkeitsentwicklung der jungen Menschen idealer Weise im Sinne der Entscheidungsfindung f\u00fcr eine duale Ausbildung. Sie werden bef\u00e4higt, eine gute Perspektive f\u00fcr ihr Leben zu entwickeln und qualifizierter Nachwuchs wird gebildet.<\/p>\n<p><strong>Die Sch\u00fclerinnen und Sch\u00fcler erarbeiten Fragen, wie zum Beispiel:<\/strong><\/p>\n<p>Wie kann ich mich in eine Gruppe einf\u00fcgen? Bin ich eher ein Ideenmacher oder einer, der die Ideen ausf\u00fchrt? Arbeite ich lieber alleine? Wie gehe ich mit Herausforderungen um? Kann ich meine eigenen Grenzen \u00fcberwinden? Wie kann ich die gestellte Aufgabe l\u00f6sen &#8211; eher durch denken oder eher durch konkretes Tun?<\/p>\n<p>Die Nachbereitung der Erlebnisse im regelm\u00e4\u00dfig stattfindenden Projektbaustein der &#8220;Klassenratsstunden&#8221; erm\u00f6glicht den Transfer in den Alltag. So wird aus dem Stier, dessen Atem die Kindern f\u00f6rmlich hautnah sp\u00fcren konnten, der Zeitdruck, der uns im Nacken sitzen kann; die Stierkoppel k\u00f6nnte ein fest umrissenes Arbeitsgebiet sein und der zu \u00fcberwindende Zaun (Achtung stromf\u00fchrend!) eine schulische oder eine sp\u00e4tere, berufliche \u00a0Herausforderung die es gemeinsam zu meistern gilt.<\/p>\n<p>Einige Projektbausteine finden direkt in der Werkstatt des BZI statt. In der &#8220;Schnupperwerkstatt&#8221; zum Beispiel erproben die Kinder ihr handwerkliches Geschick in verschiedenen Bereichen. Ob Biegen, F\u00e4deln, Feilen, S\u00e4gen, Formen oder Zeichnen &#8211; jeder Teilnehmer erprobt die verschiedenen Arbeitstechniken gem\u00e4\u00df seinen Neigungen und bereits vorhandenen Fertigkeiten. Kindgerecht und binnendifferenziert kommt jede Sch\u00fclerin und jeder Sch\u00fcler so zu einem Erfolgserlebnis und einer positiven Verkn\u00fcpfung mit der T\u00e4tigkeit in der Werkstatt. Als Erinnerung und zum Zweck der Nachhaltigkeit des Projekts nehmen die Kinder immer ein offizielles Zertifikat, wie in der Berufswelt \u00fcblich und ihre Werkst\u00fccke mit nach Hause.<\/p>\n<p><strong>Kontakt:<br \/>\n<\/strong>Berufsbildungszentrum der Remscheider Metall- und Elektroindustrie (BZI)<br \/>\nW\u00fcstenhagener Str. 18 \u2013 26, 42855 Remscheid<br \/>\nTelefon: 0 21 91 \u2013 93 87 \u2013 100, E-Mail: <a href=\"mailto:info@bzi-rs.de\">info@bzi-rs.de<\/a><\/p>\n<p><strong>Projektverantwortliche:<br \/>\n<\/strong>Anna D\u00f6rschler<br \/>\nDipl. P\u00e4dagogin<br \/>\nTelefon: 0 21 91 93 87 \u2013 223<br \/>\nEMail: <a href=\"mailto:a.doerschler@bzi-rs.de\">a.doerschler@bzi-rs.de<\/a><\/p>\n<\/div><div class=\"fusion-text fusion-text-3\"><\/div><div class=\"fusion-clearfix\"><\/div><\/div><\/div><div class=\"fusion-layout-column fusion_builder_column fusion-builder-column-2 fusion_builder_column_1_3 1_3 fusion-one-third fusion-column-last\" style=\"width:33.333333333333%;width:calc(33.333333333333% - ( ( 4% ) * 0.33333333333333 ) );margin-top:0px;margin-bottom:0px;\"><div class=\"fusion-column-wrapper fusion-flex-column-wrapper-legacy\" style=\"background-position:left top;background-repeat:no-repeat;-webkit-background-size:cover;-moz-background-size:cover;-o-background-size:cover;background-size:cover;padding: 0px 0px 0px 0px;\"><span class=\" fusion-imageframe imageframe-none imageframe-1 hover-type-none\"><a href=\"https:\/\/alt.bzi-rs.de\/wp-content\/uploads\/2018\/07\/BZI-Eddy.jpg\" class=\"fusion-lightbox\" data-rel=\"iLightbox[aa3579c24c1b1113d63]\" data-caption=\"BZI - Eddy\" data-title=\"BZI &#8211; Eddy\" title=\"BZI &#8211; Eddy\"><img decoding=\"async\" width=\"1496\" height=\"1038\" alt=\"BZI - Eddy\" src=\"https:\/\/alt.bzi-rs.de\/wp-content\/uploads\/2018\/07\/BZI-Eddy.jpg\" class=\"img-responsive wp-image-3019\" srcset=\"https:\/\/alt.bzi-rs.de\/wp-content\/uploads\/2018\/07\/BZI-Eddy-200x139.jpg 200w, https:\/\/alt.bzi-rs.de\/wp-content\/uploads\/2018\/07\/BZI-Eddy-400x278.jpg 400w, https:\/\/alt.bzi-rs.de\/wp-content\/uploads\/2018\/07\/BZI-Eddy-600x416.jpg 600w, https:\/\/alt.bzi-rs.de\/wp-content\/uploads\/2018\/07\/BZI-Eddy-800x555.jpg 800w, https:\/\/alt.bzi-rs.de\/wp-content\/uploads\/2018\/07\/BZI-Eddy-1200x833.jpg 1200w, https:\/\/alt.bzi-rs.de\/wp-content\/uploads\/2018\/07\/BZI-Eddy.jpg 1496w\" sizes=\"(max-width: 800px) 100vw, 400px\" \/><\/a><\/span><span class=\" fusion-imageframe imageframe-none imageframe-2 hover-type-none\"><img decoding=\"async\" width=\"1920\" height=\"2560\" title=\"IMG_4026\" src=\"https:\/\/alt.bzi-rs.de\/wp-content\/uploads\/2021\/12\/IMG_4026-scaled.jpg\" class=\"img-responsive wp-image-11620\" srcset=\"https:\/\/alt.bzi-rs.de\/wp-content\/uploads\/2021\/12\/IMG_4026-200x267.jpg 200w, https:\/\/alt.bzi-rs.de\/wp-content\/uploads\/2021\/12\/IMG_4026-400x533.jpg 400w, https:\/\/alt.bzi-rs.de\/wp-content\/uploads\/2021\/12\/IMG_4026-600x800.jpg 600w, https:\/\/alt.bzi-rs.de\/wp-content\/uploads\/2021\/12\/IMG_4026-800x1067.jpg 800w, https:\/\/alt.bzi-rs.de\/wp-content\/uploads\/2021\/12\/IMG_4026-1200x1600.jpg 1200w, https:\/\/alt.bzi-rs.de\/wp-content\/uploads\/2021\/12\/IMG_4026-scaled.jpg 1920w\" sizes=\"(max-width: 800px) 100vw, 400px\" \/><\/span><div class=\"fusion-sep-clear\"><\/div><div class=\"fusion-separator fusion-full-width-sep\" style=\"margin-left: auto;margin-right: auto;margin-top:10px;width:100%;\"><\/div><div class=\"fusion-sep-clear\"><\/div><span class=\" fusion-imageframe imageframe-none imageframe-3 hover-type-none\"><img decoding=\"async\" width=\"1920\" height=\"2560\" title=\"IMG_E3626\" src=\"https:\/\/alt.bzi-rs.de\/wp-content\/uploads\/2021\/12\/IMG_E3626-scaled.jpg\" class=\"img-responsive wp-image-11621\" srcset=\"https:\/\/alt.bzi-rs.de\/wp-content\/uploads\/2021\/12\/IMG_E3626-200x267.jpg 200w, https:\/\/alt.bzi-rs.de\/wp-content\/uploads\/2021\/12\/IMG_E3626-400x533.jpg 400w, https:\/\/alt.bzi-rs.de\/wp-content\/uploads\/2021\/12\/IMG_E3626-600x800.jpg 600w, https:\/\/alt.bzi-rs.de\/wp-content\/uploads\/2021\/12\/IMG_E3626-800x1067.jpg 800w, https:\/\/alt.bzi-rs.de\/wp-content\/uploads\/2021\/12\/IMG_E3626-1200x1600.jpg 1200w, https:\/\/alt.bzi-rs.de\/wp-content\/uploads\/2021\/12\/IMG_E3626-scaled.jpg 1920w\" sizes=\"(max-width: 800px) 100vw, 400px\" \/><\/span><div class=\"fusion-sep-clear\"><\/div><div class=\"fusion-separator fusion-full-width-sep\" style=\"margin-left: auto;margin-right: auto;margin-top:10px;width:100%;\"><\/div><div class=\"fusion-sep-clear\"><\/div><span class=\" fusion-imageframe imageframe-none imageframe-4 hover-type-none\"><img decoding=\"async\" width=\"1920\" height=\"2560\" title=\"IMG_E3661\" src=\"https:\/\/alt.bzi-rs.de\/wp-content\/uploads\/2021\/12\/IMG_E3661-scaled.jpg\" class=\"img-responsive wp-image-11622\" srcset=\"https:\/\/alt.bzi-rs.de\/wp-content\/uploads\/2021\/12\/IMG_E3661-200x267.jpg 200w, https:\/\/alt.bzi-rs.de\/wp-content\/uploads\/2021\/12\/IMG_E3661-400x533.jpg 400w, https:\/\/alt.bzi-rs.de\/wp-content\/uploads\/2021\/12\/IMG_E3661-600x800.jpg 600w, https:\/\/alt.bzi-rs.de\/wp-content\/uploads\/2021\/12\/IMG_E3661-800x1067.jpg 800w, https:\/\/alt.bzi-rs.de\/wp-content\/uploads\/2021\/12\/IMG_E3661-1200x1600.jpg 1200w, https:\/\/alt.bzi-rs.de\/wp-content\/uploads\/2021\/12\/IMG_E3661-scaled.jpg 1920w\" sizes=\"(max-width: 800px) 100vw, 400px\" \/><\/span><div class=\"fusion-clearfix\"><\/div><\/div><\/div><div class=\"fusion-layout-column fusion_builder_column fusion-builder-column-3 fusion_builder_column_1_1 1_1 fusion-one-full fusion-column-first fusion-column-last\" style=\"margin-top:0px;margin-bottom:0px;\"><div class=\"fusion-column-wrapper fusion-flex-column-wrapper-legacy\" style=\"background-position:left top;background-repeat:no-repeat;-webkit-background-size:cover;-moz-background-size:cover;-o-background-size:cover;background-size:cover;padding: 0px 0px 0px 0px;\"><div class=\"fusion-text fusion-text-4\"><\/div><div class=\"fusion-clearfix\"><\/div><\/div><\/div><\/div><\/div><\/p>\n","protected":false},"excerpt":{"rendered":"","protected":false},"author":1,"featured_media":0,"parent":0,"menu_order":175,"comment_status":"closed","ping_status":"closed","template":"","meta":{"footnotes":""},"_links":{"self":[{"href":"https:\/\/alt.bzi-rs.de\/index.php\/wp-json\/wp\/v2\/pages\/1175"}],"collection":[{"href":"https:\/\/alt.bzi-rs.de\/index.php\/wp-json\/wp\/v2\/pages"}],"about":[{"href":"https:\/\/alt.bzi-rs.de\/index.php\/wp-json\/wp\/v2\/types\/page"}],"author":[{"embeddable":true,"href":"https:\/\/alt.bzi-rs.de\/index.php\/wp-json\/wp\/v2\/users\/1"}],"replies":[{"embeddable":true,"href":"https:\/\/alt.bzi-rs.de\/index.php\/wp-json\/wp\/v2\/comments?post=1175"}],"version-history":[{"count":49,"href":"https:\/\/alt.bzi-rs.de\/index.php\/wp-json\/wp\/v2\/pages\/1175\/revisions"}],"predecessor-version":[{"id":11624,"href":"https:\/\/alt.bzi-rs.de\/index.php\/wp-json\/wp\/v2\/pages\/1175\/revisions\/11624"}],"wp:attachment":[{"href":"https:\/\/alt.bzi-rs.de\/index.php\/wp-json\/wp\/v2\/media?parent=1175"}],"curies":[{"name":"wp","href":"https:\/\/api.w.org\/{rel}","templated":true}]}}