{"id":1177,"date":"2018-03-13T11:04:16","date_gmt":"2018-03-13T10:04:16","guid":{"rendered":"https:\/\/alt.bzi-rs.de\/?page_id=1177"},"modified":"2019-11-19T09:10:24","modified_gmt":"2019-11-19T08:10:24","slug":"duale-studiengaenge-2","status":"publish","type":"page","link":"https:\/\/alt.bzi-rs.de\/index.php\/duale-studiengaenge-2\/","title":{"rendered":"Duale \/ berufbegleitende Studieng\u00e4nge"},"content":{"rendered":"<div class=\"fusion-fullwidth fullwidth-box fusion-builder-row-1 nonhundred-percent-fullwidth non-hundred-percent-height-scrolling\" style=\"background-color: rgba(255,255,255,0);background-position: center center;background-repeat: no-repeat;padding-top:0px;padding-right:0px;padding-bottom:0px;padding-left:0px;margin-bottom: 0px;margin-top: 0px;border-width: 0px 0px 0px 0px;border-color:#eae9e9;border-style:solid;\" ><div class=\"fusion-builder-row fusion-row\"><div class=\"fusion-layout-column fusion_builder_column fusion-builder-column-0 fusion_builder_column_1_1 1_1 fusion-one-full fusion-column-first fusion-column-last\" style=\"margin-top:0px;margin-bottom:0px;\"><div class=\"fusion-column-wrapper fusion-flex-column-wrapper-legacy\" style=\"background-position:left top;background-repeat:no-repeat;-webkit-background-size:cover;-moz-background-size:cover;-o-background-size:cover;background-size:cover;padding: 0px 0px 0px 0px;\"><style type=\"text\/css\"><\/style><div class=\"fusion-title title fusion-title-1 fusion-sep-none fusion-title-text fusion-title-size-two\" style=\"margin-top:0px;margin-right:0px;margin-bottom:31px;margin-left:0px;\"><h2 class=\"title-heading-left\" style=\"margin:0;\">Duale Studieng\u00e4nge<\/h2><\/div><div class=\"fusion-text fusion-text-1\"><ul>\n<li>Maschinenbau (Bachelor of Science) <a href=\"https:\/\/alt.bzi-rs.de\/upload\/DS_Maschinenbau_664.pdf\" target=\"_blank\" rel=\"noopener noreferrer\">Info<\/a><\/li>\n<li>Elektrotechnik (Bachelor of Science) <a href=\"https:\/\/alt.bzi-rs.de\/upload\/DS_Elektro_663.pdf\" target=\"_blank\" rel=\"noopener noreferrer\">Info<\/a><\/li>\n<li>Mechatronik und Informationstechnologie (Bachelor of Engineering) <a href=\"https:\/\/alt.bzi-rs.de\/upload\/DS_Mechatronik_665.pdf\" target=\"_blank\" rel=\"noopener noreferrer\">Info<\/a><\/li>\n<li><a href=\"https:\/\/alt.bzi-rs.de\/index.php\/studiengang-produktionstechnik-rfh\/\">Produktionstechnik<\/a> (Bachelor of Engineering)<\/li>\n<\/ul>\n<p>Eine Kooperation des BZI &#8211; Berufsbildungszentrum der Remscheider Metall- und Elektroindustrie GmbH mit den Partnern Bergische<br \/>\nUniversit\u00e4t Wuppertal, Hochschule Bochum, Campus Velbert\/Heiligenhaus und Rheinische Fachhochschule K\u00f6ln, Standorte<br \/>\nWermelskirchen und Remscheid.<\/p>\n<p>Seit vielen Jahren bieten die Kooperationspartner Bergische Universit\u00e4t Wuppertal und das BZI &#8211; Berufsbildungszentrum der<br \/>\nRemscheider Metall- und Elektroindustrie GmbH die M\u00f6glichkeit zu den dualen Studieng\u00e4ngen Maschinenbau und Elektrotechnik.<br \/>\nIn Kooperation mit der Hochschule Bochum, Campus Velbert\/Heiligenhaus ist es der Fachhochschulstudiengang Mechatronik und<br \/>\nInformationstechnologie.<br \/>\n<a href=\"https:\/\/alt.bzi-rs.de\/upload\/DS_Firmenliste_1491.pdf\" target=\"_blank\" rel=\"noopener noreferrer\">Liste der Firmen<\/a>, die Interesse am Dualen Studiengang Maschinenbau haben.<br \/>\nAktuelle Internetseite der Bergischen Universit\u00e4t Wuppertal mit weiteren Informationen:<br \/>\n<a href=\"http:\/\/www.mbau.uni-wuppertal.de\" target=\"_blank\" rel=\"noopener noreferrer\">http:\/\/www.mbau.uni-wuppertal.de<\/a><\/p>\n<p>Die Verkn\u00fcpfung einer gewerblichen Berufsausbildung mit einem dieser Studieng\u00e4nge f\u00fchrt zu vielen Vorteilen f\u00fcr alle Beteiligten, so<br \/>\nauch im Fachhochschulstudiengang Produktionstechnik in Kooperation mit der Rheinischen Fachhochsschule K\u00f6ln. Dieser Studiengang<br \/>\nkann sowohl ausbildungs- als auch berufsbegleitend belegt werden.<\/p>\n<p>Sind Sie Unternehmer und m\u00f6chten junge Menschen in Ihrem Betrieb im Rahmen des dualen Studiums ausbilden oder erfahrenen<br \/>\nPraktikern eine akademische Weiterbildung erm\u00f6glichen (Produktionstechnik)? Oder sind Sie Ausbildungsinteressent auf der Suche<br \/>\nnach dem passenden Unternehmen? Rufen Sie uns an, wir beraten Sie gerne! Sie erreichen uns unter 0 21 91 \/ 93 87 &#8211; 0.<\/p>\n<h2>Starke Partner:<\/h2>\n<p><strong>BERGISCHE UNIVERSIT\u00c4T WUPPERTAL<\/strong><br \/>\nZentrale Studienberatung<br \/>\nCampus Grifflenberg<br \/>\nGeb\u00e4ude B, Ebene 05\/06<br \/>\nGau\u00dfstra\u00dfe 20<br \/>\n42119 Wuppertal<br \/>\nTelefon: 02 02 &#8211; 4 39 &#8211; 25 95<br \/>\n<a href=\"http:\/\/www.uni-wuppertal.de\" target=\"_blank\" rel=\"noopener noreferrer\">www.uni-wuppertal.de<\/a><br \/>\n<a href=\"mailto:zsb@uni-wuppertal.de\" target=\"_blank\" rel=\"noopener noreferrer\">zsb@uni-wuppertal.de<\/a><\/p>\n<p><strong>Hochschule Bochum<\/strong><br \/>\nCampus Velbert\/Heiligenhaus<br \/>\nH\u00f6seler Platz 2<br \/>\n42579 Heiligenhaus<br \/>\nTelefon: 0 20 56 &#8211; 15 &#8211; 87 03<br \/>\nFax: 0 20 56 &#8211; 15 &#8211; 87 99<br \/>\n<a href=\"http:\/\/www.hochschule-bochum.de\/campus-velbert-heiligenhaus.html\" target=\"_blank\" rel=\"noopener noreferrer\">www.hochschule-bochum.de\/campus-velbert-heiligenhaus.html<\/a><\/p>\n<p><strong>Rheinische Fachhochschule K\u00f6ln<\/strong><br \/>\nProf. Dr.-Ing. Alexander Pollack<br \/>\nLeiter des Studiengangs<br \/>\nSchaevenstr. 1 a-b<br \/>\n50676 K\u00f6ln<br \/>\nTelefon: 02 21 &#8211; 2 03 02 &#8211; 30<br \/>\nalexander.pollack@rfh-koeln.de<br \/>\nwww.rfh-koeln.de<\/p>\n<p><strong>BZI<\/strong><br \/>\n<strong>Berufsbildungszentrum der Remscheider <\/strong><br \/>\n<strong>Metall- und Elektroindustrie GmbH<\/strong><br \/>\nW\u00fcstenhagener Str. 18 &#8211; 26<br \/>\n42855 Remscheid<br \/>\nTelefon: 0 21 91 &#8211; 93 87 &#8211; 100<br \/>\nFax: 0 21 91 &#8211; 93 87 &#8211; 137<br \/>\n<a href=\"https:\/\/alt.bzi-rs.de\" target=\"_blank\" rel=\"noopener noreferrer\">www.bzi-rs.de<\/a><br \/>\n<a href=\"mailto:info@bzi-rs.de\" target=\"_blank\" rel=\"noopener noreferrer\">info@bzi-rs.de<\/a><\/p>\n<\/div><div class=\"fusion-clearfix\"><\/div><\/div><\/div><\/div><\/div>\n","protected":false},"excerpt":{"rendered":"","protected":false},"author":1,"featured_media":0,"parent":0,"menu_order":174,"comment_status":"closed","ping_status":"closed","template":"","meta":{"footnotes":""},"_links":{"self":[{"href":"https:\/\/alt.bzi-rs.de\/index.php\/wp-json\/wp\/v2\/pages\/1177"}],"collection":[{"href":"https:\/\/alt.bzi-rs.de\/index.php\/wp-json\/wp\/v2\/pages"}],"about":[{"href":"https:\/\/alt.bzi-rs.de\/index.php\/wp-json\/wp\/v2\/types\/page"}],"author":[{"embeddable":true,"href":"https:\/\/alt.bzi-rs.de\/index.php\/wp-json\/wp\/v2\/users\/1"}],"replies":[{"embeddable":true,"href":"https:\/\/alt.bzi-rs.de\/index.php\/wp-json\/wp\/v2\/comments?post=1177"}],"version-history":[{"count":15,"href":"https:\/\/alt.bzi-rs.de\/index.php\/wp-json\/wp\/v2\/pages\/1177\/revisions"}],"predecessor-version":[{"id":6774,"href":"https:\/\/alt.bzi-rs.de\/index.php\/wp-json\/wp\/v2\/pages\/1177\/revisions\/6774"}],"wp:attachment":[{"href":"https:\/\/alt.bzi-rs.de\/index.php\/wp-json\/wp\/v2\/media?parent=1177"}],"curies":[{"name":"wp","href":"https:\/\/api.w.org\/{rel}","templated":true}]}}