{"id":1183,"date":"2018-03-13T11:08:13","date_gmt":"2018-03-13T10:08:13","guid":{"rendered":"https:\/\/alt.bzi-rs.de\/?page_id=1183"},"modified":"2020-03-12T10:16:07","modified_gmt":"2020-03-12T09:16:07","slug":"geschichte-des-bzi","status":"publish","type":"page","link":"https:\/\/alt.bzi-rs.de\/index.php\/geschichte-des-bzi\/","title":{"rendered":"Geschichte des BZI"},"content":{"rendered":"<div class=\"fusion-fullwidth fullwidth-box fusion-builder-row-1 nonhundred-percent-fullwidth non-hundred-percent-height-scrolling\" style=\"background-color: rgba(255,255,255,0);background-position: center center;background-repeat: no-repeat;padding-top:0px;padding-right:0px;padding-bottom:0px;padding-left:0px;margin-bottom: 0px;margin-top: 0px;border-width: 0px 0px 0px 0px;border-color:#eae9e9;border-style:solid;\" ><div class=\"fusion-builder-row fusion-row\"><div class=\"fusion-layout-column fusion_builder_column fusion-builder-column-0 fusion_builder_column_1_1 1_1 fusion-one-full fusion-column-first fusion-column-last\" style=\"margin-top:0px;margin-bottom:0px;\"><div class=\"fusion-column-wrapper fusion-flex-column-wrapper-legacy\" style=\"background-position:left top;background-repeat:no-repeat;-webkit-background-size:cover;-moz-background-size:cover;-o-background-size:cover;background-size:cover;padding: 0px 0px 0px 0px;\"><style type=\"text\/css\"><\/style><div class=\"fusion-title title fusion-title-1 fusion-sep-none fusion-title-text fusion-title-size-two\" style=\"margin-top:0px;margin-right:0px;margin-bottom:31px;margin-left:0px;\"><h2 class=\"title-heading-left\" style=\"margin:0;\">Geschichte des BZI<\/h2><\/div><div class=\"fusion-clearfix\"><\/div><\/div><\/div><div class=\"fusion-layout-column fusion_builder_column fusion-builder-column-1 fusion_builder_column_1_5 1_5 fusion-one-fifth fusion-column-first\" style=\"width:20%;width:calc(20% - ( ( 4% ) * 0.2 ) );margin-right: 4%;margin-top:0px;margin-bottom:0px;\"><div class=\"fusion-column-wrapper fusion-flex-column-wrapper-legacy\" style=\"background-position:left top;background-repeat:no-repeat;-webkit-background-size:cover;-moz-background-size:cover;-o-background-size:cover;background-size:cover;padding: 0px 0px 0px 0px;\"><span class=\" fusion-imageframe imageframe-none imageframe-1 hover-type-none\"><img decoding=\"async\" width=\"240\" height=\"170\" title=\"Geschichte des BZI\" src=\"https:\/\/alt.bzi-rs.de\/wp-content\/uploads\/2020\/03\/pic_geschichte_01_704.jpg\" class=\"img-responsive wp-image-7653\" srcset=\"https:\/\/alt.bzi-rs.de\/wp-content\/uploads\/2020\/03\/pic_geschichte_01_704-200x142.jpg 200w, https:\/\/alt.bzi-rs.de\/wp-content\/uploads\/2020\/03\/pic_geschichte_01_704.jpg 240w\" sizes=\"(max-width: 800px) 100vw, 240px\" \/><\/span><div class=\"fusion-clearfix\"><\/div><\/div><\/div><div class=\"fusion-layout-column fusion_builder_column fusion-builder-column-2 fusion_builder_column_4_5 4_5 fusion-four-fifth fusion-column-last\" style=\"width:80%;width:calc(80% - ( ( 4% ) * 0.8 ) );margin-top:0px;margin-bottom:0px;\"><div class=\"fusion-column-wrapper fusion-flex-column-wrapper-legacy\" style=\"background-position:left top;background-repeat:no-repeat;-webkit-background-size:cover;-moz-background-size:cover;-o-background-size:cover;background-size:cover;padding: 0px 0px 0px 0px;\"><div class=\"fusion-text fusion-text-1\"><p><strong>Start im Jahr 1936<br \/>\n<\/strong>Bereits im Jahr 1936 begann die Remscheider Metallindustrie, die Ausbildung ihrer Mitarbeiter systematisch zu f\u00f6rdern und zu verbessern. Gemeinsam mit der Stadt Remscheid gr\u00fcndete man die Gemeinschaftslehrwerkstatt an der Sch\u00fctzenstra\u00dfe, in der Auszubildende ab 1938\/1939 unterwiesen wurden. Eine Einrichtung, die auch den Krieg \u00fcberdauerte: Nach einem Bombenangriff im Jahr 1943 waren es die Auszubildenden selbst, die \u201eihre\u201c Werkstatt wieder aufbauten. So konnte der Ausbildungsbetrieb bis zum Fr\u00fchjahr 1950 aufrecht erhalten werden. Dann endete das Gemeinschaftsprojekt, die Verantwortung f\u00fcr die betriebliche Ausbildung lag nun alleine bei den Unternehmen.<\/p>\n<\/div><div class=\"fusion-clearfix\"><\/div><\/div><\/div><div class=\"fusion-layout-column fusion_builder_column fusion-builder-column-3 fusion_builder_column_1_1 1_1 fusion-one-full fusion-column-first fusion-column-last\" style=\"margin-top:0px;margin-bottom:0px;\"><div class=\"fusion-column-wrapper fusion-flex-column-wrapper-legacy\" style=\"background-position:left top;background-repeat:no-repeat;-webkit-background-size:cover;-moz-background-size:cover;-o-background-size:cover;background-size:cover;padding: 0px 0px 0px 0px;\"><div class=\"fusion-sep-clear\"><\/div><div class=\"fusion-separator fusion-full-width-sep\" style=\"margin-left: auto;margin-right: auto;margin-top:40px;width:100%;\"><\/div><div class=\"fusion-sep-clear\"><\/div><div class=\"fusion-clearfix\"><\/div><\/div><\/div><div class=\"fusion-layout-column fusion_builder_column fusion-builder-column-4 fusion_builder_column_1_5 1_5 fusion-one-fifth fusion-column-first\" style=\"width:20%;width:calc(20% - ( ( 4% ) * 0.2 ) );margin-right: 4%;margin-top:0px;margin-bottom:0px;\"><div class=\"fusion-column-wrapper fusion-flex-column-wrapper-legacy\" style=\"background-position:left top;background-repeat:no-repeat;-webkit-background-size:cover;-moz-background-size:cover;-o-background-size:cover;background-size:cover;padding: 0px 0px 0px 0px;\"><span class=\" fusion-imageframe imageframe-none imageframe-2 hover-type-none\"><img decoding=\"async\" width=\"240\" height=\"142\" title=\"Geschichte des BZI\" src=\"https:\/\/alt.bzi-rs.de\/wp-content\/uploads\/2020\/03\/pic_geschichte_02_702.jpg\" class=\"img-responsive wp-image-7656\" srcset=\"https:\/\/alt.bzi-rs.de\/wp-content\/uploads\/2020\/03\/pic_geschichte_02_702-200x118.jpg 200w, https:\/\/alt.bzi-rs.de\/wp-content\/uploads\/2020\/03\/pic_geschichte_02_702.jpg 240w\" sizes=\"(max-width: 800px) 100vw, 240px\" \/><\/span><div class=\"fusion-clearfix\"><\/div><\/div><\/div><div class=\"fusion-layout-column fusion_builder_column fusion-builder-column-5 fusion_builder_column_4_5 4_5 fusion-four-fifth fusion-column-last\" style=\"width:80%;width:calc(80% - ( ( 4% ) * 0.8 ) );margin-top:0px;margin-bottom:0px;\"><div class=\"fusion-column-wrapper fusion-flex-column-wrapper-legacy\" style=\"background-position:left top;background-repeat:no-repeat;-webkit-background-size:cover;-moz-background-size:cover;-o-background-size:cover;background-size:cover;padding: 0px 0px 0px 0px;\"><div class=\"fusion-text fusion-text-2\"><p><strong>Gemeinschaftslehrwerkstatt der Remscheider Metall- und Elektroindustrie (GLW)<\/strong><\/p>\n<p>Am 19. April 1952 gr\u00fcndeten der Arbeitgeber-Verband von Remscheid und Umgebung e.V. und die damalige Bergische Industrie- und Handelskammer die \u201eGemeinschaftslehrwerkstatt der Remscheider Eisen- und Metallindustrie\u201c. Aufgabe der gemeinn\u00fctzigen GmbH sollte es sein, die Betriebe bei der Ausbildung des Facharbeiternachwuchses zu unterst\u00fctzen und die Qualit\u00e4t der Ausbildung auf hohem Niveau sicherzustellen. Am 1. April 1953 nahm die neugegr\u00fcndete Lehrwerkstatt mit 89 Lehrlingen an der Ronsdorfer Stra\u00dfe ihre Arbeit auf. Angesichts einer wachsenden Zahl von Auszubildenden und eines zunehmenden Bedarfs an Weiterbildung reichten die angemieteten R\u00e4ume jedoch nach einigen Jahren nicht mehr aus. 1968 wurde f\u00fcr die Lehrwerkstatt ein eigenes Geb\u00e4ude an der W\u00fcstenhagener Stra\u00dfe errichtet. Bauliche Erweiterungen in den siebziger und achtziger Jahren erm\u00f6glichten es, dass die Ausbildung auch heute noch hier stattfinden kann. Seit ihrer Neugr\u00fcndung hat sich die Gemeinschaftslehrwerkstatt unter ihrer Kurzbezeichnung \u201eGLW\u201c im Sprachgebrauch der Region eingepr\u00e4gt. Mehr als 40 Jahrg\u00e4nge von Facharbeitern haben dort ihre Ausbildung erhalten.<\/p>\n<\/div><div class=\"fusion-clearfix\"><\/div><\/div><\/div><div class=\"fusion-layout-column fusion_builder_column fusion-builder-column-6 fusion_builder_column_1_1 1_1 fusion-one-full fusion-column-first fusion-column-last\" style=\"margin-top:0px;margin-bottom:0px;\"><div class=\"fusion-column-wrapper fusion-flex-column-wrapper-legacy\" style=\"background-position:left top;background-repeat:no-repeat;-webkit-background-size:cover;-moz-background-size:cover;-o-background-size:cover;background-size:cover;padding: 0px 0px 0px 0px;\"><div class=\"fusion-sep-clear\"><\/div><div class=\"fusion-separator fusion-full-width-sep\" style=\"margin-left: auto;margin-right: auto;margin-top:40px;width:100%;\"><\/div><div class=\"fusion-sep-clear\"><\/div><div class=\"fusion-clearfix\"><\/div><\/div><\/div><div class=\"fusion-layout-column fusion_builder_column fusion-builder-column-7 fusion_builder_column_1_5 1_5 fusion-one-fifth fusion-column-first\" style=\"width:20%;width:calc(20% - ( ( 4% ) * 0.2 ) );margin-right: 4%;margin-top:0px;margin-bottom:0px;\"><div class=\"fusion-column-wrapper fusion-flex-column-wrapper-legacy\" style=\"background-position:left top;background-repeat:no-repeat;-webkit-background-size:cover;-moz-background-size:cover;-o-background-size:cover;background-size:cover;padding: 0px 0px 0px 0px;\"><span class=\" fusion-imageframe imageframe-none imageframe-3 hover-type-none\"><img decoding=\"async\" width=\"240\" height=\"168\" title=\"Geschichte des BZI\" src=\"https:\/\/alt.bzi-rs.de\/wp-content\/uploads\/2020\/03\/pic_geschichte_03_703.jpg\" class=\"img-responsive wp-image-7658\" srcset=\"https:\/\/alt.bzi-rs.de\/wp-content\/uploads\/2020\/03\/pic_geschichte_03_703-200x140.jpg 200w, https:\/\/alt.bzi-rs.de\/wp-content\/uploads\/2020\/03\/pic_geschichte_03_703.jpg 240w\" sizes=\"(max-width: 800px) 100vw, 240px\" \/><\/span><div class=\"fusion-clearfix\"><\/div><\/div><\/div><div class=\"fusion-layout-column fusion_builder_column fusion-builder-column-8 fusion_builder_column_4_5 4_5 fusion-four-fifth fusion-column-last\" style=\"width:80%;width:calc(80% - ( ( 4% ) * 0.8 ) );margin-top:0px;margin-bottom:0px;\"><div class=\"fusion-column-wrapper fusion-flex-column-wrapper-legacy\" style=\"background-position:left top;background-repeat:no-repeat;-webkit-background-size:cover;-moz-background-size:cover;-o-background-size:cover;background-size:cover;padding: 0px 0px 0px 0px;\"><div class=\"fusion-text fusion-text-3\"><p><strong>Berufsbildungszentrum (BZI)<\/strong><\/p>\n<p>Seit der Gr\u00fcndung hat sich die Arbeit der alten Gemeinschaftslehrwerkstatt weiterentwickelt. Neben der eigentlichen Berufsausbildung nimmt die berufsbegleitende Fort- und Weiterbildung einen breiten Raum ein. Um diese Entwicklung auch nach au\u00dfen hin deutlich zu machen, entschlossen sich die Gesellschafter der Gemeinschaftslehrwerkstatt im Jahre 1997, eine neue Firmenbezeichnung einzuf\u00fchren. Seitdem hei\u00dft die GLW \u201eBerufsbildungszentrum der Remscheider Metall- und Elektroindustrie\u201c, kurz BZI.<br \/>\nZuk\u00fcnftig wird in der Berufsbildung \u2013 wie in der Wirtschaft \u00fcberhaupt \u2013 die Qualit\u00e4t und deren kontinuierliche Verbesserung eine ganz entscheidende Rolle spielen. Seit Januar 1998 ist im BZI ein Qualit\u00e4tsmanagementsystem nach DIN EN ISO 9001 ff eingef\u00fchrt. Eine Zertifizierung nach DIN EN ISO 9001:2008 und AZAV erfolgte im Jahr 2010. Seit 2018 ist das BZI zertifiziert nach DIN EN ISO 9001:2015 und AZAV.<\/p>\n<\/div><div class=\"fusion-clearfix\"><\/div><\/div><\/div><\/div><\/div>\n","protected":false},"excerpt":{"rendered":"","protected":false},"author":1,"featured_media":0,"parent":0,"menu_order":171,"comment_status":"closed","ping_status":"closed","template":"","meta":{"footnotes":""},"_links":{"self":[{"href":"https:\/\/alt.bzi-rs.de\/index.php\/wp-json\/wp\/v2\/pages\/1183"}],"collection":[{"href":"https:\/\/alt.bzi-rs.de\/index.php\/wp-json\/wp\/v2\/pages"}],"about":[{"href":"https:\/\/alt.bzi-rs.de\/index.php\/wp-json\/wp\/v2\/types\/page"}],"author":[{"embeddable":true,"href":"https:\/\/alt.bzi-rs.de\/index.php\/wp-json\/wp\/v2\/users\/1"}],"replies":[{"embeddable":true,"href":"https:\/\/alt.bzi-rs.de\/index.php\/wp-json\/wp\/v2\/comments?post=1183"}],"version-history":[{"count":14,"href":"https:\/\/alt.bzi-rs.de\/index.php\/wp-json\/wp\/v2\/pages\/1183\/revisions"}],"predecessor-version":[{"id":7652,"href":"https:\/\/alt.bzi-rs.de\/index.php\/wp-json\/wp\/v2\/pages\/1183\/revisions\/7652"}],"wp:attachment":[{"href":"https:\/\/alt.bzi-rs.de\/index.php\/wp-json\/wp\/v2\/media?parent=1183"}],"curies":[{"name":"wp","href":"https:\/\/api.w.org\/{rel}","templated":true}]}}