{"id":11849,"date":"2022-02-07T08:52:54","date_gmt":"2022-02-07T07:52:54","guid":{"rendered":"https:\/\/alt.bzi-rs.de\/?page_id=11849"},"modified":"2022-02-07T10:06:38","modified_gmt":"2022-02-07T09:06:38","slug":"nach-der-pflicht-kommt-die-kuer","status":"publish","type":"page","link":"https:\/\/alt.bzi-rs.de\/index.php\/nach-der-pflicht-kommt-die-kuer\/","title":{"rendered":"Nach der Pflicht kommt die K\u00fcr"},"content":{"rendered":"<div class=\"fusion-fullwidth fullwidth-box fusion-builder-row-1 fusion-flex-container nonhundred-percent-fullwidth non-hundred-percent-height-scrolling\" style=\"background-color: rgba(255,255,255,0);background-position: center center;background-repeat: no-repeat;border-width: 0px 0px 0px 0px;border-color:#eae9e9;border-style:solid;\" ><div class=\"fusion-builder-row fusion-row fusion-flex-align-items-flex-start\" style=\"max-width:1248px;margin-left: calc(-4% \/ 2 );margin-right: calc(-4% \/ 2 );\"><div class=\"fusion-layout-column fusion_builder_column fusion-builder-column-0 fusion_builder_column_1_1 1_1 fusion-flex-column\"><div class=\"fusion-column-wrapper fusion-flex-justify-content-flex-start fusion-content-layout-column\" style=\"background-position:left top;background-repeat:no-repeat;-webkit-background-size:cover;-moz-background-size:cover;-o-background-size:cover;background-size:cover;padding: 0px 0px 0px 0px;\"><style type=\"text\/css\">@media only screen and (max-width:1024px) {.fusion-title.fusion-title-1{margin-top:0px!important; margin-right:0px!important;margin-bottom:31px!important;margin-left:0px!important;}}@media only screen and (max-width:640px) {.fusion-title.fusion-title-1{margin-top:0px!important; margin-right:0px!important;margin-bottom:20px!important; margin-left:0px!important;}}<\/style><div class=\"fusion-title title fusion-title-1 fusion-title-text fusion-title-size-two\" style=\"margin-top:0px;margin-right:0px;margin-bottom:31px;margin-left:0px;\"><div class=\"title-sep-container title-sep-container-left fusion-no-large-visibility fusion-no-medium-visibility fusion-no-small-visibility\"><div class=\"title-sep sep-double sep-solid\" style=\"border-color:#e0dede;\"><\/div><\/div><h2 class=\"title-heading-left\" style=\"margin:0;\">Nach der Pflicht kommt die K\u00fcr<\/h2><div class=\"title-sep-container title-sep-container-right\"><div class=\"title-sep sep-double sep-solid\" style=\"border-color:#e0dede;\"><\/div><\/div><\/div><div class=\"fusion-text fusion-text-1\"><p>Hat man die Grundausbildung erstmal geschafft, stellt sich die Frage, wie es nun weitergeht. Wer seine Karriere selbst gestalten und sich beruflich weiterentwickeln m\u00f6chte, muss das nicht ohne Unterst\u00fctzung tun. Es gibt eine F\u00fclle von Programmen die gezielt die aufstiegsorientierte Weiterbildung in den Blick nehmen. Auch dazu ber\u00e4t das BZI Sie und Ihre Mitarbeitenden umf\u00e4nglich. Eine F\u00fclle unserer Kurse sind f\u00f6rderf\u00e4hig. Gerade vor dem Hintergrund der angespannten Lage auf dem Arbeitsmarkt f\u00fcr Fachkr\u00e4fte sollten Sie mit uns Kontakt aufnehmen. Ist doch innerbetriebliche F\u00f6rderung eine wesentliche Ma\u00dfnahme, um eigene Mitarbeiterinnen und Mitarbeiter an gr\u00f6\u00dfere und gro\u00dfe Aufgaben heranzuf\u00fchren.<\/p>\n<p><strong>Das Aufstiegs-Baf\u00f6g<\/strong><\/p>\n<p>Es gibt \u00fcber 700 Fortbildungen, die durch das Aufstiegs-Baf\u00f6g gef\u00f6rdert werden. Eine berufliche Qualifizierung kann die Voraussetzung auch f\u00fcr den Weg in die Selbstst\u00e4ndigkeit sein. Auch hier leistet das Aufstiegs-Baf\u00f6g wichtige Hilfe. Das Aufstiegs-Baf\u00f6g ist einkommens- und verm\u00f6gensunabh\u00e4ngig. Es gibt einen Zuschuss in H\u00f6he von 40 Prozent, der nicht zur\u00fcckgezahlt werden muss. F\u00fcr die restlichen 60 Prozent wird ein zinsg\u00fcnstiges Darlehen gew\u00e4hrt. Dieses F\u00f6rderinstrument f\u00fcr die berufliche Fortbildung steht grunds\u00e4tzlich allen Berufsbereichen zur Verf\u00fcgung und zwar unabh\u00e4ngig davon, in welcher Form die Fortbildung durchgef\u00fchrt wird (Vollzeit, Teilzeit, schulisch, au\u00dferschulisch, mediengest\u00fctzt, Fernunterricht)<\/p>\n<p><strong>Begabtenf\u00f6rderung berufliche Bildung<\/strong><\/p>\n<p>Motivierte und engagierte berufliche Talente haben die Chance, sich f\u00fcr verschiedene Stipendienprogramme zu bewerben. Nach der beruflichen Erstausbildung, bei der man eine besondere Leistungsf\u00e4higkeit unter Beweis gestellt hat, kann man von verschiedenen Stipendien profitieren. Das Weiterbildungsstipendium unterst\u00fctzt junge Menschen nach dem besonders erfolgreichen Abschluss einer Berufsausbildung bei der weiteren beruflichen Qualifizierung. F\u00f6rderf\u00e4hig sind anspruchsvolle &#8211; in der Regel berufsbegleitende \u2013 Weiterbildungen. Zusch\u00fcsse gibt es f\u00fcr verschiedene Bereiche, etwa f\u00fcr die reinen Ma\u00dfnahmekosten, Anfahrtskosten, aber auch f\u00fcr die Anschaffung von Arbeitsmaterialien und Computerausstattung.<\/p>\n<p><strong>Zum Studium mit dem Aufstiegsstipendium<\/strong><\/p>\n<p>Fachkr\u00e4fte, die schon l\u00e4nger berufst\u00e4tig sind, k\u00f6nnen sich um ein Aufstiegsstipendium bewerben, um neue Perspektiven f\u00fcr die berufliche Entwicklung zu er\u00f6ffnen. Das Besondere: Bei der Bewerbung spielt der Schulabschluss keine Rolle. Was z\u00e4hlt sind die Leistungen in der Berufsausbildung und -praxis. Dieses Programm des Bundesministeriums f\u00fcr Bildung und Forschung (BMBF) erm\u00f6glicht ein Hochschulstudium in Voll- oder Teilzeit. F\u00fcr beides leistet das Aufstiegsstipendium finanzielle Unterst\u00fctzung und bietet ein interessantes Netzwerk mit einem vielf\u00e4ltigen Seminarangebot und Austausch in regional verorteten Gruppen<\/p>\n<p><strong>Noch Fragen? Dann rufen Sie uns an oder schreiben uns eine Mail. Kontakt: Telefon 93 87 \u2013 100 oder info@bzi-rs.de<\/strong><\/p>\n<\/div><\/div><style type=\"text\/css\">.fusion-body .fusion-builder-column-0{width:100% !important;margin-top : 0px;margin-bottom : 0px;}.fusion-builder-column-0 > .fusion-column-wrapper {padding-top : 0px !important;padding-right : 0px !important;margin-right : 1.92%;padding-bottom : 0px !important;padding-left : 0px !important;margin-left : 1.92%;}@media only screen and (max-width:1024px) {.fusion-body .fusion-builder-column-0{width:100% !important;order : 0;}.fusion-builder-column-0 > .fusion-column-wrapper {margin-right : 1.92%;margin-left : 1.92%;}}@media only screen and (max-width:640px) {.fusion-body .fusion-builder-column-0{width:100% !important;order : 0;}.fusion-builder-column-0 > .fusion-column-wrapper {margin-right : 1.92%;margin-left : 1.92%;}}<\/style><\/div><\/div><style type=\"text\/css\">.fusion-body .fusion-flex-container.fusion-builder-row-1{ padding-top : 0px;margin-top : 0px;padding-right : 0px;padding-bottom : 0px;margin-bottom : 0px;padding-left : 0px;}<\/style><\/div>\n","protected":false},"excerpt":{"rendered":"","protected":false},"author":1,"featured_media":0,"parent":0,"menu_order":0,"comment_status":"closed","ping_status":"closed","template":"","meta":{"footnotes":""},"_links":{"self":[{"href":"https:\/\/alt.bzi-rs.de\/index.php\/wp-json\/wp\/v2\/pages\/11849"}],"collection":[{"href":"https:\/\/alt.bzi-rs.de\/index.php\/wp-json\/wp\/v2\/pages"}],"about":[{"href":"https:\/\/alt.bzi-rs.de\/index.php\/wp-json\/wp\/v2\/types\/page"}],"author":[{"embeddable":true,"href":"https:\/\/alt.bzi-rs.de\/index.php\/wp-json\/wp\/v2\/users\/1"}],"replies":[{"embeddable":true,"href":"https:\/\/alt.bzi-rs.de\/index.php\/wp-json\/wp\/v2\/comments?post=11849"}],"version-history":[{"count":2,"href":"https:\/\/alt.bzi-rs.de\/index.php\/wp-json\/wp\/v2\/pages\/11849\/revisions"}],"predecessor-version":[{"id":11869,"href":"https:\/\/alt.bzi-rs.de\/index.php\/wp-json\/wp\/v2\/pages\/11849\/revisions\/11869"}],"wp:attachment":[{"href":"https:\/\/alt.bzi-rs.de\/index.php\/wp-json\/wp\/v2\/media?parent=11849"}],"curies":[{"name":"wp","href":"https:\/\/api.w.org\/{rel}","templated":true}]}}