{"id":11851,"date":"2022-02-07T08:53:32","date_gmt":"2022-02-07T07:53:32","guid":{"rendered":"https:\/\/alt.bzi-rs.de\/?page_id=11851"},"modified":"2022-02-07T10:30:15","modified_gmt":"2022-02-07T09:30:15","slug":"loewenstark","status":"publish","type":"page","link":"https:\/\/alt.bzi-rs.de\/index.php\/loewenstark\/","title":{"rendered":"L\u00f6wenstark"},"content":{"rendered":"<div class=\"fusion-fullwidth fullwidth-box fusion-builder-row-1 fusion-flex-container nonhundred-percent-fullwidth non-hundred-percent-height-scrolling\" style=\"background-color: rgba(255,255,255,0);background-position: center center;background-repeat: no-repeat;border-width: 0px 0px 0px 0px;border-color:#eae9e9;border-style:solid;\" ><div class=\"fusion-builder-row fusion-row fusion-flex-align-items-flex-start\" style=\"max-width:1248px;margin-left: calc(-4% \/ 2 );margin-right: calc(-4% \/ 2 );\"><div class=\"fusion-layout-column fusion_builder_column fusion-builder-column-0 fusion_builder_column_1_1 1_1 fusion-flex-column\"><div class=\"fusion-column-wrapper fusion-flex-justify-content-flex-start fusion-content-layout-column\" style=\"background-position:left top;background-repeat:no-repeat;-webkit-background-size:cover;-moz-background-size:cover;-o-background-size:cover;background-size:cover;padding: 0px 0px 0px 0px;\"><style type=\"text\/css\">@media only screen and (max-width:1024px) {.fusion-title.fusion-title-1{margin-top:0px!important; margin-right:0px!important;margin-bottom:31px!important;margin-left:0px!important;}}@media only screen and (max-width:640px) {.fusion-title.fusion-title-1{margin-top:0px!important; margin-right:0px!important;margin-bottom:20px!important; margin-left:0px!important;}}<\/style><div class=\"fusion-title title fusion-title-1 fusion-title-text fusion-title-size-two\" style=\"margin-top:0px;margin-right:0px;margin-bottom:31px;margin-left:0px;\"><div class=\"title-sep-container title-sep-container-left fusion-no-large-visibility fusion-no-medium-visibility fusion-no-small-visibility\"><div class=\"title-sep sep-double sep-solid\" style=\"border-color:#e0dede;\"><\/div><\/div><h2 class=\"title-heading-left\" style=\"margin:0;\">L\u00f6wenstark!<\/h2><div class=\"title-sep-container title-sep-container-right\"><div class=\"title-sep sep-double sep-solid\" style=\"border-color:#e0dede;\"><\/div><\/div><\/div><div class=\"fusion-text fusion-text-1\"><p><img decoding=\"async\" class=\"wp-image-11879 alignright\" src=\"https:\/\/alt.bzi-rs.de\/wp-content\/uploads\/2022\/02\/IMG_E4192-scaled.jpg\" alt=\"\" width=\"412\" height=\"550\" srcset=\"https:\/\/alt.bzi-rs.de\/wp-content\/uploads\/2022\/02\/IMG_E4192-200x267.jpg 200w, https:\/\/alt.bzi-rs.de\/wp-content\/uploads\/2022\/02\/IMG_E4192-225x300.jpg 225w, https:\/\/alt.bzi-rs.de\/wp-content\/uploads\/2022\/02\/IMG_E4192-400x533.jpg 400w, https:\/\/alt.bzi-rs.de\/wp-content\/uploads\/2022\/02\/IMG_E4192-600x800.jpg 600w, https:\/\/alt.bzi-rs.de\/wp-content\/uploads\/2022\/02\/IMG_E4192-768x1024.jpg 768w, https:\/\/alt.bzi-rs.de\/wp-content\/uploads\/2022\/02\/IMG_E4192-800x1067.jpg 800w, https:\/\/alt.bzi-rs.de\/wp-content\/uploads\/2022\/02\/IMG_E4192-1152x1536.jpg 1152w, https:\/\/alt.bzi-rs.de\/wp-content\/uploads\/2022\/02\/IMG_E4192-1200x1600.jpg 1200w, https:\/\/alt.bzi-rs.de\/wp-content\/uploads\/2022\/02\/IMG_E4192-1536x2048.jpg 1536w, https:\/\/alt.bzi-rs.de\/wp-content\/uploads\/2022\/02\/IMG_E4192-scaled.jpg 1920w\" sizes=\"(max-width: 412px) 100vw, 412px\" \/>Im Rahmen des Projektes FR\u00dcHAUFSTEHER haben wir an den Tagen der offenen T\u00fcr einen Malwettbewerb zum Thema \u201cL\u00f6we\u201d durchgef\u00fchrt. \u201eUnser L\u00f6wen-Maskottchen Eddy Education begleitet die Kinder durch die verschiedenen Projektbausteine. Er sieht aus wie der L\u00f6we vor unserem Hauptgeb\u00e4ude. Deshalb haben wir uns f\u00fcr das L\u00f6wenthema entschieden\u201c, sagt Anna D\u00f6rschler vom Projekt \u201eFr\u00fchaufsteher\u201c.<\/p>\n<p>Das Projekt wird gemeinsam mit der Nelson-Mandela-Schule, St\u00e4dtische Sekundarschule Remscheid, seit vielen Jahren durchgef\u00fchrt und hilft bei der vertieften Berufsorientierung. FR\u00dcHAUFSTEHER wendet sich an die Sch\u00fclerinnen und Sch\u00fcler der Klassen f\u00fcnf bis sieben. Zielgruppe sind hier Kinder des Stadtteils Rosenh\u00fcgel.<\/p>\n<p>Die Siegerehrung hat im BZI stattgefunden und gewonnen hat Ben. Er ist Sch\u00fcler der 6a der Nelson-Mandela-Schule in Remscheid und somit ein FR\u00dcHAUFSTEHER!<\/p>\n<p><strong>Herzlichen Gl\u00fcckwunsch!<\/strong><\/p>\n<\/div><\/div><style type=\"text\/css\">.fusion-body .fusion-builder-column-0{width:100% !important;margin-top : 0px;margin-bottom : 0px;}.fusion-builder-column-0 > .fusion-column-wrapper {padding-top : 0px !important;padding-right : 0px !important;margin-right : 1.92%;padding-bottom : 0px !important;padding-left : 0px !important;margin-left : 1.92%;}@media only screen and (max-width:1024px) {.fusion-body .fusion-builder-column-0{width:100% !important;order : 0;}.fusion-builder-column-0 > .fusion-column-wrapper {margin-right : 1.92%;margin-left : 1.92%;}}@media only screen and (max-width:640px) {.fusion-body .fusion-builder-column-0{width:100% !important;order : 0;}.fusion-builder-column-0 > .fusion-column-wrapper {margin-right : 1.92%;margin-left : 1.92%;}}<\/style><\/div><\/div><style type=\"text\/css\">.fusion-body .fusion-flex-container.fusion-builder-row-1{ padding-top : 0px;margin-top : 0px;padding-right : 0px;padding-bottom : 0px;margin-bottom : 0px;padding-left : 0px;}<\/style><\/div>\n","protected":false},"excerpt":{"rendered":"","protected":false},"author":1,"featured_media":0,"parent":0,"menu_order":0,"comment_status":"closed","ping_status":"closed","template":"","meta":{"footnotes":""},"_links":{"self":[{"href":"https:\/\/alt.bzi-rs.de\/index.php\/wp-json\/wp\/v2\/pages\/11851"}],"collection":[{"href":"https:\/\/alt.bzi-rs.de\/index.php\/wp-json\/wp\/v2\/pages"}],"about":[{"href":"https:\/\/alt.bzi-rs.de\/index.php\/wp-json\/wp\/v2\/types\/page"}],"author":[{"embeddable":true,"href":"https:\/\/alt.bzi-rs.de\/index.php\/wp-json\/wp\/v2\/users\/1"}],"replies":[{"embeddable":true,"href":"https:\/\/alt.bzi-rs.de\/index.php\/wp-json\/wp\/v2\/comments?post=11851"}],"version-history":[{"count":5,"href":"https:\/\/alt.bzi-rs.de\/index.php\/wp-json\/wp\/v2\/pages\/11851\/revisions"}],"predecessor-version":[{"id":11881,"href":"https:\/\/alt.bzi-rs.de\/index.php\/wp-json\/wp\/v2\/pages\/11851\/revisions\/11881"}],"wp:attachment":[{"href":"https:\/\/alt.bzi-rs.de\/index.php\/wp-json\/wp\/v2\/media?parent=11851"}],"curies":[{"name":"wp","href":"https:\/\/api.w.org\/{rel}","templated":true}]}}