{"id":11853,"date":"2022-02-07T08:54:01","date_gmt":"2022-02-07T07:54:01","guid":{"rendered":"https:\/\/alt.bzi-rs.de\/?page_id=11853"},"modified":"2022-02-07T10:17:37","modified_gmt":"2022-02-07T09:17:37","slug":"das-zeichnet-uns-aus","status":"publish","type":"page","link":"https:\/\/alt.bzi-rs.de\/index.php\/das-zeichnet-uns-aus\/","title":{"rendered":"Das zeichnet uns aus"},"content":{"rendered":"<div class=\"fusion-fullwidth fullwidth-box fusion-builder-row-1 fusion-flex-container nonhundred-percent-fullwidth non-hundred-percent-height-scrolling\" style=\"background-color: rgba(255,255,255,0);background-position: center center;background-repeat: no-repeat;border-width: 0px 0px 0px 0px;border-color:#eae9e9;border-style:solid;\" ><div class=\"fusion-builder-row fusion-row fusion-flex-align-items-flex-start\" style=\"max-width:1248px;margin-left: calc(-4% \/ 2 );margin-right: calc(-4% \/ 2 );\"><div class=\"fusion-layout-column fusion_builder_column fusion-builder-column-0 fusion_builder_column_1_1 1_1 fusion-flex-column\"><div class=\"fusion-column-wrapper fusion-flex-justify-content-flex-start fusion-content-layout-column\" style=\"background-position:left top;background-repeat:no-repeat;-webkit-background-size:cover;-moz-background-size:cover;-o-background-size:cover;background-size:cover;padding: 0px 0px 0px 0px;\"><style type=\"text\/css\">@media only screen and (max-width:1024px) {.fusion-title.fusion-title-1{margin-top:0px!important; margin-right:0px!important;margin-bottom:31px!important;margin-left:0px!important;}}@media only screen and (max-width:640px) {.fusion-title.fusion-title-1{margin-top:0px!important; margin-right:0px!important;margin-bottom:20px!important; margin-left:0px!important;}}<\/style><div class=\"fusion-title title fusion-title-1 fusion-title-text fusion-title-size-two\" style=\"margin-top:0px;margin-right:0px;margin-bottom:31px;margin-left:0px;\"><div class=\"title-sep-container title-sep-container-left fusion-no-large-visibility fusion-no-medium-visibility fusion-no-small-visibility\"><div class=\"title-sep sep-double sep-solid\" style=\"border-color:#e0dede;\"><\/div><\/div><h2 class=\"title-heading-left\" style=\"margin:0;\">\u201eDas zeichnet uns aus!\u201c<\/h2><div class=\"title-sep-container title-sep-container-right\"><div class=\"title-sep sep-double sep-solid\" style=\"border-color:#e0dede;\"><\/div><\/div><\/div><div class=\"fusion-text fusion-text-1\"><p><strong><img decoding=\"async\" class=\"wp-image-11872 alignright\" src=\"https:\/\/alt.bzi-rs.de\/wp-content\/uploads\/2022\/02\/IMG_0443-scaled.jpg\" alt=\"\" width=\"486\" height=\"648\" srcset=\"https:\/\/alt.bzi-rs.de\/wp-content\/uploads\/2022\/02\/IMG_0443-200x267.jpg 200w, https:\/\/alt.bzi-rs.de\/wp-content\/uploads\/2022\/02\/IMG_0443-225x300.jpg 225w, https:\/\/alt.bzi-rs.de\/wp-content\/uploads\/2022\/02\/IMG_0443-400x533.jpg 400w, https:\/\/alt.bzi-rs.de\/wp-content\/uploads\/2022\/02\/IMG_0443-600x800.jpg 600w, https:\/\/alt.bzi-rs.de\/wp-content\/uploads\/2022\/02\/IMG_0443-768x1024.jpg 768w, https:\/\/alt.bzi-rs.de\/wp-content\/uploads\/2022\/02\/IMG_0443-800x1067.jpg 800w, https:\/\/alt.bzi-rs.de\/wp-content\/uploads\/2022\/02\/IMG_0443-1152x1536.jpg 1152w, https:\/\/alt.bzi-rs.de\/wp-content\/uploads\/2022\/02\/IMG_0443-1200x1600.jpg 1200w, https:\/\/alt.bzi-rs.de\/wp-content\/uploads\/2022\/02\/IMG_0443-1536x2048.jpg 1536w, https:\/\/alt.bzi-rs.de\/wp-content\/uploads\/2022\/02\/IMG_0443-scaled.jpg 1920w\" sizes=\"(max-width: 486px) 100vw, 486px\" \/>Von der Grundausbildung bis zur Expertenschulung bietet das BZI in Sachen CNC-Technik ein weitreichendes Angebot.<\/strong><\/p>\n<p>\u201eWir sind technisch, fachlich und didaktisch sehr gut aufgestellt\u201c, sagt Murat Callar. Als Ausbilder im Metallbereich und Fachbereichsleiter CNC im Berufsbildungszentrum der Industrie (BZI) wei\u00df er um die zukunftsweisende Bedeutung der computergest\u00fctzten Maschinensteuerung in den Unternehmen. \u201eHier gibt es einen fortlaufenden Wandel, dem wir in der Aus- und Weiterbildung stets gerecht werden k\u00f6nnen\u201c, sagt er.<\/p>\n<p>Deshalb sei es umso wichtiger, dass die Nachwuchs-Fachkr\u00e4fte fr\u00fchzeitig mit dieser Technik vertraut gemacht werden. So spielt CNC bereits in der Grundausbildung am BZI eine bedeutende Rolle. \u201eBei den Zerspanungs- und Werkzeugmechanikern ist CNC pr\u00fcfungsrelevant. Und auch in den anderen Berufen vermitteln wir Grundlagen dieser Technik\u201c, erl\u00e4utert der Ausbilder. Ab dem zweiten Lehrjahr werden sechsw\u00f6chige Grundkurse und weiterhin viele fachrichtungsbezogene Aufbaukurse angeboten.<\/p>\n<p>\u201eDaneben haben wir in Bezug auf CNC ein gro\u00dfes Weiterbildungsangebot. Dies richtet sich zum Beispiel in der Erwachsenenbildung an Umsch\u00fcler. Genauso gibt es Qualifizierungsma\u00dfnahmen f\u00fcr CNC-Fachkr\u00e4fte. Und auch bei der Weiterbildung zum Industriemeister sind diese Inhalte fester Bestandteil\u201c, erl\u00e4utert der Experte. Ferner profitieren viele Betriebe von der Zusammenarbeit mit dem BZI, wenn sie n\u00e4mlich neue Maschinen und Steuerungen anschaffen oder wenn neue Mitarbeitende f\u00fcr den Umgang mit CNC-Maschinen geschult werden m\u00fcssen. \u201eGenauso gibt es immer mal wieder den Fall, dass Besch\u00e4ftigte innerbetrieblich versetzt werden und sich dann neu mit CNC befassen m\u00fcssen. Auch daf\u00fcr stehen wir zur Verf\u00fcgung.\u201c<\/p>\n<p>Dreh- und Angelpunkt der Aus- und Weiterbildungsqualit\u00e4t ist die zur Verf\u00fcgung stehende Technik. Als Kooperationspartner der Firma Spinner und Schulungspartner der Firmen Siemens, Heidenhain und Fanuc \u2013 allesamt f\u00fchrende Hersteller von CNC-Maschinen \u2013 ist das BZI bei der technischen Ausstattung fortdauernd auf der H\u00f6he der Zeit. \u201eDa uns f\u00fcr unsere Kurse immer die neuesten Pr\u00e4zisionsmaschinen und Steuerungen zur Verf\u00fcgung stehen und wir uns als Ausbilder regelm\u00e4\u00dfig auch selbst weiterbilden, k\u00f6nnen wir unser Wissen in Theorie und Praxis immer auf der Basis modernster Technik und Erkenntnisse weitergeben. Das zeichnet uns aus\u201c, bekr\u00e4ftigt Murat Callar. Zudem bringen er und seine Kollegen viel Erfahrung aus der Industrie mit, darauf k\u00f6nne man bei der Aus- und Weiterbildung sehr gut aufbauen. \u201eWir gestalten den Unterricht so, dass er interessant ist und er die Teilnehmenden ein gro\u00dfes St\u00fcck in ihrer beruflichen Entwicklung weiterbringt. Davon profitieren letztlich ganz entscheidend auch ihre Arbeitgeber. Know-how und neue Technologien werden im Betrieb etabliert und weiterentwickelt\u201c, betont CNC-Fachmann Callar.<\/p>\n<p>Von der Grundausbildung bis zur Expertenschulung bietet das BZI also ein gro\u00dfes Portfolio rund um die CNC-Technik. Schulungen CAD\/CAM f\u00fcr die computergest\u00fctzte Konstruktion und Fertigung erg\u00e4nzen das Weiterbildungs- und Qualifizierungsangebot.<\/p>\n<\/div><\/div><style type=\"text\/css\">.fusion-body .fusion-builder-column-0{width:100% !important;margin-top : 0px;margin-bottom : 0px;}.fusion-builder-column-0 > .fusion-column-wrapper {padding-top : 0px !important;padding-right : 0px !important;margin-right : 1.92%;padding-bottom : 0px !important;padding-left : 0px !important;margin-left : 1.92%;}@media only screen and (max-width:1024px) {.fusion-body .fusion-builder-column-0{width:100% !important;order : 0;}.fusion-builder-column-0 > .fusion-column-wrapper {margin-right : 1.92%;margin-left : 1.92%;}}@media only screen and (max-width:640px) {.fusion-body .fusion-builder-column-0{width:100% !important;order : 0;}.fusion-builder-column-0 > .fusion-column-wrapper {margin-right : 1.92%;margin-left : 1.92%;}}<\/style><\/div><\/div><style type=\"text\/css\">.fusion-body .fusion-flex-container.fusion-builder-row-1{ padding-top : 0px;margin-top : 0px;padding-right : 0px;padding-bottom : 0px;margin-bottom : 0px;padding-left : 0px;}<\/style><\/div>\n","protected":false},"excerpt":{"rendered":"","protected":false},"author":1,"featured_media":0,"parent":0,"menu_order":0,"comment_status":"closed","ping_status":"closed","template":"","meta":{"footnotes":""},"_links":{"self":[{"href":"https:\/\/alt.bzi-rs.de\/index.php\/wp-json\/wp\/v2\/pages\/11853"}],"collection":[{"href":"https:\/\/alt.bzi-rs.de\/index.php\/wp-json\/wp\/v2\/pages"}],"about":[{"href":"https:\/\/alt.bzi-rs.de\/index.php\/wp-json\/wp\/v2\/types\/page"}],"author":[{"embeddable":true,"href":"https:\/\/alt.bzi-rs.de\/index.php\/wp-json\/wp\/v2\/users\/1"}],"replies":[{"embeddable":true,"href":"https:\/\/alt.bzi-rs.de\/index.php\/wp-json\/wp\/v2\/comments?post=11853"}],"version-history":[{"count":5,"href":"https:\/\/alt.bzi-rs.de\/index.php\/wp-json\/wp\/v2\/pages\/11853\/revisions"}],"predecessor-version":[{"id":11871,"href":"https:\/\/alt.bzi-rs.de\/index.php\/wp-json\/wp\/v2\/pages\/11853\/revisions\/11871"}],"wp:attachment":[{"href":"https:\/\/alt.bzi-rs.de\/index.php\/wp-json\/wp\/v2\/media?parent=11853"}],"curies":[{"name":"wp","href":"https:\/\/api.w.org\/{rel}","templated":true}]}}