{"id":11855,"date":"2022-02-07T08:54:36","date_gmt":"2022-02-07T07:54:36","guid":{"rendered":"https:\/\/alt.bzi-rs.de\/?page_id=11855"},"modified":"2022-02-07T10:22:23","modified_gmt":"2022-02-07T09:22:23","slug":"cnc-fit-in-theorie-und-praxis","status":"publish","type":"page","link":"https:\/\/alt.bzi-rs.de\/index.php\/cnc-fit-in-theorie-und-praxis\/","title":{"rendered":"CNC \u2013 Fit in Theorie und Praxis!"},"content":{"rendered":"<div class=\"fusion-fullwidth fullwidth-box fusion-builder-row-1 fusion-flex-container nonhundred-percent-fullwidth non-hundred-percent-height-scrolling\" style=\"background-color: rgba(255,255,255,0);background-position: center center;background-repeat: no-repeat;border-width: 0px 0px 0px 0px;border-color:#eae9e9;border-style:solid;\" ><div class=\"fusion-builder-row fusion-row fusion-flex-align-items-flex-start\" style=\"max-width:1248px;margin-left: calc(-4% \/ 2 );margin-right: calc(-4% \/ 2 );\"><div class=\"fusion-layout-column fusion_builder_column fusion-builder-column-0 fusion_builder_column_1_1 1_1 fusion-flex-column\"><div class=\"fusion-column-wrapper fusion-flex-justify-content-flex-start fusion-content-layout-column\" style=\"background-position:left top;background-repeat:no-repeat;-webkit-background-size:cover;-moz-background-size:cover;-o-background-size:cover;background-size:cover;padding: 0px 0px 0px 0px;\"><style type=\"text\/css\">@media only screen and (max-width:1024px) {.fusion-title.fusion-title-1{margin-top:0px!important; margin-right:0px!important;margin-bottom:31px!important;margin-left:0px!important;}}@media only screen and (max-width:640px) {.fusion-title.fusion-title-1{margin-top:0px!important; margin-right:0px!important;margin-bottom:20px!important; margin-left:0px!important;}}<\/style><div class=\"fusion-title title fusion-title-1 fusion-title-text fusion-title-size-two\" style=\"margin-top:0px;margin-right:0px;margin-bottom:31px;margin-left:0px;\"><div class=\"title-sep-container title-sep-container-left fusion-no-large-visibility fusion-no-medium-visibility fusion-no-small-visibility\"><div class=\"title-sep sep-double sep-solid\" style=\"border-color:#e0dede;\"><\/div><\/div><h2 class=\"title-heading-left\" style=\"margin:0;\">CNC \u2013 Fit in Theorie und Praxis!<\/h2><div class=\"title-sep-container title-sep-container-right\"><div class=\"title-sep sep-double sep-solid\" style=\"border-color:#e0dede;\"><\/div><\/div><\/div><div class=\"fusion-text fusion-text-1\"><p><strong><img decoding=\"async\" class=\" wp-image-11859 alignright\" src=\"https:\/\/alt.bzi-rs.de\/wp-content\/uploads\/2022\/02\/P1060096_1-scaled.jpg\" alt=\"\" width=\"377\" height=\"283\" srcset=\"https:\/\/alt.bzi-rs.de\/wp-content\/uploads\/2022\/02\/P1060096_1-200x150.jpg 200w, https:\/\/alt.bzi-rs.de\/wp-content\/uploads\/2022\/02\/P1060096_1-300x225.jpg 300w, https:\/\/alt.bzi-rs.de\/wp-content\/uploads\/2022\/02\/P1060096_1-400x300.jpg 400w, https:\/\/alt.bzi-rs.de\/wp-content\/uploads\/2022\/02\/P1060096_1-600x451.jpg 600w, https:\/\/alt.bzi-rs.de\/wp-content\/uploads\/2022\/02\/P1060096_1-768x577.jpg 768w, https:\/\/alt.bzi-rs.de\/wp-content\/uploads\/2022\/02\/P1060096_1-800x601.jpg 800w, https:\/\/alt.bzi-rs.de\/wp-content\/uploads\/2022\/02\/P1060096_1-1024x769.jpg 1024w, https:\/\/alt.bzi-rs.de\/wp-content\/uploads\/2022\/02\/P1060096_1-1200x901.jpg 1200w, https:\/\/alt.bzi-rs.de\/wp-content\/uploads\/2022\/02\/P1060096_1-1536x1153.jpg 1536w, https:\/\/alt.bzi-rs.de\/wp-content\/uploads\/2022\/02\/P1060096_1-scaled.jpg 2560w\" sizes=\"(max-width: 377px) 100vw, 377px\" \/>Die Welt ist im Wandel, der technische Fortschritt schreitet in Windeseile voran.<\/strong><\/p>\n<p>Dies betrifft auch die CNC-Technik, daher ist die fortlaufende Qualifizierung und Weiterbildung der Mitarbeiterinnen und Mitarbeiter das Gebot der Stunde. Gerade wenn eine neue Maschine angeschafft wird, geht dies vielfach mit einer neuen Steuerung einher. Und auch die Auftr\u00e4ge, die auf den vorhandenen Maschinen gefertigt werden, stellen sich zunehmend komplexer dar.<\/p>\n<p>Hier setzen die Weiterbildungskonzepte des BZI an. Fachlich und p\u00e4dagogisch qualifizierte Dozentinnen und Dozenten vermitteln aktuellste Kenntnisse in Theorie und Praxis mittels eines hoch modernen Maschinenparks mit aktuellen Versionen der Steuerungen Fanuc, Siemens und Heidenhain. Die Schulungen finden in kleinen Gruppen statt, so dass gen\u00fcgend Zeit und Raum f\u00fcr individuelle Fragestellungen bleibt. Eine gute Perspektive zur Weiterentwicklung Ihrer Besch\u00e4ftigten!<\/p>\n<p>Je nach Inhalten bieten wir Vollzeitlehrg\u00e4nge und mehrt\u00e4gige Einheiten zu besonderen CNC-Themen an. Um die optimale Schulung f\u00fcr Ihre Mitarbeiterinnen und Mitarbeiter zu finden, beraten wir Sie gerne.<\/p>\n<p>Beachten Sie bitte: Auch kurzfristig sind zu den einzelnen Lehrg\u00e4ngen immer wieder Termine frei. Sprechen Sie uns an!<br \/>\nWeiterf\u00fchrende Informationen zu allen CNC-Kursen <a href=\"https:\/\/alt.bzi-rs.de\/index.php\/cnc-technik\/\">finden Sie hier<\/a><\/p>\n<\/div><\/div><style type=\"text\/css\">.fusion-body .fusion-builder-column-0{width:100% !important;margin-top : 0px;margin-bottom : 0px;}.fusion-builder-column-0 > .fusion-column-wrapper {padding-top : 0px !important;padding-right : 0px !important;margin-right : 1.92%;padding-bottom : 0px !important;padding-left : 0px !important;margin-left : 1.92%;}@media only screen and (max-width:1024px) {.fusion-body .fusion-builder-column-0{width:100% !important;order : 0;}.fusion-builder-column-0 > .fusion-column-wrapper {margin-right : 1.92%;margin-left : 1.92%;}}@media only screen and (max-width:640px) {.fusion-body .fusion-builder-column-0{width:100% !important;order : 0;}.fusion-builder-column-0 > .fusion-column-wrapper {margin-right : 1.92%;margin-left : 1.92%;}}<\/style><\/div><\/div><style type=\"text\/css\">.fusion-body .fusion-flex-container.fusion-builder-row-1{ padding-top : 0px;margin-top : 0px;padding-right : 0px;padding-bottom : 0px;margin-bottom : 0px;padding-left : 0px;}<\/style><\/div>\n","protected":false},"excerpt":{"rendered":"","protected":false},"author":1,"featured_media":0,"parent":0,"menu_order":0,"comment_status":"closed","ping_status":"closed","template":"","meta":{"footnotes":""},"_links":{"self":[{"href":"https:\/\/alt.bzi-rs.de\/index.php\/wp-json\/wp\/v2\/pages\/11855"}],"collection":[{"href":"https:\/\/alt.bzi-rs.de\/index.php\/wp-json\/wp\/v2\/pages"}],"about":[{"href":"https:\/\/alt.bzi-rs.de\/index.php\/wp-json\/wp\/v2\/types\/page"}],"author":[{"embeddable":true,"href":"https:\/\/alt.bzi-rs.de\/index.php\/wp-json\/wp\/v2\/users\/1"}],"replies":[{"embeddable":true,"href":"https:\/\/alt.bzi-rs.de\/index.php\/wp-json\/wp\/v2\/comments?post=11855"}],"version-history":[{"count":3,"href":"https:\/\/alt.bzi-rs.de\/index.php\/wp-json\/wp\/v2\/pages\/11855\/revisions"}],"predecessor-version":[{"id":11876,"href":"https:\/\/alt.bzi-rs.de\/index.php\/wp-json\/wp\/v2\/pages\/11855\/revisions\/11876"}],"wp:attachment":[{"href":"https:\/\/alt.bzi-rs.de\/index.php\/wp-json\/wp\/v2\/media?parent=11855"}],"curies":[{"name":"wp","href":"https:\/\/api.w.org\/{rel}","templated":true}]}}