{"id":12231,"date":"2022-04-20T08:23:26","date_gmt":"2022-04-20T06:23:26","guid":{"rendered":"https:\/\/alt.bzi-rs.de\/?page_id=12231"},"modified":"2022-04-20T09:26:41","modified_gmt":"2022-04-20T07:26:41","slug":"marke-mit-strahlkraft","status":"publish","type":"page","link":"https:\/\/alt.bzi-rs.de\/index.php\/marke-mit-strahlkraft\/","title":{"rendered":"Marke mit Strahlkraft"},"content":{"rendered":"<div class=\"fusion-fullwidth fullwidth-box fusion-builder-row-1 fusion-flex-container nonhundred-percent-fullwidth non-hundred-percent-height-scrolling\" style=\"background-color: rgba(255,255,255,0);background-position: center center;background-repeat: no-repeat;border-width: 0px 0px 0px 0px;border-color:#eae9e9;border-style:solid;\" ><div class=\"fusion-builder-row fusion-row fusion-flex-align-items-flex-start\" style=\"max-width:1248px;margin-left: calc(-4% \/ 2 );margin-right: calc(-4% \/ 2 );\"><div class=\"fusion-layout-column fusion_builder_column fusion-builder-column-0 fusion_builder_column_1_1 1_1 fusion-flex-column\"><div class=\"fusion-column-wrapper fusion-flex-justify-content-flex-start fusion-content-layout-column\" style=\"background-position:left top;background-repeat:no-repeat;-webkit-background-size:cover;-moz-background-size:cover;-o-background-size:cover;background-size:cover;padding: 0px 0px 0px 0px;\"><style type=\"text\/css\">@media only screen and (max-width:1024px) {.fusion-title.fusion-title-1{margin-top:0px!important; margin-right:0px!important;margin-bottom:31px!important;margin-left:0px!important;}}@media only screen and (max-width:640px) {.fusion-title.fusion-title-1{margin-top:0px!important; margin-right:0px!important;margin-bottom:20px!important; margin-left:0px!important;}}<\/style><div class=\"fusion-title title fusion-title-1 fusion-title-text fusion-title-size-two\" style=\"margin-top:0px;margin-right:0px;margin-bottom:31px;margin-left:0px;\"><div class=\"title-sep-container title-sep-container-left fusion-no-large-visibility fusion-no-medium-visibility fusion-no-small-visibility\"><div class=\"title-sep sep-double sep-solid\" style=\"border-color:#e0dede;\"><\/div><\/div><h2 class=\"title-heading-left\" style=\"margin:0;\">Marke mit Strahlkraft<\/h2><div class=\"title-sep-container title-sep-container-right\"><div class=\"title-sep sep-double sep-solid\" style=\"border-color:#e0dede;\"><\/div><\/div><\/div><div class=\"fusion-text fusion-text-1\"><p><strong>Das Berufsbildungszentrum der Industrie (BZI) blickt in diesem Jahr auf seine<br \/>\nGr\u00fcndung vor 70 Jahren zur\u00fcck. <\/strong><\/p>\n<p><img decoding=\"async\" class=\"size-full wp-image-12241 alignright\" src=\"https:\/\/alt.bzi-rs.de\/wp-content\/uploads\/2022\/04\/pic_geschichte_02_702.jpg\" alt=\"\" width=\"240\" height=\"142\" srcset=\"https:\/\/alt.bzi-rs.de\/wp-content\/uploads\/2022\/04\/pic_geschichte_02_702-200x118.jpg 200w, https:\/\/alt.bzi-rs.de\/wp-content\/uploads\/2022\/04\/pic_geschichte_02_702.jpg 240w\" sizes=\"(max-width: 240px) 100vw, 240px\" \/>Schon vor 70 Jahren erkannten die M\u00e4nner und Frauen der ersten Stunde des Berufsbildungszentrums der Industrie (BZI) in Remscheid, dass es f\u00fcr die Sicherung des Facharbeiternachwuchses vor Ort und in der Region verl\u00e4ssliche Strukturen und Rahmenbedingungen braucht. An dieser Maxime halten Tr\u00e4ger, Mitarbeiterinnen und Mitarbeiter und Verantwortliche der BZI-Gesch\u00e4ftsleitung bis heute fest und haben R\u00e4umlichkeiten und Ausstattung des Bildungszentrums stetig weiterentwickelt und dem technischen Fortschritt angepasst.<\/p>\n<p>Am 19. April 1952 gr\u00fcndeten der Arbeitgeber-Verband von Remscheid und Umgebung e.V. und die Bergische Industrie- und Handelskammer die \u201eGemeinschaftslehrwerkstatt der Remscheider Eisen- und Metallindustrie\u201c. Ziemlich genau ein Jahr sp\u00e4ter nahm die Lehrwerkstatt ihren Betrieb mit 89 Lehrlingen auf. Zun\u00e4chst an der Ronsdorfer Stra\u00dfe, ab 1968 dann an der W\u00fcstenhagener Stra\u00dfe in einem neuen Geb\u00e4ude, das der wachsenden Zahl von Auszubildenden Rechnung trug.<\/p>\n<p>Mit der gemeinn\u00fctzigen GmbH sollten die \u00f6rtlichen Betriebe bei der Ausbildung ihres gewerblich-technischen Nachwuchses unterst\u00fctzt werden. \u201eGemeinsam sind wir st\u00e4rker. Das war von Beginn der Leitfaden, um das hohe Niveau der Ausbildungsqualit\u00e4t dauerhaft sicherzustellen\u201c, nennt Alexander Lampe, seit Anfang 2020 Gesch\u00e4ftsf\u00fchrer des BZI, die bis heute geltenden Ziele.<\/p>\n<p><img decoding=\"async\" class=\"size-full wp-image-12244 alignleft\" src=\"https:\/\/alt.bzi-rs.de\/wp-content\/uploads\/2022\/04\/pic_geschichte_01_704.jpg\" alt=\"\" width=\"240\" height=\"170\" srcset=\"https:\/\/alt.bzi-rs.de\/wp-content\/uploads\/2022\/04\/pic_geschichte_01_704-200x142.jpg 200w, https:\/\/alt.bzi-rs.de\/wp-content\/uploads\/2022\/04\/pic_geschichte_01_704.jpg 240w\" sizes=\"(max-width: 240px) 100vw, 240px\" \/>Denn nicht jeder Betrieb kann unter eigenem Dach die passenden personal- und materialintensiven Bedingungen f\u00fcr eine gute Ausbildung schaffen. \u201eWenn die Unternehmen ihre Auszubildenden zur in der Regel einj\u00e4hrigen Grundausbildung ins BZI schicken, haben sie die Gewissheit, dass die jungen Menschen mit grundlegenden und weiterf\u00fchrenden Kompetenzen und Fertigkeiten ausgestattet werden und ihre Ausbildung dann in den einzelnen Ausbildungsbetrieben fortsetzen k\u00f6nnen\u201c, sagt Mit-Gesch\u00e4ftsf\u00fchrer Frank Schmitz.<\/p>\n<p>Und das BZI stellte sich fortlaufend dem steigenden Bedarf durch bauliche und konzeptionelle Erweiterungen. Ein Schwerpunkt bei den Bauma\u00dfnahmen war in den 1970er und 80er Jahren, zuletzt gab es 2020 mit einem gro\u00dfz\u00fcgig angelegten Neubau eine Vergr\u00f6\u00dferung des Bildungscampus auf insgesamt 17.000 Quadratmeter. Neben der Fokussierung auf die Ausbildung des gewerblich-technischen Facharbeiternachwuchses wurde auch der berufsbegleitenden Weiterbildung und Qualifizierung gro\u00dfe Aufmerksamkeit geschenkt. Das Portfolio an entsprechenden Kursen, Lehrg\u00e4ngen, Workshops bis hin zur M\u00f6glichkeit eines akademischen Abschlusses wuchs und w\u00e4chst stetig weiter. Am Puls der Zeit war und ist man auch bei der Digitalisierung, die bei Aus- und Weiterbildung einen gro\u00dfen Stellenwert einnimmt.<\/p>\n<p>Dieser Entwicklung wurde auch in der Namensgebung Tribut gezollt. Im Jahr 1997 wurde aus der Gemeinschaftslehrwerkstatt das Berufsbildungszentrum der Remscheider Metall- und Elektroindustrie. Seither ist das \u201eBZI\u201c zu einem Qualit\u00e4tsmerkmal und zu einer Marke geworden, die weit \u00fcber die Stadtgrenzen Strahlkraft entfaltet. \u201eAn den Visionen unserer Vorg\u00e4nger wollen wir festhalten und genauso den Anspr\u00fcchen unserer Kundinnen und Kunden, der Ausbildungsbetriebe, unserer Auszubildenden und unserer Weiterbildungsteilnehmerinnen und -teilnehmer gerecht werden. Die Vergangenheit bildet ein sicheres Fundament f\u00fcr eine gute Zukunft\u201c, bekr\u00e4ftigt Alexander Lampe.<\/p>\n<\/div><\/div><style type=\"text\/css\">.fusion-body .fusion-builder-column-0{width:100% !important;margin-top : 0px;margin-bottom : 0px;}.fusion-builder-column-0 > .fusion-column-wrapper {padding-top : 0px !important;padding-right : 0px !important;margin-right : 1.92%;padding-bottom : 0px !important;padding-left : 0px !important;margin-left : 1.92%;}@media only screen and (max-width:1024px) {.fusion-body .fusion-builder-column-0{width:100% !important;order : 0;}.fusion-builder-column-0 > .fusion-column-wrapper {margin-right : 1.92%;margin-left : 1.92%;}}@media only screen and (max-width:640px) {.fusion-body .fusion-builder-column-0{width:100% !important;order : 0;}.fusion-builder-column-0 > .fusion-column-wrapper {margin-right : 1.92%;margin-left : 1.92%;}}<\/style><\/div><\/div><style type=\"text\/css\">.fusion-body .fusion-flex-container.fusion-builder-row-1{ padding-top : 0px;margin-top : 0px;padding-right : 0px;padding-bottom : 0px;margin-bottom : 0px;padding-left : 0px;}<\/style><\/div>\n","protected":false},"excerpt":{"rendered":"","protected":false},"author":1,"featured_media":0,"parent":0,"menu_order":0,"comment_status":"closed","ping_status":"closed","template":"","meta":{"footnotes":""},"_links":{"self":[{"href":"https:\/\/alt.bzi-rs.de\/index.php\/wp-json\/wp\/v2\/pages\/12231"}],"collection":[{"href":"https:\/\/alt.bzi-rs.de\/index.php\/wp-json\/wp\/v2\/pages"}],"about":[{"href":"https:\/\/alt.bzi-rs.de\/index.php\/wp-json\/wp\/v2\/types\/page"}],"author":[{"embeddable":true,"href":"https:\/\/alt.bzi-rs.de\/index.php\/wp-json\/wp\/v2\/users\/1"}],"replies":[{"embeddable":true,"href":"https:\/\/alt.bzi-rs.de\/index.php\/wp-json\/wp\/v2\/comments?post=12231"}],"version-history":[{"count":3,"href":"https:\/\/alt.bzi-rs.de\/index.php\/wp-json\/wp\/v2\/pages\/12231\/revisions"}],"predecessor-version":[{"id":12259,"href":"https:\/\/alt.bzi-rs.de\/index.php\/wp-json\/wp\/v2\/pages\/12231\/revisions\/12259"}],"wp:attachment":[{"href":"https:\/\/alt.bzi-rs.de\/index.php\/wp-json\/wp\/v2\/media?parent=12231"}],"curies":[{"name":"wp","href":"https:\/\/api.w.org\/{rel}","templated":true}]}}