{"id":12233,"date":"2022-04-20T08:28:04","date_gmt":"2022-04-20T06:28:04","guid":{"rendered":"https:\/\/alt.bzi-rs.de\/?page_id=12233"},"modified":"2022-04-20T09:27:07","modified_gmt":"2022-04-20T07:27:07","slug":"bzi-fuer-die-ukraine","status":"publish","type":"page","link":"https:\/\/alt.bzi-rs.de\/index.php\/bzi-fuer-die-ukraine\/","title":{"rendered":"BZI f\u00fcr die Ukraine"},"content":{"rendered":"<div class=\"fusion-fullwidth fullwidth-box fusion-builder-row-1 fusion-flex-container nonhundred-percent-fullwidth non-hundred-percent-height-scrolling\" style=\"background-color: rgba(255,255,255,0);background-position: center center;background-repeat: no-repeat;border-width: 0px 0px 0px 0px;border-color:#eae9e9;border-style:solid;\" ><div class=\"fusion-builder-row fusion-row fusion-flex-align-items-flex-start\" style=\"max-width:1248px;margin-left: calc(-4% \/ 2 );margin-right: calc(-4% \/ 2 );\"><div class=\"fusion-layout-column fusion_builder_column fusion-builder-column-0 fusion_builder_column_1_1 1_1 fusion-flex-column\"><div class=\"fusion-column-wrapper fusion-flex-justify-content-flex-start fusion-content-layout-column\" style=\"background-position:left top;background-repeat:no-repeat;-webkit-background-size:cover;-moz-background-size:cover;-o-background-size:cover;background-size:cover;padding: 0px 0px 0px 0px;\"><style type=\"text\/css\">@media only screen and (max-width:1024px) {.fusion-title.fusion-title-1{margin-top:0px!important; margin-right:0px!important;margin-bottom:31px!important;margin-left:0px!important;}}@media only screen and (max-width:640px) {.fusion-title.fusion-title-1{margin-top:0px!important; margin-right:0px!important;margin-bottom:20px!important; margin-left:0px!important;}}<\/style><div class=\"fusion-title title fusion-title-1 fusion-title-text fusion-title-size-two\" style=\"margin-top:0px;margin-right:0px;margin-bottom:31px;margin-left:0px;\"><div class=\"title-sep-container title-sep-container-left fusion-no-large-visibility fusion-no-medium-visibility fusion-no-small-visibility\"><div class=\"title-sep sep-double sep-solid\" style=\"border-color:#e0dede;\"><\/div><\/div><h2 class=\"title-heading-left\" style=\"margin:0;\">BZI f\u00fcr die Ukraine<\/h2><div class=\"title-sep-container title-sep-container-right\"><div class=\"title-sep sep-double sep-solid\" style=\"border-color:#e0dede;\"><\/div><\/div><\/div><div class=\"fusion-text fusion-text-1\"><p><strong>Mitarbeiterinnen und Mitarbeiter sowie Auszubildende des Berufsbildungszentrums der Industrie (BZI) setzen sich aktiv f\u00fcr die Menschen in der Ukraine und Gefl\u00fcchtete ein. <\/strong><\/p>\n<p>Gleic<a href=\"https:\/\/alt.bzi-rs.de\/wp-content\/uploads\/2022\/03\/Lauf5.jpg\"><img decoding=\"async\" class=\"wp-image-12136 alignright\" src=\"https:\/\/alt.bzi-rs.de\/wp-content\/uploads\/2022\/03\/Lauf5-300x300.jpg\" alt=\"\" width=\"201\" height=\"201\" srcset=\"https:\/\/alt.bzi-rs.de\/wp-content\/uploads\/2022\/03\/Lauf5-66x66.jpg 66w, https:\/\/alt.bzi-rs.de\/wp-content\/uploads\/2022\/03\/Lauf5-150x150.jpg 150w, https:\/\/alt.bzi-rs.de\/wp-content\/uploads\/2022\/03\/Lauf5-200x200.jpg 200w, https:\/\/alt.bzi-rs.de\/wp-content\/uploads\/2022\/03\/Lauf5-300x300.jpg 300w, https:\/\/alt.bzi-rs.de\/wp-content\/uploads\/2022\/03\/Lauf5-400x400.jpg 400w, https:\/\/alt.bzi-rs.de\/wp-content\/uploads\/2022\/03\/Lauf5-600x600.jpg 600w, https:\/\/alt.bzi-rs.de\/wp-content\/uploads\/2022\/03\/Lauf5-768x768.jpg 768w, https:\/\/alt.bzi-rs.de\/wp-content\/uploads\/2022\/03\/Lauf5-800x800.jpg 800w, https:\/\/alt.bzi-rs.de\/wp-content\/uploads\/2022\/03\/Lauf5-1024x1024.jpg 1024w, https:\/\/alt.bzi-rs.de\/wp-content\/uploads\/2022\/03\/Lauf5.jpg 1080w\" sizes=\"(max-width: 201px) 100vw, 201px\" \/><\/a>h drei Aktionen starteten die Besch\u00e4ftigten und die Auszubildenden des Berufsbildungszentrums der Industrie (BZI), um die Ukraine-Hilfe auf unterschiedlichen Ebenen zu unterst\u00fctzen.<\/p>\n<p>So produzierte die Metallabteilung Verbinder f\u00fcr die Trennw\u00e4nde der Erstunterkunft f\u00fcr Gefl\u00fcchtete aus der Ukraine, die in der ehemaligen Hauptschule H\u00f6lterfeld eingerichtet wurde. Damit wird den Menschen, die oft tagelang auf unterschiedlichen Routen aus ihrem Heimatland geflohen sind, ein bisschen Privatsph\u00e4re und ein kleiner R\u00fcckzugsort erm\u00f6glicht.<\/p>\n<p>Bei einem Spendenlauf auf dem BZI-Gel\u00e4nde kamen weiterhin 1.000 Euro durch Startgelder und Zuwendungen benachbarter Firmen zusammen. Die BZI-Gesch\u00e4ftsleitung stockte den Spendenbetrag auf 1.000 Euro auf, die an die Hilfsorganisation \u201eBergisch Land Hand in Hand\u201c \u00fcbergeben wurden. \u201eHand in Hand\u201c unterst\u00fctzt Gefl\u00fcchtete bedarfsgerecht vor Ort in Remscheid. \u201eDamit setzen unsere Besch\u00e4ftigten, die Teilnehmenden aus den Qualifizierungsma\u00dfnahmen und unsere Auszubildenden ein Zeichen der Solidarit\u00e4t gegen Krieg, Gewalt und Unterdr\u00fcckung\u201c, sagte BZI-Gesch\u00e4ftsf\u00fchrer Alexander Lampe. Und schlie\u00dflich trugen die BZI-Teams noch Lebensmittelspenden zusammen, die in Pakete gepackt ebenso an eine Hilfsorganisation weitergebeben wurden.<\/p>\n<p>\u201eDie schrecklichen Bilder aus dem Kriegsgebiet ber\u00fchren uns alle und sind schwer zu ertragen. Es freut mich, dass meine Mitarbeiterinnen und Mitarbeiter und auch unsere Auszubildenden sich Gedanken gemacht haben, wie sie die so schwer getroffenen Menschen in der Ukraine und die Fl\u00fcchtlinge aktiv unterst\u00fctzen k\u00f6nnen. Gesellschaftliche Verantwortung wird in unserem Haus gro\u00df geschrieben\u201c, bekr\u00e4ftigt Alexander Lampe.<\/p>\n<\/div><div class=\"fusion-image-carousel fusion-image-carousel-fixed lightbox-enabled fusion-carousel-border\"><div class=\"fusion-carousel\" data-autoplay=\"no\" data-columns=\"5\" data-itemmargin=\"13\" data-itemwidth=\"180\" data-touchscroll=\"no\" data-imagesize=\"fixed\"><div class=\"fusion-carousel-positioner\"><ul class=\"fusion-carousel-holder\"><li class=\"fusion-carousel-item\"><div class=\"fusion-carousel-item-wrapper\"><div class=\"fusion-image-wrapper hover-type-zoomin\"><a data-rel=\"iLightbox[image_carousel_1]\" data-title=\"Feuerwehr Remscheid Verbinder\" aria-label=\"Feuerwehr Remscheid Verbinder\" href=\"https:\/\/alt.bzi-rs.de\/wp-content\/uploads\/2022\/04\/Feuerwehr-Remscheid-Verbinder.jpg\" target=\"_self\"><img decoding=\"async\" width=\"320\" height=\"202\" src=\"https:\/\/alt.bzi-rs.de\/wp-content\/uploads\/2022\/04\/Feuerwehr-Remscheid-Verbinder-320x202.jpg\" class=\"attachment-blog-medium size-blog-medium\" alt=\"\" \/><\/a><\/div><\/div><\/li><li class=\"fusion-carousel-item\"><div class=\"fusion-carousel-item-wrapper\"><div class=\"fusion-image-wrapper hover-type-zoomin\"><a data-rel=\"iLightbox[image_carousel_1]\" data-title=\"Lauf5\" aria-label=\"Lauf5\" href=\"https:\/\/alt.bzi-rs.de\/wp-content\/uploads\/2022\/03\/Lauf5.jpg\" target=\"_self\"><img decoding=\"async\" width=\"320\" height=\"202\" src=\"https:\/\/alt.bzi-rs.de\/wp-content\/uploads\/2022\/03\/Lauf5-320x202.jpg\" class=\"attachment-blog-medium size-blog-medium\" alt=\"\" \/><\/a><\/div><\/div><\/li><li class=\"fusion-carousel-item\"><div class=\"fusion-carousel-item-wrapper\"><div class=\"fusion-image-wrapper hover-type-zoomin\"><a data-rel=\"iLightbox[image_carousel_1]\" data-title=\"HandinHand\" aria-label=\"HandinHand\" href=\"https:\/\/alt.bzi-rs.de\/wp-content\/uploads\/2022\/04\/HandinHand-scaled.jpg\" target=\"_self\"><img decoding=\"async\" width=\"320\" height=\"202\" src=\"https:\/\/alt.bzi-rs.de\/wp-content\/uploads\/2022\/04\/HandinHand-320x202.jpg\" class=\"attachment-blog-medium size-blog-medium\" alt=\"\" \/><\/a><\/div><\/div><\/li><li class=\"fusion-carousel-item\"><div class=\"fusion-carousel-item-wrapper\"><div class=\"fusion-image-wrapper hover-type-zoomin\"><a data-rel=\"iLightbox[image_carousel_1]\" data-title=\"Hilfsaktion-Ukraine-3\" aria-label=\"Hilfsaktion-Ukraine-3\" href=\"https:\/\/alt.bzi-rs.de\/wp-content\/uploads\/2022\/04\/Hilfsaktion-Ukraine-3.jpg\" target=\"_self\"><img decoding=\"async\" width=\"320\" height=\"202\" src=\"https:\/\/alt.bzi-rs.de\/wp-content\/uploads\/2022\/04\/Hilfsaktion-Ukraine-3-320x202.jpg\" class=\"attachment-blog-medium size-blog-medium\" alt=\"\" \/><\/a><\/div><\/div><\/li><\/ul><div class=\"fusion-carousel-nav\"><span class=\"fusion-nav-prev\"><\/span><span class=\"fusion-nav-next\"><\/span><\/div><\/div><\/div><\/div><\/div><style type=\"text\/css\">.fusion-body .fusion-builder-column-0{width:100% !important;margin-top : 0px;margin-bottom : 0px;}.fusion-builder-column-0 > .fusion-column-wrapper {padding-top : 0px !important;padding-right : 0px !important;margin-right : 1.92%;padding-bottom : 0px !important;padding-left : 0px !important;margin-left : 1.92%;}@media only screen and (max-width:1024px) {.fusion-body .fusion-builder-column-0{width:100% !important;order : 0;}.fusion-builder-column-0 > .fusion-column-wrapper {margin-right : 1.92%;margin-left : 1.92%;}}@media only screen and (max-width:640px) {.fusion-body .fusion-builder-column-0{width:100% !important;order : 0;}.fusion-builder-column-0 > .fusion-column-wrapper {margin-right : 1.92%;margin-left : 1.92%;}}<\/style><\/div><\/div><style type=\"text\/css\">.fusion-body .fusion-flex-container.fusion-builder-row-1{ padding-top : 0px;margin-top : 0px;padding-right : 0px;padding-bottom : 0px;margin-bottom : 0px;padding-left : 0px;}<\/style><\/div>\n","protected":false},"excerpt":{"rendered":"","protected":false},"author":1,"featured_media":0,"parent":0,"menu_order":0,"comment_status":"closed","ping_status":"closed","template":"","meta":{"footnotes":""},"_links":{"self":[{"href":"https:\/\/alt.bzi-rs.de\/index.php\/wp-json\/wp\/v2\/pages\/12233"}],"collection":[{"href":"https:\/\/alt.bzi-rs.de\/index.php\/wp-json\/wp\/v2\/pages"}],"about":[{"href":"https:\/\/alt.bzi-rs.de\/index.php\/wp-json\/wp\/v2\/types\/page"}],"author":[{"embeddable":true,"href":"https:\/\/alt.bzi-rs.de\/index.php\/wp-json\/wp\/v2\/users\/1"}],"replies":[{"embeddable":true,"href":"https:\/\/alt.bzi-rs.de\/index.php\/wp-json\/wp\/v2\/comments?post=12233"}],"version-history":[{"count":7,"href":"https:\/\/alt.bzi-rs.de\/index.php\/wp-json\/wp\/v2\/pages\/12233\/revisions"}],"predecessor-version":[{"id":12261,"href":"https:\/\/alt.bzi-rs.de\/index.php\/wp-json\/wp\/v2\/pages\/12233\/revisions\/12261"}],"wp:attachment":[{"href":"https:\/\/alt.bzi-rs.de\/index.php\/wp-json\/wp\/v2\/media?parent=12233"}],"curies":[{"name":"wp","href":"https:\/\/api.w.org\/{rel}","templated":true}]}}