{"id":12235,"date":"2022-04-20T08:30:16","date_gmt":"2022-04-20T06:30:16","guid":{"rendered":"https:\/\/alt.bzi-rs.de\/?page_id=12235"},"modified":"2022-04-20T09:25:53","modified_gmt":"2022-04-20T07:25:53","slug":"869-euro-fuer-die-nummer-gegen-kummer","status":"publish","type":"page","link":"https:\/\/alt.bzi-rs.de\/index.php\/869-euro-fuer-die-nummer-gegen-kummer\/","title":{"rendered":"869 Euro f\u00fcr die \u201eNummer gegen Kummer\u201c"},"content":{"rendered":"<p><div class=\"fusion-fullwidth fullwidth-box fusion-builder-row-1 fusion-flex-container nonhundred-percent-fullwidth non-hundred-percent-height-scrolling\" style=\"background-color: rgba(255,255,255,0);background-position: center center;background-repeat: no-repeat;border-width: 0px 0px 0px 0px;border-color:#eae9e9;border-style:solid;\" ><div class=\"fusion-builder-row fusion-row fusion-flex-align-items-flex-start\" style=\"max-width:1248px;margin-left: calc(-4% \/ 2 );margin-right: calc(-4% \/ 2 );\"><div class=\"fusion-layout-column fusion_builder_column fusion-builder-column-0 fusion_builder_column_1_1 1_1 fusion-flex-column\"><div class=\"fusion-column-wrapper fusion-flex-justify-content-flex-start fusion-content-layout-column\" style=\"background-position:left top;background-repeat:no-repeat;-webkit-background-size:cover;-moz-background-size:cover;-o-background-size:cover;background-size:cover;padding: 0px 0px 0px 0px;\"><style type=\"text\/css\">@media only screen and (max-width:1024px) {.fusion-title.fusion-title-1{margin-top:0px!important; margin-right:0px!important;margin-bottom:31px!important;margin-left:0px!important;}}@media only screen and (max-width:640px) {.fusion-title.fusion-title-1{margin-top:0px!important; margin-right:0px!important;margin-bottom:20px!important; margin-left:0px!important;}}<\/style><div class=\"fusion-title title fusion-title-1 fusion-title-text fusion-title-size-two\" style=\"margin-top:0px;margin-right:0px;margin-bottom:31px;margin-left:0px;\"><div class=\"title-sep-container title-sep-container-left fusion-no-large-visibility fusion-no-medium-visibility fusion-no-small-visibility\"><div class=\"title-sep sep-double sep-solid\" style=\"border-color:#e0dede;\"><\/div><\/div><h2 class=\"title-heading-left\" style=\"margin:0;\">869 Euro f\u00fcr die \u201eNummer gegen Kummer\u201c<\/h2><div class=\"title-sep-container title-sep-container-right\"><div class=\"title-sep sep-double sep-solid\" style=\"border-color:#e0dede;\"><\/div><\/div><\/div><\/div><style type=\"text\/css\">.fusion-body .fusion-builder-column-0{width:100% !important;margin-top : 0px;margin-bottom : 0px;}.fusion-builder-column-0 > .fusion-column-wrapper {padding-top : 0px !important;padding-right : 0px !important;margin-right : 1.92%;padding-bottom : 0px !important;padding-left : 0px !important;margin-left : 1.92%;}@media only screen and (max-width:1024px) {.fusion-body .fusion-builder-column-0{width:100% !important;order : 0;}.fusion-builder-column-0 > .fusion-column-wrapper {margin-right : 1.92%;margin-left : 1.92%;}}@media only screen and (max-width:640px) {.fusion-body .fusion-builder-column-0{width:100% !important;order : 0;}.fusion-builder-column-0 > .fusion-column-wrapper {margin-right : 1.92%;margin-left : 1.92%;}}<\/style><\/div><\/div><style type=\"text\/css\">.fusion-body .fusion-flex-container.fusion-builder-row-1{ padding-top : 0px;margin-top : 0px;padding-right : 0px;padding-bottom : 0px;margin-bottom : 0px;padding-left : 0px;}<\/style><\/div><div class=\"fusion-fullwidth fullwidth-box fusion-builder-row-2 fusion-flex-container nonhundred-percent-fullwidth non-hundred-percent-height-scrolling\" style=\"background-color: rgba(255,255,255,0);background-position: center center;background-repeat: no-repeat;border-width: 0px 0px 0px 0px;border-color:#eae9e9;border-style:solid;\" ><div class=\"fusion-builder-row fusion-row fusion-flex-align-items-flex-start\" style=\"max-width:1248px;margin-left: calc(-4% \/ 2 );margin-right: calc(-4% \/ 2 );\"><div class=\"fusion-layout-column fusion_builder_column fusion-builder-column-1 fusion_builder_column_3_5 3_5 fusion-flex-column\"><div class=\"fusion-column-wrapper fusion-flex-justify-content-flex-start fusion-content-layout-column\" style=\"background-position:left top;background-repeat:no-repeat;-webkit-background-size:cover;-moz-background-size:cover;-o-background-size:cover;background-size:cover;padding: 0px 0px 0px 0px;\"><div class=\"fusion-text fusion-text-1\"><p><strong>Der Reinerl\u00f6s der Tage der offenen T\u00fcr im Berufsbildungszentrum der Industrie ging an das Kinder- und Jugendtelefon des Remscheider Kinderschutzbundes. <\/strong><\/p>\n<p>Nach Corona-bedingter Pause konnten im letzten Herbst endlich wieder die Tage der offenen T\u00fcr im Berufsbildungszentrum der Industrie (BZI) stattfinden. Der Reinerl\u00f6s aus vielerlei Aktionen kommt erneut der \u201eNummer gegen Kummer\u201c zugute. Ein symbolischer Scheck in H\u00f6he von 869,60 Euro wurde jetzt durch BZI-Ausbilder Michael Majewski an Andrea Homfeld vom Remscheider Kinderschutzbund \u00fcberreicht. \u201eAls Berufsbildungs-zentrum haben wir in der fr\u00fchen Berufsorientierung, in den zahlreichen Kontakten zu den Schulen vor Ort und nat\u00fcrlich im Bereich der Ausbildung mit vielen jungen Menschen zu tun. Daher ist es uns ein gro\u00dfes Anliegen, eine so wichtige Einrichtung wie das Kinder- und Jugendtelefon des Remscheider Kinderschutzbundes zu unterst\u00fctzen. Wir wissen, dass es Problemlagen geben kann, die junge Leute nicht alleine bew\u00e4ltigen k\u00f6nnen\u201c, betont BZI-Gesch\u00e4ftsf\u00fchrer Alexander Lampe.<\/p>\n<p>Die \u201eNummer gegen Kummer\u201c ist ein wichtiges Angebot, um Kindern und Jugendlichen in schwierigen Lebenssituationen zur Seite zu stehen. Explizit werden Ehrenamtliche auf diese Aufgabe vorbereitet. Genauso gibt es regelm\u00e4\u00dfige Schulungen, um die Kompetenz der Mitarbeitenden stetig zu erweitern und neue Erkenntnisse in die Arbeit einflie\u00dfen zu lassen. Rund 3.000 Anrufe werden alleine in Remscheid j\u00e4hrlich \u00fcber die Beratungshotline entgegengenommen. Manchmal reicht ein offenes Ohr, um den Rat- und Hilfesuchenden in einer momentanen Problemlage Beistand zu geben. Anderen wird Selbstvertrauen in ihre eigenen F\u00e4higkeiten vermittelt und mit den Beraterinnen und Beratern werden gemeinsam L\u00f6sungsstrategien f\u00fcr die individuellen Probleme erarbeitet. Nicht selten entwickeln sich aus dem ersten Kontakt \u00fcber das Beratungstelefon aber auch komplexere Beratungen durch weiterreichende Hilfsangebote und Beratungsstellen. Thematisch geht es h\u00e4ufig um Pubert\u00e4t und Partnerschaft, aber auch immer wieder um Gewalterfahrungen.<\/p>\n<p><strong>Das Kinder- und Jugendtelefon ist montags bis samstags von 14 bis 20 Uhr unter der Rufnummer 116 111 zu erreichen<\/strong><\/p>\n<\/div><\/div><style type=\"text\/css\">.fusion-body .fusion-builder-column-1{width:60% !important;margin-top : 0px;margin-bottom : 0px;}.fusion-builder-column-1 > .fusion-column-wrapper {padding-top : 0px !important;padding-right : 0px !important;margin-right : 3.2%;padding-bottom : 0px !important;padding-left : 0px !important;margin-left : 3.2%;}@media only screen and (max-width:1024px) {.fusion-body .fusion-builder-column-1{width:100% !important;order : 0;}.fusion-builder-column-1 > .fusion-column-wrapper {margin-right : 1.92%;margin-left : 1.92%;}}@media only screen and (max-width:640px) {.fusion-body .fusion-builder-column-1{width:100% !important;order : 0;}.fusion-builder-column-1 > .fusion-column-wrapper {margin-right : 1.92%;margin-left : 1.92%;}}<\/style><\/div><div class=\"fusion-layout-column fusion_builder_column fusion-builder-column-2 fusion_builder_column_2_5 2_5 fusion-flex-column\"><div class=\"fusion-column-wrapper fusion-flex-justify-content-flex-start fusion-content-layout-column\" style=\"background-position:left top;background-repeat:no-repeat;-webkit-background-size:cover;-moz-background-size:cover;-o-background-size:cover;background-size:cover;padding: 0px 0px 0px 0px;\"><div ><div class=\"imageframe-liftup\"><span class=\" fusion-imageframe imageframe-none imageframe-1\"><img decoding=\"async\" width=\"2362\" height=\"1772\" alt=\"BZI-Ausbilder Michael Majewski \u00fcbergab einen symbolischen Scheck in H\u00f6he von 869,60 Euro an Andrea Homfeld, Koordinatorin f\u00fcr das Kinder- und Jugendtelefon beim Kinderschutzbund Remscheid e.V \" title=\"Spende_BZI\" src=\"https:\/\/alt.bzi-rs.de\/wp-content\/uploads\/2022\/04\/Spende_BZI.jpg\" class=\"img-responsive wp-image-12252\" srcset=\"https:\/\/alt.bzi-rs.de\/wp-content\/uploads\/2022\/04\/Spende_BZI-200x150.jpg 200w, https:\/\/alt.bzi-rs.de\/wp-content\/uploads\/2022\/04\/Spende_BZI-400x300.jpg 400w, https:\/\/alt.bzi-rs.de\/wp-content\/uploads\/2022\/04\/Spende_BZI-600x450.jpg 600w, https:\/\/alt.bzi-rs.de\/wp-content\/uploads\/2022\/04\/Spende_BZI-800x600.jpg 800w, https:\/\/alt.bzi-rs.de\/wp-content\/uploads\/2022\/04\/Spende_BZI-1200x900.jpg 1200w, https:\/\/alt.bzi-rs.de\/wp-content\/uploads\/2022\/04\/Spende_BZI.jpg 2362w\" sizes=\"(max-width: 1024px) 100vw, (max-width: 640px) 100vw, 600px\" \/><\/span><\/div><\/div><div class=\"fusion-text fusion-text-2\"><p>BZI-Ausbilder Michael Majewski \u00fcbergab einen symbolischen Scheck in H\u00f6he von 869,60 Euro an Andrea Homfeld, Koordinatorin f\u00fcr das Kinder- und Jugendtelefon beim Kinderschutzbund Remscheid e.V<\/p>\n<\/div><\/div><style type=\"text\/css\">.fusion-body .fusion-builder-column-2{width:40% !important;margin-top : 0px;margin-bottom : 0px;}.fusion-builder-column-2 > .fusion-column-wrapper {padding-top : 0px !important;padding-right : 0px !important;margin-right : 4.8%;padding-bottom : 0px !important;padding-left : 0px !important;margin-left : 4.8%;}@media only screen and (max-width:1024px) {.fusion-body .fusion-builder-column-2{width:100% !important;order : 0;}.fusion-builder-column-2 > .fusion-column-wrapper {margin-right : 1.92%;margin-left : 1.92%;}}@media only screen and (max-width:640px) {.fusion-body .fusion-builder-column-2{width:100% !important;order : 0;}.fusion-builder-column-2 > .fusion-column-wrapper {margin-right : 1.92%;margin-left : 1.92%;}}<\/style><\/div><\/div><style type=\"text\/css\">.fusion-body .fusion-flex-container.fusion-builder-row-2{ padding-top : 0px;margin-top : 0px;padding-right : 0px;padding-bottom : 0px;margin-bottom : 0px;padding-left : 0px;}<\/style><\/div><\/p>\n","protected":false},"excerpt":{"rendered":"","protected":false},"author":1,"featured_media":0,"parent":0,"menu_order":0,"comment_status":"closed","ping_status":"closed","template":"","meta":{"footnotes":""},"_links":{"self":[{"href":"https:\/\/alt.bzi-rs.de\/index.php\/wp-json\/wp\/v2\/pages\/12235"}],"collection":[{"href":"https:\/\/alt.bzi-rs.de\/index.php\/wp-json\/wp\/v2\/pages"}],"about":[{"href":"https:\/\/alt.bzi-rs.de\/index.php\/wp-json\/wp\/v2\/types\/page"}],"author":[{"embeddable":true,"href":"https:\/\/alt.bzi-rs.de\/index.php\/wp-json\/wp\/v2\/users\/1"}],"replies":[{"embeddable":true,"href":"https:\/\/alt.bzi-rs.de\/index.php\/wp-json\/wp\/v2\/comments?post=12235"}],"version-history":[{"count":7,"href":"https:\/\/alt.bzi-rs.de\/index.php\/wp-json\/wp\/v2\/pages\/12235\/revisions"}],"predecessor-version":[{"id":12255,"href":"https:\/\/alt.bzi-rs.de\/index.php\/wp-json\/wp\/v2\/pages\/12235\/revisions\/12255"}],"wp:attachment":[{"href":"https:\/\/alt.bzi-rs.de\/index.php\/wp-json\/wp\/v2\/media?parent=12235"}],"curies":[{"name":"wp","href":"https:\/\/api.w.org\/{rel}","templated":true}]}}