{"id":1227,"date":"2018-03-19T10:49:54","date_gmt":"2018-03-19T09:49:54","guid":{"rendered":"https:\/\/alt.bzi-rs.de\/?page_id=1227"},"modified":"2018-09-20T10:24:41","modified_gmt":"2018-09-20T08:24:41","slug":"it-berufe","status":"publish","type":"page","link":"https:\/\/alt.bzi-rs.de\/index.php\/it-berufe\/","title":{"rendered":"IT-Berufe"},"content":{"rendered":"<div class=\"fusion-fullwidth fullwidth-box fusion-builder-row-1 nonhundred-percent-fullwidth non-hundred-percent-height-scrolling\" style=\"background-color: rgba(255,255,255,0);background-position: center center;background-repeat: no-repeat;padding-top:0px;padding-right:0px;padding-bottom:0px;padding-left:0px;margin-bottom: 0px;margin-top: 0px;border-width: 0px 0px 0px 0px;border-color:#eae9e9;border-style:solid;\" ><div class=\"fusion-builder-row fusion-row\"><div class=\"fusion-layout-column fusion_builder_column fusion-builder-column-0 fusion_builder_column_1_1 1_1 fusion-one-full fusion-column-first fusion-column-last\" style=\"margin-top:0px;margin-bottom:0px;\"><div class=\"fusion-column-wrapper fusion-flex-column-wrapper-legacy\" style=\"background-position:left top;background-repeat:no-repeat;-webkit-background-size:cover;-moz-background-size:cover;-o-background-size:cover;background-size:cover;padding: 0px 0px 0px 0px;\"><style type=\"text\/css\"><\/style><div class=\"fusion-title title fusion-title-1 fusion-sep-none fusion-title-text fusion-title-size-two\" style=\"margin-top:0px;margin-right:0px;margin-bottom:31px;margin-left:0px;\"><h2 class=\"title-heading-left\" style=\"margin:0;\">IT-Berufe<\/h2><\/div><div class=\"fusion-text fusion-text-1\"><div id=\"main_content\">\n<p>Der Facharbeiter von heute sollte, um den hohen, nicht nur technischen Anforderungen in der Industrie gerecht zu werden, Handlungskompetenz besitzen, welche das blo\u00dfe Fachwissen bei weitem \u00fcbersteigt. Deshalb muss gerade in der Ausbildung darauf geachtet werden, das neben der Technik auch Arbeitsplanung und Probleml\u00f6sungsverhalten geschult werden. Unsere Ausbildungsmethoden sind darauf abgestimmt.<\/p>\n<p>Das BZI ist das technische Aus- und Weiterbildungszentrum des Bergischen Landes. Wir bieten, als \u00fcberbetriebliche Ausbildungswerkstatt, f\u00fcr die meist mittelst\u00e4ndischen Betriebe des Bergischen Landes die komplette Grund- und Fachausbildung in \u00fcber 30 gewerblichen Berufen der Metall-, Elektro- und IT-Technik an.<\/p>\n<p>F\u00fcr die <strong>Fachausbildung<\/strong> (ab dem 2. Ausbildungsjahr bis zum Facharbeiterabschluss) bieten wir f\u00fcr die Auszubildenden der Metall-, Elektro- und IT-Berufe einen Katalog an Fachlehrg\u00e4ngen an, aus denen der Ausbildungsbetrieb entsprechend des jeweiligen Bedarfs ausw\u00e4hlen kann und die im Rahmen der betrieblichen Ausbildung besucht werden.<\/p>\n<p><strong>Eine moderne Ausbildung ist die Grundlage f\u00fcr eine erfolgreiche berufliche Zukunft!<\/strong><\/p>\n<\/div>\n<\/div><div class=\"fusion-clearfix\"><\/div><\/div><\/div><\/div><\/div>\n","protected":false},"excerpt":{"rendered":"","protected":false},"author":1,"featured_media":0,"parent":0,"menu_order":166,"comment_status":"closed","ping_status":"closed","template":"","meta":{"footnotes":""},"_links":{"self":[{"href":"https:\/\/alt.bzi-rs.de\/index.php\/wp-json\/wp\/v2\/pages\/1227"}],"collection":[{"href":"https:\/\/alt.bzi-rs.de\/index.php\/wp-json\/wp\/v2\/pages"}],"about":[{"href":"https:\/\/alt.bzi-rs.de\/index.php\/wp-json\/wp\/v2\/types\/page"}],"author":[{"embeddable":true,"href":"https:\/\/alt.bzi-rs.de\/index.php\/wp-json\/wp\/v2\/users\/1"}],"replies":[{"embeddable":true,"href":"https:\/\/alt.bzi-rs.de\/index.php\/wp-json\/wp\/v2\/comments?post=1227"}],"version-history":[{"count":5,"href":"https:\/\/alt.bzi-rs.de\/index.php\/wp-json\/wp\/v2\/pages\/1227\/revisions"}],"predecessor-version":[{"id":2128,"href":"https:\/\/alt.bzi-rs.de\/index.php\/wp-json\/wp\/v2\/pages\/1227\/revisions\/2128"}],"wp:attachment":[{"href":"https:\/\/alt.bzi-rs.de\/index.php\/wp-json\/wp\/v2\/media?parent=1227"}],"curies":[{"name":"wp","href":"https:\/\/api.w.org\/{rel}","templated":true}]}}