{"id":1233,"date":"2018-03-19T10:52:33","date_gmt":"2018-03-19T09:52:33","guid":{"rendered":"https:\/\/alt.bzi-rs.de\/?page_id=1233"},"modified":"2019-01-17T09:31:55","modified_gmt":"2019-01-17T08:31:55","slug":"technischer-produktdesigner","status":"publish","type":"page","link":"https:\/\/alt.bzi-rs.de\/index.php\/technischer-produktdesigner\/","title":{"rendered":"Technischer Produktdesigner"},"content":{"rendered":"<div class=\"fusion-fullwidth fullwidth-box fusion-builder-row-1 nonhundred-percent-fullwidth non-hundred-percent-height-scrolling\" style=\"background-color: rgba(255,255,255,0);background-position: center center;background-repeat: no-repeat;padding-top:0px;padding-right:0px;padding-bottom:0px;padding-left:0px;margin-bottom: 0px;margin-top: 0px;border-width: 0px 0px 0px 0px;border-color:#eae9e9;border-style:solid;\" ><div class=\"fusion-builder-row fusion-row\"><div class=\"fusion-layout-column fusion_builder_column fusion-builder-column-0 fusion_builder_column_1_1 1_1 fusion-one-full fusion-column-first fusion-column-last\" style=\"margin-top:0px;margin-bottom:0px;\"><div class=\"fusion-column-wrapper fusion-flex-column-wrapper-legacy\" style=\"background-position:left top;background-repeat:no-repeat;-webkit-background-size:cover;-moz-background-size:cover;-o-background-size:cover;background-size:cover;padding: 0px 0px 0px 0px;\"><style type=\"text\/css\"><\/style><div class=\"fusion-title title fusion-title-1 fusion-sep-none fusion-title-text fusion-title-size-two\" style=\"margin-top:0px;margin-right:0px;margin-bottom:31px;margin-left:0px;\"><h2 class=\"title-heading-left\" style=\"margin:0;\">Technischer Produktdesigner<\/h2><\/div><div class=\"fusion-text fusion-text-1\"><div id=\"main_content\">\n<p>Der Facharbeiter von heute sollte, um den hohen, nicht nur technischen Anforderungen in der Industrie gerecht zu werden, Handlungskompetenz besitzen, welche das blo\u00dfe Fachwissen bei weitem \u00fcbersteigt. Deshalb muss gerade in der Ausbildung darauf geachtet werden, das neben der Technik auch Arbeitsplanung und Probleml\u00f6sungsverhalten geschult werden. Unsere Ausbildungsmethoden sind darauf abgestimmt.<\/p>\n<p>Das BZI ist das technische Aus- und Weiterbildungszentrum des Bergischen Landes. Wir bieten, als \u00fcberbetriebliche Ausbildungswerkstatt, f\u00fcr die meist mittelst\u00e4ndischen Betriebe des Bergischen Landes die komplette Grund- und Fachausbildung in \u00fcber 30 gewerblichen Berufen der Metall-, Elektro- und IT-Technik an.<\/p>\n<p><strong>Gewerbliche Metall Grundausbildung<\/strong><\/p>\n<p><strong>Ziel:<br \/>\n<\/strong>Die Teilnehmer\/innen (Auszubildende im 1. Ausbildungsjahr) erlernen in Anlehnung an den Ausbildungsrahmenlehrplan Inhalte f\u00fcr Ihre Grundausbildung in den ersten 12 Monaten.<\/p>\n<p><strong>Zielgruppe:<br \/>\n<\/strong>Auszubildende in den gewerblichen Metallberufen im 1. Ausbildungsjahr.<\/p>\n<p><strong>Inhalte aus den Lernfeldern 1-3:<\/strong><\/p>\n<p>Betriebliche technische Kommunikation<\/p>\n<ul>\n<li>Zeichnungslesen<\/li>\n<\/ul>\n<p>Planen, Organisieren und Bewerten der Arbeitsergebnisse<\/p>\n<p>Unterscheiden, Zuordnen und Handhaben von Werk- und Hilfsstoffen<\/p>\n<ul>\n<li>Stahlverarbeitung<\/li>\n<li>Kunststoffverarbeitung<\/li>\n<li>Aluminiumverarbeitung<\/li>\n<li>Messingbearbeitung<\/li>\n<\/ul>\n<p>Herstellen von Bauteilen und Baugruppen<br \/>\nMaschinelle Fertigungsverfahren<\/p>\n<ul>\n<li>Bohren, Senken und Reiben<\/li>\n<li>Fr\u00e4sen<\/li>\n<li>Drehen<\/li>\n<li>Schleifen<\/li>\n<\/ul>\n<p>Manuelle Fertigungsverfahren<\/p>\n<ul>\n<li>Feilen<\/li>\n<li>Mei\u00dfeln<\/li>\n<li>Gewindeschneiden<\/li>\n<\/ul>\n<p>Bearbeiten von Auftr\u00e4gen aus der Anlagentechnik<\/p>\n<p>Herstellen und Montieren von Bauteilen und Baugruppen<\/p>\n<p>L\u00f6sbare Verbindungen<\/p>\n<ul>\n<li>Schrauben Stiftverbindung<\/li>\n<\/ul>\n<p>Unl\u00f6sbare Verbindungen<\/p>\n<ul>\n<li>Schwei\u00dfen<\/li>\n<li>Kleben<\/li>\n<li>Nieten<\/li>\n<\/ul>\n<p>Anwenden der Steuerungstechnik<\/p>\n<ul>\n<li>Grundlagen der Pneumatik<\/li>\n<li>Elektrotechnik f\u00fcr Metallberufe<\/li>\n<\/ul>\n<p>F\u00fcr die Industrieunternehmen des Bergischen Landes wollen wir individuelle L\u00f6sungen anbieten, die auf die jeweilige betriebliche Ausbildungssituation passt. Es k\u00f6nnen daher, je nach Bedarf, auch nur Teilinhalte aus den Lernfeldern ausgew\u00e4hlt und in einem verk\u00fcrzten Lehrgang absolviert werden.<\/p>\n<p>F\u00fcr die Fachausbildung (ab dem 2. Ausbildungsjahr bis zum Facharbeiterabschluss) bieten wir f\u00fcr die Auszubildenden der Metall-, Elektro- und IT-Berufe einen Katalog an Fachlehrg\u00e4ngen an, aus denen der Ausbildungsbetrieb entsprechend des jeweiligen Bedarfs ausw\u00e4hlen kann und die im Rahmen der betrieblichen Ausbildung besucht werden.<\/p>\n<p><strong>Eine moderne Ausbildung ist die Grundlage f\u00fcr eine erfolgreiche berufliche Zukunft!<\/strong><\/p>\n<\/div>\n<\/div><div class=\"fusion-clearfix\"><\/div><\/div><\/div><\/div><\/div>\n","protected":false},"excerpt":{"rendered":"","protected":false},"author":1,"featured_media":0,"parent":0,"menu_order":165,"comment_status":"closed","ping_status":"closed","template":"","meta":{"footnotes":""},"_links":{"self":[{"href":"https:\/\/alt.bzi-rs.de\/index.php\/wp-json\/wp\/v2\/pages\/1233"}],"collection":[{"href":"https:\/\/alt.bzi-rs.de\/index.php\/wp-json\/wp\/v2\/pages"}],"about":[{"href":"https:\/\/alt.bzi-rs.de\/index.php\/wp-json\/wp\/v2\/types\/page"}],"author":[{"embeddable":true,"href":"https:\/\/alt.bzi-rs.de\/index.php\/wp-json\/wp\/v2\/users\/1"}],"replies":[{"embeddable":true,"href":"https:\/\/alt.bzi-rs.de\/index.php\/wp-json\/wp\/v2\/comments?post=1233"}],"version-history":[{"count":10,"href":"https:\/\/alt.bzi-rs.de\/index.php\/wp-json\/wp\/v2\/pages\/1233\/revisions"}],"predecessor-version":[{"id":4585,"href":"https:\/\/alt.bzi-rs.de\/index.php\/wp-json\/wp\/v2\/pages\/1233\/revisions\/4585"}],"wp:attachment":[{"href":"https:\/\/alt.bzi-rs.de\/index.php\/wp-json\/wp\/v2\/media?parent=1233"}],"curies":[{"name":"wp","href":"https:\/\/api.w.org\/{rel}","templated":true}]}}