{"id":12455,"date":"2022-05-04T09:53:06","date_gmt":"2022-05-04T07:53:06","guid":{"rendered":"https:\/\/alt.bzi-rs.de\/?page_id=12455"},"modified":"2022-05-06T08:33:37","modified_gmt":"2022-05-06T06:33:37","slug":"it-elektrische-sicherheit","status":"publish","type":"page","link":"https:\/\/alt.bzi-rs.de\/index.php\/it-elektrische-sicherheit\/","title":{"rendered":"IT-Elektrische Sicherheit"},"content":{"rendered":"<p><div class=\"fusion-fullwidth fullwidth-box fusion-builder-row-1 nonhundred-percent-fullwidth non-hundred-percent-height-scrolling\" style=\"background-color: rgba(255,255,255,0);background-position: center center;background-repeat: no-repeat;padding-top:0px;padding-right:0px;padding-bottom:0px;padding-left:0px;margin-bottom: 0px;margin-top: 0px;border-width: 0px 0px 0px 0px;border-color:#eae9e9;border-style:solid;\" ><div class=\"fusion-builder-row fusion-row\"><div class=\"fusion-layout-column fusion_builder_column fusion-builder-column-0 fusion_builder_column_1_1 1_1 fusion-one-full fusion-column-first fusion-column-last\" style=\"margin-top:0px;margin-bottom:0px;\"><div class=\"fusion-column-wrapper fusion-flex-column-wrapper-legacy\" style=\"background-position:left top;background-repeat:no-repeat;-webkit-background-size:cover;-moz-background-size:cover;-o-background-size:cover;background-size:cover;padding: 0px 0px 0px 0px;\"><style type=\"text\/css\"><\/style><div class=\"fusion-title title fusion-title-1 fusion-sep-none fusion-title-text fusion-title-size-two\" style=\"margin-top:0px;margin-right:0px;margin-bottom:0px;margin-left:0px;\"><h2 class=\"title-heading-left\" style=\"margin:0;\">IT-Elektrische Sicherheit<\/h2><\/div><div class=\"fusion-clearfix\"><\/div><\/div><\/div><\/div><\/div><div class=\"fusion-fullwidth fullwidth-box fusion-builder-row-2 nonhundred-percent-fullwidth non-hundred-percent-height-scrolling\" style=\"background-color: rgba(255,255,255,0);background-position: center center;background-repeat: no-repeat;padding-top:0px;padding-right:0px;padding-bottom:0px;padding-left:0px;margin-bottom: 0px;margin-top: 0px;border-width: 0px 0px 0px 0px;border-color:#eae9e9;border-style:solid;\" ><div class=\"fusion-builder-row fusion-row\"><div class=\"fusion-layout-column fusion_builder_column fusion-builder-column-1 fusion_builder_column_2_3 2_3 fusion-two-third fusion-column-first\" style=\"width:66.666666666667%;width:calc(66.666666666667% - ( ( 4% ) * 0.66666666666667 ) );margin-right: 4%;margin-top:0px;margin-bottom:0px;\"><div class=\"fusion-column-wrapper fusion-flex-column-wrapper-legacy\" style=\"background-position:left top;background-repeat:no-repeat;-webkit-background-size:cover;-moz-background-size:cover;-o-background-size:cover;background-size:cover;padding: 0px 0px 0px 0px;\"><div class=\"fusion-text fusion-text-1\"><p><u>Ziel:<\/u><br \/>\nDas Pr\u00fcfen der elektrischen Sicherheit von Ger\u00e4ten und Betriebsmitteln ist ein wichtiger Bestandteil in der Elektro- und IT-Technik und geh\u00f6rt zu den Fachqualifikationen einer IT-Fachkraft. Hierbei geht es neben der Sicherheit f\u00fcr Personen und Anlagenteile auch um die Haftung und Gew\u00e4hrleistung im Fehlerfall. Um immer rechtssicher zu handeln, sowie die gestellten Pr\u00fcfungsaufgaben in den Abschlusspr\u00fcfungen der technischen IT-Berufe richtig beantworten zu k\u00f6nnen, ist dieser Lehrgang existenziell wichtig.<\/p>\n<p><u>Zielgruppe:<\/u><br \/>\nAuszubildende der IT-Berufe im 2. Ausbildungsjahr<\/p>\n<p><u>Inhalte:<\/u><\/p>\n<ul>\n<li>Begriffserkl\u00e4rungen, Abk\u00fcrzungen, Zust\u00e4ndigkeiten<\/li>\n<li>Rechtliche und technische Bestimmungen, ArbSchG, BetrSichV, TRBS, DGUV,<\/li>\n<li>Technische Normen, DIN VDE, EN, ISO<\/li>\n<li>Fachverantwortung, Organisation der elektrischen Sicherheit im Unternehmen<\/li>\n<li>Elektrische Gef\u00e4hrdung, K\u00f6rperdurchstr\u00f6mungen, St\u00f6rlichb\u00f6gen, Brandgefahr<\/li>\n<li>Basisschutz, Schutzma\u00dfnahmen gegen direktes Ber\u00fchren<\/li>\n<li>Fehlerschutz, Schutzma\u00dfnahmen gegen indirektes Ber\u00fchren<\/li>\n<li>Zus\u00e4tzlicher Schutz durch RCD Typ A und Typ B<\/li>\n<li>Elektrische Netzformen, netzabh\u00e4ngige und netzunabh\u00e4ngige Schutzma\u00dfnahmen<\/li>\n<li>Messversuche zu den Schutzma\u00dfnahmen, Fehlerstrom- Fehlerspannungsmessungen<\/li>\n<li>\u00a0\u00a0IP-Schutzarten, Schutzklassen<\/li>\n<li>Erstinbetriebnahme, Erstpr\u00fcfung von elektrischen Neuanlagen, DIN VDE 0100-600<\/li>\n<li>\u00a0\u00a0\u00a0Wiederholungspr\u00fcfung von elektrischen Anlagen, DIN VDE 0105-100<\/li>\n<li>Pr\u00fcfen elektrischer Ger\u00e4te gem\u00e4\u00df Schutzklassen nach DIN VDE 0701 &amp; 0702,<br \/>\nDurchf\u00fchren von Sicht-,Mess- und Funktionskontrollen an elektrischen Ger\u00e4ten<\/li>\n<li>Auswahl der Messger\u00e4te zum Pr\u00fcfen der elektrischen und funktionellen Sicherheit<\/li>\n<li>Mess\u00fcbungen in und an elektrischen Anlagen<\/li>\n<li>Dokumentation der Pr\u00fcfergebnisse von Sichtkontrollen<\/li>\n<li>Dokumentation der Pr\u00fcfergebnisse von Mess- und Funktionskontrollen<\/li>\n<li>Pr\u00fcfprotokolle rechtssicher erstellen<\/li>\n<\/ul>\n<\/div><hr><p><a href=\"#\" onClick=\"history.back(); return false\">Zur\u00fcck zur \u00dcbersicht<\/a><\/p>\n<hr>\n<p><a href=\"http:\/\/www.bzi-rs.de\/index.php\/anmeldung-und-agb\/\">Anmeldung & AGB<\/a> | <a href=\"http:\/\/www.bzi-rs.de\/index.php\/foerdermoeglichkeiten\/\">F\u00f6rderm\u00f6glichkeiten<\/a> | <a href=\"http:\/\/www.bzi-rs.de\/index.php\/weiterbildungsbroschuere\/\">Weiterbildungsbrosch\u00fcre<\/a><\/p>\n<p><a href=\"#\" onClick=\"history.back(); return false\"><\/a><\/p>\n<div class=\"fusion-clearfix\"><\/div><\/div><\/div><div class=\"fusion-layout-column fusion_builder_column fusion-builder-column-2 fusion_builder_column_1_3 1_3 fusion-one-third fusion-column-last\" style=\"width:33.333333333333%;width:calc(33.333333333333% - ( ( 4% ) * 0.33333333333333 ) );margin-top:0px;margin-bottom:0px;\"><div class=\"fusion-column-wrapper fusion-flex-column-wrapper-legacy\" style=\"background-position:left top;background-repeat:no-repeat;-webkit-background-size:cover;-moz-background-size:cover;-o-background-size:cover;background-size:cover;padding: 0px 0px 0px 0px;\"><style type='text\/css'>.reading-box-container-1 .element-bottomshadow:before,.reading-box-container-1 .element-bottomshadow:after{opacity:0.70;}<\/style><div class=\"fusion-reading-box-container reading-box-container-1\" style=\"margin-top:0px;margin-bottom:84px;\"><div class=\"reading-box element-bottomshadow\" style=\"background-color:#f6f6f6;border-width:1px;border-color:#f6f6f6;border-left-width:3px;border-left-color:var(--primary_color);border-style:solid;\"><div class=\"reading-box-additional\">\n<div id=\"InfoControl_InfoPanel\" class=\"InfoPanel\"><span id=\"InfoControl_descriptionCity\" class=\"descriptionCity\"><strong>Ort:<\/strong><br \/>\nBerufsbildungszentrum der Remscheider<br \/>\nMetall- und Elektroindustrie GmbH<br \/>\nW\u00fcstenhagener Stra\u00dfe 18 &#8211; 26<br \/>\n42855 Remscheid<\/span><\/div>\n<div class=\"InfoPanel\"><span id=\"InfoControl_descriptionDate\" class=\"descriptionDate\"><strong><br \/>\nZeit:<\/strong><br \/>\n<span id=\"page4R_mcid45\" class=\"markedContent\"><span dir=\"ltr\" role=\"presentation\">21.11.2022<\/span><\/span><span id=\"page4R_mcid46\" class=\"markedContent\"> &#8211; <span dir=\"ltr\" role=\"presentation\">02.12.2022<\/span><\/span><br \/>\nMo. \u2013 Do. 7:30 \u2013 15:45 Uhr<br \/>\nFr.\u00a0\u00a0\u00a0\u00a0\u00a0\u00a0\u00a0\u00a0\u00a0\u00a0\u00a0 7:30 \u2013 11:40 Uhr<br \/>\nau\u00dfer an Berufsschultagen<br \/>\n<\/span><\/div>\n<div class=\"InfoPanel\"><span id=\"InfoControl_descriptionTime\" class=\"descriptionTime\"><strong><br \/>\nDauer:<\/strong><br \/>\n2 Wochen<br \/>\n<\/span><\/div>\n<\/div><div class=\"fusion-clearfix\"><\/div><\/div><\/div><div class=\"fusion-clearfix\"><\/div><\/div><\/div><\/div><\/div><\/p>\n","protected":false},"excerpt":{"rendered":"","protected":false},"author":1,"featured_media":0,"parent":0,"menu_order":0,"comment_status":"closed","ping_status":"closed","template":"","meta":{"footnotes":""},"_links":{"self":[{"href":"https:\/\/alt.bzi-rs.de\/index.php\/wp-json\/wp\/v2\/pages\/12455"}],"collection":[{"href":"https:\/\/alt.bzi-rs.de\/index.php\/wp-json\/wp\/v2\/pages"}],"about":[{"href":"https:\/\/alt.bzi-rs.de\/index.php\/wp-json\/wp\/v2\/types\/page"}],"author":[{"embeddable":true,"href":"https:\/\/alt.bzi-rs.de\/index.php\/wp-json\/wp\/v2\/users\/1"}],"replies":[{"embeddable":true,"href":"https:\/\/alt.bzi-rs.de\/index.php\/wp-json\/wp\/v2\/comments?post=12455"}],"version-history":[{"count":3,"href":"https:\/\/alt.bzi-rs.de\/index.php\/wp-json\/wp\/v2\/pages\/12455\/revisions"}],"predecessor-version":[{"id":12491,"href":"https:\/\/alt.bzi-rs.de\/index.php\/wp-json\/wp\/v2\/pages\/12455\/revisions\/12491"}],"wp:attachment":[{"href":"https:\/\/alt.bzi-rs.de\/index.php\/wp-json\/wp\/v2\/media?parent=12455"}],"curies":[{"name":"wp","href":"https:\/\/api.w.org\/{rel}","templated":true}]}}