{"id":12458,"date":"2022-05-04T09:55:42","date_gmt":"2022-05-04T07:55:42","guid":{"rendered":"https:\/\/alt.bzi-rs.de\/?page_id=12458"},"modified":"2022-05-06T08:32:51","modified_gmt":"2022-05-06T06:32:51","slug":"it-elektro-aufbaumodul","status":"publish","type":"page","link":"https:\/\/alt.bzi-rs.de\/index.php\/it-elektro-aufbaumodul\/","title":{"rendered":"IT-Elektro-Aufbaumodul"},"content":{"rendered":"<p><div class=\"fusion-fullwidth fullwidth-box fusion-builder-row-1 nonhundred-percent-fullwidth non-hundred-percent-height-scrolling\" style=\"background-color: rgba(255,255,255,0);background-position: center center;background-repeat: no-repeat;padding-top:0px;padding-right:0px;padding-bottom:0px;padding-left:0px;margin-bottom: 0px;margin-top: 0px;border-width: 0px 0px 0px 0px;border-color:#eae9e9;border-style:solid;\" ><div class=\"fusion-builder-row fusion-row\"><div class=\"fusion-layout-column fusion_builder_column fusion-builder-column-0 fusion_builder_column_1_1 1_1 fusion-one-full fusion-column-first fusion-column-last\" style=\"margin-top:0px;margin-bottom:0px;\"><div class=\"fusion-column-wrapper fusion-flex-column-wrapper-legacy\" style=\"background-position:left top;background-repeat:no-repeat;-webkit-background-size:cover;-moz-background-size:cover;-o-background-size:cover;background-size:cover;padding: 0px 0px 0px 0px;\"><style type=\"text\/css\"><\/style><div class=\"fusion-title title fusion-title-1 fusion-sep-none fusion-title-text fusion-title-size-two\" style=\"margin-top:0px;margin-right:0px;margin-bottom:0px;margin-left:0px;\"><h2 class=\"title-heading-left\" style=\"margin:0;\">IT-Elektro-Aufbaumodul<\/h2><\/div><div class=\"fusion-clearfix\"><\/div><\/div><\/div><\/div><\/div><div class=\"fusion-fullwidth fullwidth-box fusion-builder-row-2 nonhundred-percent-fullwidth non-hundred-percent-height-scrolling\" style=\"background-color: rgba(255,255,255,0);background-position: center center;background-repeat: no-repeat;padding-top:0px;padding-right:0px;padding-bottom:0px;padding-left:0px;margin-bottom: 0px;margin-top: 0px;border-width: 0px 0px 0px 0px;border-color:#eae9e9;border-style:solid;\" ><div class=\"fusion-builder-row fusion-row\"><div class=\"fusion-layout-column fusion_builder_column fusion-builder-column-1 fusion_builder_column_2_3 2_3 fusion-two-third fusion-column-first\" style=\"width:66.666666666667%;width:calc(66.666666666667% - ( ( 4% ) * 0.66666666666667 ) );margin-right: 4%;margin-top:0px;margin-bottom:0px;\"><div class=\"fusion-column-wrapper fusion-flex-column-wrapper-legacy\" style=\"background-position:left top;background-repeat:no-repeat;-webkit-background-size:cover;-moz-background-size:cover;-o-background-size:cover;background-size:cover;padding: 0px 0px 0px 0px;\"><div class=\"fusion-text fusion-text-1\"><p><u>Ziel:<br \/>\n<\/u>Im Mittelpunkt dieses Lehrganges steht die Vermittlung von praktischen Fertigkeiten zur Erstellung von Elektroinstallationen mit den dazugeh\u00f6rigen Fachkenntnissen. Die Auszubildenden in IT-technischen Berufen erhalten wichtige Einblicke in das fachgerechte Verlegen von Leitungen und das Anschlie\u00dfen der Bauelemente von Licht- und Steckdosenstromkreisen. Erg\u00e4nzend dazu werden alle praktischen \u00dcbungsaufgaben nach Beendigung sicherheitstechnisch gepr\u00fcft und bewertet.<\/p>\n<p><u>Zielgruppe:<\/u><br \/>\nAuszubildende der IT-Berufe im 2. Ausbildungsjahr (Voraussetzung zur Teilnahme ist das IT-Elektro-Grundmodul)<\/p>\n<p><u>Inhalte:<\/u><\/p>\n<ul>\n<li>Vermittlung handwerklicher Grundlagen bei der Leitungsverlegung<\/li>\n<li>Vermittlung handwerklicher Grundlagen beim Anschluss von elektrischen Betriebsmitteln<\/li>\n<li>Sicheres Arbeiten im Elektrobereich nach den Grunds\u00e4tzen der DGUV-V3<\/li>\n<li>Praktische Installation von Licht- und Steckdosenstromkreisen und Unterverteilungen<\/li>\n<li>Pr\u00fcfen und Inbetriebnehmen von elektrischen Anlagen nach g\u00fcltigen gesetzlichen Forderungen durch Sichtkontrollen, Messkontrollen und Funktionskontrollen<\/li>\n<li>Dokumentieren der elektrischen Sicherheit von Neuanlagen nach DIN VDE 0100-600<\/li>\n<li>Dokumentieren der elektrischen Sicherheit von E-Anlagen nach Reparatur und Erweiterung nach<br \/>\nDIN VDE 0105-100<\/li>\n<\/ul>\n<\/div><hr><p><a href=\"#\" onClick=\"history.back(); return false\">Zur\u00fcck zur \u00dcbersicht<\/a><\/p>\n<hr>\n<p><a href=\"http:\/\/www.bzi-rs.de\/index.php\/anmeldung-und-agb\/\">Anmeldung & AGB<\/a> | <a href=\"http:\/\/www.bzi-rs.de\/index.php\/foerdermoeglichkeiten\/\">F\u00f6rderm\u00f6glichkeiten<\/a> | <a href=\"http:\/\/www.bzi-rs.de\/index.php\/weiterbildungsbroschuere\/\">Weiterbildungsbrosch\u00fcre<\/a><\/p>\n<p><a href=\"#\" onClick=\"history.back(); return false\"><\/a><\/p>\n<div class=\"fusion-clearfix\"><\/div><\/div><\/div><div class=\"fusion-layout-column fusion_builder_column fusion-builder-column-2 fusion_builder_column_1_3 1_3 fusion-one-third fusion-column-last\" style=\"width:33.333333333333%;width:calc(33.333333333333% - ( ( 4% ) * 0.33333333333333 ) );margin-top:0px;margin-bottom:0px;\"><div class=\"fusion-column-wrapper fusion-flex-column-wrapper-legacy\" style=\"background-position:left top;background-repeat:no-repeat;-webkit-background-size:cover;-moz-background-size:cover;-o-background-size:cover;background-size:cover;padding: 0px 0px 0px 0px;\"><style type='text\/css'>.reading-box-container-1 .element-bottomshadow:before,.reading-box-container-1 .element-bottomshadow:after{opacity:0.70;}<\/style><div class=\"fusion-reading-box-container reading-box-container-1\" style=\"margin-top:0px;margin-bottom:84px;\"><div class=\"reading-box element-bottomshadow\" style=\"background-color:#f6f6f6;border-width:1px;border-color:#f6f6f6;border-left-width:3px;border-left-color:var(--primary_color);border-style:solid;\"><div class=\"reading-box-additional\">\n<div id=\"InfoControl_InfoPanel\" class=\"InfoPanel\"><span id=\"InfoControl_descriptionCity\" class=\"descriptionCity\"><strong>Ort:<\/strong><br \/>\nBerufsbildungszentrum der Remscheider<br \/>\nMetall- und Elektroindustrie GmbH<br \/>\nW\u00fcstenhagener Stra\u00dfe 18 &#8211; 26<br \/>\n42855 Remscheid<\/span><\/div>\n<div class=\"InfoPanel\"><span id=\"InfoControl_descriptionDate\" class=\"descriptionDate\"><strong><br \/>\nZeit:<\/strong><\/span><\/div>\n<div class=\"InfoPanel\"><span id=\"InfoControl_descriptionDate\" class=\"descriptionDate\"><span id=\"page4R_mcid27\" class=\"markedContent\"><span dir=\"ltr\" role=\"presentation\">10.10.2022<\/span><\/span><span id=\"page4R_mcid28\" class=\"markedContent\"> &#8211; <span dir=\"ltr\" role=\"presentation\">21.10.2022<\/span><\/span><br \/>\nMo. \u2013 Do. 7:30 \u2013 15:45 Uhr<br \/>\nFr.\u00a0\u00a0\u00a0\u00a0\u00a0\u00a0\u00a0\u00a0\u00a0\u00a0\u00a0 7:30 \u2013 11:40 Uhr<br \/>\nau\u00dfer an Berufsschultagen<br \/>\n<\/span><\/div>\n<div class=\"InfoPanel\"><span id=\"InfoControl_descriptionTime\" class=\"descriptionTime\"><strong><br \/>\nDauer:<\/strong><br \/>\n2 Wochen<br \/>\n<\/span><\/div>\n<\/div><div class=\"fusion-clearfix\"><\/div><\/div><\/div><div class=\"fusion-clearfix\"><\/div><\/div><\/div><\/div><\/div><\/p>\n","protected":false},"excerpt":{"rendered":"","protected":false},"author":1,"featured_media":0,"parent":0,"menu_order":0,"comment_status":"closed","ping_status":"closed","template":"","meta":{"footnotes":""},"_links":{"self":[{"href":"https:\/\/alt.bzi-rs.de\/index.php\/wp-json\/wp\/v2\/pages\/12458"}],"collection":[{"href":"https:\/\/alt.bzi-rs.de\/index.php\/wp-json\/wp\/v2\/pages"}],"about":[{"href":"https:\/\/alt.bzi-rs.de\/index.php\/wp-json\/wp\/v2\/types\/page"}],"author":[{"embeddable":true,"href":"https:\/\/alt.bzi-rs.de\/index.php\/wp-json\/wp\/v2\/users\/1"}],"replies":[{"embeddable":true,"href":"https:\/\/alt.bzi-rs.de\/index.php\/wp-json\/wp\/v2\/comments?post=12458"}],"version-history":[{"count":3,"href":"https:\/\/alt.bzi-rs.de\/index.php\/wp-json\/wp\/v2\/pages\/12458\/revisions"}],"predecessor-version":[{"id":12490,"href":"https:\/\/alt.bzi-rs.de\/index.php\/wp-json\/wp\/v2\/pages\/12458\/revisions\/12490"}],"wp:attachment":[{"href":"https:\/\/alt.bzi-rs.de\/index.php\/wp-json\/wp\/v2\/media?parent=12458"}],"curies":[{"name":"wp","href":"https:\/\/api.w.org\/{rel}","templated":true}]}}