{"id":12916,"date":"2022-08-17T09:25:16","date_gmt":"2022-08-17T07:25:16","guid":{"rendered":"https:\/\/alt.bzi-rs.de\/?page_id=12916"},"modified":"2023-10-27T08:59:10","modified_gmt":"2023-10-27T06:59:10","slug":"traegergestuetzte-ausbildung","status":"publish","type":"page","link":"https:\/\/alt.bzi-rs.de\/index.php\/traegergestuetzte-ausbildung\/","title":{"rendered":"Tr\u00e4gergest\u00fctzte Ausbildung"},"content":{"rendered":"<div class=\"fusion-fullwidth fullwidth-box fusion-builder-row-1 fusion-flex-container nonhundred-percent-fullwidth non-hundred-percent-height-scrolling\" style=\"background-color: rgba(255,255,255,0);background-position: center center;background-repeat: no-repeat;border-width: 0px 0px 0px 0px;border-color:#eae9e9;border-style:solid;\" ><div class=\"fusion-builder-row fusion-row fusion-flex-align-items-flex-start\" style=\"max-width:1248px;margin-left: calc(-4% \/ 2 );margin-right: calc(-4% \/ 2 );\"><div class=\"fusion-layout-column fusion_builder_column fusion-builder-column-0 fusion_builder_column_2_3 2_3 fusion-flex-column\"><div class=\"fusion-column-wrapper fusion-flex-justify-content-flex-start fusion-content-layout-column\" style=\"background-position:left top;background-repeat:no-repeat;-webkit-background-size:cover;-moz-background-size:cover;-o-background-size:cover;background-size:cover;padding: 0px 0px 0px 0px;\"><div ><span class=\" fusion-imageframe imageframe-none imageframe-1 hover-type-none\"><img decoding=\"async\" width=\"1179\" height=\"179\" title=\"leiste-1\" src=\"https:\/\/alt.bzi-rs.de\/wp-content\/uploads\/2023\/10\/leiste-1.jpg\" class=\"img-responsive wp-image-14479\" srcset=\"https:\/\/alt.bzi-rs.de\/wp-content\/uploads\/2023\/10\/leiste-1-200x30.jpg 200w, https:\/\/alt.bzi-rs.de\/wp-content\/uploads\/2023\/10\/leiste-1-400x61.jpg 400w, https:\/\/alt.bzi-rs.de\/wp-content\/uploads\/2023\/10\/leiste-1-600x91.jpg 600w, https:\/\/alt.bzi-rs.de\/wp-content\/uploads\/2023\/10\/leiste-1-800x121.jpg 800w, https:\/\/alt.bzi-rs.de\/wp-content\/uploads\/2023\/10\/leiste-1.jpg 1179w\" sizes=\"(max-width: 1024px) 100vw, (max-width: 640px) 100vw, 800px\" \/><\/span><\/div><style type=\"text\/css\">@media only screen and (max-width:1024px) {.fusion-title.fusion-title-1{margin-top:0px!important; margin-right:0px!important;margin-bottom:31px!important;margin-left:0px!important;}}@media only screen and (max-width:640px) {.fusion-title.fusion-title-1{margin-top:0px!important; margin-right:0px!important;margin-bottom:20px!important; margin-left:0px!important;}}<\/style><div class=\"fusion-title title fusion-title-1 fusion-sep-none fusion-title-text fusion-title-size-two\" style=\"margin-top:0px;margin-right:0px;margin-bottom:31px;margin-left:0px;\"><h2 class=\"title-heading-left\" style=\"margin:0;\">Tr\u00e4gergest\u00fctzte Ausbildung<\/h2><\/div><div class=\"fusion-text fusion-text-1\"><p><strong><span id=\"page3R_mcid0\" class=\"markedContent\"><\/span><span id=\"page3R_mcid1\" class=\"markedContent\"><\/span><span id=\"page3R_mcid16\" class=\"markedContent\"><span dir=\"ltr\" role=\"presentation\">Information f\u00fcr die Betriebe<\/span><\/span><\/strong><span id=\"page3R_mcid17\" class=\"markedContent\"><br role=\"presentation\" \/><strong><span dir=\"ltr\" role=\"presentation\">Durchf\u00fchrung<\/span> <span dir=\"ltr\" role=\"presentation\">der<\/span> <span dir=\"ltr\" role=\"presentation\">Tr\u00e4gergest\u00fctzten<\/span> <span dir=\"ltr\" role=\"presentation\">Ausbildung<\/span><\/strong><\/span><span id=\"page3R_mcid18\" class=\"markedContent\"><\/span><\/p>\n<p><span id=\"page3R_mcid18\" class=\"markedContent\"><span dir=\"ltr\" role=\"presentation\">Die<\/span> <span dir=\"ltr\" role=\"presentation\">Durchf\u00fchrung<\/span> <span dir=\"ltr\" role=\"presentation\">der<\/span> <span dir=\"ltr\" role=\"presentation\">Tr\u00e4gergest\u00fctzten<\/span> <span dir=\"ltr\" role=\"presentation\">Ausbildung<\/span> <span dir=\"ltr\" role=\"presentation\">findet<\/span> <span dir=\"ltr\" role=\"presentation\">in<\/span> <span dir=\"ltr\" role=\"presentation\">Kooperation<\/span> <span dir=\"ltr\" role=\"presentation\">mit<\/span> <span dir=\"ltr\" role=\"presentation\">Ihnen<\/span> <span dir=\"ltr\" role=\"presentation\">als <\/span><\/span><span id=\"page3R_mcid19\" class=\"markedContent\"><span dir=\"ltr\" role=\"presentation\">Ausbildungsbetrieb<\/span> <span dir=\"ltr\" role=\"presentation\">statt.<\/span> <span dir=\"ltr\" role=\"presentation\">Sie<\/span> <span dir=\"ltr\" role=\"presentation\">m\u00fcssen<\/span> <span dir=\"ltr\" role=\"presentation\">die<\/span> <span dir=\"ltr\" role=\"presentation\">\u00dcbernahme<\/span> <span dir=\"ltr\" role=\"presentation\">des<\/span> <span dir=\"ltr\" role=\"presentation\">Auszubildenden<\/span> <span dir=\"ltr\" role=\"presentation\">zum<\/span> <span dir=\"ltr\" role=\"presentation\">zweiten<\/span><\/span><span id=\"page3R_mcid20\" class=\"markedContent\"> <span dir=\"ltr\" role=\"presentation\">Ausbildungsjahr<\/span> <span dir=\"ltr\" role=\"presentation\">in<\/span> <span dir=\"ltr\" role=\"presentation\">den<\/span> <span dir=\"ltr\" role=\"presentation\">Betrieb<\/span> <span dir=\"ltr\" role=\"presentation\">zusichern.<\/span> <span dir=\"ltr\" role=\"presentation\">Das<\/span> <span dir=\"ltr\" role=\"presentation\">erste<\/span> <span dir=\"ltr\" role=\"presentation\">Jahr<\/span> <span dir=\"ltr\" role=\"presentation\">der<\/span> <span dir=\"ltr\" role=\"presentation\">Ausbildung<\/span> <span dir=\"ltr\" role=\"presentation\">findet<\/span> <span dir=\"ltr\" role=\"presentation\">tr\u00e4gergest\u00fctzt<\/span> <span dir=\"ltr\" role=\"presentation\">statt, <\/span><\/span><span id=\"page3R_mcid21\" class=\"markedContent\"><span dir=\"ltr\" role=\"presentation\">d.h.<\/span> <span dir=\"ltr\" role=\"presentation\">der<\/span> <span dir=\"ltr\" role=\"presentation\">Tr\u00e4ger<\/span> <span dir=\"ltr\" role=\"presentation\">\u00fcbernimmt<\/span> <span dir=\"ltr\" role=\"presentation\">die<\/span> <span dir=\"ltr\" role=\"presentation\">Ausbildungsverg\u00fctung<\/span> <span dir=\"ltr\" role=\"presentation\">und<\/span> <span dir=\"ltr\" role=\"presentation\">Begleitung<\/span> <span dir=\"ltr\" role=\"presentation\">des<\/span> <span dir=\"ltr\" role=\"presentation\">Auszubildenden<\/span> <span dir=\"ltr\" role=\"presentation\">durch<\/span><\/span><span id=\"page3R_mcid22\" class=\"markedContent\"> <span dir=\"ltr\" role=\"presentation\">eine<\/span> <span dir=\"ltr\" role=\"presentation\">Mitarbeiterin<\/span> <span dir=\"ltr\" role=\"presentation\">oder<\/span> <span dir=\"ltr\" role=\"presentation\">einen<\/span> <span dir=\"ltr\" role=\"presentation\">Mitarbeiter<\/span> <span dir=\"ltr\" role=\"presentation\">des<\/span> <span dir=\"ltr\" role=\"presentation\">Tr\u00e4gers.<\/span> <span dir=\"ltr\" role=\"presentation\">Sie<\/span> <span dir=\"ltr\" role=\"presentation\">als<\/span> <span dir=\"ltr\" role=\"presentation\">Kooperationsbetrieb<\/span> <span dir=\"ltr\" role=\"presentation\">\u00fcbernehmen<\/span> <span dir=\"ltr\" role=\"presentation\">den<\/span><\/span><span id=\"page3R_mcid23\" class=\"markedContent\"> <span dir=\"ltr\" role=\"presentation\">Teil<\/span> <span dir=\"ltr\" role=\"presentation\">der<\/span> <span dir=\"ltr\" role=\"presentation\">fachpraktischen<\/span> <span dir=\"ltr\" role=\"presentation\">Ausbildung.<\/span> <span dir=\"ltr\" role=\"presentation\">Die<\/span> <span dir=\"ltr\" role=\"presentation\">theoretische<\/span> <span dir=\"ltr\" role=\"presentation\">Vermittlung<\/span> <span dir=\"ltr\" role=\"presentation\">der<\/span> <span dir=\"ltr\" role=\"presentation\">Ausbildungsinhalte<\/span> <span dir=\"ltr\" role=\"presentation\">erfolgt<\/span><\/span><span id=\"page3R_mcid24\" class=\"markedContent\"> <span dir=\"ltr\" role=\"presentation\">durch<\/span> <span dir=\"ltr\" role=\"presentation\">das<\/span> <span dir=\"ltr\" role=\"presentation\">Berufskolleg.<\/span> <span dir=\"ltr\" role=\"presentation\">Der<\/span> <span dir=\"ltr\" role=\"presentation\">Tr\u00e4ger<\/span> <span dir=\"ltr\" role=\"presentation\">erg\u00e4nzt<\/span> <span dir=\"ltr\" role=\"presentation\">diese<\/span> <span dir=\"ltr\" role=\"presentation\">bei<\/span> <span dir=\"ltr\" role=\"presentation\">Bedarf<\/span> <span dir=\"ltr\" role=\"presentation\">durch<\/span> <span dir=\"ltr\" role=\"presentation\">St\u00fctz<\/span><span dir=\"ltr\" role=\"presentation\">&#8211;<\/span> <span dir=\"ltr\" role=\"presentation\">und<\/span> <span dir=\"ltr\" role=\"presentation\">F\u00f6rderunterricht<\/span> <span dir=\"ltr\" role=\"presentation\">in <\/span><\/span><span id=\"page3R_mcid25\" class=\"markedContent\"><span dir=\"ltr\" role=\"presentation\">seinen<\/span> <span dir=\"ltr\" role=\"presentation\">R\u00e4umlichkeiten.<\/span><\/span><span id=\"page3R_mcid26\" class=\"markedContent\"><\/span><\/p>\n<p><span id=\"page3R_mcid26\" class=\"markedContent\"><span dir=\"ltr\" role=\"presentation\">Sollte<\/span> <span dir=\"ltr\" role=\"presentation\">eine<\/span> <span dir=\"ltr\" role=\"presentation\">Weiterf\u00fchrung<\/span> <span dir=\"ltr\" role=\"presentation\">der<\/span> <span dir=\"ltr\" role=\"presentation\">Ausbildung<\/span> <span dir=\"ltr\" role=\"presentation\">in<\/span> <span dir=\"ltr\" role=\"presentation\">Ihrem<\/span> <span dir=\"ltr\" role=\"presentation\">Betrieb<\/span> <span dir=\"ltr\" role=\"presentation\">zum<\/span> <span dir=\"ltr\" role=\"presentation\">zweiten<\/span> <span dir=\"ltr\" role=\"presentation\">Ausbildungsjahr<\/span> <span dir=\"ltr\" role=\"presentation\">in<\/span><\/span><span id=\"page3R_mcid27\" class=\"markedContent\"> <span dir=\"ltr\" role=\"presentation\">Ausnahmef\u00e4llen<\/span> <span dir=\"ltr\" role=\"presentation\">nicht<\/span> <span dir=\"ltr\" role=\"presentation\">m\u00f6glich<\/span> <span dir=\"ltr\" role=\"presentation\">sein,<\/span> <span dir=\"ltr\" role=\"presentation\">so<\/span> <span dir=\"ltr\" role=\"presentation\">wird<\/span> <span dir=\"ltr\" role=\"presentation\">neben<\/span> <span dir=\"ltr\" role=\"presentation\">der<\/span> <span dir=\"ltr\" role=\"presentation\">Suche<\/span> <span dir=\"ltr\" role=\"presentation\">nach<\/span> <span dir=\"ltr\" role=\"presentation\">einem<\/span> <span dir=\"ltr\" role=\"presentation\">neuen<\/span><\/span><span id=\"page3R_mcid28\" class=\"markedContent\"> <span dir=\"ltr\" role=\"presentation\">Ausbildungsbetrieb<\/span> <span dir=\"ltr\" role=\"presentation\">zur<\/span> <span dir=\"ltr\" role=\"presentation\">\u00dcbernahme<\/span> <span dir=\"ltr\" role=\"presentation\">vom<\/span> <span dir=\"ltr\" role=\"presentation\">Tr\u00e4ger<\/span> <span dir=\"ltr\" role=\"presentation\">der<\/span> <span dir=\"ltr\" role=\"presentation\">Kontakt<\/span> <span dir=\"ltr\" role=\"presentation\">zur<\/span> <span dir=\"ltr\" role=\"presentation\">zust\u00e4ndigen<\/span> <span dir=\"ltr\" role=\"presentation\">Agentur<\/span> <span dir=\"ltr\" role=\"presentation\">f\u00fcr<\/span> <span dir=\"ltr\" role=\"presentation\">Arbeit <\/span><\/span><span id=\"page3R_mcid29\" class=\"markedContent\"><span dir=\"ltr\" role=\"presentation\">bzw.<\/span> <span dir=\"ltr\" role=\"presentation\">zum<\/span> <span dir=\"ltr\" role=\"presentation\">zust\u00e4ndigen<\/span> <span dir=\"ltr\" role=\"presentation\">Jobcenter<\/span> <span dir=\"ltr\" role=\"presentation\">hergestellt.<\/span> <span dir=\"ltr\" role=\"presentation\">Die<\/span> <span dir=\"ltr\" role=\"presentation\">zust\u00e4ndige<\/span> <span dir=\"ltr\" role=\"presentation\">Agentur<\/span> <span dir=\"ltr\" role=\"presentation\">f\u00fcr<\/span> <span dir=\"ltr\" role=\"presentation\">Arbeit\/das<\/span> <span dir=\"ltr\" role=\"presentation\">zust\u00e4ndige <\/span><\/span><span id=\"page3R_mcid30\" class=\"markedContent\"><span dir=\"ltr\" role=\"presentation\">Jobcenter<\/span> <span dir=\"ltr\" role=\"presentation\">pr\u00fcft,<\/span> <span dir=\"ltr\" role=\"presentation\">ob<\/span> <span dir=\"ltr\" role=\"presentation\">die<\/span> <span dir=\"ltr\" role=\"presentation\">Teilnahmevoraussetzungen<\/span> <span dir=\"ltr\" role=\"presentation\">f\u00fcr<\/span> <span dir=\"ltr\" role=\"presentation\">eine<\/span> <span dir=\"ltr\" role=\"presentation\">Ausbildung<\/span> <span dir=\"ltr\" role=\"presentation\">im<\/span> <span dir=\"ltr\" role=\"presentation\">Rahmen<\/span> <span dir=\"ltr\" role=\"presentation\">einer<\/span> <span dir=\"ltr\" role=\"presentation\">BaE <\/span><\/span><span id=\"page3R_mcid31\" class=\"markedContent\"><span dir=\"ltr\" role=\"presentation\">erf\u00fcllt<\/span> <span dir=\"ltr\" role=\"presentation\">werden<\/span> <span dir=\"ltr\" role=\"presentation\">und<\/span> <span dir=\"ltr\" role=\"presentation\">hierf\u00fcr<\/span> <span dir=\"ltr\" role=\"presentation\">entsprechende<\/span> <span dir=\"ltr\" role=\"presentation\">Kapazit\u00e4ten<\/span> <span dir=\"ltr\" role=\"presentation\">zur<\/span> <span dir=\"ltr\" role=\"presentation\">Verf\u00fcgung<\/span> <span dir=\"ltr\" role=\"presentation\">stehen<\/span> <span dir=\"ltr\" role=\"presentation\">oder<\/span> <span dir=\"ltr\" role=\"presentation\">ob<\/span> <span dir=\"ltr\" role=\"presentation\">andere <\/span><\/span><span id=\"page3R_mcid32\" class=\"markedContent\"><span dir=\"ltr\" role=\"presentation\">F\u00f6rderangebote<\/span> <span dir=\"ltr\" role=\"presentation\">m\u00f6glich<\/span> <span dir=\"ltr\" role=\"presentation\">sind<\/span> <span dir=\"ltr\" role=\"presentation\">(z.B.<\/span> <span dir=\"ltr\" role=\"presentation\">Einstiegsqualifizierung).<\/span><\/span><span id=\"page3R_mcid33\" class=\"markedContent\"><\/span><\/p>\n<p><span id=\"page3R_mcid33\" class=\"markedContent\"><br role=\"presentation\" \/><strong><span dir=\"ltr\" role=\"presentation\">Inhalte und<\/span> <span dir=\"ltr\" role=\"presentation\">Aufgaben<\/span> <span dir=\"ltr\" role=\"presentation\">des<\/span> <span dir=\"ltr\" role=\"presentation\">Tr\u00e4gers<\/span> <span dir=\"ltr\" role=\"presentation\">im<\/span> <span dir=\"ltr\" role=\"presentation\">Rahmen<\/span> <span dir=\"ltr\" role=\"presentation\">der<\/span> <span dir=\"ltr\" role=\"presentation\">Tr\u00e4gergest\u00fctzten<\/span> <span dir=\"ltr\" role=\"presentation\">Ausbildung<\/span> <span dir=\"ltr\" role=\"presentation\">sind<\/span> <span dir=\"ltr\" role=\"presentation\">je<\/span> <span dir=\"ltr\" role=\"presentation\">nach<\/span><\/strong><\/span><strong><span id=\"page3R_mcid34\" class=\"markedContent\"> <span dir=\"ltr\" role=\"presentation\">Bedarf<\/span> <span dir=\"ltr\" role=\"presentation\">u.a.:<\/span><\/span><\/strong><\/p>\n<ul>\n<li><span id=\"page3R_mcid35\" class=\"markedContent\"><span dir=\"ltr\" role=\"presentation\">Begleitung<\/span> <span dir=\"ltr\" role=\"presentation\">der\/des<\/span> <span dir=\"ltr\" role=\"presentation\">Auszubildenden<\/span><span dir=\"ltr\" role=\"presentation\">,<\/span> <span dir=\"ltr\" role=\"presentation\">Koordination<\/span> <span dir=\"ltr\" role=\"presentation\">der Ausbildung<\/span> <span dir=\"ltr\" role=\"presentation\">mit allen<\/span> <span dir=\"ltr\" role=\"presentation\">beteiligten<\/span> <span dir=\"ltr\" role=\"presentation\">Akteuren<\/span><\/span><\/li>\n<li><span id=\"page3R_mcid36\" class=\"markedContent\"><span dir=\"ltr\" role=\"presentation\">Unterst\u00fctzung<\/span> <span dir=\"ltr\" role=\"presentation\">der Auszubildenden<\/span> <span dir=\"ltr\" role=\"presentation\">und<\/span> <span dir=\"ltr\" role=\"presentation\">Betriebe<\/span><\/span><\/li>\n<li><span id=\"page3R_mcid37\" class=\"markedContent\"><span dir=\"ltr\" role=\"presentation\">Unterst\u00fctzung<\/span> <span dir=\"ltr\" role=\"presentation\">der betrieblichen<\/span> <span dir=\"ltr\" role=\"presentation\">Praxis<\/span> <span dir=\"ltr\" role=\"presentation\">durch<\/span> <span dir=\"ltr\" role=\"presentation\">St\u00fctz<\/span><span dir=\"ltr\" role=\"presentation\">&#8211;<\/span> <span dir=\"ltr\" role=\"presentation\">und<\/span> <span dir=\"ltr\" role=\"presentation\">F\u00f6rderangebote<\/span> <span dir=\"ltr\" role=\"presentation\">(je<\/span> <span dir=\"ltr\" role=\"presentation\">nach<\/span> <span dir=\"ltr\" role=\"presentation\">Bedarf z.B. n<\/span><\/span><span id=\"page3R_mcid38\" class=\"markedContent\"><span dir=\"ltr\" role=\"presentation\">fachtheoretische<\/span> <span dir=\"ltr\" role=\"presentation\">Angebote,<\/span> <span dir=\"ltr\" role=\"presentation\">Pr\u00fcfungsvorbereitung,<\/span> <span dir=\"ltr\" role=\"presentation\">Vermittlung<\/span> <span dir=\"ltr\" role=\"presentation\">von<\/span> <span dir=\"ltr\" role=\"presentation\">Schl\u00fcsselqualifikationen)<\/span><\/span><\/li>\n<li><span id=\"page3R_mcid39\" class=\"markedContent\"><span dir=\"ltr\" role=\"presentation\">Ansprechpartner<\/span> <span dir=\"ltr\" role=\"presentation\">f\u00fcr<\/span> <span dir=\"ltr\" role=\"presentation\">den<\/span> <span dir=\"ltr\" role=\"presentation\">Kooperationsbetrieb<\/span><\/span><\/li>\n<li><span id=\"page3R_mcid40\" class=\"markedContent\"><span dir=\"ltr\" role=\"presentation\">Krisenintervention,<\/span> <span dir=\"ltr\" role=\"presentation\">Angebote<\/span> <span dir=\"ltr\" role=\"presentation\">zur<\/span> <span dir=\"ltr\" role=\"presentation\">Vermeidung<\/span> <span dir=\"ltr\" role=\"presentation\">von<\/span> <span dir=\"ltr\" role=\"presentation\">Ausbildungsabbr\u00fcchen<\/span><\/span><\/li>\n<li><span id=\"page3R_mcid41\" class=\"markedContent\"><span dir=\"ltr\" role=\"presentation\">Angebote<\/span> <span dir=\"ltr\" role=\"presentation\">zur<\/span> <span dir=\"ltr\" role=\"presentation\">Stabilisierung<\/span> <span dir=\"ltr\" role=\"presentation\">des<\/span> <span dir=\"ltr\" role=\"presentation\">Ausbildungsverh\u00e4ltnisses<\/span> <span dir=\"ltr\" role=\"presentation\">und<\/span> <span dir=\"ltr\" role=\"presentation\">zur<\/span> <span dir=\"ltr\" role=\"presentation\">Anbahnung<\/span> <span dir=\"ltr\" role=\"presentation\">der<\/span> <span dir=\"ltr\" role=\"presentation\">\u00dcbernahme <\/span><\/span><span id=\"page3R_mcid42\" class=\"markedContent\"><span dir=\"ltr\" role=\"presentation\">durch den<\/span> <span dir=\"ltr\" role=\"presentation\">kooperierenden<\/span> <span dir=\"ltr\" role=\"presentation\">Ausbildungsbetrieb<\/span><\/span><\/li>\n<li><span id=\"page3R_mcid43\" class=\"markedContent\"><span dir=\"ltr\" role=\"presentation\">Dokumentationst\u00e4tigkeit<\/span><\/span><\/li>\n<\/ul>\n<p>Im Rahmen des Projektes \u201eAusbildungswege NRW\u201c erhalten Betriebe pro besetztem Ausbildungsplatz eine F\u00f6rderung in H\u00f6he von insgesamt 740 Euro (Vollzeit) bzw. 430 Euro (Teilzeit) monatlich f\u00fcr max. 11 Monate. Dabei werden die Auszubildenden besonders zum Start intensiv von uns begleitet. (<a href=\"https:\/\/alt.bzi-rs.de\/index.php\/ausbildungswege-nrw\/\">www.bzi-rs.de\/index.php\/ausbildungswege-nrw\/<\/a>).<\/p>\n<p><strong>Kontakt:<\/strong><br \/>\nBerufsbildungszentrum der Remscheider Metall- und Elektroindustrie GmbH (BZI)<br \/>\nW\u00fcstenhagener Str. 18 \u2013 26<br \/>\n42855 Remscheid<br \/>\nTelefon: 0 21 91 \u2013 93 87 \u2013 100<br \/>\nTelefax: 0 21 91 \u2013 93 87 \u2013 137<br \/>\nE-Mail: <a href=\"mailto:info@bzi-rs.de\">info@bzi-rs.de<\/a><\/p>\n<\/div><div ><span class=\" fusion-imageframe imageframe-none imageframe-2 hover-type-none\"><img decoding=\"async\" width=\"1179\" height=\"222\" title=\"leiste-2\" src=\"https:\/\/alt.bzi-rs.de\/wp-content\/uploads\/2023\/10\/leiste-2.jpg\" class=\"img-responsive wp-image-14480\" srcset=\"https:\/\/alt.bzi-rs.de\/wp-content\/uploads\/2023\/10\/leiste-2-200x38.jpg 200w, https:\/\/alt.bzi-rs.de\/wp-content\/uploads\/2023\/10\/leiste-2-400x75.jpg 400w, https:\/\/alt.bzi-rs.de\/wp-content\/uploads\/2023\/10\/leiste-2-600x113.jpg 600w, https:\/\/alt.bzi-rs.de\/wp-content\/uploads\/2023\/10\/leiste-2-800x151.jpg 800w, https:\/\/alt.bzi-rs.de\/wp-content\/uploads\/2023\/10\/leiste-2.jpg 1179w\" sizes=\"(max-width: 1024px) 100vw, (max-width: 640px) 100vw, 800px\" \/><\/span><\/div><\/div><style type=\"text\/css\">.fusion-body .fusion-builder-column-0{width:66.666666666667% !important;margin-top : 0px;margin-bottom : 0px;}.fusion-builder-column-0 > .fusion-column-wrapper {padding-top : 0px !important;padding-right : 0px !important;margin-right : 2.88%;padding-bottom : 0px !important;padding-left : 0px !important;margin-left : 2.88%;}@media only screen and (max-width:1024px) {.fusion-body .fusion-builder-column-0{width:100% !important;order : 0;}.fusion-builder-column-0 > .fusion-column-wrapper {margin-right : 1.92%;margin-left : 1.92%;}}@media only screen and (max-width:640px) {.fusion-body .fusion-builder-column-0{width:100% !important;order : 0;}.fusion-builder-column-0 > .fusion-column-wrapper {margin-right : 1.92%;margin-left : 1.92%;}}<\/style><\/div><div class=\"fusion-layout-column fusion_builder_column fusion-builder-column-1 fusion_builder_column_1_3 1_3 fusion-flex-column\"><div class=\"fusion-column-wrapper fusion-flex-justify-content-flex-start fusion-content-layout-column\" style=\"background-position:left top;background-repeat:no-repeat;-webkit-background-size:cover;-moz-background-size:cover;-o-background-size:cover;background-size:cover;padding: 0px 0px 0px 0px;\"><div ><span class=\" fusion-imageframe imageframe-none imageframe-3 hover-type-none\"><img decoding=\"async\" width=\"1920\" height=\"2560\" title=\"IMG_8138\" src=\"https:\/\/alt.bzi-rs.de\/wp-content\/uploads\/2021\/07\/IMG_8138-scaled.jpg\" class=\"img-responsive wp-image-11071\" srcset=\"https:\/\/alt.bzi-rs.de\/wp-content\/uploads\/2021\/07\/IMG_8138-200x267.jpg 200w, https:\/\/alt.bzi-rs.de\/wp-content\/uploads\/2021\/07\/IMG_8138-400x533.jpg 400w, https:\/\/alt.bzi-rs.de\/wp-content\/uploads\/2021\/07\/IMG_8138-600x800.jpg 600w, https:\/\/alt.bzi-rs.de\/wp-content\/uploads\/2021\/07\/IMG_8138-800x1067.jpg 800w, https:\/\/alt.bzi-rs.de\/wp-content\/uploads\/2021\/07\/IMG_8138-1200x1600.jpg 1200w, https:\/\/alt.bzi-rs.de\/wp-content\/uploads\/2021\/07\/IMG_8138-scaled.jpg 1920w\" sizes=\"(max-width: 1024px) 100vw, (max-width: 640px) 100vw, 400px\" \/><\/span><\/div><div ><span class=\" fusion-imageframe imageframe-none imageframe-4 hover-type-none\"><img decoding=\"async\" width=\"2482\" height=\"2482\" title=\"arbeit_logo_ausbildung_jetzt_hoch_xl (1)\" src=\"https:\/\/alt.bzi-rs.de\/wp-content\/uploads\/2021\/07\/arbeit_logo_ausbildung_jetzt_hoch_xl-1.png\" class=\"img-responsive wp-image-11073\" srcset=\"https:\/\/alt.bzi-rs.de\/wp-content\/uploads\/2021\/07\/arbeit_logo_ausbildung_jetzt_hoch_xl-1-200x200.png 200w, https:\/\/alt.bzi-rs.de\/wp-content\/uploads\/2021\/07\/arbeit_logo_ausbildung_jetzt_hoch_xl-1-400x400.png 400w, https:\/\/alt.bzi-rs.de\/wp-content\/uploads\/2021\/07\/arbeit_logo_ausbildung_jetzt_hoch_xl-1-600x600.png 600w, https:\/\/alt.bzi-rs.de\/wp-content\/uploads\/2021\/07\/arbeit_logo_ausbildung_jetzt_hoch_xl-1-800x800.png 800w, https:\/\/alt.bzi-rs.de\/wp-content\/uploads\/2021\/07\/arbeit_logo_ausbildung_jetzt_hoch_xl-1-1200x1200.png 1200w, https:\/\/alt.bzi-rs.de\/wp-content\/uploads\/2021\/07\/arbeit_logo_ausbildung_jetzt_hoch_xl-1.png 2482w\" sizes=\"(max-width: 1024px) 100vw, (max-width: 640px) 100vw, 400px\" \/><\/span><\/div><\/div><style type=\"text\/css\">.fusion-body .fusion-builder-column-1{width:33.333333333333% !important;margin-top : 0px;margin-bottom : 0px;}.fusion-builder-column-1 > .fusion-column-wrapper {padding-top : 0px !important;padding-right : 0px !important;margin-right : 5.76%;padding-bottom : 0px !important;padding-left : 0px !important;margin-left : 5.76%;}@media only screen and (max-width:1024px) {.fusion-body .fusion-builder-column-1{width:100% !important;}.fusion-builder-column-1 > .fusion-column-wrapper {margin-right : 1.92%;margin-left : 1.92%;}}@media only screen and (max-width:640px) {.fusion-body .fusion-builder-column-1{width:100% !important;}.fusion-builder-column-1 > .fusion-column-wrapper {margin-right : 1.92%;margin-left : 1.92%;}}<\/style><\/div><\/div><style type=\"text\/css\">.fusion-body .fusion-flex-container.fusion-builder-row-1{ padding-top : 0px;margin-top : 0px;padding-right : 0px;padding-bottom : 0px;margin-bottom : 0px;padding-left : 0px;}<\/style><\/div>\n","protected":false},"excerpt":{"rendered":"","protected":false},"author":1,"featured_media":0,"parent":0,"menu_order":4,"comment_status":"closed","ping_status":"closed","template":"","meta":{"footnotes":""},"_links":{"self":[{"href":"https:\/\/alt.bzi-rs.de\/index.php\/wp-json\/wp\/v2\/pages\/12916"}],"collection":[{"href":"https:\/\/alt.bzi-rs.de\/index.php\/wp-json\/wp\/v2\/pages"}],"about":[{"href":"https:\/\/alt.bzi-rs.de\/index.php\/wp-json\/wp\/v2\/types\/page"}],"author":[{"embeddable":true,"href":"https:\/\/alt.bzi-rs.de\/index.php\/wp-json\/wp\/v2\/users\/1"}],"replies":[{"embeddable":true,"href":"https:\/\/alt.bzi-rs.de\/index.php\/wp-json\/wp\/v2\/comments?post=12916"}],"version-history":[{"count":8,"href":"https:\/\/alt.bzi-rs.de\/index.php\/wp-json\/wp\/v2\/pages\/12916\/revisions"}],"predecessor-version":[{"id":14594,"href":"https:\/\/alt.bzi-rs.de\/index.php\/wp-json\/wp\/v2\/pages\/12916\/revisions\/14594"}],"wp:attachment":[{"href":"https:\/\/alt.bzi-rs.de\/index.php\/wp-json\/wp\/v2\/media?parent=12916"}],"curies":[{"name":"wp","href":"https:\/\/api.w.org\/{rel}","templated":true}]}}