{"id":12927,"date":"2022-08-17T09:59:17","date_gmt":"2022-08-17T07:59:17","guid":{"rendered":"https:\/\/alt.bzi-rs.de\/?page_id=12927"},"modified":"2023-09-28T09:37:50","modified_gmt":"2023-09-28T07:37:50","slug":"kausa_jump","status":"publish","type":"page","link":"https:\/\/alt.bzi-rs.de\/index.php\/kausa_jump\/","title":{"rendered":"JUMP! Mit Schwung in deine Ausbildung"},"content":{"rendered":"<p><div class=\"fusion-fullwidth fullwidth-box fusion-builder-row-1 fusion-flex-container nonhundred-percent-fullwidth non-hundred-percent-height-scrolling\" style=\"background-color: rgba(255,255,255,0);background-position: center center;background-repeat: no-repeat;border-width: 0px 0px 0px 0px;border-color:#eae9e9;border-style:solid;\" ><div class=\"fusion-builder-row fusion-row fusion-flex-align-items-flex-start\" style=\"max-width:1248px;margin-left: calc(-4% \/ 2 );margin-right: calc(-4% \/ 2 );\"><div class=\"fusion-layout-column fusion_builder_column fusion-builder-column-0 fusion_builder_column_1_1 1_1 fusion-flex-column\"><div class=\"fusion-column-wrapper fusion-flex-justify-content-flex-start fusion-content-layout-column\" style=\"background-position:left top;background-repeat:no-repeat;-webkit-background-size:cover;-moz-background-size:cover;-o-background-size:cover;background-size:cover;padding: 0px 0px 0px 0px;\"><style type=\"text\/css\">@media only screen and (max-width:1024px) {.fusion-title.fusion-title-1{margin-top:0px!important; margin-right:0px!important;margin-bottom:31px!important;margin-left:0px!important;}}@media only screen and (max-width:640px) {.fusion-title.fusion-title-1{margin-top:0px!important; margin-right:0px!important;margin-bottom:20px!important; margin-left:0px!important;}}<\/style><div class=\"fusion-title title fusion-title-1 fusion-sep-none fusion-title-text fusion-title-size-two\" style=\"margin-top:0px;margin-right:0px;margin-bottom:31px;margin-left:0px;\"><h2 class=\"title-heading-left\" style=\"margin:0;\">JUMP! Mit Schwung in deine Ausbildung<\/h2><\/div><\/div><style type=\"text\/css\">.fusion-body .fusion-builder-column-0{width:100% !important;margin-top : 0px;margin-bottom : 0px;}.fusion-builder-column-0 > .fusion-column-wrapper {padding-top : 0px !important;padding-right : 0px !important;margin-right : 1.92%;padding-bottom : 0px !important;padding-left : 0px !important;margin-left : 1.92%;}@media only screen and (max-width:1024px) {.fusion-body .fusion-builder-column-0{width:100% !important;order : 0;}.fusion-builder-column-0 > .fusion-column-wrapper {margin-right : 1.92%;margin-left : 1.92%;}}@media only screen and (max-width:640px) {.fusion-body .fusion-builder-column-0{width:100% !important;order : 0;}.fusion-builder-column-0 > .fusion-column-wrapper {margin-right : 1.92%;margin-left : 1.92%;}}<\/style><\/div><\/div><style type=\"text\/css\">.fusion-body .fusion-flex-container.fusion-builder-row-1{ padding-top : 0px;margin-top : 0px;padding-right : 0px;padding-bottom : 0px;margin-bottom : 0px;padding-left : 0px;}<\/style><\/div><div class=\"fusion-fullwidth fullwidth-box fusion-builder-row-2 fusion-flex-container nonhundred-percent-fullwidth non-hundred-percent-height-scrolling\" style=\"background-color: rgba(255,255,255,0);background-position: center center;background-repeat: no-repeat;border-width: 0px 0px 0px 0px;border-color:#eae9e9;border-style:solid;\" ><div class=\"fusion-builder-row fusion-row fusion-flex-align-items-flex-start\" style=\"max-width:1248px;margin-left: calc(-4% \/ 2 );margin-right: calc(-4% \/ 2 );\"><div class=\"fusion-layout-column fusion_builder_column fusion-builder-column-1 fusion_builder_column_2_3 2_3 fusion-flex-column\"><div class=\"fusion-column-wrapper fusion-flex-justify-content-flex-start fusion-content-layout-column\" style=\"background-position:left top;background-repeat:no-repeat;-webkit-background-size:cover;-moz-background-size:cover;-o-background-size:cover;background-size:cover;padding: 0px 0px 0px 0px;\"><div class=\"fusion-text fusion-text-1\"><p>Mit \u201eJUMP! Jugendliche mit Perspektive\u201c kommst du in Ausbildung und Beruf. \u00dcber Sport, Spa\u00df und Workshops helfen wir dir dabei, deinen Traum-Ausbildungsberuf zu finden.<\/p>\n<p><strong>Wir unterst\u00fctzen dich kostenfrei:<\/strong><\/p>\n<ul>\n<li style=\"list-style-type: none;\">\n<ul>\n<li>Wir bieten dir sportliche Aktivit\u00e4ten wie Schwimmen, Tanzen, Fu\u00dfball, Tennis oder Boxen und machen dich fit f\u00fcr deine Ausbildung.<\/li>\n<li>Wir sprechen mit dir \u00fcber deine Interessen, Talente und Berufsw\u00fcnsche.<\/li>\n<li>Wir optimieren deine Bewerbungsunterlagen oder geben dir Tipps f\u00fcr deine neue Bewerbungsmappe und machen Bewerbungsfotos.<\/li>\n<li>Wir informieren dich \u00fcber das Ausbildungssystem und \u00fcber schulische, berufliche und akademische M\u00f6glichkeiten.<\/li>\n<li>Mit dem <a href=\"https:\/\/alt.bzi-rs.de\/index.php\/bewerberbuch-2023\/\" target=\"_blank\" rel=\"noopener\">BZI-Bewerberbuch<\/a> kannst du dich interessanten Ausbildungsbetrieben vorstellen.<\/li>\n<\/ul>\n<\/li>\n<\/ul>\n<p>Weitere Informationen zu KAUSA-Projekten finden Sie auf <a href=\"https:\/\/www.bildungsketten.de\/bildungsketten\/de\/ausbildung\/massnahmen-zur-integration\/kausa-projekte\/kausa-projekte_node.html\">bildungsketten.de\/kausa<\/a>.<\/p>\n<p>KAUSA-Transfer \u201eJUMP! Jugendliche mit Perspektive\u201c auf der <a href=\"https:\/\/www.awo-duesseldorf.de\/migration\/beratung\/bildung-und-arbeit\/\">Website der AWO D\u00fcsseldorf<\/a><\/p>\n<hr \/>\n<p><strong>JUMP! \u2013 fit in die Zukunft mit Ausbildung und Sport<\/strong> &#8211; <a href=\"https:\/\/www.bildungsketten.de\/bildungsketten\/de\/ausbildung\/massnahmen-zur-integration\/jump_gestartet.html\">weitere Informationen<\/a><\/p>\n<\/div><div class=\"fusion-text fusion-text-2 fusion-text-no-margin\" style=\"margin-top:0%;margin-right:0%;margin-bottom:0%;margin-left:0%;\"><hr \/>\n<p><strong>Projektumsetzung:<\/strong><\/p>\n<p><img decoding=\"async\" class=\"alignright wp-image-12932\" src=\"https:\/\/alt.bzi-rs.de\/wp-content\/uploads\/2022\/08\/AW-Logo-4c-BBZ-scaled.jpg\" alt=\"AWO Logo\" width=\"312\" height=\"79\" srcset=\"https:\/\/alt.bzi-rs.de\/wp-content\/uploads\/2022\/08\/AW-Logo-4c-BBZ-200x51.jpg 200w, https:\/\/alt.bzi-rs.de\/wp-content\/uploads\/2022\/08\/AW-Logo-4c-BBZ-300x76.jpg 300w, https:\/\/alt.bzi-rs.de\/wp-content\/uploads\/2022\/08\/AW-Logo-4c-BBZ-400x101.jpg 400w, https:\/\/alt.bzi-rs.de\/wp-content\/uploads\/2022\/08\/AW-Logo-4c-BBZ-600x152.jpg 600w, https:\/\/alt.bzi-rs.de\/wp-content\/uploads\/2022\/08\/AW-Logo-4c-BBZ-768x194.jpg 768w, https:\/\/alt.bzi-rs.de\/wp-content\/uploads\/2022\/08\/AW-Logo-4c-BBZ-800x202.jpg 800w, https:\/\/alt.bzi-rs.de\/wp-content\/uploads\/2022\/08\/AW-Logo-4c-BBZ-1024x259.jpg 1024w, https:\/\/alt.bzi-rs.de\/wp-content\/uploads\/2022\/08\/AW-Logo-4c-BBZ-1200x304.jpg 1200w, https:\/\/alt.bzi-rs.de\/wp-content\/uploads\/2022\/08\/AW-Logo-4c-BBZ-1536x389.jpg 1536w, https:\/\/alt.bzi-rs.de\/wp-content\/uploads\/2022\/08\/AW-Logo-4c-BBZ-scaled.jpg 2560w\" sizes=\"(max-width: 312px) 100vw, 312px\" \/><img decoding=\"async\" class=\"alignnone wp-image-6 size-full\" src=\"https:\/\/alt.bzi-rs.de\/wp-content\/uploads\/2017\/11\/logo-BZI-320.jpg\" alt=\"Berufsbildungszentrum der Remscheider Metall- und Elektroindustrie GmbH\" width=\"320\" height=\"76\" srcset=\"https:\/\/alt.bzi-rs.de\/wp-content\/uploads\/2017\/11\/logo-BZI-320-200x48.jpg 200w, https:\/\/alt.bzi-rs.de\/wp-content\/uploads\/2017\/11\/logo-BZI-320-300x71.jpg 300w, https:\/\/alt.bzi-rs.de\/wp-content\/uploads\/2017\/11\/logo-BZI-320.jpg 320w\" sizes=\"(max-width: 320px) 100vw, 320px\" \/><\/p>\n<hr \/>\n<\/div><\/div><style type=\"text\/css\">.fusion-body .fusion-builder-column-1{width:66.666666666667% !important;margin-top : 0px;margin-bottom : 0px;}.fusion-builder-column-1 > .fusion-column-wrapper {padding-top : 0px !important;padding-right : 0px !important;margin-right : 2.88%;padding-bottom : 0px !important;padding-left : 0px !important;margin-left : 2.88%;}@media only screen and (max-width:1024px) {.fusion-body .fusion-builder-column-1{width:100% !important;order : 0;}.fusion-builder-column-1 > .fusion-column-wrapper {margin-right : 1.92%;margin-left : 1.92%;}}@media only screen and (max-width:640px) {.fusion-body .fusion-builder-column-1{width:100% !important;order : 0;}.fusion-builder-column-1 > .fusion-column-wrapper {margin-right : 1.92%;margin-left : 1.92%;}}<\/style><\/div><div class=\"fusion-layout-column fusion_builder_column fusion-builder-column-2 fusion_builder_column_1_3 1_3 fusion-flex-column\"><div class=\"fusion-column-wrapper fusion-flex-justify-content-flex-start fusion-content-layout-column\" style=\"background-position:left top;background-repeat:no-repeat;-webkit-background-size:cover;-moz-background-size:cover;-o-background-size:cover;background-size:cover;padding: 0px 0px 0px 0px;\"><style type='text\/css'>.reading-box-container-1 .element-bottomshadow:before,.reading-box-container-1 .element-bottomshadow:after{opacity:0.7;}<\/style><div class=\"fusion-reading-box-container reading-box-container-1\" style=\"margin-top:0px;margin-bottom:84px;\"><div class=\"reading-box element-bottomshadow\" style=\"background-color:#ededed;border-width:0px;border-color:#00569d;border-left-width:3px;border-left-color:var(--primary_color);border-style:solid;\"><h2>Das Projekt endet am 31.08.2023.\n<\/h2><div class=\"reading-box-description fusion-reading-box-additional\">\n\n<\/div><div class=\"fusion-clearfix\"><\/div><\/div><\/div><div ><span class=\" fusion-imageframe imageframe-none imageframe-1 hover-type-none\"><img decoding=\"async\" width=\"2560\" height=\"1367\" alt=\"Logo KAUSA transfer jump\" title=\"Logo KAUSA transfer jump\" src=\"https:\/\/alt.bzi-rs.de\/wp-content\/uploads\/2022\/08\/jump-scaled.jpg\" class=\"img-responsive wp-image-12960\" srcset=\"https:\/\/alt.bzi-rs.de\/wp-content\/uploads\/2022\/08\/jump-200x107.jpg 200w, https:\/\/alt.bzi-rs.de\/wp-content\/uploads\/2022\/08\/jump-400x214.jpg 400w, https:\/\/alt.bzi-rs.de\/wp-content\/uploads\/2022\/08\/jump-600x320.jpg 600w, https:\/\/alt.bzi-rs.de\/wp-content\/uploads\/2022\/08\/jump-800x427.jpg 800w, https:\/\/alt.bzi-rs.de\/wp-content\/uploads\/2022\/08\/jump-1200x641.jpg 1200w, https:\/\/alt.bzi-rs.de\/wp-content\/uploads\/2022\/08\/jump-scaled.jpg 2560w\" sizes=\"(max-width: 1024px) 100vw, (max-width: 640px) 100vw, 400px\" \/><\/span><\/div><\/div><style type=\"text\/css\">.fusion-body .fusion-builder-column-2{width:33.333333333333% !important;margin-top : 0px;margin-bottom : 0px;}.fusion-builder-column-2 > .fusion-column-wrapper {padding-top : 0px !important;padding-right : 0px !important;margin-right : 5.76%;padding-bottom : 0px !important;padding-left : 0px !important;margin-left : 5.76%;}@media only screen and (max-width:1024px) {.fusion-body .fusion-builder-column-2{width:100% !important;order : 0;}.fusion-builder-column-2 > .fusion-column-wrapper {margin-right : 1.92%;margin-left : 1.92%;}}@media only screen and (max-width:640px) {.fusion-body .fusion-builder-column-2{width:100% !important;order : 0;}.fusion-builder-column-2 > .fusion-column-wrapper {margin-right : 1.92%;margin-left : 1.92%;}}<\/style><\/div><div class=\"fusion-layout-column fusion_builder_column fusion-builder-column-3 fusion_builder_column_1_3 1_3 fusion-flex-column\"><div class=\"fusion-column-wrapper fusion-flex-justify-content-flex-start fusion-content-layout-column\" style=\"background-position:left top;background-repeat:no-repeat;-webkit-background-size:cover;-moz-background-size:cover;-o-background-size:cover;background-size:cover;padding: 0px 0px 0px 0px;\"><div ><span class=\" fusion-imageframe imageframe-none imageframe-2 hover-type-none\"><a class=\"fusion-no-lightbox\" href=\"https:\/\/www.bmbf.de\/bmbf\/de\/home\/home_node.html\" target=\"_blank\" aria-label=\"Bundesministeriums f\u00fcr Bildung und Forschung\" rel=\"noopener noreferrer\"><img decoding=\"async\" width=\"238\" height=\"159\" alt=\"Bundesministeriums f\u00fcr Bildung und Forschung\" src=\"https:\/\/alt.bzi-rs.de\/wp-content\/uploads\/2022\/08\/Bundesministerium-fuer-Bildung-und-Forschung.jpg\" class=\"img-responsive wp-image-12978\" srcset=\"https:\/\/alt.bzi-rs.de\/wp-content\/uploads\/2022\/08\/Bundesministerium-fuer-Bildung-und-Forschung-200x134.jpg 200w, https:\/\/alt.bzi-rs.de\/wp-content\/uploads\/2022\/08\/Bundesministerium-fuer-Bildung-und-Forschung.jpg 238w\" sizes=\"(max-width: 1024px) 100vw, (max-width: 640px) 100vw, 238px\" \/><\/a><\/span><\/div><\/div><style type=\"text\/css\">.fusion-body .fusion-builder-column-3{width:33.333333333333% !important;margin-top : 0px;margin-bottom : 0px;}.fusion-builder-column-3 > .fusion-column-wrapper {padding-top : 0px !important;padding-right : 0px !important;margin-right : 5.76%;padding-bottom : 0px !important;padding-left : 0px !important;margin-left : 5.76%;}@media only screen and (max-width:1024px) {.fusion-body .fusion-builder-column-3{width:100% !important;order : 0;}.fusion-builder-column-3 > .fusion-column-wrapper {margin-right : 1.92%;margin-left : 1.92%;}}@media only screen and (max-width:640px) {.fusion-body .fusion-builder-column-3{width:100% !important;order : 0;}.fusion-builder-column-3 > .fusion-column-wrapper {margin-right : 1.92%;margin-left : 1.92%;}}<\/style><\/div><div class=\"fusion-layout-column fusion_builder_column fusion-builder-column-4 fusion_builder_column_1_3 1_3 fusion-flex-column\"><div class=\"fusion-column-wrapper fusion-flex-justify-content-flex-start fusion-content-layout-column\" style=\"background-position:left top;background-repeat:no-repeat;-webkit-background-size:cover;-moz-background-size:cover;-o-background-size:cover;background-size:cover;padding: 0px 0px 0px 0px;\"><div ><span class=\" fusion-imageframe imageframe-none imageframe-3 hover-type-none\"><a class=\"fusion-no-lightbox\" href=\"https:\/\/www.bildungsketten.de\/\" target=\"_blank\" aria-label=\"Bildungsketten-Logo\" rel=\"noopener noreferrer\"><img decoding=\"async\" width=\"238\" height=\"159\" alt=\"Bildungsketten-Logo\" src=\"https:\/\/alt.bzi-rs.de\/wp-content\/uploads\/2022\/08\/bildungsketten.jpg\" class=\"img-responsive wp-image-12980\" srcset=\"https:\/\/alt.bzi-rs.de\/wp-content\/uploads\/2022\/08\/bildungsketten-200x134.jpg 200w, https:\/\/alt.bzi-rs.de\/wp-content\/uploads\/2022\/08\/bildungsketten.jpg 238w\" sizes=\"(max-width: 1024px) 100vw, (max-width: 640px) 100vw, 238px\" \/><\/a><\/span><\/div><\/div><style type=\"text\/css\">.fusion-body .fusion-builder-column-4{width:33.333333333333% !important;margin-top : 0px;margin-bottom : 0px;}.fusion-builder-column-4 > .fusion-column-wrapper {padding-top : 0px !important;padding-right : 0px !important;margin-right : 5.76%;padding-bottom : 0px !important;padding-left : 0px !important;margin-left : 5.76%;}@media only screen and (max-width:1024px) {.fusion-body .fusion-builder-column-4{width:100% !important;order : 0;}.fusion-builder-column-4 > .fusion-column-wrapper {margin-right : 1.92%;margin-left : 1.92%;}}@media only screen and (max-width:640px) {.fusion-body .fusion-builder-column-4{width:100% !important;order : 0;}.fusion-builder-column-4 > .fusion-column-wrapper {margin-right : 1.92%;margin-left : 1.92%;}}<\/style><\/div><div class=\"fusion-layout-column fusion_builder_column fusion-builder-column-5 fusion_builder_column_1_3 1_3 fusion-flex-column\"><div class=\"fusion-column-wrapper fusion-flex-justify-content-flex-start fusion-content-layout-column\" style=\"background-position:left top;background-repeat:no-repeat;-webkit-background-size:cover;-moz-background-size:cover;-o-background-size:cover;background-size:cover;padding: 0px 0px 0px 0px;\"><div ><span class=\" fusion-imageframe imageframe-none imageframe-4 hover-type-none\"><a class=\"fusion-no-lightbox\" href=\"https:\/\/www.bibb.de\/\" target=\"_blank\" aria-label=\"BIBB-Logo\" rel=\"noopener noreferrer\"><img decoding=\"async\" width=\"238\" height=\"159\" alt=\"BIBB-Logo\" src=\"https:\/\/alt.bzi-rs.de\/wp-content\/uploads\/2022\/08\/bibb.jpg\" class=\"img-responsive wp-image-12979\" srcset=\"https:\/\/alt.bzi-rs.de\/wp-content\/uploads\/2022\/08\/bibb-200x134.jpg 200w, https:\/\/alt.bzi-rs.de\/wp-content\/uploads\/2022\/08\/bibb.jpg 238w\" sizes=\"(max-width: 1024px) 100vw, (max-width: 640px) 100vw, 238px\" \/><\/a><\/span><\/div><\/div><style type=\"text\/css\">.fusion-body .fusion-builder-column-5{width:33.333333333333% !important;margin-top : 0px;margin-bottom : 0px;}.fusion-builder-column-5 > .fusion-column-wrapper {padding-top : 0px !important;padding-right : 0px !important;margin-right : 5.76%;padding-bottom : 0px !important;padding-left : 0px !important;margin-left : 5.76%;}@media only screen and (max-width:1024px) {.fusion-body .fusion-builder-column-5{width:100% !important;order : 0;}.fusion-builder-column-5 > .fusion-column-wrapper {margin-right : 1.92%;margin-left : 1.92%;}}@media only screen and (max-width:640px) {.fusion-body .fusion-builder-column-5{width:100% !important;order : 0;}.fusion-builder-column-5 > .fusion-column-wrapper {margin-right : 1.92%;margin-left : 1.92%;}}<\/style><\/div><div class=\"fusion-layout-column fusion_builder_column fusion-builder-column-6 fusion_builder_column_1_1 1_1 fusion-flex-column\"><div class=\"fusion-column-wrapper fusion-flex-justify-content-flex-start fusion-content-layout-column\" style=\"background-position:left top;background-repeat:no-repeat;-webkit-background-size:cover;-moz-background-size:cover;-o-background-size:cover;background-size:cover;padding: 0px 0px 0px 0px;\"><div class=\"fusion-text fusion-text-3\"><p style=\"text-align: center;\">Das KAUSA-Transfer-Projekt wird gef\u00f6rdert vom Bundesministerium f\u00fcr Bildung und Forschung im Rahmen der Initiative Bildungsketten.<\/p>\n<\/div><div class=\"fusion-text fusion-text-4\"><hr \/>\n<p><strong>Bedanken m\u00f6chte sich das BZI bei der B\u00fcrgerstiftung Remscheid, dem LIONS Club, der Louise-Hardt-Stiftung e.V. und der Gustav Klauke GmbH, die dieses Projekt gro\u00dfz\u00fcgig unterst\u00fctzen\u2026.<\/strong><\/p>\n<p style=\"text-align: center;\"><strong>\u00a0<\/strong><\/p>\n<\/div><\/div><style type=\"text\/css\">.fusion-body .fusion-builder-column-6{width:100% !important;margin-top : 0px;margin-bottom : 0px;}.fusion-builder-column-6 > .fusion-column-wrapper {padding-top : 0px !important;padding-right : 0px !important;margin-right : 1.92%;padding-bottom : 0px !important;padding-left : 0px !important;margin-left : 1.92%;}@media only screen and (max-width:1024px) {.fusion-body .fusion-builder-column-6{width:100% !important;order : 0;}.fusion-builder-column-6 > .fusion-column-wrapper {margin-right : 1.92%;margin-left : 1.92%;}}@media only screen and (max-width:640px) {.fusion-body .fusion-builder-column-6{width:100% !important;order : 0;}.fusion-builder-column-6 > .fusion-column-wrapper {margin-right : 1.92%;margin-left : 1.92%;}}<\/style><\/div><\/div><style type=\"text\/css\">.fusion-body .fusion-flex-container.fusion-builder-row-2{ padding-top : 0px;margin-top : 0px;padding-right : 0px;padding-bottom : 0px;margin-bottom : 0px;padding-left : 0px;}<\/style><\/div><div class=\"fusion-fullwidth fullwidth-box fusion-builder-row-3 fusion-flex-container nonhundred-percent-fullwidth non-hundred-percent-height-scrolling\" style=\"background-color: rgba(255,255,255,0);background-position: center center;background-repeat: no-repeat;border-width: 0px 0px 0px 0px;border-color:#eae9e9;border-style:solid;\" ><div class=\"fusion-builder-row fusion-row fusion-flex-align-items-flex-start\" style=\"max-width:1248px;margin-left: calc(-4% \/ 2 );margin-right: calc(-4% \/ 2 );\"><\/div><style type=\"text\/css\">.fusion-body .fusion-flex-container.fusion-builder-row-3{ padding-top : 0px;margin-top : 0px;padding-right : 0px;padding-bottom : 0px;margin-bottom : 0px;padding-left : 0px;}<\/style><\/div><div class=\"fusion-fullwidth fullwidth-box fusion-builder-row-4 fusion-flex-container nonhundred-percent-fullwidth non-hundred-percent-height-scrolling\" style=\"background-color: rgba(255,255,255,0);background-position: center center;background-repeat: no-repeat;border-width: 0px 0px 0px 0px;border-color:#eae9e9;border-style:solid;\" ><div class=\"fusion-builder-row fusion-row fusion-flex-align-items-flex-start\" style=\"max-width:1248px;margin-left: calc(-4% \/ 2 );margin-right: calc(-4% \/ 2 );\"><div class=\"fusion-layout-column fusion_builder_column fusion-builder-column-7 fusion_builder_column_1_1 1_1 fusion-flex-column\"><div class=\"fusion-column-wrapper fusion-flex-justify-content-flex-start fusion-content-layout-column\" style=\"background-position:left top;background-repeat:no-repeat;-webkit-background-size:cover;-moz-background-size:cover;-o-background-size:cover;background-size:cover;padding: 0px 0px 0px 0px;\"><div style=\"text-align:center;\"><span class=\" fusion-imageframe imageframe-none imageframe-5 hover-type-none\"><img decoding=\"async\" width=\"921\" height=\"162\" title=\"bannerleiste-jump\" src=\"https:\/\/alt.bzi-rs.de\/wp-content\/uploads\/2023\/01\/bannerleiste-jump-1.jpg\" class=\"img-responsive wp-image-13570\" srcset=\"https:\/\/alt.bzi-rs.de\/wp-content\/uploads\/2023\/01\/bannerleiste-jump-1-200x35.jpg 200w, https:\/\/alt.bzi-rs.de\/wp-content\/uploads\/2023\/01\/bannerleiste-jump-1-400x70.jpg 400w, https:\/\/alt.bzi-rs.de\/wp-content\/uploads\/2023\/01\/bannerleiste-jump-1-600x106.jpg 600w, https:\/\/alt.bzi-rs.de\/wp-content\/uploads\/2023\/01\/bannerleiste-jump-1-800x141.jpg 800w, https:\/\/alt.bzi-rs.de\/wp-content\/uploads\/2023\/01\/bannerleiste-jump-1.jpg 921w\" sizes=\"(max-width: 1024px) 100vw, (max-width: 640px) 100vw, 921px\" \/><\/span><\/div><\/div><style type=\"text\/css\">.fusion-body .fusion-builder-column-7{width:100% !important;margin-top : 0px;margin-bottom : 0px;}.fusion-builder-column-7 > .fusion-column-wrapper {padding-top : 0px !important;padding-right : 0px !important;margin-right : 1.92%;padding-bottom : 0px !important;padding-left : 0px !important;margin-left : 1.92%;}@media only screen and (max-width:1024px) {.fusion-body .fusion-builder-column-7{width:100% !important;order : 0;}.fusion-builder-column-7 > .fusion-column-wrapper {margin-right : 1.92%;margin-left : 1.92%;}}@media only screen and (max-width:640px) {.fusion-body .fusion-builder-column-7{width:100% !important;order : 0;}.fusion-builder-column-7 > .fusion-column-wrapper {margin-right : 1.92%;margin-left : 1.92%;}}<\/style><\/div><\/div><style type=\"text\/css\">.fusion-body .fusion-flex-container.fusion-builder-row-4{ padding-top : 0px;margin-top : 0px;padding-right : 0px;padding-bottom : 0px;margin-bottom : 0px;padding-left : 0px;}<\/style><\/div><div class=\"fusion-fullwidth fullwidth-box fusion-builder-row-5 fusion-flex-container nonhundred-percent-fullwidth non-hundred-percent-height-scrolling\" style=\"background-color: rgba(255,255,255,0);background-position: center center;background-repeat: no-repeat;border-width: 0px 0px 0px 0px;border-color:#eae9e9;border-style:solid;\" ><div class=\"fusion-builder-row fusion-row fusion-flex-align-items-flex-start\" style=\"max-width:1248px;margin-left: calc(-4% \/ 2 );margin-right: calc(-4% \/ 2 );\"><div class=\"fusion-layout-column fusion_builder_column fusion-builder-column-8 fusion_builder_column_1_1 1_1 fusion-flex-column\"><div class=\"fusion-column-wrapper fusion-flex-justify-content-flex-start fusion-content-layout-column\" style=\"background-position:left top;background-repeat:no-repeat;-webkit-background-size:cover;-moz-background-size:cover;-o-background-size:cover;background-size:cover;padding: 0px 0px 0px 0px;\"><div class=\"fusion-text fusion-text-5\"><hr \/>\n<p style=\"text-align: center;\"><strong>Weitere Unterst\u00fctzung erh\u00e4lt das Projekt durch:<\/strong><\/p>\n<\/div><div style=\"text-align:center;\"><span class=\" fusion-imageframe imageframe-none imageframe-6 hover-type-none\"><img decoding=\"async\" width=\"921\" height=\"427\" title=\"logoleiste\" src=\"https:\/\/alt.bzi-rs.de\/wp-content\/uploads\/2023\/08\/logoleiste.jpg\" class=\"img-responsive wp-image-14324\" srcset=\"https:\/\/alt.bzi-rs.de\/wp-content\/uploads\/2023\/08\/logoleiste-200x93.jpg 200w, https:\/\/alt.bzi-rs.de\/wp-content\/uploads\/2023\/08\/logoleiste-400x185.jpg 400w, https:\/\/alt.bzi-rs.de\/wp-content\/uploads\/2023\/08\/logoleiste-600x278.jpg 600w, https:\/\/alt.bzi-rs.de\/wp-content\/uploads\/2023\/08\/logoleiste-800x371.jpg 800w, https:\/\/alt.bzi-rs.de\/wp-content\/uploads\/2023\/08\/logoleiste.jpg 921w\" sizes=\"(max-width: 1024px) 100vw, (max-width: 640px) 100vw, 921px\" \/><\/span><\/div><\/div><style type=\"text\/css\">.fusion-body .fusion-builder-column-8{width:100% !important;margin-top : 0px;margin-bottom : 0px;}.fusion-builder-column-8 > .fusion-column-wrapper {padding-top : 0px !important;padding-right : 0px !important;margin-right : 1.92%;padding-bottom : 0px !important;padding-left : 0px !important;margin-left : 1.92%;}@media only screen and (max-width:1024px) {.fusion-body .fusion-builder-column-8{width:100% !important;order : 0;}.fusion-builder-column-8 > .fusion-column-wrapper {margin-right : 1.92%;margin-left : 1.92%;}}@media only screen and (max-width:640px) {.fusion-body .fusion-builder-column-8{width:100% !important;order : 0;}.fusion-builder-column-8 > .fusion-column-wrapper {margin-right : 1.92%;margin-left : 1.92%;}}<\/style><\/div><\/div><style type=\"text\/css\">.fusion-body .fusion-flex-container.fusion-builder-row-5{ padding-top : 0px;margin-top : 0px;padding-right : 0px;padding-bottom : 0px;margin-bottom : 0px;padding-left : 0px;}<\/style><\/div><\/p>\n","protected":false},"excerpt":{"rendered":"","protected":false},"author":1,"featured_media":0,"parent":0,"menu_order":4,"comment_status":"closed","ping_status":"closed","template":"","meta":{"footnotes":""},"_links":{"self":[{"href":"https:\/\/alt.bzi-rs.de\/index.php\/wp-json\/wp\/v2\/pages\/12927"}],"collection":[{"href":"https:\/\/alt.bzi-rs.de\/index.php\/wp-json\/wp\/v2\/pages"}],"about":[{"href":"https:\/\/alt.bzi-rs.de\/index.php\/wp-json\/wp\/v2\/types\/page"}],"author":[{"embeddable":true,"href":"https:\/\/alt.bzi-rs.de\/index.php\/wp-json\/wp\/v2\/users\/1"}],"replies":[{"embeddable":true,"href":"https:\/\/alt.bzi-rs.de\/index.php\/wp-json\/wp\/v2\/comments?post=12927"}],"version-history":[{"count":95,"href":"https:\/\/alt.bzi-rs.de\/index.php\/wp-json\/wp\/v2\/pages\/12927\/revisions"}],"predecessor-version":[{"id":14419,"href":"https:\/\/alt.bzi-rs.de\/index.php\/wp-json\/wp\/v2\/pages\/12927\/revisions\/14419"}],"wp:attachment":[{"href":"https:\/\/alt.bzi-rs.de\/index.php\/wp-json\/wp\/v2\/media?parent=12927"}],"curies":[{"name":"wp","href":"https:\/\/api.w.org\/{rel}","templated":true}]}}