{"id":29,"date":"2018-01-15T11:17:54","date_gmt":"2018-01-15T10:17:54","guid":{"rendered":"https:\/\/alt.bzi-rs.de\/?page_id=29"},"modified":"2021-03-29T10:18:44","modified_gmt":"2021-03-29T08:18:44","slug":"cnc-technik","status":"publish","type":"page","link":"https:\/\/alt.bzi-rs.de\/index.php\/cnc-technik\/","title":{"rendered":"CNC-Technik"},"content":{"rendered":"<div class=\"fusion-fullwidth fullwidth-box fusion-builder-row-1 nonhundred-percent-fullwidth non-hundred-percent-height-scrolling\" style=\"background-color: rgba(255,255,255,0);background-position: center center;background-repeat: no-repeat;padding-top:0px;padding-right:0px;padding-bottom:0px;padding-left:0px;margin-bottom: 0px;margin-top: 0px;border-width: 0px 0px 0px 0px;border-color:#eae9e9;border-style:solid;\" ><div class=\"fusion-builder-row fusion-row\"><div class=\"fusion-layout-column fusion_builder_column fusion-builder-column-0 fusion_builder_column_1_3 1_3 fusion-one-third fusion-column-first\" style=\"width:33.333333333333%;width:calc(33.333333333333% - ( ( 4% ) * 0.33333333333333 ) );margin-right: 4%;margin-top:0px;margin-bottom:0px;\"><div class=\"fusion-column-wrapper fusion-flex-column-wrapper-legacy\" style=\"background-position:left top;background-repeat:no-repeat;-webkit-background-size:cover;-moz-background-size:cover;-o-background-size:cover;background-size:cover;padding: 0px 0px 0px 0px;\"><div class=\"fusion-widget-area fusion-widget-area-1 fusion-content-widget-area\"><style type=\"text\/css\">.fusion-widget-area-1 {padding:0px 0px 0px 0px;}.fusion-widget-area-1 .widget h4 {color:#0078b8;}.fusion-widget-area-1 .widget .heading h4 {color:#0078b8;}.fusion-widget-area-1 .widget h4 {font-size:20px;}.fusion-widget-area-1 .widget .heading h4 {font-size:20px;}<\/style><div id=\"nav_menu-9\" class=\"widget widget_nav_menu\"><div class=\"menu-cnc-technik-container\"><ul id=\"menu-cnc-technik\" class=\"menu\"><li id=\"menu-item-6517\" class=\"menu-item menu-item-type-post_type menu-item-object-post menu-item-6517\"><a href=\"https:\/\/alt.bzi-rs.de\/index.php\/blog-fanuc-din-programmierung-drehen\/\">FANUC Drehen DIN ISO Programmierung<\/a><\/li>\n<li id=\"menu-item-6518\" class=\"menu-item menu-item-type-post_type menu-item-object-post menu-item-6518\"><a href=\"https:\/\/alt.bzi-rs.de\/index.php\/blog-fanuc-drehen-manual-guide-i-dialogprogrammierung\/\">FANUC Drehen Manual Guide i \u2013 Dialogprogrammierung<\/a><\/li>\n<li id=\"menu-item-6520\" class=\"menu-item menu-item-type-post_type menu-item-object-post menu-item-6520\"><a href=\"https:\/\/alt.bzi-rs.de\/index.php\/blog-heidenhain-fraesen-grundlagen\/\">HEIDENHAIN Fr\u00e4sen Grundlagen<\/a><\/li>\n<li id=\"menu-item-6521\" class=\"menu-item menu-item-type-post_type menu-item-object-post menu-item-6521\"><a href=\"https:\/\/alt.bzi-rs.de\/index.php\/heidenhain-fraesen-aufbaukurs\/\">HEIDENHAIN Fr\u00e4sen Aufbaukurs<\/a><\/li>\n<li id=\"menu-item-6522\" class=\"menu-item menu-item-type-post_type menu-item-object-post menu-item-6522\"><a href=\"https:\/\/alt.bzi-rs.de\/index.php\/blog-heidenhain-fraesen-schwenkbearbeitung\/\">HEIDENHAIN Fr\u00e4sen Schwenkbearbeitung<\/a><\/li>\n<li id=\"menu-item-11899\" class=\"menu-item menu-item-type-post_type menu-item-object-page menu-item-11899\"><a href=\"https:\/\/alt.bzi-rs.de\/index.php\/industriefachkraft-ihk-fuer-cnc-technik\/\">Industriefachkraft (IHK) f\u00fcr CNC-Technik<\/a><\/li>\n<li id=\"menu-item-6527\" class=\"menu-item menu-item-type-post_type menu-item-object-post menu-item-6527\"><a href=\"https:\/\/alt.bzi-rs.de\/index.php\/blog-komplettbearbeitung-mit-gegenspindel-angetriebenen-werkzeugen-und-c-achse\/\">Komplettbearbeitung mit Gegenspindel, angetriebenen Werkzeugen und C-Achse<\/a><\/li>\n<li id=\"menu-item-6528\" class=\"menu-item menu-item-type-post_type menu-item-object-post menu-item-6528\"><a href=\"https:\/\/alt.bzi-rs.de\/index.php\/blog-mehrkanalprogrammierung-duplex-triplex-mit-siemens-840d-sl-operate\/\">Mehrkanalprogrammierung Duplex\/Triplex mit Siemens 840D SL Operate<\/a><\/li>\n<li id=\"menu-item-14233\" class=\"menu-item menu-item-type-custom menu-item-object-custom menu-item-14233\"><a href=\"https:\/\/alt.bzi-rs.de\/index.php\/messtasterschulung-heidenhain-640\/\">Messtasterschulung HEIDENHAIN 640<\/a><\/li>\n<li id=\"menu-item-14232\" class=\"menu-item menu-item-type-custom menu-item-object-custom menu-item-14232\"><a href=\"https:\/\/alt.bzi-rs.de\/index.php\/messtasterschulung-siemens-840d\/\">Messtasterschulung Siemens 840d<\/a><\/li>\n<li id=\"menu-item-13456\" class=\"menu-item menu-item-type-post_type menu-item-object-post menu-item-13456\"><a href=\"https:\/\/alt.bzi-rs.de\/index.php\/sinumerik-fraesen-din-iso\/\">SINUMERIK Fr\u00e4sen DIN\/ISO<\/a><\/li>\n<li id=\"menu-item-6529\" class=\"menu-item menu-item-type-post_type menu-item-object-post menu-item-6529\"><a href=\"https:\/\/alt.bzi-rs.de\/index.php\/blog-sinumerik-drehen-din-iso\/\">SINUMERIK Drehen DIN\/ISO<\/a><\/li>\n<li id=\"menu-item-6530\" class=\"menu-item menu-item-type-post_type menu-item-object-post menu-item-6530\"><a href=\"https:\/\/alt.bzi-rs.de\/index.php\/blog-sinumerik-shopmill\/\">SINUMERIK ShopMill<\/a><\/li>\n<li id=\"menu-item-6531\" class=\"menu-item menu-item-type-post_type menu-item-object-post menu-item-6531\"><a href=\"https:\/\/alt.bzi-rs.de\/index.php\/blog-sinumerik-shopturn\/\">SINUMERIK ShopTurn<\/a><\/li>\n<li id=\"menu-item-6532\" class=\"menu-item menu-item-type-post_type menu-item-object-post menu-item-6532\"><a href=\"https:\/\/alt.bzi-rs.de\/index.php\/blog-sinumerik-shopmill-schwenkbearbeitung\/\">SINUMERIK ShopMill Schwenkbearbeitung<\/a><\/li>\n<li id=\"menu-item-3892\" class=\"menu-item menu-item-type-post_type menu-item-object-page menu-item-3892\"><a href=\"https:\/\/alt.bzi-rs.de\/index.php\/anmeldung-und-agb-4\/\">Anmeldung und AGB<\/a><\/li>\n<li id=\"menu-item-3893\" class=\"menu-item menu-item-type-post_type menu-item-object-page menu-item-3893\"><a href=\"https:\/\/alt.bzi-rs.de\/index.php\/foerdermoeglichkeiten\/\">F\u00f6rderm\u00f6glichkeiten<\/a><\/li>\n<li id=\"menu-item-3894\" class=\"menu-item menu-item-type-post_type menu-item-object-page menu-item-3894\"><a href=\"https:\/\/alt.bzi-rs.de\/index.php\/weiterbildungsbroschuere\/\">Weiterbildungsbrosch\u00fcre<\/a><\/li>\n<\/ul><\/div><\/div><div class=\"fusion-additional-widget-content\"><\/div><\/div><div class=\"fusion-clearfix\"><\/div><\/div><\/div><div class=\"fusion-layout-column fusion_builder_column fusion-builder-column-1 fusion_builder_column_2_3 2_3 fusion-two-third fusion-column-last\" style=\"width:66.666666666667%;width:calc(66.666666666667% - ( ( 4% ) * 0.66666666666667 ) );margin-top:0px;margin-bottom:0px;\"><div class=\"fusion-column-wrapper fusion-flex-column-wrapper-legacy\" style=\"background-position:left top;background-repeat:no-repeat;-webkit-background-size:cover;-moz-background-size:cover;-o-background-size:cover;background-size:cover;padding: 0px 0px 0px 0px;\"><style type=\"text\/css\"><\/style><div class=\"fusion-title title fusion-title-1 fusion-sep-none fusion-title-text fusion-title-size-two\" style=\"margin-top:0px;margin-right:0px;margin-bottom:31px;margin-left:0px;\"><h2 class=\"title-heading-left\" style=\"margin:0;\"><table>\n<tbody>\n<tr>\n<td><a href=\"https:\/\/www.spinner-nrw-wzm.com\" target=\"_blank\" rel=\"noopener noreferrer\"><img decoding=\"async\" id=\"ctl05_flexTableRows_ctl00_flexRowCells_ctl00_flexCellData_AxImage6191\" src=\"https:\/\/alt.bzi-rs.de\/upload\/spinner_723.jpg\" alt=\"\" width=\"90\" height=\"29\" \/><\/a><\/td>\n<td><a href=\"https:\/\/www.heidenhain.de\/\" target=\"_blank\" rel=\"noopener noreferrer\"><img decoding=\"async\" id=\"ctl05_flexTableRows_ctl00_flexRowCells_ctl01_flexCellData_AxImage6192\" src=\"https:\/\/alt.bzi-rs.de\/upload\/haidenhain_715.jpg\" alt=\"\" width=\"90\" height=\"29\" \/><\/a><\/td>\n<td><a href=\"https:\/\/www.siemens.com\/entry\/de\/de\/\" target=\"_blank\" rel=\"noopener noreferrer\"><img decoding=\"async\" id=\"ctl05_flexTableRows_ctl00_flexRowCells_ctl02_flexCellData_AxImage6193\" src=\"https:\/\/alt.bzi-rs.de\/upload\/siemens_722.jpg\" alt=\"\" width=\"90\" height=\"29\" \/><\/a><\/td>\n<td><a href=\"https:\/\/www.fanuc.de\/\" target=\"_blank\" rel=\"noopener noreferrer\"><img decoding=\"async\" id=\"ctl05_flexTableRows_ctl00_flexRowCells_ctl03_flexCellData_AxImage6194\" src=\"https:\/\/alt.bzi-rs.de\/upload\/ContentWidth90\/fanuc_europe_rgb_1381.jpg\" alt=\"\" width=\"90\" height=\"24\" \/><\/a><\/td>\n<\/tr>\n<\/tbody>\n<\/table>\n<h2><\/h2>\n<h2><\/h2>\n<h3><\/h3><\/h2><\/div><style type=\"text\/css\"><\/style><div class=\"fusion-title title fusion-title-2 fusion-sep-none fusion-title-text fusion-title-size-two\" style=\"margin-top:0px;margin-right:0px;margin-bottom:20px;margin-left:0px;\"><h2 class=\"title-heading-left\" style=\"margin:0;\">CNC in Theorie und Praxis<\/h2><\/div><div class=\"fusion-text fusion-text-1\"><p>Sie planen die Anschaffung einer neuen CNC-Maschine oder diese befindet sich bereits in Ihrem Unternehmen. Die Frage die sich hieran oftmals anschlie\u00dft ist: Sind die Mitarbeiter fit, um die Maschine zu bedienen und sie somit optimal f\u00fcr die Produktion zu nutzen?<\/p>\n<p>Vielfach geht der Kauf einer neuen Maschine mit einer neuen Steuerung einher. Aber h\u00e4ufig w\u00e4chst auch die Komplexit\u00e4t der Auftr\u00e4ge, die auf den vorhandenen Maschinen gefertigt werden sollen. Auch neue Mitarbeiter bringen nicht immer das spezielle Wissen einer bestimmten Steuerung mit.<\/p>\n<p>In diesen F\u00e4llen m\u00f6chten wir Ihnen als Partner zur Seite stehen und Sie mit unserem Angebot im Bereich CNC unterst\u00fctzen. Wir schulen Ihre Mitarbeiter in kleinen Gruppen an modernen Maschinen mit aktuellen Versionen der Steuerungen Fanuc, Siemens und Heidenhain. Der hohe Praxisanteil zeichnet unsere Lehrg\u00e4nge aus.<\/p>\n<p>Sei es die Steuerungsschulung in unseren 1-w\u00f6chigen Vollzeitlehrg\u00e4ngen, eine 2-t\u00e4gige Schulung zu einem besonderen CNC-Thema wie zum Beispiel der Komplettbearbeitung mit Gegenspindel, die Weiterbildung zur Industriefachkraft CNC-Technik (IHK) mit IHK-Zertifikat oder der CAD\/CAMGrundlehrgang zur 3D-Konstruktion.<\/p>\n<p>Um die optimale Schulung f\u00fcr Ihren Mitarbeiter zu finden, sprechen Sie uns an, wir beraten Sie gerne.<\/p>\n<\/div><div class=\"fusion-sep-clear\"><\/div><div class=\"fusion-separator fusion-full-width-sep\" style=\"margin-left: auto;margin-right: auto;margin-top:10px;margin-bottom:20px;width:100%;\"><div class=\"fusion-separator-border sep-single sep-solid\" style=\"border-color:#e0dede;border-top-width:1px;\"><\/div><\/div><div class=\"fusion-sep-clear\"><\/div><div class=\"fusion-text fusion-text-2\"><p><strong>CNC Maschinenpark<\/strong><\/p>\n<\/div><div class=\"fusion-image-carousel fusion-image-carousel-fixed lightbox-enabled fusion-carousel-border\"><div class=\"fusion-carousel\" data-autoplay=\"no\" data-columns=\"5\" data-itemmargin=\"13\" data-itemwidth=\"180\" data-touchscroll=\"no\" data-imagesize=\"fixed\"><div class=\"fusion-carousel-positioner\"><ul class=\"fusion-carousel-holder\"><li class=\"fusion-carousel-item\"><div class=\"fusion-carousel-item-wrapper\"><div class=\"fusion-image-wrapper hover-type-liftup\"><a data-rel=\"iLightbox[image_carousel_1]\" data-caption=\"BZI - Remscheid - CNC-Maschinenpark\" data-title=\"BZI &#8211; Remscheid &#8211; CNC-Maschinenpark Spinner_TC300\" aria-label=\"BZI &#8211; Remscheid &#8211; CNC-Maschinenpark Spinner_TC300\" href=\"https:\/\/alt.bzi-rs.de\/wp-content\/uploads\/2019\/08\/Spinner_TC300.jpg\" target=\"_self\"><img decoding=\"async\" width=\"320\" height=\"202\" src=\"https:\/\/alt.bzi-rs.de\/wp-content\/uploads\/2019\/08\/Spinner_TC300-320x202.jpg\" class=\"attachment-blog-medium size-blog-medium\" alt=\"BZI - Remscheid - CNC-Maschinenpark\" \/><\/a><\/div><\/div><\/li><li class=\"fusion-carousel-item\"><div class=\"fusion-carousel-item-wrapper\"><div class=\"fusion-image-wrapper hover-type-liftup\"><a data-rel=\"iLightbox[image_carousel_1]\" data-caption=\"BZI - Remscheid - CNC-Maschinenpark\" data-title=\"BZI &#8211; Remscheid &#8211; CNC-Maschinenpark Spinner_TC400\" aria-label=\"BZI &#8211; Remscheid &#8211; CNC-Maschinenpark Spinner_TC400\" href=\"https:\/\/alt.bzi-rs.de\/wp-content\/uploads\/2019\/08\/Spinner_TC400.jpg\" target=\"_self\"><img decoding=\"async\" width=\"320\" height=\"202\" src=\"https:\/\/alt.bzi-rs.de\/wp-content\/uploads\/2019\/08\/Spinner_TC400-320x202.jpg\" class=\"attachment-blog-medium size-blog-medium\" alt=\"BZI - Remscheid - CNC-Maschinenpark\" \/><\/a><\/div><\/div><\/li><li class=\"fusion-carousel-item\"><div class=\"fusion-carousel-item-wrapper\"><div class=\"fusion-image-wrapper hover-type-liftup\"><a data-rel=\"iLightbox[image_carousel_1]\" data-caption=\"BZI - Remscheid - CNC-Maschinenpark\" data-title=\"BZI &#8211; Remscheid &#8211; CNC-Maschinenpark\" aria-label=\"BZI &#8211; Remscheid &#8211; CNC-Maschinenpark\" href=\"https:\/\/alt.bzi-rs.de\/wp-content\/uploads\/2019\/08\/Spinner_TTS65.jpg\" target=\"_self\"><img decoding=\"async\" width=\"320\" height=\"202\" src=\"https:\/\/alt.bzi-rs.de\/wp-content\/uploads\/2019\/08\/Spinner_TTS65-320x202.jpg\" class=\"attachment-blog-medium size-blog-medium\" alt=\"BZI - Remscheid - CNC-Maschinenpark\" \/><\/a><\/div><\/div><\/li><li class=\"fusion-carousel-item\"><div class=\"fusion-carousel-item-wrapper\"><div class=\"fusion-image-wrapper hover-type-liftup\"><a data-rel=\"iLightbox[image_carousel_1]\" data-caption=\"BZI - Remscheid - CNC-Maschinenpark\" data-title=\"BZI &#8211; Remscheid &#8211; CNC-Maschinenpark\" aria-label=\"BZI &#8211; Remscheid &#8211; CNC-Maschinenpark\" href=\"https:\/\/alt.bzi-rs.de\/wp-content\/uploads\/2019\/08\/Spinner_U1530_sw.jpg\" target=\"_self\"><img decoding=\"async\" width=\"320\" height=\"202\" src=\"https:\/\/alt.bzi-rs.de\/wp-content\/uploads\/2019\/08\/Spinner_U1530_sw-320x202.jpg\" class=\"attachment-blog-medium size-blog-medium\" alt=\"BZI - Remscheid - CNC-Maschinenpark\" \/><\/a><\/div><\/div><\/li><li class=\"fusion-carousel-item\"><div class=\"fusion-carousel-item-wrapper\"><div class=\"fusion-image-wrapper hover-type-liftup\"><a data-rel=\"iLightbox[image_carousel_1]\" data-caption=\"BZI - Remscheid - CNC-Maschinenpark\" data-title=\"BZI &#8211; Remscheid &#8211; CNC-Maschinenpark\" aria-label=\"BZI &#8211; Remscheid &#8211; CNC-Maschinenpark\" href=\"https:\/\/alt.bzi-rs.de\/wp-content\/uploads\/2019\/08\/Spinner_VC1150.jpg\" target=\"_self\"><img decoding=\"async\" width=\"320\" height=\"202\" src=\"https:\/\/alt.bzi-rs.de\/wp-content\/uploads\/2019\/08\/Spinner_VC1150-320x202.jpg\" class=\"attachment-blog-medium size-blog-medium\" alt=\"BZI - Remscheid - CNC-Maschinenpark\" \/><\/a><\/div><\/div><\/li><li class=\"fusion-carousel-item\"><div class=\"fusion-carousel-item-wrapper\"><div class=\"fusion-image-wrapper hover-type-liftup\"><a data-rel=\"iLightbox[image_carousel_1]\" data-caption=\"BZI - Remscheid - CNC-Maschinenpark\" data-title=\"BZI &#8211; Remscheid &#8211; CNC-Maschinenpark\" aria-label=\"BZI &#8211; Remscheid &#8211; CNC-Maschinenpark\" href=\"https:\/\/alt.bzi-rs.de\/wp-content\/uploads\/2019\/08\/2.jpg\" target=\"_self\"><img decoding=\"async\" width=\"320\" height=\"202\" src=\"https:\/\/alt.bzi-rs.de\/wp-content\/uploads\/2019\/08\/2-320x202.jpg\" class=\"attachment-blog-medium size-blog-medium\" alt=\"BZI - Remscheid - CNC-Maschinenpark\" \/><\/a><\/div><\/div><\/li><li class=\"fusion-carousel-item\"><div class=\"fusion-carousel-item-wrapper\"><div class=\"fusion-image-wrapper hover-type-liftup\"><a data-rel=\"iLightbox[image_carousel_1]\" data-caption=\"BZI - Remscheid - CNC-Maschinenpark\" data-title=\"BZI &#8211; Remscheid &#8211; CNC-Maschinenpark\" aria-label=\"BZI &#8211; Remscheid &#8211; CNC-Maschinenpark\" href=\"https:\/\/alt.bzi-rs.de\/wp-content\/uploads\/2019\/08\/IMG_6458.jpg\" target=\"_self\"><img decoding=\"async\" width=\"320\" height=\"202\" src=\"https:\/\/alt.bzi-rs.de\/wp-content\/uploads\/2019\/08\/IMG_6458-320x202.jpg\" class=\"attachment-blog-medium size-blog-medium\" alt=\"BZI - Remscheid - CNC-Maschinenpark\" \/><\/a><\/div><\/div><\/li><li class=\"fusion-carousel-item\"><div class=\"fusion-carousel-item-wrapper\"><div class=\"fusion-image-wrapper hover-type-liftup\"><a data-rel=\"iLightbox[image_carousel_1]\" data-caption=\"BZI - Remscheid - CNC-Maschinenpark\" data-title=\"BZI &#8211; Remscheid &#8211; CNC-Maschinenpark\" aria-label=\"BZI &#8211; Remscheid &#8211; CNC-Maschinenpark\" href=\"https:\/\/alt.bzi-rs.de\/wp-content\/uploads\/2019\/08\/IMG_6459.jpg\" target=\"_self\"><img decoding=\"async\" width=\"320\" height=\"202\" src=\"https:\/\/alt.bzi-rs.de\/wp-content\/uploads\/2019\/08\/IMG_6459-320x202.jpg\" class=\"attachment-blog-medium size-blog-medium\" alt=\"BZI - Remscheid - CNC-Maschinenpark\" \/><\/a><\/div><\/div><\/li><li class=\"fusion-carousel-item\"><div class=\"fusion-carousel-item-wrapper\"><div class=\"fusion-image-wrapper hover-type-liftup\"><a data-rel=\"iLightbox[image_carousel_1]\" data-caption=\"BZI - Remscheid - CNC-Maschinenpark\" data-title=\"BZI &#8211; Remscheid &#8211; CNC-Maschinenpark\" aria-label=\"BZI &#8211; Remscheid &#8211; CNC-Maschinenpark\" href=\"https:\/\/alt.bzi-rs.de\/wp-content\/uploads\/2019\/08\/IMG_6465.jpg\" target=\"_self\"><img decoding=\"async\" width=\"320\" height=\"202\" src=\"https:\/\/alt.bzi-rs.de\/wp-content\/uploads\/2019\/08\/IMG_6465-320x202.jpg\" class=\"attachment-blog-medium size-blog-medium\" alt=\"BZI - Remscheid - CNC-Maschinenpark\" \/><\/a><\/div><\/div><\/li><li class=\"fusion-carousel-item\"><div class=\"fusion-carousel-item-wrapper\"><div class=\"fusion-image-wrapper hover-type-liftup\"><a data-rel=\"iLightbox[image_carousel_1]\" data-caption=\"BZI - Remscheid - CNC-Maschinenpark\" data-title=\"BZI &#8211; Remscheid &#8211; CNC-Maschinenpark\" aria-label=\"BZI &#8211; Remscheid &#8211; CNC-Maschinenpark\" href=\"https:\/\/alt.bzi-rs.de\/wp-content\/uploads\/2019\/08\/IMG_6466.jpg\" target=\"_self\"><img decoding=\"async\" width=\"320\" height=\"202\" src=\"https:\/\/alt.bzi-rs.de\/wp-content\/uploads\/2019\/08\/IMG_6466-320x202.jpg\" class=\"attachment-blog-medium size-blog-medium\" alt=\"BZI - Remscheid - CNC-Maschinenpark\" \/><\/a><\/div><\/div><\/li><li class=\"fusion-carousel-item\"><div class=\"fusion-carousel-item-wrapper\"><div class=\"fusion-image-wrapper hover-type-liftup\"><a data-rel=\"iLightbox[image_carousel_1]\" data-caption=\"BZI - Remscheid - CNC-Maschinenpark\" data-title=\"BZI &#8211; Remscheid &#8211; CNC-Maschinenpark\" aria-label=\"BZI &#8211; Remscheid &#8211; CNC-Maschinenpark\" href=\"https:\/\/alt.bzi-rs.de\/wp-content\/uploads\/2019\/08\/IMG_6469.jpg\" target=\"_self\"><img decoding=\"async\" width=\"320\" height=\"202\" src=\"https:\/\/alt.bzi-rs.de\/wp-content\/uploads\/2019\/08\/IMG_6469-320x202.jpg\" class=\"attachment-blog-medium size-blog-medium\" alt=\"BZI - Remscheid - CNC-Maschinenpark\" \/><\/a><\/div><\/div><\/li><li class=\"fusion-carousel-item\"><div class=\"fusion-carousel-item-wrapper\"><div class=\"fusion-image-wrapper hover-type-liftup\"><a data-rel=\"iLightbox[image_carousel_1]\" data-caption=\"BZI - Remscheid - CNC-Maschinenpark\" data-title=\"BZI &#8211; Remscheid &#8211; CNC-Maschinenpark\" aria-label=\"BZI &#8211; Remscheid &#8211; CNC-Maschinenpark\" href=\"https:\/\/alt.bzi-rs.de\/wp-content\/uploads\/2019\/08\/IMG_6472.jpg\" target=\"_self\"><img decoding=\"async\" width=\"320\" height=\"202\" src=\"https:\/\/alt.bzi-rs.de\/wp-content\/uploads\/2019\/08\/IMG_6472-320x202.jpg\" class=\"attachment-blog-medium size-blog-medium\" alt=\"BZI - Remscheid - CNC-Maschinenpark\" \/><\/a><\/div><\/div><\/li><li class=\"fusion-carousel-item\"><div class=\"fusion-carousel-item-wrapper\"><div class=\"fusion-image-wrapper hover-type-liftup\"><a data-rel=\"iLightbox[image_carousel_1]\" data-caption=\"BZI - Remscheid - CNC-Maschinenpark\" data-title=\"BZI &#8211; Remscheid &#8211; CNC-Maschinenpark\" aria-label=\"BZI &#8211; Remscheid &#8211; CNC-Maschinenpark\" href=\"https:\/\/alt.bzi-rs.de\/wp-content\/uploads\/2019\/08\/IMG_6475.jpg\" target=\"_self\"><img decoding=\"async\" width=\"320\" height=\"202\" src=\"https:\/\/alt.bzi-rs.de\/wp-content\/uploads\/2019\/08\/IMG_6475-320x202.jpg\" class=\"attachment-blog-medium size-blog-medium\" alt=\"BZI - Remscheid - CNC-Maschinenpark\" \/><\/a><\/div><\/div><\/li><li class=\"fusion-carousel-item\"><div class=\"fusion-carousel-item-wrapper\"><div class=\"fusion-image-wrapper hover-type-liftup\"><a data-rel=\"iLightbox[image_carousel_1]\" data-caption=\"BZI - Remscheid - CNC-Maschinenpark\" data-title=\"BZI &#8211; Remscheid &#8211; CNC-Maschinenpark\" aria-label=\"BZI &#8211; Remscheid &#8211; CNC-Maschinenpark\" href=\"https:\/\/alt.bzi-rs.de\/wp-content\/uploads\/2019\/08\/IMG_7158.jpg\" target=\"_self\"><img decoding=\"async\" width=\"320\" height=\"202\" src=\"https:\/\/alt.bzi-rs.de\/wp-content\/uploads\/2019\/08\/IMG_7158-320x202.jpg\" class=\"attachment-blog-medium size-blog-medium\" alt=\"BZI - Remscheid - CNC-Maschinenpark\" \/><\/a><\/div><\/div><\/li><li class=\"fusion-carousel-item\"><div class=\"fusion-carousel-item-wrapper\"><div class=\"fusion-image-wrapper hover-type-liftup\"><a data-rel=\"iLightbox[image_carousel_1]\" data-caption=\"BZI - Remscheid - CNC-Maschinenpark\" data-title=\"BZI &#8211; Remscheid &#8211; CNC-Maschinenpark\" aria-label=\"BZI &#8211; Remscheid &#8211; CNC-Maschinenpark\" href=\"https:\/\/alt.bzi-rs.de\/wp-content\/uploads\/2019\/08\/IMG_7126.jpg\" target=\"_self\"><img decoding=\"async\" width=\"320\" height=\"202\" src=\"https:\/\/alt.bzi-rs.de\/wp-content\/uploads\/2019\/08\/IMG_7126-320x202.jpg\" class=\"attachment-blog-medium size-blog-medium\" alt=\"BZI - Remscheid - CNC-Maschinenpark\" \/><\/a><\/div><\/div><\/li><li class=\"fusion-carousel-item\"><div class=\"fusion-carousel-item-wrapper\"><div class=\"fusion-image-wrapper hover-type-liftup\"><a data-rel=\"iLightbox[image_carousel_1]\" data-caption=\"BZI - Remscheid - CNC-Maschinenpark\" data-title=\"BZI &#8211; Remscheid &#8211; CNC-Maschinenpark\" aria-label=\"BZI &#8211; Remscheid &#8211; CNC-Maschinenpark\" href=\"https:\/\/alt.bzi-rs.de\/wp-content\/uploads\/2019\/08\/IMG_7127.jpg\" target=\"_self\"><img decoding=\"async\" width=\"320\" height=\"202\" src=\"https:\/\/alt.bzi-rs.de\/wp-content\/uploads\/2019\/08\/IMG_7127-320x202.jpg\" class=\"attachment-blog-medium size-blog-medium\" alt=\"BZI - Remscheid - CNC-Maschinenpark\" \/><\/a><\/div><\/div><\/li><li class=\"fusion-carousel-item\"><div class=\"fusion-carousel-item-wrapper\"><div class=\"fusion-image-wrapper hover-type-liftup\"><a data-rel=\"iLightbox[image_carousel_1]\" data-caption=\"BZI - Remscheid - CNC-Maschinenpark\" data-title=\"BZI &#8211; Remscheid &#8211; CNC-Maschinenpark\" aria-label=\"BZI &#8211; Remscheid &#8211; CNC-Maschinenpark\" href=\"https:\/\/alt.bzi-rs.de\/wp-content\/uploads\/2019\/08\/IMG_7131.jpg\" target=\"_self\"><img decoding=\"async\" width=\"320\" height=\"202\" src=\"https:\/\/alt.bzi-rs.de\/wp-content\/uploads\/2019\/08\/IMG_7131-320x202.jpg\" class=\"attachment-blog-medium size-blog-medium\" alt=\"BZI - Remscheid - CNC-Maschinenpark\" \/><\/a><\/div><\/div><\/li><li class=\"fusion-carousel-item\"><div class=\"fusion-carousel-item-wrapper\"><div class=\"fusion-image-wrapper hover-type-liftup\"><a data-rel=\"iLightbox[image_carousel_1]\" data-caption=\"BZI - Remscheid - CNC-Maschinenpark\" data-title=\"BZI &#8211; Remscheid &#8211; CNC-Maschinenpark\" aria-label=\"BZI &#8211; Remscheid &#8211; CNC-Maschinenpark\" href=\"https:\/\/alt.bzi-rs.de\/wp-content\/uploads\/2019\/08\/IMG_7135.jpg\" target=\"_self\"><img decoding=\"async\" width=\"320\" height=\"202\" src=\"https:\/\/alt.bzi-rs.de\/wp-content\/uploads\/2019\/08\/IMG_7135-320x202.jpg\" class=\"attachment-blog-medium size-blog-medium\" alt=\"BZI - Remscheid - CNC-Maschinenpark\" \/><\/a><\/div><\/div><\/li><li class=\"fusion-carousel-item\"><div class=\"fusion-carousel-item-wrapper\"><div class=\"fusion-image-wrapper hover-type-liftup\"><a data-rel=\"iLightbox[image_carousel_1]\" data-caption=\"BZI - Remscheid - CNC-Maschinenpark\" data-title=\"BZI &#8211; Remscheid &#8211; CNC-Maschinenpark\" aria-label=\"BZI &#8211; Remscheid &#8211; CNC-Maschinenpark\" href=\"https:\/\/alt.bzi-rs.de\/wp-content\/uploads\/2019\/08\/IMG_7153.jpg\" target=\"_self\"><img decoding=\"async\" width=\"320\" height=\"202\" src=\"https:\/\/alt.bzi-rs.de\/wp-content\/uploads\/2019\/08\/IMG_7153-320x202.jpg\" class=\"attachment-blog-medium size-blog-medium\" alt=\"BZI - Remscheid - CNC-Maschinenpark\" \/><\/a><\/div><\/div><\/li><li class=\"fusion-carousel-item\"><div class=\"fusion-carousel-item-wrapper\"><div class=\"fusion-image-wrapper hover-type-liftup\"><a data-rel=\"iLightbox[image_carousel_1]\" data-caption=\"BZI - Remscheid - CNC-Maschinenpark\" data-title=\"BZI &#8211; Remscheid &#8211; CNC-Maschinenpark\" aria-label=\"BZI &#8211; Remscheid &#8211; CNC-Maschinenpark\" href=\"https:\/\/alt.bzi-rs.de\/wp-content\/uploads\/2019\/08\/IMG_7155.jpg\" target=\"_self\"><img decoding=\"async\" width=\"320\" height=\"202\" src=\"https:\/\/alt.bzi-rs.de\/wp-content\/uploads\/2019\/08\/IMG_7155-320x202.jpg\" class=\"attachment-blog-medium size-blog-medium\" alt=\"BZI - Remscheid - CNC-Maschinenpark\" \/><\/a><\/div><\/div><\/li><\/ul><div class=\"fusion-carousel-nav\"><span class=\"fusion-nav-prev\"><\/span><span class=\"fusion-nav-next\"><\/span><\/div><\/div><\/div><\/div><div class=\"fusion-clearfix\"><\/div><\/div><\/div><\/div><\/div>\n","protected":false},"excerpt":{"rendered":"","protected":false},"author":1,"featured_media":0,"parent":0,"menu_order":240,"comment_status":"closed","ping_status":"closed","template":"","meta":{"footnotes":""},"_links":{"self":[{"href":"https:\/\/alt.bzi-rs.de\/index.php\/wp-json\/wp\/v2\/pages\/29"}],"collection":[{"href":"https:\/\/alt.bzi-rs.de\/index.php\/wp-json\/wp\/v2\/pages"}],"about":[{"href":"https:\/\/alt.bzi-rs.de\/index.php\/wp-json\/wp\/v2\/types\/page"}],"author":[{"embeddable":true,"href":"https:\/\/alt.bzi-rs.de\/index.php\/wp-json\/wp\/v2\/users\/1"}],"replies":[{"embeddable":true,"href":"https:\/\/alt.bzi-rs.de\/index.php\/wp-json\/wp\/v2\/comments?post=29"}],"version-history":[{"count":26,"href":"https:\/\/alt.bzi-rs.de\/index.php\/wp-json\/wp\/v2\/pages\/29\/revisions"}],"predecessor-version":[{"id":10343,"href":"https:\/\/alt.bzi-rs.de\/index.php\/wp-json\/wp\/v2\/pages\/29\/revisions\/10343"}],"wp:attachment":[{"href":"https:\/\/alt.bzi-rs.de\/index.php\/wp-json\/wp\/v2\/media?parent=29"}],"curies":[{"name":"wp","href":"https:\/\/api.w.org\/{rel}","templated":true}]}}