{"id":31,"date":"2018-01-15T11:18:16","date_gmt":"2018-01-15T10:18:16","guid":{"rendered":"https:\/\/alt.bzi-rs.de\/?page_id=31"},"modified":"2023-02-21T09:47:53","modified_gmt":"2023-02-21T08:47:53","slug":"qualifizierung","status":"publish","type":"page","link":"https:\/\/alt.bzi-rs.de\/index.php\/qualifizierung\/","title":{"rendered":"Qualifizierung"},"content":{"rendered":"<div class=\"fusion-fullwidth fullwidth-box fusion-builder-row-1 nonhundred-percent-fullwidth non-hundred-percent-height-scrolling\" style=\"background-color: rgba(255,255,255,0);background-position: center center;background-repeat: no-repeat;padding-top:0px;padding-right:0px;padding-bottom:0px;padding-left:0px;margin-bottom: 0px;margin-top: 0px;border-width: 0px 0px 0px 0px;border-color:#eae9e9;border-style:solid;\" ><div class=\"fusion-builder-row fusion-row\"><div class=\"fusion-layout-column fusion_builder_column fusion-builder-column-0 fusion_builder_column_2_3 2_3 fusion-two-third fusion-column-first\" style=\"width:66.666666666667%;width:calc(66.666666666667% - ( ( 4% ) * 0.66666666666667 ) );margin-right: 4%;margin-top:0px;margin-bottom:0px;\"><div class=\"fusion-column-wrapper fusion-flex-column-wrapper-legacy\" style=\"background-position:left top;background-repeat:no-repeat;-webkit-background-size:cover;-moz-background-size:cover;-o-background-size:cover;background-size:cover;padding: 0px 0px 0px 0px;\"><style type=\"text\/css\"><\/style><div class=\"fusion-title title fusion-title-1 fusion-sep-none fusion-title-text fusion-title-size-two\" style=\"margin-top:20px;margin-right:0px;margin-bottom:31px;margin-left:0px;\"><h2 class=\"title-heading-left\" style=\"margin:0;\"><h2>Zertifizierte Qualifizierungsma\u00dfnahmen und Umschulungen<\/h2><\/h2><\/div><div class=\"fusion-text fusion-text-1\"><p><strong>Zertifizierte Ma\u00dfnahmen (Aktivierungsgutschein, Bildungsgutschein):<\/strong><\/p>\n<ul>\n<li>Qualifizierung (Metall, Elektro, CNC, 3D)<\/li>\n<li>Umschulung (Metall, Elektro)<\/li>\n<li>Feststellungsma\u00dfnahme (Metall\/ Elektro)<\/li>\n<li>Individuelles Einzelcoaching<\/li>\n<\/ul>\n<p>Damit Weiterbildungslehrg\u00e4nge durch verschiedene \u00f6ffentliche Programme gef\u00f6rdert werden k\u00f6nnen, m\u00fcssen diese nach der so genannten Anerkennungs- und Zulassungsverordnung zugelassen werden. Voraussetzung hierf\u00fcr ist die Zertifizierung des Bildungstr\u00e4gers.<\/p>\n<p>Das BZI, Berufsbildungszentrum der Remscheider Metall- und Elektroindustrie, ist nach DIN EN ISO 9001:2015 zertifiziert und besitzt die Bildungstr\u00e4gerzulassung nach AZAV. Die dargestellten Weiterbildungslehrg\u00e4nge sind jetzt neu zertifiziert worden und k\u00f6nnen daher, je nach betrieblicher Situation, \u00fcber verschiedene \u00f6ffentliche Programme gef\u00f6rdert werden, wie Qualifizierung bei Kurzarbeit (FbW und ESF-BA-Programm), Bildungsgutschein (FbW) oder WeGeBAU (Qualifizierung \u00e4lterer oder gering qualifizierter Mitarbeiter).<\/p>\n<p>Das BZI m\u00f6chte auch in schwierigen wirtschaftlichen Zeiten ein zuverl\u00e4ssiger Partner sein und hat daher mit der Zertifizierung der neuen Weiterbildungslehrg\u00e4nge das Angebot an f\u00f6rderf\u00e4higen Vollzeitma\u00dfnahmen ausgeweitet.<\/p>\n<p><a href=\"https:\/\/alt.bzi-rs.de\/wp-content\/uploads\/2022\/11\/Jahresplanung-2023_Qualifizierung_04.11.2022.pdf\" target=\"_blank\" rel=\"noopener\">Qualifizierungsma\u00dfnahmen 2023<\/a><\/p>\n<\/div><style type=\"text\/css\">.fusion-gallery-1 .fusion-gallery-image {border:0px solid #f6f6f6;}<\/style><div class=\"fusion-gallery fusion-gallery-container fusion-grid-3 fusion-columns-total-7 fusion-gallery-layout-grid fusion-gallery-1\" style=\"margin:-5px;\"><div style=\"padding:5px;\" class=\"fusion-grid-column fusion-gallery-column fusion-gallery-column-3 hover-type-none\"><div class=\"fusion-gallery-image\"><a href=\"https:\/\/alt.bzi-rs.de\/wp-content\/uploads\/2023\/02\/Umschulung_Lok_1-scaled.jpg\" rel=\"noreferrer\" data-rel=\"iLightbox[gallery_image_1]\" class=\"fusion-lightbox\" target=\"_self\"><img decoding=\"async\" src=\"https:\/\/alt.bzi-rs.de\/wp-content\/uploads\/2023\/02\/Umschulung_Lok_1-scaled.jpg\" width=\"2560\" height=\"2560\" alt=\"\" title=\"Umschulung_Lok_1\" aria-label=\"Umschulung_Lok_1\" class=\"img-responsive wp-image-13790\" srcset=\"https:\/\/alt.bzi-rs.de\/wp-content\/uploads\/2023\/02\/Umschulung_Lok_1-200x200.jpg 200w, https:\/\/alt.bzi-rs.de\/wp-content\/uploads\/2023\/02\/Umschulung_Lok_1-400x400.jpg 400w, https:\/\/alt.bzi-rs.de\/wp-content\/uploads\/2023\/02\/Umschulung_Lok_1-600x600.jpg 600w, https:\/\/alt.bzi-rs.de\/wp-content\/uploads\/2023\/02\/Umschulung_Lok_1-800x800.jpg 800w, https:\/\/alt.bzi-rs.de\/wp-content\/uploads\/2023\/02\/Umschulung_Lok_1-1200x1200.jpg 1200w, https:\/\/alt.bzi-rs.de\/wp-content\/uploads\/2023\/02\/Umschulung_Lok_1-scaled.jpg 2560w\" sizes=\"(min-width: 2200px) 100vw, (min-width: 784px) 397px, (min-width: 712px) 595px, (min-width: 640px) 712px, \" \/><\/a><\/div><\/div><div style=\"padding:5px;\" class=\"fusion-grid-column fusion-gallery-column fusion-gallery-column-3 hover-type-none\"><div class=\"fusion-gallery-image\"><a href=\"https:\/\/alt.bzi-rs.de\/wp-content\/uploads\/2023\/02\/Umschulung_Lok_2-scaled.jpg\" rel=\"noreferrer\" data-rel=\"iLightbox[gallery_image_1]\" class=\"fusion-lightbox\" target=\"_self\"><img decoding=\"async\" src=\"https:\/\/alt.bzi-rs.de\/wp-content\/uploads\/2023\/02\/Umschulung_Lok_2-scaled.jpg\" width=\"2560\" height=\"2560\" alt=\"\" title=\"Umschulung_Lok_2\" aria-label=\"Umschulung_Lok_2\" class=\"img-responsive wp-image-13791\" srcset=\"https:\/\/alt.bzi-rs.de\/wp-content\/uploads\/2023\/02\/Umschulung_Lok_2-200x200.jpg 200w, https:\/\/alt.bzi-rs.de\/wp-content\/uploads\/2023\/02\/Umschulung_Lok_2-400x400.jpg 400w, https:\/\/alt.bzi-rs.de\/wp-content\/uploads\/2023\/02\/Umschulung_Lok_2-600x600.jpg 600w, https:\/\/alt.bzi-rs.de\/wp-content\/uploads\/2023\/02\/Umschulung_Lok_2-800x800.jpg 800w, https:\/\/alt.bzi-rs.de\/wp-content\/uploads\/2023\/02\/Umschulung_Lok_2-1200x1200.jpg 1200w, https:\/\/alt.bzi-rs.de\/wp-content\/uploads\/2023\/02\/Umschulung_Lok_2-scaled.jpg 2560w\" sizes=\"(min-width: 2200px) 100vw, (min-width: 784px) 397px, (min-width: 712px) 595px, (min-width: 640px) 712px, \" \/><\/a><\/div><\/div><div style=\"padding:5px;\" class=\"fusion-grid-column fusion-gallery-column fusion-gallery-column-3 hover-type-none\"><div class=\"fusion-gallery-image\"><a href=\"https:\/\/alt.bzi-rs.de\/wp-content\/uploads\/2023\/02\/Umschulung_Lok_3-scaled.jpg\" rel=\"noreferrer\" data-rel=\"iLightbox[gallery_image_1]\" class=\"fusion-lightbox\" target=\"_self\"><img decoding=\"async\" src=\"https:\/\/alt.bzi-rs.de\/wp-content\/uploads\/2023\/02\/Umschulung_Lok_3-scaled.jpg\" width=\"2560\" height=\"2560\" alt=\"\" title=\"Umschulung_Lok_3\" aria-label=\"Umschulung_Lok_3\" class=\"img-responsive wp-image-13792\" srcset=\"https:\/\/alt.bzi-rs.de\/wp-content\/uploads\/2023\/02\/Umschulung_Lok_3-200x200.jpg 200w, https:\/\/alt.bzi-rs.de\/wp-content\/uploads\/2023\/02\/Umschulung_Lok_3-400x400.jpg 400w, https:\/\/alt.bzi-rs.de\/wp-content\/uploads\/2023\/02\/Umschulung_Lok_3-600x600.jpg 600w, https:\/\/alt.bzi-rs.de\/wp-content\/uploads\/2023\/02\/Umschulung_Lok_3-800x800.jpg 800w, https:\/\/alt.bzi-rs.de\/wp-content\/uploads\/2023\/02\/Umschulung_Lok_3-1200x1200.jpg 1200w, https:\/\/alt.bzi-rs.de\/wp-content\/uploads\/2023\/02\/Umschulung_Lok_3-scaled.jpg 2560w\" sizes=\"(min-width: 2200px) 100vw, (min-width: 784px) 397px, (min-width: 712px) 595px, (min-width: 640px) 712px, \" \/><\/a><\/div><\/div><div class=\"clearfix\"><\/div><div style=\"padding:5px;\" class=\"fusion-grid-column fusion-gallery-column fusion-gallery-column-3 hover-type-none\"><div class=\"fusion-gallery-image\"><a href=\"https:\/\/alt.bzi-rs.de\/wp-content\/uploads\/2023\/02\/Umschulung_Lok_4.jpg\" rel=\"noreferrer\" data-rel=\"iLightbox[gallery_image_1]\" class=\"fusion-lightbox\" target=\"_self\"><img decoding=\"async\" src=\"https:\/\/alt.bzi-rs.de\/wp-content\/uploads\/2023\/02\/Umschulung_Lok_4.jpg\" width=\"2440\" height=\"2440\" alt=\"\" title=\"Umschulung_Lok_4\" aria-label=\"Umschulung_Lok_4\" class=\"img-responsive wp-image-13793\" srcset=\"https:\/\/alt.bzi-rs.de\/wp-content\/uploads\/2023\/02\/Umschulung_Lok_4-200x200.jpg 200w, https:\/\/alt.bzi-rs.de\/wp-content\/uploads\/2023\/02\/Umschulung_Lok_4-400x400.jpg 400w, https:\/\/alt.bzi-rs.de\/wp-content\/uploads\/2023\/02\/Umschulung_Lok_4-600x600.jpg 600w, https:\/\/alt.bzi-rs.de\/wp-content\/uploads\/2023\/02\/Umschulung_Lok_4-800x800.jpg 800w, https:\/\/alt.bzi-rs.de\/wp-content\/uploads\/2023\/02\/Umschulung_Lok_4-1200x1200.jpg 1200w, https:\/\/alt.bzi-rs.de\/wp-content\/uploads\/2023\/02\/Umschulung_Lok_4.jpg 2440w\" sizes=\"(min-width: 2200px) 100vw, (min-width: 784px) 397px, (min-width: 712px) 595px, (min-width: 640px) 712px, \" \/><\/a><\/div><\/div><div style=\"padding:5px;\" class=\"fusion-grid-column fusion-gallery-column fusion-gallery-column-3 hover-type-none\"><div class=\"fusion-gallery-image\"><a href=\"https:\/\/alt.bzi-rs.de\/wp-content\/uploads\/2023\/02\/Fahrzeugbau_2-scaled.jpg\" rel=\"noreferrer\" data-rel=\"iLightbox[gallery_image_1]\" class=\"fusion-lightbox\" target=\"_self\"><img decoding=\"async\" src=\"https:\/\/alt.bzi-rs.de\/wp-content\/uploads\/2023\/02\/Fahrzeugbau_2-scaled.jpg\" width=\"2560\" height=\"2560\" alt=\"\" title=\"Fahrzeugbau_2\" aria-label=\"Fahrzeugbau_2\" class=\"img-responsive wp-image-13794\" srcset=\"https:\/\/alt.bzi-rs.de\/wp-content\/uploads\/2023\/02\/Fahrzeugbau_2-200x200.jpg 200w, https:\/\/alt.bzi-rs.de\/wp-content\/uploads\/2023\/02\/Fahrzeugbau_2-400x400.jpg 400w, https:\/\/alt.bzi-rs.de\/wp-content\/uploads\/2023\/02\/Fahrzeugbau_2-600x600.jpg 600w, https:\/\/alt.bzi-rs.de\/wp-content\/uploads\/2023\/02\/Fahrzeugbau_2-800x800.jpg 800w, https:\/\/alt.bzi-rs.de\/wp-content\/uploads\/2023\/02\/Fahrzeugbau_2-1200x1200.jpg 1200w, https:\/\/alt.bzi-rs.de\/wp-content\/uploads\/2023\/02\/Fahrzeugbau_2-scaled.jpg 2560w\" sizes=\"(min-width: 2200px) 100vw, (min-width: 784px) 397px, (min-width: 712px) 595px, (min-width: 640px) 712px, \" \/><\/a><\/div><\/div><div style=\"padding:5px;\" class=\"fusion-grid-column fusion-gallery-column fusion-gallery-column-3 hover-type-none\"><div class=\"fusion-gallery-image\"><a href=\"https:\/\/alt.bzi-rs.de\/wp-content\/uploads\/2023\/02\/Fahrzeugbau_5-scaled.jpg\" rel=\"noreferrer\" data-rel=\"iLightbox[gallery_image_1]\" class=\"fusion-lightbox\" target=\"_self\"><img decoding=\"async\" src=\"https:\/\/alt.bzi-rs.de\/wp-content\/uploads\/2023\/02\/Fahrzeugbau_5-scaled.jpg\" width=\"2560\" height=\"2560\" alt=\"\" title=\"Fahrzeugbau_5\" aria-label=\"Fahrzeugbau_5\" class=\"img-responsive wp-image-13795\" srcset=\"https:\/\/alt.bzi-rs.de\/wp-content\/uploads\/2023\/02\/Fahrzeugbau_5-200x200.jpg 200w, https:\/\/alt.bzi-rs.de\/wp-content\/uploads\/2023\/02\/Fahrzeugbau_5-400x400.jpg 400w, https:\/\/alt.bzi-rs.de\/wp-content\/uploads\/2023\/02\/Fahrzeugbau_5-600x600.jpg 600w, https:\/\/alt.bzi-rs.de\/wp-content\/uploads\/2023\/02\/Fahrzeugbau_5-800x800.jpg 800w, https:\/\/alt.bzi-rs.de\/wp-content\/uploads\/2023\/02\/Fahrzeugbau_5-1200x1200.jpg 1200w, https:\/\/alt.bzi-rs.de\/wp-content\/uploads\/2023\/02\/Fahrzeugbau_5-scaled.jpg 2560w\" sizes=\"(min-width: 2200px) 100vw, (min-width: 784px) 397px, (min-width: 712px) 595px, (min-width: 640px) 712px, \" \/><\/a><\/div><\/div><div class=\"clearfix\"><\/div><div style=\"padding:5px;\" class=\"fusion-grid-column fusion-gallery-column fusion-gallery-column-3 hover-type-none\"><div class=\"fusion-gallery-image\"><a href=\"https:\/\/alt.bzi-rs.de\/wp-content\/uploads\/2023\/02\/Fahrzeugbau_7-scaled.jpg\" rel=\"noreferrer\" data-rel=\"iLightbox[gallery_image_1]\" class=\"fusion-lightbox\" target=\"_self\"><img decoding=\"async\" src=\"https:\/\/alt.bzi-rs.de\/wp-content\/uploads\/2023\/02\/Fahrzeugbau_7-scaled.jpg\" width=\"2560\" height=\"2560\" alt=\"\" title=\"Fahrzeugbau_7\" aria-label=\"Fahrzeugbau_7\" class=\"img-responsive wp-image-13796\" srcset=\"https:\/\/alt.bzi-rs.de\/wp-content\/uploads\/2023\/02\/Fahrzeugbau_7-200x200.jpg 200w, https:\/\/alt.bzi-rs.de\/wp-content\/uploads\/2023\/02\/Fahrzeugbau_7-400x400.jpg 400w, https:\/\/alt.bzi-rs.de\/wp-content\/uploads\/2023\/02\/Fahrzeugbau_7-600x600.jpg 600w, https:\/\/alt.bzi-rs.de\/wp-content\/uploads\/2023\/02\/Fahrzeugbau_7-800x800.jpg 800w, https:\/\/alt.bzi-rs.de\/wp-content\/uploads\/2023\/02\/Fahrzeugbau_7-1200x1200.jpg 1200w, https:\/\/alt.bzi-rs.de\/wp-content\/uploads\/2023\/02\/Fahrzeugbau_7-scaled.jpg 2560w\" sizes=\"(min-width: 2200px) 100vw, (min-width: 784px) 397px, (min-width: 712px) 595px, (min-width: 640px) 712px, \" \/><\/a><\/div><\/div><\/div><div class=\"fusion-clearfix\"><\/div><\/div><\/div><div class=\"fusion-layout-column fusion_builder_column fusion-builder-column-1 fusion_builder_column_1_3 1_3 fusion-one-third fusion-column-last\" style=\"width:33.333333333333%;width:calc(33.333333333333% - ( ( 4% ) * 0.33333333333333 ) );margin-top:0px;margin-bottom:0px;\"><div class=\"fusion-column-wrapper fusion-flex-column-wrapper-legacy\" style=\"background-position:left top;background-repeat:no-repeat;-webkit-background-size:cover;-moz-background-size:cover;-o-background-size:cover;background-size:cover;padding: 0px 0px 0px 0px;\"><div class=\"fusion-widget-area fusion-widget-area-1 fusion-content-widget-area\"><style type=\"text\/css\">.fusion-widget-area-1 {padding:0px 0px 0px 0px;}.fusion-widget-area-1 .widget h4 {color:#0078b8;}.fusion-widget-area-1 .widget .heading h4 {color:#0078b8;}.fusion-widget-area-1 .widget h4 {font-size:20px;}.fusion-widget-area-1 .widget .heading h4 {font-size:20px;}<\/style><div id=\"nav_menu-10\" class=\"widget widget_nav_menu\"><div class=\"menu-qualifizierung-container\"><ul id=\"menu-qualifizierung\" class=\"menu\"><li id=\"menu-item-3903\" class=\"menu-item menu-item-type-post_type menu-item-object-page menu-item-3903\"><a href=\"https:\/\/alt.bzi-rs.de\/index.php\/metallgrundausbildung-alt\/\">Metallgrundausbildung<\/a><\/li>\n<li id=\"menu-item-3907\" class=\"menu-item menu-item-type-post_type menu-item-object-page menu-item-3907\"><a href=\"https:\/\/alt.bzi-rs.de\/index.php\/industriefachkraft-ihk-fuer-cnc-technik\/\">Industriefachkraft (IHK) f\u00fcr CNC-Technik<\/a><\/li>\n<li id=\"menu-item-3909\" class=\"menu-item menu-item-type-post_type menu-item-object-page menu-item-3909\"><a href=\"https:\/\/alt.bzi-rs.de\/index.php\/metall-und-cnc-fachkraft\/\">Metall- und CNC-Fachkraft<\/a><\/li>\n<li id=\"menu-item-3910\" class=\"menu-item menu-item-type-post_type menu-item-object-page menu-item-3910\"><a href=\"https:\/\/alt.bzi-rs.de\/index.php\/cnc-fachkraft\/\">CNC-Fachkraft<\/a><\/li>\n<li id=\"menu-item-9840\" class=\"menu-item menu-item-type-post_type menu-item-object-page menu-item-9840\"><a href=\"https:\/\/alt.bzi-rs.de\/index.php\/cnc-technik-mit-individuellem-eintritt\/\">CNC-Technik mit individuellem Eintritt<\/a><\/li>\n<li id=\"menu-item-9841\" class=\"menu-item menu-item-type-post_type menu-item-object-page menu-item-9841\"><a href=\"https:\/\/alt.bzi-rs.de\/index.php\/elektrofachkraft-fuer-festgelegte-taetigkeiten\/\">Elektrofachkraft f\u00fcr festgelegte T\u00e4tigkeiten (3 Wochen Vollzeit oder 3 Monate Teilzeit)<\/a><\/li>\n<li id=\"menu-item-9842\" class=\"menu-item menu-item-type-post_type menu-item-object-page menu-item-9842\"><a href=\"https:\/\/alt.bzi-rs.de\/index.php\/arbeitsvorbereitung-zeitmanagement\/\">Arbeitsvorbereitung\/Zeitmanagement<\/a><\/li>\n<li id=\"menu-item-3911\" class=\"menu-item menu-item-type-post_type menu-item-object-page menu-item-3911\"><a href=\"https:\/\/alt.bzi-rs.de\/index.php\/teilqualifizierung-maschinen-und-anlagenfuehrer\/\">Teilqualifizierung Maschinen- und Anlagenf\u00fchrer<\/a><\/li>\n<li id=\"menu-item-3913\" class=\"menu-item menu-item-type-post_type menu-item-object-page menu-item-3913\"><a href=\"https:\/\/alt.bzi-rs.de\/index.php\/industrieelektriker-umschulung\/\">Industrieelektriker (Umschulung)<\/a><\/li>\n<li id=\"menu-item-5777\" class=\"menu-item menu-item-type-post_type menu-item-object-page menu-item-5777\"><a href=\"https:\/\/alt.bzi-rs.de\/index.php\/industriemechaniker-umschulung\/\">Industriemechaniker (Umschulung)<\/a><\/li>\n<li id=\"menu-item-13992\" class=\"menu-item menu-item-type-post_type menu-item-object-page menu-item-13992\"><a href=\"https:\/\/alt.bzi-rs.de\/index.php\/fachkraft-fuer-metalltechnik-zerspanungtechnik\/\">Fachkraft f\u00fcr Metalltechnik \u2013 Zerspannungstechnik<\/a><\/li>\n<li id=\"menu-item-5778\" class=\"menu-item menu-item-type-post_type menu-item-object-page menu-item-5778\"><a href=\"https:\/\/alt.bzi-rs.de\/index.php\/zerspanungsmechaniker-umschulung\/\">Zerspanungsmechaniker (Umschulung)<\/a><\/li>\n<li id=\"menu-item-8633\" class=\"menu-item menu-item-type-post_type menu-item-object-page menu-item-8633\"><a href=\"https:\/\/alt.bzi-rs.de\/index.php\/elektroniker-fuer-betriebstechnik-umschulung\/\">Elektroniker f\u00fcr Betriebstechnik (Umschulung)<\/a><\/li>\n<li id=\"menu-item-3914\" class=\"menu-item menu-item-type-post_type menu-item-object-page menu-item-3914\"><a href=\"https:\/\/alt.bzi-rs.de\/index.php\/maschinen-und-anlagenfuehrer-mit-cnc-fachkraft\/\">Maschinen- und Anlagenf\u00fchrer mit CNC-Fachkraft<\/a><\/li>\n<li id=\"menu-item-3915\" class=\"menu-item menu-item-type-post_type menu-item-object-page menu-item-3915\"><a href=\"https:\/\/alt.bzi-rs.de\/index.php\/grundqualifizierung-industriemechanik\/\">Grundqualifizierung Industriemechanik<\/a><\/li>\n<li id=\"menu-item-3917\" class=\"menu-item menu-item-type-post_type menu-item-object-page menu-item-3917\"><a href=\"https:\/\/alt.bzi-rs.de\/index.php\/feststellungsmassnahme-metall-elektro-fuer-migranten\/\">Feststellungsma\u00dfnahme Metall \/ Elektro f\u00fcr Migranten<\/a><\/li>\n<li id=\"menu-item-4976\" class=\"menu-item menu-item-type-post_type menu-item-object-page menu-item-4976\"><a href=\"https:\/\/alt.bzi-rs.de\/index.php\/individuelles-einzelcoaching\/\">Individuelles Einzelcoaching<\/a><\/li>\n<li id=\"menu-item-3918\" class=\"menu-item menu-item-type-post_type menu-item-object-page menu-item-3918\"><a href=\"https:\/\/alt.bzi-rs.de\/index.php\/anmeldung-und-agb-4\/\">Anmeldung und AGB<\/a><\/li>\n<li id=\"menu-item-3919\" class=\"menu-item menu-item-type-post_type menu-item-object-page menu-item-3919\"><a href=\"https:\/\/alt.bzi-rs.de\/index.php\/foerdermoeglichkeiten\/\">F\u00f6rderm\u00f6glichkeiten<\/a><\/li>\n<li id=\"menu-item-3920\" class=\"menu-item menu-item-type-post_type menu-item-object-page menu-item-3920\"><a href=\"https:\/\/alt.bzi-rs.de\/index.php\/weiterbildungsbroschuere\/\">Weiterbildungsbrosch\u00fcre<\/a><\/li>\n<\/ul><\/div><\/div><div class=\"fusion-additional-widget-content\"><\/div><\/div><div class=\"fusion-clearfix\"><\/div><\/div><\/div><\/div><\/div>\n","protected":false},"excerpt":{"rendered":"","protected":false},"author":1,"featured_media":0,"parent":0,"menu_order":239,"comment_status":"closed","ping_status":"closed","template":"","meta":{"footnotes":""},"_links":{"self":[{"href":"https:\/\/alt.bzi-rs.de\/index.php\/wp-json\/wp\/v2\/pages\/31"}],"collection":[{"href":"https:\/\/alt.bzi-rs.de\/index.php\/wp-json\/wp\/v2\/pages"}],"about":[{"href":"https:\/\/alt.bzi-rs.de\/index.php\/wp-json\/wp\/v2\/types\/page"}],"author":[{"embeddable":true,"href":"https:\/\/alt.bzi-rs.de\/index.php\/wp-json\/wp\/v2\/users\/1"}],"replies":[{"embeddable":true,"href":"https:\/\/alt.bzi-rs.de\/index.php\/wp-json\/wp\/v2\/comments?post=31"}],"version-history":[{"count":31,"href":"https:\/\/alt.bzi-rs.de\/index.php\/wp-json\/wp\/v2\/pages\/31\/revisions"}],"predecessor-version":[{"id":13797,"href":"https:\/\/alt.bzi-rs.de\/index.php\/wp-json\/wp\/v2\/pages\/31\/revisions\/13797"}],"wp:attachment":[{"href":"https:\/\/alt.bzi-rs.de\/index.php\/wp-json\/wp\/v2\/media?parent=31"}],"curies":[{"name":"wp","href":"https:\/\/api.w.org\/{rel}","templated":true}]}}