{"id":33,"date":"2018-01-15T11:18:31","date_gmt":"2018-01-15T10:18:31","guid":{"rendered":"https:\/\/alt.bzi-rs.de\/?page_id=33"},"modified":"2018-10-25T15:05:35","modified_gmt":"2018-10-25T13:05:35","slug":"projekte","status":"publish","type":"page","link":"https:\/\/alt.bzi-rs.de\/index.php\/projekte\/","title":{"rendered":"Projekte"},"content":{"rendered":"<div class=\"fusion-fullwidth fullwidth-box fusion-builder-row-1 nonhundred-percent-fullwidth non-hundred-percent-height-scrolling\" style=\"background-color: rgba(255,255,255,0);background-position: center center;background-repeat: no-repeat;padding-top:0px;padding-right:0px;padding-bottom:0px;padding-left:0px;margin-bottom: 0px;margin-top: 0px;border-width: 0px 0px 0px 0px;border-color:#eae9e9;border-style:solid;\" ><div class=\"fusion-builder-row fusion-row\"><div class=\"fusion-layout-column fusion_builder_column fusion-builder-column-0 fusion_builder_column_2_3 2_3 fusion-two-third fusion-column-first\" style=\"width:66.666666666667%;width:calc(66.666666666667% - ( ( 4% ) * 0.66666666666667 ) );margin-right: 4%;margin-top:0px;margin-bottom:0px;\"><div class=\"fusion-column-wrapper fusion-flex-column-wrapper-legacy\" style=\"background-position:left top;background-repeat:no-repeat;-webkit-background-size:cover;-moz-background-size:cover;-o-background-size:cover;background-size:cover;padding: 0px 0px 0px 0px;\"><style type=\"text\/css\"><\/style><div class=\"fusion-title title fusion-title-1 fusion-sep-none fusion-title-text fusion-title-size-two\" style=\"margin-top:0px;margin-right:0px;margin-bottom:31px;margin-left:0px;\"><h2 class=\"title-heading-left\" style=\"margin:0;\">Firmenschulung und Projekte<\/h2><\/div><div class=\"fusion-text fusion-text-1\"><p><strong>\u00dcber 60 Jahre Erfahrung in der berufliche Bildung<\/strong><\/p>\n<p>Die Vermittlung von fachlichen, methodischen und sozialen Kompetenzen im Bereich der Aus- und Weiterbildung ist seit mehr als 60 Jahren unsere vornehmliche Aufgabe als gemeinn\u00fctzige Gesellschaft. Das BZI steht f\u00fcr ein pragmatisches Verst\u00e4ndnis von Bildung. Wir fragen nach dem Nutzen und orientieren uns an beruflichen und betrieblichen Anforderungen.<\/p>\n<p><strong>Kundenspezifische L\u00f6sungen<\/strong><\/p>\n<p>Jeder Bildungsbedarf hat Ursachen. Die Schulung betrieblicher Mitarbeiter nach speziell f\u00fcr Sie entwickelten Konzepten ist oftmals nur die letzte Konsequenz aus technischen und\/oder organisatorischen Ver\u00e4nderungsprozessen. Durch unser Netzwerk k\u00f6nnen wir mehr zur L\u00f6sung Ihrer Probleme beitragen &#8211; reden Sie mit uns und lassen Sie sich \u00fcberraschen.<\/p>\n<p><strong>Beratung mit Pers\u00f6nlichkeit<\/strong><\/p>\n<p>Wir nehmen uns Zeit f\u00fcr unsere Kunden &#8211; vereinbaren Sie einen Gespr\u00e4chstermin mit uns. Bildungsbedarfsplanung oder Personalentwicklung sind h\u00e4ufig nachgefragte Themen aus unserem Beratungsangebot.<\/p>\n<p><strong>Projekte und F\u00f6rderprogramme<\/strong><\/p>\n<p>Die Erschlie\u00dfung von F\u00f6rdermitteln der Europ\u00e4ischen Gemeinschaft, oder aus nationalen Programmen zum Zwecke der Organisations- und Personalentwicklung f\u00fcr die Unternehmen der Region ist uns ein wichtiges Anliegen. Passende Projekte werden von uns ausgew\u00e4hlt und den Unternehmen vorgestellt. Wir stellen Ihnen einige aktuelle und auch Referenzprojekte vor.<\/p>\n<\/div><div class=\"fusion-clearfix\"><\/div><\/div><\/div><div class=\"fusion-layout-column fusion_builder_column fusion-builder-column-1 fusion_builder_column_1_3 1_3 fusion-one-third fusion-column-last\" style=\"width:33.333333333333%;width:calc(33.333333333333% - ( ( 4% ) * 0.33333333333333 ) );margin-top:0px;margin-bottom:0px;\"><div class=\"fusion-column-wrapper fusion-flex-column-wrapper-legacy\" style=\"background-position:left top;background-repeat:no-repeat;-webkit-background-size:cover;-moz-background-size:cover;-o-background-size:cover;background-size:cover;padding: 0px 0px 0px 0px;\"><div class=\"fusion-widget-area fusion-widget-area-1 fusion-content-widget-area\"><style type=\"text\/css\">.fusion-widget-area-1 {padding:0px 0px 0px 0px;}.fusion-widget-area-1 .widget h4 {color:#0078b8;}.fusion-widget-area-1 .widget .heading h4 {color:#0078b8;}.fusion-widget-area-1 .widget h4 {font-size:20px;}.fusion-widget-area-1 .widget .heading h4 {font-size:20px;}<\/style><div id=\"nav_menu-12\" class=\"widget widget_nav_menu\"><div class=\"menu-integration-container\"><ul id=\"menu-integration\" class=\"menu\"><li id=\"menu-item-3947\" class=\"menu-item menu-item-type-post_type menu-item-object-page menu-item-3947\"><a href=\"https:\/\/alt.bzi-rs.de\/index.php\/neustart-in-deutschland\/\">Neustart in Deutschland<\/a><\/li>\n<li id=\"menu-item-3949\" class=\"menu-item menu-item-type-post_type menu-item-object-page menu-item-3949\"><a href=\"https:\/\/alt.bzi-rs.de\/index.php\/qualifizierungsinitiative-fuer-fluechtlinge\/\">Qualifizierungsinitiative f\u00fcr Fl\u00fcchtlinge<\/a><\/li>\n<li id=\"menu-item-3951\" class=\"menu-item menu-item-type-post_type menu-item-object-page menu-item-3951\"><a href=\"https:\/\/alt.bzi-rs.de\/index.php\/stipendien\/\">Stipendien<\/a><\/li>\n<li id=\"menu-item-4676\" class=\"menu-item menu-item-type-post_type menu-item-object-page menu-item-4676\"><a href=\"https:\/\/alt.bzi-rs.de\/index.php\/welcome-to-job\/\">Welcome to Job<\/a><\/li>\n<\/ul><\/div><\/div><div class=\"fusion-additional-widget-content\"><\/div><\/div><div class=\"fusion-clearfix\"><\/div><\/div><\/div><\/div><\/div>\n","protected":false},"excerpt":{"rendered":"","protected":false},"author":1,"featured_media":0,"parent":0,"menu_order":238,"comment_status":"closed","ping_status":"closed","template":"","meta":{"footnotes":""},"_links":{"self":[{"href":"https:\/\/alt.bzi-rs.de\/index.php\/wp-json\/wp\/v2\/pages\/33"}],"collection":[{"href":"https:\/\/alt.bzi-rs.de\/index.php\/wp-json\/wp\/v2\/pages"}],"about":[{"href":"https:\/\/alt.bzi-rs.de\/index.php\/wp-json\/wp\/v2\/types\/page"}],"author":[{"embeddable":true,"href":"https:\/\/alt.bzi-rs.de\/index.php\/wp-json\/wp\/v2\/users\/1"}],"replies":[{"embeddable":true,"href":"https:\/\/alt.bzi-rs.de\/index.php\/wp-json\/wp\/v2\/comments?post=33"}],"version-history":[{"count":4,"href":"https:\/\/alt.bzi-rs.de\/index.php\/wp-json\/wp\/v2\/pages\/33\/revisions"}],"predecessor-version":[{"id":3953,"href":"https:\/\/alt.bzi-rs.de\/index.php\/wp-json\/wp\/v2\/pages\/33\/revisions\/3953"}],"wp:attachment":[{"href":"https:\/\/alt.bzi-rs.de\/index.php\/wp-json\/wp\/v2\/media?parent=33"}],"curies":[{"name":"wp","href":"https:\/\/api.w.org\/{rel}","templated":true}]}}