{"id":3927,"date":"2018-10-25T14:38:03","date_gmt":"2018-10-25T12:38:03","guid":{"rendered":"https:\/\/alt.bzi-rs.de\/?page_id=3927"},"modified":"2019-11-14T16:54:09","modified_gmt":"2019-11-14T15:54:09","slug":"3d-technik","status":"publish","type":"page","link":"https:\/\/alt.bzi-rs.de\/index.php\/3d-technik\/","title":{"rendered":"3D-Technik"},"content":{"rendered":"<p><div class=\"fusion-fullwidth fullwidth-box fusion-builder-row-1 nonhundred-percent-fullwidth non-hundred-percent-height-scrolling\" style=\"background-color: rgba(255,255,255,0);background-position: center center;background-repeat: no-repeat;padding-top:0px;padding-right:0px;padding-bottom:0px;padding-left:0px;margin-bottom: 0px;margin-top: 0px;border-width: 0px 0px 0px 0px;border-color:#eae9e9;border-style:solid;\" ><div class=\"fusion-builder-row fusion-row\"><div class=\"fusion-layout-column fusion_builder_column fusion-builder-column-0 fusion_builder_column_1_3 1_3 fusion-one-third fusion-column-first\" style=\"width:33.333333333333%;width:calc(33.333333333333% - ( ( 4% ) * 0.33333333333333 ) );margin-right: 4%;margin-top:0px;margin-bottom:0px;\"><div class=\"fusion-column-wrapper fusion-flex-column-wrapper-legacy\" style=\"background-position:left top;background-repeat:no-repeat;-webkit-background-size:cover;-moz-background-size:cover;-o-background-size:cover;background-size:cover;padding: 20px 0px 0px 0px;\"><div class=\"fusion-widget-area fusion-widget-area-1 fusion-content-widget-area\"><style type=\"text\/css\">.fusion-widget-area-1 {padding:0px 0px 0px 0px;}.fusion-widget-area-1 .widget h4 {color:#0078b8;}.fusion-widget-area-1 .widget .heading h4 {color:#0078b8;}.fusion-widget-area-1 .widget h4 {font-size:20px;}.fusion-widget-area-1 .widget .heading h4 {font-size:20px;}<\/style><div id=\"nav_menu-11\" class=\"widget widget_nav_menu\"><div class=\"menu-3d-technik-container\"><ul id=\"menu-3d-technik\" class=\"menu\"><li id=\"menu-item-6534\" class=\"menu-item menu-item-type-post_type menu-item-object-post menu-item-6534\"><a href=\"https:\/\/alt.bzi-rs.de\/index.php\/blog-3d-druck-ein-ueberblick\/\">3D-Druck \u2013 Ein \u00dcberblick<\/a><\/li>\n<li id=\"menu-item-6535\" class=\"menu-item menu-item-type-post_type menu-item-object-post menu-item-6535\"><a href=\"https:\/\/alt.bzi-rs.de\/index.php\/blog-3d-druck-vertiefung\/\">3D-Druck \u2013 Vertiefung<\/a><\/li>\n<li id=\"menu-item-6536\" class=\"menu-item menu-item-type-post_type menu-item-object-post menu-item-6536\"><a href=\"https:\/\/alt.bzi-rs.de\/index.php\/blog-3d-scan-professionelle-vermessung-von-3d-objekten\/\">3D-Scan \u2013 professionelle Vermessung von 3D-Objekten<\/a><\/li>\n<li id=\"menu-item-6540\" class=\"menu-item menu-item-type-post_type menu-item-object-post menu-item-6540\"><a href=\"https:\/\/alt.bzi-rs.de\/index.php\/blog-3d-druck-grundlagen\/\">3D-Druck \u2013 Grundlagen<\/a><\/li>\n<li id=\"menu-item-6537\" class=\"menu-item menu-item-type-post_type menu-item-object-post menu-item-6537\"><a href=\"https:\/\/alt.bzi-rs.de\/index.php\/blog-cad-grundlagen\/\">CAD \u2013 Grundlagen<\/a><\/li>\n<li id=\"menu-item-6538\" class=\"menu-item menu-item-type-post_type menu-item-object-post menu-item-6538\"><a href=\"https:\/\/alt.bzi-rs.de\/index.php\/blog-cad-vertiefung\/\">CAD \u2013 Vertiefung<\/a><\/li>\n<li id=\"menu-item-3936\" class=\"menu-item menu-item-type-post_type menu-item-object-page menu-item-3936\"><a href=\"https:\/\/alt.bzi-rs.de\/index.php\/anmeldung-und-agb-4\/\">Anmeldung und AGB<\/a><\/li>\n<li id=\"menu-item-3937\" class=\"menu-item menu-item-type-post_type menu-item-object-page menu-item-3937\"><a href=\"https:\/\/alt.bzi-rs.de\/index.php\/foerdermoeglichkeiten\/\">F\u00f6rderm\u00f6glichkeiten<\/a><\/li>\n<li id=\"menu-item-3938\" class=\"menu-item menu-item-type-post_type menu-item-object-page menu-item-3938\"><a href=\"https:\/\/alt.bzi-rs.de\/index.php\/weiterbildungsbroschuere\/\">Weiterbildungsbrosch\u00fcre<\/a><\/li>\n<\/ul><\/div><\/div><div class=\"fusion-additional-widget-content\"><\/div><\/div><div class=\"fusion-clearfix\"><\/div><\/div><\/div><div class=\"fusion-layout-column fusion_builder_column fusion-builder-column-1 fusion_builder_column_2_3 2_3 fusion-two-third fusion-column-last\" style=\"width:66.666666666667%;width:calc(66.666666666667% - ( ( 4% ) * 0.66666666666667 ) );margin-top:0px;margin-bottom:0px;\"><div class=\"fusion-column-wrapper fusion-flex-column-wrapper-legacy\" style=\"background-position:left top;background-repeat:no-repeat;-webkit-background-size:cover;-moz-background-size:cover;-o-background-size:cover;background-size:cover;padding: 0px 0px 0px 0px;\"><style type=\"text\/css\"><\/style><div class=\"fusion-title title fusion-title-1 fusion-sep-none fusion-title-text fusion-title-size-two\" style=\"margin-top:10px;margin-right:0px;margin-bottom:31px;margin-left:0px;\"><h2 class=\"title-heading-left\" style=\"margin:0;\"><h2>3D-Druck und CAD in Theorie und Praxis im BZI<\/h2><\/h2><\/div><div class=\"fusion-text fusion-text-1\"><p>Wurden bisher die meisten Werkst\u00fccke zerspanend hergestellt, so ist der neue Weg die additive Fertigung: nicht abtragend, sondern sondern aufbauend.<\/p>\n<p>Die additive Fertigungstechnik bzw. 3D-Druck-Technik hat einen wesentlichen Anteil an der erfolgreichen Umsetzung von Industrie 4.0-Projekten in der industriellen Bauteileproduktion eingenommen und wird somit auch immer wichtiger f\u00fcr viele Unternehmen und Fachkr\u00e4fte. Dazu sind neue Ans\u00e4tze und Denkweisen in der Konstruktion und Fertigung notwendig.<\/p>\n<p>Ziel des Berufsbildungszenztrums der Remscheider Metall- und Elektroindustrie GmbH ist es, f\u00fcr die Zukunft zu bilden.<\/p>\n<p>Mit den vorliegenden Lehrg\u00e4ngen m\u00f6chte das BZI Sie abholen, wo Sie in Ihrem 3D-Druck-Prozess stehen, erleben Sie 3D-Druck in Theorie und Praxis.<br \/>\nWerden Sie mit den Vollzeitlehrg\u00e4ngen zum \u201cSpezialisten f\u00fcr 3D-Druck\/CAD-Technik\u201d<\/p>\n<ul>\n<li>CAD \u2013 Grundlagen (1 Woche)<\/li>\n<li>CAD \u2013 Vertiefung (1 Woche)<\/li>\n<li>3D-Druck \u2013 Ein \u00dcberblick: lernen Sie die Technik kennen (1 Tag)<\/li>\n<li>3D-Druck \u2013 Grundlagen: steigen Sie in den 3D-Druck ein (1 Woche)<\/li>\n<li>3D-Druck \u2013 Vertiefung: erweitern Sie Ihr Wissen (1 Woche)<\/li>\n<li>3D-Scan<\/li>\n<\/ul>\n<p>und erg\u00e4nzen Sie Ihr Wissen durch spezielle Schulungen, wie<\/p>\n<ul>\n<li>Siemens NX CAD \u2013 Grundlagen (1 Woche)<\/li>\n<\/ul>\n<p>M\u00f6chten Sie sich berufsbegleitend weiterbilden? Nutzen Sie den neuen IHK-Zertifikatslehrgang zur<\/p>\n<ul>\n<li>Fachkraft f\u00fcr 3D-Drucktechnologien (IHK)<\/li>\n<\/ul>\n<\/div><div class=\"fusion-sep-clear\"><\/div><div class=\"fusion-separator fusion-full-width-sep\" style=\"margin-left: auto;margin-right: auto;margin-bottom:20px;width:100%;\"><div class=\"fusion-separator-border sep-single sep-solid\" style=\"border-color:#e0dede;border-top-width:1px;\"><\/div><\/div><div class=\"fusion-sep-clear\"><\/div><div class=\"fusion-text fusion-text-2\"><p><strong>3D-Scan \u2013 professionelle Vermessung von 3D-Objekten<\/strong><\/p>\n<\/div><div class=\"fusion-image-carousel fusion-image-carousel-fixed lightbox-enabled fusion-carousel-border\"><div class=\"fusion-carousel\" data-autoplay=\"no\" data-columns=\"5\" data-itemmargin=\"13\" data-itemwidth=\"180\" data-touchscroll=\"no\" data-imagesize=\"fixed\"><div class=\"fusion-carousel-positioner\"><ul class=\"fusion-carousel-holder\"><li class=\"fusion-carousel-item\"><div class=\"fusion-carousel-item-wrapper\"><div class=\"fusion-image-wrapper hover-type-liftup\"><a data-rel=\"iLightbox[image_carousel_1]\" data-caption=\"BZI - Remscheid - 3D-Technik\" data-title=\"BZI &#8211; Remscheid &#8211; 3D-Technik\" aria-label=\"BZI &#8211; Remscheid &#8211; 3D-Technik\" href=\"https:\/\/alt.bzi-rs.de\/wp-content\/uploads\/2019\/07\/IMG_7090.jpg\" target=\"_self\"><img decoding=\"async\" width=\"320\" height=\"202\" src=\"https:\/\/alt.bzi-rs.de\/wp-content\/uploads\/2019\/07\/IMG_7090-320x202.jpg\" class=\"attachment-blog-medium size-blog-medium\" alt=\"BZI - Remscheid - 3D-Technik\" \/><\/a><\/div><\/div><\/li><li class=\"fusion-carousel-item\"><div class=\"fusion-carousel-item-wrapper\"><div class=\"fusion-image-wrapper hover-type-liftup\"><a data-rel=\"iLightbox[image_carousel_1]\" data-caption=\"BZI - Remscheid - 3D-Technik\" data-title=\"BZI &#8211; Remscheid &#8211; 3D-Technik\" aria-label=\"BZI &#8211; Remscheid &#8211; 3D-Technik\" href=\"https:\/\/alt.bzi-rs.de\/wp-content\/uploads\/2019\/07\/IMG_7093.jpg\" target=\"_self\"><img decoding=\"async\" width=\"320\" height=\"202\" src=\"https:\/\/alt.bzi-rs.de\/wp-content\/uploads\/2019\/07\/IMG_7093-320x202.jpg\" class=\"attachment-blog-medium size-blog-medium\" alt=\"BZI - Remscheid - 3D-Technik\" \/><\/a><\/div><\/div><\/li><li class=\"fusion-carousel-item\"><div class=\"fusion-carousel-item-wrapper\"><div class=\"fusion-image-wrapper hover-type-liftup\"><a data-rel=\"iLightbox[image_carousel_1]\" data-caption=\"BZI - Remscheid - 3D-Technik\" data-title=\"BZI &#8211; Remscheid &#8211; 3D-Technik\" aria-label=\"BZI &#8211; Remscheid &#8211; 3D-Technik\" href=\"https:\/\/alt.bzi-rs.de\/wp-content\/uploads\/2019\/07\/IMG_7082.jpg\" target=\"_self\"><img decoding=\"async\" width=\"320\" height=\"202\" src=\"https:\/\/alt.bzi-rs.de\/wp-content\/uploads\/2019\/07\/IMG_7082-320x202.jpg\" class=\"attachment-blog-medium size-blog-medium\" alt=\"BZI - Remscheid - 3D-Technik\" \/><\/a><\/div><\/div><\/li><li class=\"fusion-carousel-item\"><div class=\"fusion-carousel-item-wrapper\"><div class=\"fusion-image-wrapper hover-type-liftup\"><a data-rel=\"iLightbox[image_carousel_1]\" data-caption=\"BZI - Remscheid - 3D-Technik\" data-title=\"BZI &#8211; Remscheid &#8211; 3D-Technik\" aria-label=\"BZI &#8211; Remscheid &#8211; 3D-Technik\" href=\"https:\/\/alt.bzi-rs.de\/wp-content\/uploads\/2019\/07\/IMG_7124.jpg\" target=\"_self\"><img decoding=\"async\" width=\"320\" height=\"202\" src=\"https:\/\/alt.bzi-rs.de\/wp-content\/uploads\/2019\/07\/IMG_7124-320x202.jpg\" class=\"attachment-blog-medium size-blog-medium\" alt=\"BZI - Remscheid - 3D-Technik\" \/><\/a><\/div><\/div><\/li><li class=\"fusion-carousel-item\"><div class=\"fusion-carousel-item-wrapper\"><div class=\"fusion-image-wrapper hover-type-liftup\"><a data-rel=\"iLightbox[image_carousel_1]\" data-caption=\"BZI - Remscheid - 3D-Technik\" data-title=\"BZI &#8211; Remscheid &#8211; 3D-Technik\" aria-label=\"BZI &#8211; Remscheid &#8211; 3D-Technik\" href=\"https:\/\/alt.bzi-rs.de\/wp-content\/uploads\/2019\/07\/IMG_7121.jpg\" target=\"_self\"><img decoding=\"async\" width=\"320\" height=\"202\" src=\"https:\/\/alt.bzi-rs.de\/wp-content\/uploads\/2019\/07\/IMG_7121-320x202.jpg\" class=\"attachment-blog-medium size-blog-medium\" alt=\"BZI - Remscheid - 3D-Technik\" \/><\/a><\/div><\/div><\/li><li class=\"fusion-carousel-item\"><div class=\"fusion-carousel-item-wrapper\"><div class=\"fusion-image-wrapper hover-type-liftup\"><a data-rel=\"iLightbox[image_carousel_1]\" data-caption=\"BZI - Remscheid - 3D-Technik\" data-title=\"BZI &#8211; Remscheid &#8211; 3D-Technik\" aria-label=\"BZI &#8211; Remscheid &#8211; 3D-Technik\" href=\"https:\/\/alt.bzi-rs.de\/wp-content\/uploads\/2019\/07\/IMG_7119.jpg\" target=\"_self\"><img decoding=\"async\" width=\"320\" height=\"202\" src=\"https:\/\/alt.bzi-rs.de\/wp-content\/uploads\/2019\/07\/IMG_7119-320x202.jpg\" class=\"attachment-blog-medium size-blog-medium\" alt=\"BZI - Remscheid - 3D-Technik\" \/><\/a><\/div><\/div><\/li><\/ul><div class=\"fusion-carousel-nav\"><span class=\"fusion-nav-prev\"><\/span><span class=\"fusion-nav-next\"><\/span><\/div><\/div><\/div><\/div><div class=\"fusion-sep-clear\"><\/div><div class=\"fusion-separator fusion-full-width-sep\" style=\"margin-left: auto;margin-right: auto;margin-bottom:20px;width:100%;\"><div class=\"fusion-separator-border sep-single sep-solid\" style=\"border-color:#e0dede;border-top-width:1px;\"><\/div><\/div><div class=\"fusion-sep-clear\"><\/div><div class=\"fusion-text fusion-text-3\"><p><strong>FDM Druckverfahren<br \/>\n<\/strong>Fused Deposition Modeling<strong><br \/>\n<\/strong><\/p>\n<\/div><div class=\"fusion-image-carousel fusion-image-carousel-fixed lightbox-enabled fusion-carousel-border\"><div class=\"fusion-carousel\" data-autoplay=\"no\" data-columns=\"3\" data-itemmargin=\"13\" data-itemwidth=\"180\" data-touchscroll=\"no\" data-imagesize=\"fixed\"><div class=\"fusion-carousel-positioner\"><ul class=\"fusion-carousel-holder\"><li class=\"fusion-carousel-item\"><div class=\"fusion-carousel-item-wrapper\"><div class=\"fusion-image-wrapper hover-type-liftup\"><a data-rel=\"iLightbox[image_carousel_2]\" data-caption=\"BZI - Remscheid - 3D-Technik\" data-title=\"BZI &#8211; Remscheid &#8211; 3D-Technik\" aria-label=\"BZI &#8211; Remscheid &#8211; 3D-Technik\" href=\"https:\/\/alt.bzi-rs.de\/wp-content\/uploads\/2019\/07\/IMG_7072.jpg\" target=\"_self\"><img decoding=\"async\" width=\"460\" height=\"295\" src=\"https:\/\/alt.bzi-rs.de\/wp-content\/uploads\/2019\/07\/IMG_7072-460x295.jpg\" class=\"attachment-portfolio-two size-portfolio-two\" alt=\"BZI - Remscheid - 3D-Technik\" \/><\/a><\/div><\/div><\/li><li class=\"fusion-carousel-item\"><div class=\"fusion-carousel-item-wrapper\"><div class=\"fusion-image-wrapper hover-type-liftup\"><a data-rel=\"iLightbox[image_carousel_2]\" data-caption=\"BZI - Remscheid - 3D-Technik\" data-title=\"BZI &#8211; Remscheid &#8211; 3D-Technik\" aria-label=\"BZI &#8211; Remscheid &#8211; 3D-Technik\" href=\"https:\/\/alt.bzi-rs.de\/wp-content\/uploads\/2019\/07\/IMG_7073-e1564477516104.jpg\" target=\"_self\"><img decoding=\"async\" width=\"460\" height=\"295\" src=\"https:\/\/alt.bzi-rs.de\/wp-content\/uploads\/2019\/07\/IMG_7073-e1564477516104-460x295.jpg\" class=\"attachment-portfolio-two size-portfolio-two\" alt=\"BZI - Remscheid - 3D-Technik\" \/><\/a><\/div><\/div><\/li><\/ul><div class=\"fusion-carousel-nav\"><span class=\"fusion-nav-prev\"><\/span><span class=\"fusion-nav-next\"><\/span><\/div><\/div><\/div><\/div><div class=\"fusion-sep-clear\"><\/div><div class=\"fusion-separator fusion-full-width-sep\" style=\"margin-left: auto;margin-right: auto;margin-bottom:20px;width:100%;\"><div class=\"fusion-separator-border sep-single sep-solid\" style=\"border-color:#e0dede;border-top-width:1px;\"><\/div><\/div><div class=\"fusion-sep-clear\"><\/div><div class=\"fusion-text fusion-text-4\"><p><strong>PJM Druckverfahren<br \/>\n<\/strong>Polyjet Modeling<strong><br \/>\n<\/strong><\/p>\n<\/div><div class=\"fusion-image-carousel fusion-image-carousel-fixed lightbox-enabled fusion-carousel-border\"><div class=\"fusion-carousel\" data-autoplay=\"no\" data-columns=\"5\" data-itemmargin=\"13\" data-itemwidth=\"180\" data-touchscroll=\"no\" data-imagesize=\"fixed\"><div class=\"fusion-carousel-positioner\"><ul class=\"fusion-carousel-holder\"><li class=\"fusion-carousel-item\"><div class=\"fusion-carousel-item-wrapper\"><div class=\"fusion-image-wrapper hover-type-liftup\"><a data-rel=\"iLightbox[image_carousel_3]\" data-caption=\"BZI - Remscheid - 3D-Technik\" data-title=\"BZI &#8211; Remscheid &#8211; 3D-Technik\" aria-label=\"BZI &#8211; Remscheid &#8211; 3D-Technik\" href=\"https:\/\/alt.bzi-rs.de\/wp-content\/uploads\/2019\/07\/IMG_7099.jpg\" target=\"_self\"><img decoding=\"async\" width=\"320\" height=\"202\" src=\"https:\/\/alt.bzi-rs.de\/wp-content\/uploads\/2019\/07\/IMG_7099-320x202.jpg\" class=\"attachment-blog-medium size-blog-medium\" alt=\"BZI - Remscheid - 3D-Technik\" \/><\/a><\/div><\/div><\/li><li class=\"fusion-carousel-item\"><div class=\"fusion-carousel-item-wrapper\"><div class=\"fusion-image-wrapper hover-type-liftup\"><a data-rel=\"iLightbox[image_carousel_3]\" data-caption=\"BZI - Remscheid - 3D-Technik\" data-title=\"BZI &#8211; Remscheid &#8211; 3D-Technik\" aria-label=\"BZI &#8211; Remscheid &#8211; 3D-Technik\" href=\"https:\/\/alt.bzi-rs.de\/wp-content\/uploads\/2019\/07\/IMG_7103.jpg\" target=\"_self\"><img decoding=\"async\" width=\"320\" height=\"202\" src=\"https:\/\/alt.bzi-rs.de\/wp-content\/uploads\/2019\/07\/IMG_7103-320x202.jpg\" class=\"attachment-blog-medium size-blog-medium\" alt=\"BZI - Remscheid - 3D-Technik\" \/><\/a><\/div><\/div><\/li><li class=\"fusion-carousel-item\"><div class=\"fusion-carousel-item-wrapper\"><div class=\"fusion-image-wrapper hover-type-liftup\"><a data-rel=\"iLightbox[image_carousel_3]\" data-caption=\"BZI - Remscheid - 3D-Technik\" data-title=\"BZI &#8211; Remscheid &#8211; 3D-Technik\" aria-label=\"BZI &#8211; Remscheid &#8211; 3D-Technik\" href=\"https:\/\/alt.bzi-rs.de\/wp-content\/uploads\/2019\/07\/IMG_7105.jpg\" target=\"_self\"><img decoding=\"async\" width=\"320\" height=\"202\" src=\"https:\/\/alt.bzi-rs.de\/wp-content\/uploads\/2019\/07\/IMG_7105-320x202.jpg\" class=\"attachment-blog-medium size-blog-medium\" alt=\"BZI - Remscheid - 3D-Technik\" \/><\/a><\/div><\/div><\/li><li class=\"fusion-carousel-item\"><div class=\"fusion-carousel-item-wrapper\"><div class=\"fusion-image-wrapper hover-type-liftup\"><a data-rel=\"iLightbox[image_carousel_3]\" data-caption=\"BZI - Remscheid - 3D-Technik\" data-title=\"BZI &#8211; Remscheid &#8211; 3D-Technik\" aria-label=\"BZI &#8211; Remscheid &#8211; 3D-Technik\" href=\"https:\/\/alt.bzi-rs.de\/wp-content\/uploads\/2019\/07\/IMG_7074.jpg\" target=\"_self\"><img decoding=\"async\" width=\"320\" height=\"202\" src=\"https:\/\/alt.bzi-rs.de\/wp-content\/uploads\/2019\/07\/IMG_7074-320x202.jpg\" class=\"attachment-blog-medium size-blog-medium\" alt=\"BZI - Remscheid - 3D-Technik\" \/><\/a><\/div><\/div><\/li><li class=\"fusion-carousel-item\"><div class=\"fusion-carousel-item-wrapper\"><div class=\"fusion-image-wrapper hover-type-liftup\"><a data-rel=\"iLightbox[image_carousel_3]\" data-caption=\"BZI - Remscheid - 3D-Technik\" data-title=\"BZI &#8211; Remscheid &#8211; 3D-Technik\" aria-label=\"BZI &#8211; Remscheid &#8211; 3D-Technik\" href=\"https:\/\/alt.bzi-rs.de\/wp-content\/uploads\/2019\/07\/IMG_7096.jpg\" target=\"_self\"><img decoding=\"async\" width=\"320\" height=\"202\" src=\"https:\/\/alt.bzi-rs.de\/wp-content\/uploads\/2019\/07\/IMG_7096-320x202.jpg\" class=\"attachment-blog-medium size-blog-medium\" alt=\"BZI - Remscheid - 3D-Technik\" \/><\/a><\/div><\/div><\/li><li class=\"fusion-carousel-item\"><div class=\"fusion-carousel-item-wrapper\"><div class=\"fusion-image-wrapper hover-type-liftup\"><a data-rel=\"iLightbox[image_carousel_3]\" data-caption=\"BZI - Remscheid - 3D-Technik\" data-title=\"BZI &#8211; Remscheid &#8211; 3D-Technik\" aria-label=\"BZI &#8211; Remscheid &#8211; 3D-Technik\" href=\"https:\/\/alt.bzi-rs.de\/wp-content\/uploads\/2019\/07\/IMG_7097.jpg\" target=\"_self\"><img decoding=\"async\" width=\"320\" height=\"202\" src=\"https:\/\/alt.bzi-rs.de\/wp-content\/uploads\/2019\/07\/IMG_7097-320x202.jpg\" class=\"attachment-blog-medium size-blog-medium\" alt=\"BZI - Remscheid - 3D-Technik\" \/><\/a><\/div><\/div><\/li><\/ul><div class=\"fusion-carousel-nav\"><span class=\"fusion-nav-prev\"><\/span><span class=\"fusion-nav-next\"><\/span><\/div><\/div><\/div><\/div><div class=\"fusion-sep-clear\"><\/div><div class=\"fusion-separator fusion-full-width-sep\" style=\"margin-left: auto;margin-right: auto;margin-bottom:20px;width:100%;\"><div class=\"fusion-separator-border sep-single sep-solid\" style=\"border-color:#e0dede;border-top-width:1px;\"><\/div><\/div><div class=\"fusion-sep-clear\"><\/div><div class=\"fusion-text fusion-text-5\"><p><strong>SLM Druckverfahren<br \/>\n<\/strong>Selektives Laserschmelzen<strong><br \/>\n<\/strong><\/p>\n<\/div><div class=\"fusion-image-carousel fusion-image-carousel-fixed lightbox-enabled fusion-carousel-border\"><div class=\"fusion-carousel\" data-autoplay=\"no\" data-columns=\"5\" data-itemmargin=\"13\" data-itemwidth=\"180\" data-touchscroll=\"no\" data-imagesize=\"fixed\"><div class=\"fusion-carousel-positioner\"><ul class=\"fusion-carousel-holder\"><li class=\"fusion-carousel-item\"><div class=\"fusion-carousel-item-wrapper\"><div class=\"fusion-image-wrapper hover-type-liftup\"><a data-rel=\"iLightbox[image_carousel_4]\" data-caption=\"BZI - Remscheid - 3D-Technik\" data-title=\"BZI &#8211; Remscheid &#8211; 3D-Technik\" aria-label=\"BZI &#8211; Remscheid &#8211; 3D-Technik\" href=\"https:\/\/alt.bzi-rs.de\/wp-content\/uploads\/2019\/07\/IMG_7118.jpg\" target=\"_self\"><img decoding=\"async\" width=\"320\" height=\"202\" src=\"https:\/\/alt.bzi-rs.de\/wp-content\/uploads\/2019\/07\/IMG_7118-320x202.jpg\" class=\"attachment-blog-medium size-blog-medium\" alt=\"BZI - Remscheid - 3D-Technik\" \/><\/a><\/div><\/div><\/li><li class=\"fusion-carousel-item\"><div class=\"fusion-carousel-item-wrapper\"><div class=\"fusion-image-wrapper hover-type-liftup\"><a data-rel=\"iLightbox[image_carousel_4]\" data-caption=\"BZI - Remscheid - 3D-Technik\" data-title=\"BZI &#8211; Remscheid &#8211; 3D-Technik\" aria-label=\"BZI &#8211; Remscheid &#8211; 3D-Technik\" href=\"https:\/\/alt.bzi-rs.de\/wp-content\/uploads\/2019\/07\/1.jpg\" target=\"_self\"><img decoding=\"async\" width=\"320\" height=\"202\" src=\"https:\/\/alt.bzi-rs.de\/wp-content\/uploads\/2019\/07\/1-320x202.jpg\" class=\"attachment-blog-medium size-blog-medium\" alt=\"BZI - Remscheid - 3D-Technik\" \/><\/a><\/div><\/div><\/li><li class=\"fusion-carousel-item\"><div class=\"fusion-carousel-item-wrapper\"><div class=\"fusion-image-wrapper hover-type-liftup\"><a data-rel=\"iLightbox[image_carousel_4]\" data-caption=\"BZI - Remscheid - 3D-Technik\" data-title=\"BZI &#8211; Remscheid &#8211; 3D-Technik\" aria-label=\"BZI &#8211; Remscheid &#8211; 3D-Technik\" href=\"https:\/\/alt.bzi-rs.de\/wp-content\/uploads\/2019\/07\/2.jpg\" target=\"_self\"><img decoding=\"async\" width=\"320\" height=\"202\" src=\"https:\/\/alt.bzi-rs.de\/wp-content\/uploads\/2019\/07\/2-320x202.jpg\" class=\"attachment-blog-medium size-blog-medium\" alt=\"BZI - Remscheid - 3D-Technik\" \/><\/a><\/div><\/div><\/li><li class=\"fusion-carousel-item\"><div class=\"fusion-carousel-item-wrapper\"><div class=\"fusion-image-wrapper hover-type-liftup\"><a data-rel=\"iLightbox[image_carousel_4]\" data-caption=\"BZI - Remscheid - 3D-Technik\" data-title=\"BZI &#8211; Remscheid &#8211; 3D-Technik\" aria-label=\"BZI &#8211; Remscheid &#8211; 3D-Technik\" href=\"https:\/\/alt.bzi-rs.de\/wp-content\/uploads\/2019\/07\/3.jpg\" target=\"_self\"><img decoding=\"async\" width=\"320\" height=\"202\" src=\"https:\/\/alt.bzi-rs.de\/wp-content\/uploads\/2019\/07\/3-320x202.jpg\" class=\"attachment-blog-medium size-blog-medium\" alt=\"BZI - Remscheid - 3D-Technik\" \/><\/a><\/div><\/div><\/li><li class=\"fusion-carousel-item\"><div class=\"fusion-carousel-item-wrapper\"><div class=\"fusion-image-wrapper hover-type-liftup\"><a data-rel=\"iLightbox[image_carousel_4]\" data-caption=\"BZI - Remscheid - 3D-Technik\" data-title=\"BZI &#8211; Remscheid &#8211; 3D-Technik\" aria-label=\"BZI &#8211; Remscheid &#8211; 3D-Technik\" href=\"https:\/\/alt.bzi-rs.de\/wp-content\/uploads\/2019\/07\/4.jpg\" target=\"_self\"><img decoding=\"async\" width=\"320\" height=\"202\" src=\"https:\/\/alt.bzi-rs.de\/wp-content\/uploads\/2019\/07\/4-320x202.jpg\" class=\"attachment-blog-medium size-blog-medium\" alt=\"BZI - Remscheid - 3D-Technik\" \/><\/a><\/div><\/div><\/li><li class=\"fusion-carousel-item\"><div class=\"fusion-carousel-item-wrapper\"><div class=\"fusion-image-wrapper hover-type-liftup\"><a data-rel=\"iLightbox[image_carousel_4]\" data-caption=\"BZI - Remscheid - 3D-Technik\" data-title=\"BZI &#8211; Remscheid &#8211; 3D-Technik\" aria-label=\"BZI &#8211; Remscheid &#8211; 3D-Technik\" href=\"https:\/\/alt.bzi-rs.de\/wp-content\/uploads\/2019\/07\/5.jpg\" target=\"_self\"><img decoding=\"async\" width=\"320\" height=\"202\" src=\"https:\/\/alt.bzi-rs.de\/wp-content\/uploads\/2019\/07\/5-320x202.jpg\" class=\"attachment-blog-medium size-blog-medium\" alt=\"BZI - Remscheid - 3D-Technik\" \/><\/a><\/div><\/div><\/li><li class=\"fusion-carousel-item\"><div class=\"fusion-carousel-item-wrapper\"><div class=\"fusion-image-wrapper hover-type-liftup\"><a data-rel=\"iLightbox[image_carousel_4]\" data-caption=\"BZI - Remscheid - 3D-Technik\" data-title=\"BZI &#8211; Remscheid &#8211; 3D-Technik\" aria-label=\"BZI &#8211; Remscheid &#8211; 3D-Technik\" href=\"https:\/\/alt.bzi-rs.de\/wp-content\/uploads\/2019\/07\/6.jpg\" target=\"_self\"><img decoding=\"async\" width=\"320\" height=\"202\" src=\"https:\/\/alt.bzi-rs.de\/wp-content\/uploads\/2019\/07\/6-320x202.jpg\" class=\"attachment-blog-medium size-blog-medium\" alt=\"BZI - Remscheid - 3D-Technik\" \/><\/a><\/div><\/div><\/li><li class=\"fusion-carousel-item\"><div class=\"fusion-carousel-item-wrapper\"><div class=\"fusion-image-wrapper hover-type-liftup\"><a data-rel=\"iLightbox[image_carousel_4]\" data-caption=\"BZI - Remscheid - 3D-Technik\" data-title=\"BZI &#8211; Remscheid &#8211; 3D-Technik\" aria-label=\"BZI &#8211; Remscheid &#8211; 3D-Technik\" href=\"https:\/\/alt.bzi-rs.de\/wp-content\/uploads\/2019\/07\/IMG_7115.jpg\" target=\"_self\"><img decoding=\"async\" width=\"320\" height=\"202\" src=\"https:\/\/alt.bzi-rs.de\/wp-content\/uploads\/2019\/07\/IMG_7115-320x202.jpg\" class=\"attachment-blog-medium size-blog-medium\" alt=\"BZI - Remscheid - 3D-Technik\" \/><\/a><\/div><\/div><\/li><\/ul><div class=\"fusion-carousel-nav\"><span class=\"fusion-nav-prev\"><\/span><span class=\"fusion-nav-next\"><\/span><\/div><\/div><\/div><\/div><div class=\"fusion-clearfix\"><\/div><\/div><\/div><\/div><\/div><div class=\"fusion-fullwidth fullwidth-box fusion-builder-row-2 nonhundred-percent-fullwidth non-hundred-percent-height-scrolling\" style=\"background-color: rgba(255,255,255,0);background-position: center center;background-repeat: no-repeat;padding-top:0px;padding-right:0px;padding-bottom:0px;padding-left:0px;margin-bottom: 0px;margin-top: 0px;border-width: 0px 0px 0px 0px;border-color:#eae9e9;border-style:solid;\" ><div class=\"fusion-builder-row fusion-row\"><div class=\"fusion-layout-column fusion_builder_column fusion-builder-column-2 fusion_builder_column_1_1 1_1 fusion-one-full fusion-column-first fusion-column-last\" style=\"margin-top:0px;margin-bottom:0px;\"><div class=\"fusion-column-wrapper fusion-flex-column-wrapper-legacy\" style=\"background-position:left top;background-repeat:no-repeat;-webkit-background-size:cover;-moz-background-size:cover;-o-background-size:cover;background-size:cover;padding: 0px 0px 0px 0px;\"><div class=\"fusion-clearfix\"><\/div><\/div><\/div><\/div><\/div><\/p>\n","protected":false},"excerpt":{"rendered":"","protected":false},"author":1,"featured_media":0,"parent":0,"menu_order":133,"comment_status":"closed","ping_status":"closed","template":"","meta":{"footnotes":""},"_links":{"self":[{"href":"https:\/\/alt.bzi-rs.de\/index.php\/wp-json\/wp\/v2\/pages\/3927"}],"collection":[{"href":"https:\/\/alt.bzi-rs.de\/index.php\/wp-json\/wp\/v2\/pages"}],"about":[{"href":"https:\/\/alt.bzi-rs.de\/index.php\/wp-json\/wp\/v2\/types\/page"}],"author":[{"embeddable":true,"href":"https:\/\/alt.bzi-rs.de\/index.php\/wp-json\/wp\/v2\/users\/1"}],"replies":[{"embeddable":true,"href":"https:\/\/alt.bzi-rs.de\/index.php\/wp-json\/wp\/v2\/comments?post=3927"}],"version-history":[{"count":39,"href":"https:\/\/alt.bzi-rs.de\/index.php\/wp-json\/wp\/v2\/pages\/3927\/revisions"}],"predecessor-version":[{"id":6548,"href":"https:\/\/alt.bzi-rs.de\/index.php\/wp-json\/wp\/v2\/pages\/3927\/revisions\/6548"}],"wp:attachment":[{"href":"https:\/\/alt.bzi-rs.de\/index.php\/wp-json\/wp\/v2\/media?parent=3927"}],"curies":[{"name":"wp","href":"https:\/\/api.w.org\/{rel}","templated":true}]}}