{"id":3965,"date":"2018-11-06T10:04:13","date_gmt":"2018-11-06T09:04:13","guid":{"rendered":"https:\/\/alt.bzi-rs.de\/?page_id=3965"},"modified":"2018-11-06T10:51:27","modified_gmt":"2018-11-06T09:51:27","slug":"spinner-technologiewoche-2018","status":"publish","type":"page","link":"https:\/\/alt.bzi-rs.de\/index.php\/spinner-technologiewoche-2018\/","title":{"rendered":"SPINNER-Technologiewoche 2018"},"content":{"rendered":"<div class=\"fusion-fullwidth fullwidth-box fusion-builder-row-1 nonhundred-percent-fullwidth non-hundred-percent-height-scrolling\" style=\"background-color: rgba(255,255,255,0);background-position: center center;background-repeat: no-repeat;padding-top:0px;padding-right:0px;padding-bottom:0px;padding-left:0px;margin-bottom: 0px;margin-top: 0px;border-width: 0px 0px 0px 0px;border-color:#eae9e9;border-style:solid;\" ><div class=\"fusion-builder-row fusion-row\"><div class=\"fusion-layout-column fusion_builder_column fusion-builder-column-0 fusion_builder_column_1_1 1_1 fusion-one-full fusion-column-first fusion-column-last\" style=\"margin-top:0px;margin-bottom:0px;\"><div class=\"fusion-column-wrapper fusion-flex-column-wrapper-legacy\" style=\"background-position:left top;background-repeat:no-repeat;-webkit-background-size:cover;-moz-background-size:cover;-o-background-size:cover;background-size:cover;padding: 0px 0px 0px 0px;\"><style type=\"text\/css\"><\/style><div class=\"fusion-title title fusion-title-1 fusion-sep-none fusion-title-text fusion-title-size-two\" style=\"margin-top:0px;margin-right:0px;margin-bottom:31px;margin-left:0px;\"><h2 class=\"title-heading-left\" style=\"margin:0;\">SPINNER-Technologiewoche 2018<\/h2><\/div><div class=\"fusion-text fusion-text-1\"><p><img decoding=\"async\" class=\"alignright wp-image-3970\" src=\"https:\/\/alt.bzi-rs.de\/wp-content\/uploads\/2018\/11\/SPINNER.jpg\" alt=\"\" width=\"390\" height=\"351\" srcset=\"https:\/\/alt.bzi-rs.de\/wp-content\/uploads\/2018\/11\/SPINNER-200x180.jpg 200w, https:\/\/alt.bzi-rs.de\/wp-content\/uploads\/2018\/11\/SPINNER-300x270.jpg 300w, https:\/\/alt.bzi-rs.de\/wp-content\/uploads\/2018\/11\/SPINNER-400x360.jpg 400w, https:\/\/alt.bzi-rs.de\/wp-content\/uploads\/2018\/11\/SPINNER-600x541.jpg 600w, https:\/\/alt.bzi-rs.de\/wp-content\/uploads\/2018\/11\/SPINNER-768x692.jpg 768w, https:\/\/alt.bzi-rs.de\/wp-content\/uploads\/2018\/11\/SPINNER-800x721.jpg 800w, https:\/\/alt.bzi-rs.de\/wp-content\/uploads\/2018\/11\/SPINNER.jpg 848w\" sizes=\"(max-width: 390px) 100vw, 390px\" \/>Wir m\u00f6chten Sie zu unserer traditionellen Technologiewoche 2018 einladen. Es erwarten Sie viele, spannende Themen mit Live- Vorf\u00fchrungen mit den neuesten ultraharten Schneidstoffen und interessanten Workshops.<\/p>\n<p><strong>Insgesamt pr\u00e4sentieren wir Ihnen 22 Werkzeugmaschinen Live unter Span mit folgenden Neuheiten:<\/strong><\/p>\n<ul>\n<li><strong>SPINNER MICROTURN \u2013 neues Feinstdrehzentrum auch f\u00fcr Komplettbearbeitung<\/strong><\/li>\n<li><strong>SPINNER VC 1650\/1150 \u2013 neues BAZ f\u00fcr Werkzeug\u2010und Formenbau<\/strong><\/li>\n<li><strong> SPINNER U5\u2010630 und U5\u20101530 \u2013 neuartiges 5\u2010Achsiges Simultanfr\u00e4sen<\/strong><\/li>\n<li><strong>SPINNER TC 600 \u2013 mit Hartdrehpaket und 85 Hauptspindel<\/strong><\/li>\n<li><strong>SPINNER PD \u2013 Hartdrehen mit Werkzeugen der Firma DTS<\/strong><\/li>\n<li><strong>NEUES SPINNER\u2010TOUCH\u2010PANEL 4.0<\/strong><\/li>\n<\/ul>\n<p>Um Sie bestm\u00f6glich zu betreuen ist die Teilnehmerzahl an allen Tagen begrenzt. So k\u00f6nnen wir auf Ihre individuellen Themen gezielt eingehen und uns Zeit daf\u00fcr nehmen.<\/p>\n<p>Deshalb unsere Bitte: Wenn Sie Interesse haben und einen \/ mehrere Pl\u00e4tze reservieren m\u00f6chten sprechen Sie uns kurz an oder melden sich direkt unter dem nachfolgenden Link an.<\/p>\n<ul>\n<li><span style=\"color: #ff0000;\"><strong><a style=\"color: #ff0000;\" href=\"http:\/\/www.spinner-nrw-wzm.com\/anmeldung-kontakt\/\" target=\"_blank\" rel=\"noopener\">Direkte Anmeldung<\/a><\/strong><\/span><\/li>\n<li><span style=\"color: #ff0000;\"><strong><a style=\"color: #ff0000;\" href=\"https:\/\/www.spinner-nrw-wzm.com\/app\/download\/30856547\/TECHNOLOGIEWOCHE+2018+-+EINLADUNG.pdf\" target=\"_blank\" rel=\"noopener\">Infoflyer<\/a><\/strong><\/span><\/li>\n<\/ul>\n<\/div><div class=\"fusion-sep-clear\"><\/div><div class=\"fusion-separator fusion-full-width-sep\" style=\"margin-left: auto;margin-right: auto;margin-top:0px;margin-bottom:20px;width:100%;\"><div class=\"fusion-separator-border sep-single sep-dashed\" style=\"border-color:#e0dede;border-top-width:1px;\"><\/div><\/div><div class=\"fusion-sep-clear\"><\/div><style type=\"text\/css\"><\/style><div class=\"fusion-title title fusion-title-2 fusion-sep-none fusion-title-text fusion-title-size-two\" style=\"margin-top:0px;margin-right:0px;margin-bottom:31px;margin-left:0px;\"><h2 class=\"title-heading-left\" style=\"margin:0;\">Workshops<\/h2><\/div><div class=\"fusion-text fusion-text-2\"><p><strong>Montag. den 12. November 2018:<\/strong><br \/>\n10.00 \u2010 10.45 Uhr: DTS \u2010 ultraharte Schneidstoffe im Werkzeug\u2010 und Formenbau<br \/>\n11.00 \u2010 11.45 Uhr: SPINNER\u2010AUTOMATION \u2013 Workshop Automation<\/p>\n<p><strong>Dienstag, den 13. November 2018:<\/strong><br \/>\n09.00 \u2010 09.45 Uhr: HEIDENHAIN TNC 640 \u2013 High Performance im Werkzeugbau<br \/>\n10.00 \u2010 10.45 Uhr: DTS \u2010 ultraharte Schneidstoffe im Werkzeug\u2010 und Formenbau<br \/>\n11.00 \u2010 11.45 Uhr: WBA AACHEN \u2013 Werkzeugbau 4.0 Digitale Vernetzung mit Shopfloor<br \/>\n13.15 \u2010 14.00 Uhr: ZOLLER \u2013 Tool Management, Werkzeugvermessung<\/p>\n<p><strong>Mittwoch, den 14. November 2018:<\/strong><br \/>\n09.00 \u2010 09.45 Uhr: HEIDENHAIN \u2013 digitales Auftragsmanagement\/Industrie 4.0<br \/>\n10.00 \u2010 10.45 Uhr: DTS \u2013 ultraharte Schneidstoffe im Werkzeug\u2010 und Formenbau<br \/>\n11.00 \u2010 11.45 Uhr: SIEMENS \u2010 NX\/CAD\/CAM\/INDUSTRIE 4.0<br \/>\n13.15 \u2013 14.00 Uhr: DO IT \u2010 SPINNER\/SIEMENS \u2013 3D Druck auf Spinner U4\u2010630<\/p>\n<p><strong>Donnerstag, den 15. November 2018:<\/strong><br \/>\n09.00 \u2010 09.45 Uhr: MASTERCAM \u2013 CAD\/CAM f\u00fcr Einsteiger<br \/>\n10.00 \u2010 10.45 Uhr: DTS \u2013 ultraharte Schneidstoffe im Werkzeug\u2010 und Formenbau<br \/>\n11.00 \u2010 11.45 Uhr: FANUC ROBOTIC \u2010 Basketball\u2010 und Kicker Roboter<br \/>\n13.15 \u2010 14.00 Uhr: FANUC\u2010CNC \u2013 Manual Guide im Werkstattbetrieb<\/p>\n<p><strong>Freitag, den 16. November 2018:<\/strong><br \/>\n10.00 \u2010 10.45 Uhr: DTS \u2010 ultraharte Schneidstoffe im Werkzeug\u2010 und Formenbau<br \/>\n11.00 \u2010 11.45 Uhr: MASTERCAM \u2013 CAD\/CAM f\u00fcr Fortgeschrittene<\/p>\n<p><strong>Samstag, den 17.11 und Sonntag, den 18.11.2018:<\/strong><br \/>\n10.00 \u2010 16.00 Uhr: Tag der offenen T\u00fcren<\/p>\n<\/div><div class=\"fusion-clearfix\"><\/div><\/div><\/div><\/div><\/div>\n","protected":false},"excerpt":{"rendered":"","protected":false},"author":1,"featured_media":0,"parent":0,"menu_order":132,"comment_status":"closed","ping_status":"closed","template":"","meta":{"footnotes":""},"_links":{"self":[{"href":"https:\/\/alt.bzi-rs.de\/index.php\/wp-json\/wp\/v2\/pages\/3965"}],"collection":[{"href":"https:\/\/alt.bzi-rs.de\/index.php\/wp-json\/wp\/v2\/pages"}],"about":[{"href":"https:\/\/alt.bzi-rs.de\/index.php\/wp-json\/wp\/v2\/types\/page"}],"author":[{"embeddable":true,"href":"https:\/\/alt.bzi-rs.de\/index.php\/wp-json\/wp\/v2\/users\/1"}],"replies":[{"embeddable":true,"href":"https:\/\/alt.bzi-rs.de\/index.php\/wp-json\/wp\/v2\/comments?post=3965"}],"version-history":[{"count":11,"href":"https:\/\/alt.bzi-rs.de\/index.php\/wp-json\/wp\/v2\/pages\/3965\/revisions"}],"predecessor-version":[{"id":3977,"href":"https:\/\/alt.bzi-rs.de\/index.php\/wp-json\/wp\/v2\/pages\/3965\/revisions\/3977"}],"wp:attachment":[{"href":"https:\/\/alt.bzi-rs.de\/index.php\/wp-json\/wp\/v2\/media?parent=3965"}],"curies":[{"name":"wp","href":"https:\/\/api.w.org\/{rel}","templated":true}]}}