{"id":4655,"date":"2019-02-07T15:11:01","date_gmt":"2019-02-07T14:11:01","guid":{"rendered":"https:\/\/alt.bzi-rs.de\/?page_id=4655"},"modified":"2019-02-07T15:22:36","modified_gmt":"2019-02-07T14:22:36","slug":"besetzung-von-ausbildungsplaetzen","status":"publish","type":"page","link":"https:\/\/alt.bzi-rs.de\/index.php\/besetzung-von-ausbildungsplaetzen\/","title":{"rendered":"Besetzung von Ausbildungspl\u00e4tzen"},"content":{"rendered":"<div class=\"fusion-fullwidth fullwidth-box fusion-builder-row-1 nonhundred-percent-fullwidth non-hundred-percent-height-scrolling\" style=\"background-color: rgba(255,255,255,0);background-position: center center;background-repeat: no-repeat;padding-top:0px;padding-right:0px;padding-bottom:0px;padding-left:0px;margin-bottom: 0px;margin-top: 0px;border-width: 0px 0px 0px 0px;border-color:#eae9e9;border-style:solid;\" ><div class=\"fusion-builder-row fusion-row\"><div class=\"fusion-layout-column fusion_builder_column fusion-builder-column-0 fusion_builder_column_3_4 3_4 fusion-three-fourth fusion-column-first\" style=\"width:75%;width:calc(75% - ( ( 4% ) * 0.75 ) );margin-right: 4%;margin-top:0px;margin-bottom:0px;\"><div class=\"fusion-column-wrapper fusion-flex-column-wrapper-legacy\" style=\"background-position:left top;background-repeat:no-repeat;-webkit-background-size:cover;-moz-background-size:cover;-o-background-size:cover;background-size:cover;padding: 0px 0px 0px 0px;\"><style type=\"text\/css\"><\/style><div class=\"fusion-title title fusion-title-1 fusion-sep-none fusion-title-text fusion-title-size-two\" style=\"margin-top:0px;margin-right:0px;margin-bottom:31px;margin-left:0px;\"><h2 class=\"title-heading-left\" style=\"margin:0;\">Besetzung von Ausbildungspl\u00e4tzen<\/h2><\/div><div class=\"fusion-text fusion-text-1\"><p>Gut ausgebildete Fachkr\u00e4fte sind der entscheidende Wettbewerbs- und Zukunftsfaktor f\u00fcr Unternehmen der Bergischen Region.<\/p>\n<p>Mit unseren Beratungsangeboten unterst\u00fctzt das BZI Unternehmen jeder Gr\u00f6\u00dfe in allen Branchen durch Vermittlung von passgenauen Auszubildenden und Fachkr\u00e4ften aus dem In- und Ausland, mit Migrations- oder Fluchthintergrund und aus wenig ber\u00fccksichtigten Zielgruppen.<\/p>\n<p>Unsere Projekte verfolgen einen Support auf unterschiedlichen Ebenen: Betriebe werden unterst\u00fctzt Ausbildungspl\u00e4tze zu schaffen und die, die bereits ausbilden, werden gef\u00f6rdert, ihr Ausbildungsengagement zu erh\u00f6hen. Somit wird langfristig dem steigenden Fachkr\u00e4ftemangel in Handwerk, Industrie, Handel und Dienstleistung entgegengewirkt.<\/p>\n<p>In den Beratungen informiert das Projektpersonal \u00fcber gesetzliche Besch\u00e4ftigungsbedingungen, Fort- und Weiterbildungsangebote sowie Sprach- und F\u00f6rderunterricht. Gemeinsam mit den Personalverantwortlichen in den Unternehmen erarbeitet das BZI Anforderungsprofile, erschlie\u00dft Ausbildungspotenziale und trifft Vorauswahlen geeigneter Bewerber.<\/p>\n<p>Um Ausbildungsabbr\u00fcche zu vermeiden, beinhalten spezielle Vermittlungsprojekte eine Begleitung w\u00e4hrend der Ausbildung.<\/p>\n<\/div><div class=\"fusion-clearfix\"><\/div><\/div><\/div><div class=\"fusion-layout-column fusion_builder_column fusion-builder-column-1 fusion_builder_column_1_4 1_4 fusion-one-fourth fusion-column-last\" style=\"width:25%;width:calc(25% - ( ( 4% ) * 0.25 ) );margin-top:0px;margin-bottom:0px;\"><div class=\"fusion-column-wrapper fusion-flex-column-wrapper-legacy\" style=\"background-position:left top;background-repeat:no-repeat;-webkit-background-size:cover;-moz-background-size:cover;-o-background-size:cover;background-size:cover;padding: 0px 0px 0px 0px;\"><div class=\"fusion-widget-area fusion-widget-area-1 fusion-content-widget-area\"><style type=\"text\/css\">.fusion-widget-area-1 {padding:0px 0px 0px 0px;}.fusion-widget-area-1 .widget h4 {color:#0078b8;}.fusion-widget-area-1 .widget .heading h4 {color:#0078b8;}.fusion-widget-area-1 .widget h4 {font-size:20px;}.fusion-widget-area-1 .widget .heading h4 {font-size:20px;}<\/style><div id=\"nav_menu-13\" class=\"widget widget_nav_menu\"><div class=\"menu-besetzung-von-ausbildungsplaetzen-container\"><ul id=\"menu-besetzung-von-ausbildungsplaetzen\" class=\"menu\"><li id=\"menu-item-4669\" class=\"menu-item menu-item-type-post_type menu-item-object-page menu-item-4669\"><a href=\"https:\/\/alt.bzi-rs.de\/index.php\/welcome-to-job\/\">Welcome to Job<\/a><\/li>\n<li id=\"menu-item-12924\" class=\"menu-item menu-item-type-post_type menu-item-object-page menu-item-12924\"><a href=\"https:\/\/alt.bzi-rs.de\/index.php\/traegergestuetzte-ausbildung\/\">Tr\u00e4gergest\u00fctzte Ausbildung<\/a><\/li>\n<\/ul><\/div><\/div><div class=\"fusion-additional-widget-content\"><\/div><\/div><div class=\"fusion-clearfix\"><\/div><\/div><\/div><\/div><\/div>\n","protected":false},"excerpt":{"rendered":"","protected":false},"author":1,"featured_media":0,"parent":0,"menu_order":129,"comment_status":"closed","ping_status":"closed","template":"","meta":{"footnotes":""},"_links":{"self":[{"href":"https:\/\/alt.bzi-rs.de\/index.php\/wp-json\/wp\/v2\/pages\/4655"}],"collection":[{"href":"https:\/\/alt.bzi-rs.de\/index.php\/wp-json\/wp\/v2\/pages"}],"about":[{"href":"https:\/\/alt.bzi-rs.de\/index.php\/wp-json\/wp\/v2\/types\/page"}],"author":[{"embeddable":true,"href":"https:\/\/alt.bzi-rs.de\/index.php\/wp-json\/wp\/v2\/users\/1"}],"replies":[{"embeddable":true,"href":"https:\/\/alt.bzi-rs.de\/index.php\/wp-json\/wp\/v2\/comments?post=4655"}],"version-history":[{"count":5,"href":"https:\/\/alt.bzi-rs.de\/index.php\/wp-json\/wp\/v2\/pages\/4655\/revisions"}],"predecessor-version":[{"id":4665,"href":"https:\/\/alt.bzi-rs.de\/index.php\/wp-json\/wp\/v2\/pages\/4655\/revisions\/4665"}],"wp:attachment":[{"href":"https:\/\/alt.bzi-rs.de\/index.php\/wp-json\/wp\/v2\/media?parent=4655"}],"curies":[{"name":"wp","href":"https:\/\/api.w.org\/{rel}","templated":true}]}}