{"id":4666,"date":"2019-02-07T15:27:46","date_gmt":"2019-02-07T14:27:46","guid":{"rendered":"https:\/\/alt.bzi-rs.de\/?page_id=4666"},"modified":"2022-02-15T13:11:11","modified_gmt":"2022-02-15T12:11:11","slug":"welcome-to-job","status":"publish","type":"page","link":"https:\/\/alt.bzi-rs.de\/index.php\/welcome-to-job\/","title":{"rendered":"Welcome to Job"},"content":{"rendered":"<div class=\"fusion-fullwidth fullwidth-box fusion-builder-row-1 nonhundred-percent-fullwidth non-hundred-percent-height-scrolling\" style=\"background-color: rgba(255,255,255,0);background-position: center center;background-repeat: no-repeat;padding-top:0px;padding-right:0px;padding-bottom:0px;padding-left:0px;margin-bottom: 0px;margin-top: 0px;border-width: 0px 0px 0px 0px;border-color:#eae9e9;border-style:solid;\" ><div class=\"fusion-builder-row fusion-row\"><div class=\"fusion-layout-column fusion_builder_column fusion-builder-column-0 fusion_builder_column_2_3 2_3 fusion-two-third fusion-column-first\" style=\"width:66.666666666667%;width:calc(66.666666666667% - ( ( 4% ) * 0.66666666666667 ) );margin-right: 4%;margin-top:0px;margin-bottom:0px;\"><div class=\"fusion-column-wrapper fusion-flex-column-wrapper-legacy\" style=\"background-position:left top;background-repeat:no-repeat;-webkit-background-size:cover;-moz-background-size:cover;-o-background-size:cover;background-size:cover;padding: 0px 0px 0px 0px;\"><style type=\"text\/css\"><\/style><div class=\"fusion-title title fusion-title-1 fusion-sep-none fusion-title-text fusion-title-size-two\" style=\"margin-top:0px;margin-right:0px;margin-bottom:31px;margin-left:0px;\"><h2 class=\"title-heading-left\" style=\"margin:0;\">Welcome to Job<\/h2><\/div><div class=\"fusion-builder-row fusion-builder-row-inner fusion-row\"><div class=\"fusion-layout-column fusion_builder_column_inner fusion-builder-nested-column-0 fusion_builder_column_inner_1_4 1_4 fusion-one-fourth fusion-column-first\" style=\"width:25%;width:calc(25% - ( ( 4% ) * 0.25 ) );margin-right: 4%;margin-top:10px;margin-bottom:0px;\"><div class=\"fusion-column-wrapper fusion-flex-column-wrapper-legacy\" style=\"background-position:left top;background-repeat:no-repeat;-webkit-background-size:cover;-moz-background-size:cover;-o-background-size:cover;background-size:cover;background-color:#c9c9c9;padding: 20px 0px 20px 0px;\"><span class=\" fusion-imageframe imageframe-none imageframe-1 hover-type-none\"><a href=\"https:\/\/alt.bzi-rs.de\/wp-content\/uploads\/2020\/01\/Plakat_Ausbildung-in-Deutschland-scaled.jpg\" class=\"fusion-lightbox\" data-rel=\"iLightbox[fdfe3adf75873bf7fa7]\" data-title=\"Plakat &#8211; Ausbildung in Deutschland\" title=\"Plakat &#8211; Ausbildung in Deutschland\"><img decoding=\"async\" width=\"1735\" height=\"2560\" src=\"https:\/\/alt.bzi-rs.de\/wp-content\/uploads\/2020\/01\/Plakat_Ausbildung-in-Deutschland-scaled.jpg\" class=\"img-responsive wp-image-7008\" srcset=\"https:\/\/alt.bzi-rs.de\/wp-content\/uploads\/2020\/01\/Plakat_Ausbildung-in-Deutschland-200x295.jpg 200w, https:\/\/alt.bzi-rs.de\/wp-content\/uploads\/2020\/01\/Plakat_Ausbildung-in-Deutschland-400x590.jpg 400w, https:\/\/alt.bzi-rs.de\/wp-content\/uploads\/2020\/01\/Plakat_Ausbildung-in-Deutschland-600x885.jpg 600w, https:\/\/alt.bzi-rs.de\/wp-content\/uploads\/2020\/01\/Plakat_Ausbildung-in-Deutschland-800x1180.jpg 800w, https:\/\/alt.bzi-rs.de\/wp-content\/uploads\/2020\/01\/Plakat_Ausbildung-in-Deutschland-1200x1771.jpg 1200w, https:\/\/alt.bzi-rs.de\/wp-content\/uploads\/2020\/01\/Plakat_Ausbildung-in-Deutschland-scaled.jpg 1735w\" sizes=\"(max-width: 800px) 100vw, 1735px\" \/><\/a><\/span><div class=\"fusion-clearfix\"><\/div><\/div><\/div><div class=\"fusion-layout-column fusion_builder_column_inner fusion-builder-nested-column-1 fusion_builder_column_inner_3_4 3_4 fusion-three-fourth fusion-column-last\" style=\"width:75%;width:calc(75% - ( ( 4% ) * 0.75 ) );margin-top:0px;margin-bottom:0px;\"><div class=\"fusion-column-wrapper fusion-flex-column-wrapper-legacy\" style=\"background-position:left top;background-repeat:no-repeat;-webkit-background-size:cover;-moz-background-size:cover;-o-background-size:cover;background-size:cover;padding: 0px 0px 0px 0px;\"><div class=\"fusion-video fusion-vimeo\" style=\"max-width:600px;max-height:360px;\"><div class=\"video-shortcode\"><iframe title=\"Vimeo video player 1\" src=\"https:\/\/player.vimeo.com\/video\/374860212?autoplay=0&autopause=0\" width=\"600\" height=\"360\" allowfullscreen allow=\"autoplay; fullscreen\"><\/iframe><\/div><\/div><div class=\"fusion-clearfix\"><\/div><\/div><\/div><\/div><div class=\"fusion-sep-clear\"><\/div><div class=\"fusion-separator fusion-full-width-sep\" style=\"margin-left: auto;margin-right: auto;margin-top:20px;width:100%;\"><\/div><div class=\"fusion-sep-clear\"><\/div><div class=\"fusion-text fusion-text-1\"><p><strong>Chancen f\u00fcr Fl\u00fcchtlinge &#8211; Mehrwert f\u00fcr Unternehmen<\/strong><\/p>\n<p>Gut ausgebildete Fachkr\u00e4fte sind der entscheidende Wettbewerbs- und Zukunftsfaktor f\u00fcr Unternehmen der Bergischen Region.<\/p>\n<h3>Mit unserem neuen Projekt \u201cWelcome to Job\u201d<br \/>\nChancen f\u00fcr Fl\u00fcchtlinge &#8211; Mehrwert f\u00fcr Unternehmen<\/h3>\n<p>unterst\u00fctzt das BZI Unternehmen in Industrie, Handwerk, Handel und Dienstleistung durch die Erschlie\u00dfung neuer Ausbildungs- und Facharbeiterpotenziale aus der Zielgruppe \u201eGefl\u00fcchtete\u201c. Beraten werden Betriebe von Kleinst- bis hin zu Gro\u00dfunternehmen in allen Branchen zur Besetzung offener Ausbildungspl\u00e4tze und Facharbeiterstellen.<br \/>\nGefl\u00fcchtete stellen ein immer gr\u00f6\u00dfer werdendes Potenzial dar, das mittlerweile mit guten Schulabschl\u00fcssen, angemessenen Sprachniveaus und fachlichen Kompetenzen in den deutschen Arbeitsmarkt eintreten kann.<\/p>\n<p><strong>Unsere Beratungs- und Unterst\u00fctzungsleistungen f\u00fcr alle Unternehmen:<\/strong><br \/>\n<em>Matching:<\/em><br \/>\n\u00b7 Ermittlung des betrieblichen Bedarfs an Auszubildenden und Fachkr\u00e4ften<br \/>\n\u00b7 Erstellen von Anforderungsprofilen<br \/>\n\u00b7 Akquise, Vorauswahl und Vorschlag geeigneter Bewerber<\/p>\n<p><em>Beratung:<\/em><br \/>\n\u00b7 zu gesetzlichen Besch\u00e4ftigungsbedingungen<\/p>\n<p>Unterst\u00fctzung:<br \/>\n\u00b7 beim Aufbau betrieblicher Rahmenbedingungen (Willkommenskultur)<\/p>\n<p><em>Information \u00fcber:<\/em><br \/>\n\u00b7 Fort- und Weiterbildungsangebote<br \/>\n\u00b7 Sprach- und F\u00f6rderunterricht<\/p>\n<p><a href=\"https:\/\/alt.bzi-rs.de\/wp-content\/uploads\/2022\/02\/Welcome-to-job_2022.pdf\">Flyer zum Download<\/a><\/p>\n<p><strong>Kontakt:<\/strong><br \/>\nBerufsbildungszentrum der Remscheider Metall- und Elektroindustrie GmbH (BZI)<br \/>\nW\u00fcstenhagener Stra\u00dfe 18 &#8211; 26<br \/>\n42855 Remscheid<br \/>\nTelefon: 0 21 91 \/ 93 87 &#8211; 100<br \/>\nE-Mail: info@bzi-rs.de<\/p>\n<\/div><div class=\"fusion-clearfix\"><\/div><\/div><\/div><div class=\"fusion-layout-column fusion_builder_column fusion-builder-column-1 fusion_builder_column_1_3 1_3 fusion-one-third fusion-column-last\" style=\"width:33.333333333333%;width:calc(33.333333333333% - ( ( 4% ) * 0.33333333333333 ) );margin-top:0px;margin-bottom:0px;\"><div class=\"fusion-column-wrapper fusion-flex-column-wrapper-legacy\" style=\"background-position:left top;background-repeat:no-repeat;-webkit-background-size:cover;-moz-background-size:cover;-o-background-size:cover;background-size:cover;padding: 0px 0px 0px 0px;\"><div class=\"fusion-widget-area fusion-widget-area-1 fusion-content-widget-area\"><style type=\"text\/css\">.fusion-widget-area-1 {padding:0px 0px 0px 0px;}.fusion-widget-area-1 .widget h4 {color:#0078b8;}.fusion-widget-area-1 .widget .heading h4 {color:#0078b8;}.fusion-widget-area-1 .widget h4 {font-size:20px;}.fusion-widget-area-1 .widget .heading h4 {font-size:20px;}<\/style><div id=\"nav_menu-12\" class=\"widget widget_nav_menu\"><div class=\"menu-integration-container\"><ul id=\"menu-integration\" class=\"menu\"><li id=\"menu-item-3947\" class=\"menu-item menu-item-type-post_type menu-item-object-page menu-item-3947\"><a href=\"https:\/\/alt.bzi-rs.de\/index.php\/neustart-in-deutschland\/\">Neustart in Deutschland<\/a><\/li>\n<li id=\"menu-item-3949\" class=\"menu-item menu-item-type-post_type menu-item-object-page menu-item-3949\"><a href=\"https:\/\/alt.bzi-rs.de\/index.php\/qualifizierungsinitiative-fuer-fluechtlinge\/\">Qualifizierungsinitiative f\u00fcr Fl\u00fcchtlinge<\/a><\/li>\n<li id=\"menu-item-3951\" class=\"menu-item menu-item-type-post_type menu-item-object-page menu-item-3951\"><a href=\"https:\/\/alt.bzi-rs.de\/index.php\/stipendien\/\">Stipendien<\/a><\/li>\n<li id=\"menu-item-4676\" class=\"menu-item menu-item-type-post_type menu-item-object-page menu-item-4676\"><a href=\"https:\/\/alt.bzi-rs.de\/index.php\/welcome-to-job\/\">Welcome to Job<\/a><\/li>\n<\/ul><\/div><\/div><div class=\"fusion-additional-widget-content\"><\/div><\/div><div class=\"fusion-clearfix\"><\/div><\/div><\/div><\/div><\/div>\n","protected":false},"excerpt":{"rendered":"","protected":false},"author":1,"featured_media":0,"parent":0,"menu_order":128,"comment_status":"closed","ping_status":"closed","template":"","meta":{"footnotes":""},"_links":{"self":[{"href":"https:\/\/alt.bzi-rs.de\/index.php\/wp-json\/wp\/v2\/pages\/4666"}],"collection":[{"href":"https:\/\/alt.bzi-rs.de\/index.php\/wp-json\/wp\/v2\/pages"}],"about":[{"href":"https:\/\/alt.bzi-rs.de\/index.php\/wp-json\/wp\/v2\/types\/page"}],"author":[{"embeddable":true,"href":"https:\/\/alt.bzi-rs.de\/index.php\/wp-json\/wp\/v2\/users\/1"}],"replies":[{"embeddable":true,"href":"https:\/\/alt.bzi-rs.de\/index.php\/wp-json\/wp\/v2\/comments?post=4666"}],"version-history":[{"count":25,"href":"https:\/\/alt.bzi-rs.de\/index.php\/wp-json\/wp\/v2\/pages\/4666\/revisions"}],"predecessor-version":[{"id":11920,"href":"https:\/\/alt.bzi-rs.de\/index.php\/wp-json\/wp\/v2\/pages\/4666\/revisions\/11920"}],"wp:attachment":[{"href":"https:\/\/alt.bzi-rs.de\/index.php\/wp-json\/wp\/v2\/media?parent=4666"}],"curies":[{"name":"wp","href":"https:\/\/api.w.org\/{rel}","templated":true}]}}