{"id":4747,"date":"2019-02-18T11:16:11","date_gmt":"2019-02-18T10:16:11","guid":{"rendered":"https:\/\/alt.bzi-rs.de\/?page_id=4747"},"modified":"2021-01-11T12:10:32","modified_gmt":"2021-01-11T11:10:32","slug":"chancen-im-wandel","status":"publish","type":"page","link":"https:\/\/alt.bzi-rs.de\/index.php\/chancen-im-wandel\/","title":{"rendered":"Chancen im Wandel"},"content":{"rendered":"<div class=\"fusion-fullwidth fullwidth-box fusion-builder-row-1 nonhundred-percent-fullwidth non-hundred-percent-height-scrolling\" style=\"background-color: rgba(255,255,255,0);background-position: center center;background-repeat: no-repeat;padding-top:0px;padding-right:0px;padding-bottom:0px;padding-left:0px;margin-bottom: 0px;margin-top: 0px;border-width: 0px 0px 0px 0px;border-color:#eae9e9;border-style:solid;\" ><div class=\"fusion-builder-row fusion-row\"><div class=\"fusion-layout-column fusion_builder_column fusion-builder-column-0 fusion_builder_column_1_1 1_1 fusion-one-full fusion-column-first fusion-column-last\" style=\"margin-top:0px;margin-bottom:0px;\"><div class=\"fusion-column-wrapper fusion-flex-column-wrapper-legacy\" style=\"background-position:left top;background-repeat:no-repeat;-webkit-background-size:cover;-moz-background-size:cover;-o-background-size:cover;background-size:cover;padding: 0px 0px 0px 0px;\"><div class=\"fusion-text fusion-text-1\"><p><strong>Chancen im Wandel: Neue F\u00f6rderm\u00f6glichkeiten f\u00fcr <\/strong><strong>Arbeitnehmer und Arbeitgeber<\/strong><\/p>\n<p>Mit dem seit 1. Januar 2019 g\u00fcltigen Qualifizierungschancengesetz reagiert die Bundesregierung auf den strukturellen Wandel und \u00f6ffnet die F\u00f6rderung der beruflichen Weiterbildung.<\/p>\n<p>Wurden bislang nur an- und ungelernte sowie \u00e4ltere Arbeitnehmerinnen und Arbeitnehmer in kleinen und mittelst\u00e4ndischen Unternehmen mit F\u00f6rdermitteln unterst\u00fctzt, werden nun Weiterbildungskosten f\u00fcr Besch\u00e4ftigte aller Betriebsgr\u00f6\u00dfen anteilig gef\u00f6rdert. Ebenso erh\u00e4lt der Arbeitgeber einen Zuschuss zum Arbeitsentgelt w\u00e4hrend der Zeit der Weiterbildung.<\/p>\n<p>Mit dem neuen Gesetz soll die Weiterbildung insbesondere bei solchen Arbeitnehmern gef\u00f6rdert werden, deren berufliche T\u00e4tigkeiten durch neue Technologien ersetzt werden k\u00f6nnen oder die in sonstiger Weise vom Strukturwandel betroffen sind. Die Qualifizierungsoffensive des Bundes soll gerade vor dem Hintergrund der Digitalisierung neue Chancen in der Arbeitswelt er\u00f6ffnen. Genauso k\u00f6nnen Menschen profitieren, die eine berufliche Weiterbildung in einem Engpassberuf anstreben, also in einem Beruf, in dem Fachkr\u00e4ftemangel herrscht.<\/p>\n<hr \/>\n<p>F\u00fcr weitere Fragen rund um das neue F\u00f6rderinstrument steht das Berufsbildungszentrum der Industrie (BZI) gerne telefonisch unter 0 21 91 &#8211; 93 87 &#8211; 100 zur Verf\u00fcgung.<\/p>\n<p>Weitere Informationen unter: <a href=\"http:\/\/www.bmas.de\">www.bmas.de<\/a><\/p>\n<\/div><div class=\"fusion-clearfix\"><\/div><\/div><\/div><\/div><\/div>\n","protected":false},"excerpt":{"rendered":"","protected":false},"author":1,"featured_media":0,"parent":0,"menu_order":127,"comment_status":"closed","ping_status":"closed","template":"","meta":{"footnotes":""},"_links":{"self":[{"href":"https:\/\/alt.bzi-rs.de\/index.php\/wp-json\/wp\/v2\/pages\/4747"}],"collection":[{"href":"https:\/\/alt.bzi-rs.de\/index.php\/wp-json\/wp\/v2\/pages"}],"about":[{"href":"https:\/\/alt.bzi-rs.de\/index.php\/wp-json\/wp\/v2\/types\/page"}],"author":[{"embeddable":true,"href":"https:\/\/alt.bzi-rs.de\/index.php\/wp-json\/wp\/v2\/users\/1"}],"replies":[{"embeddable":true,"href":"https:\/\/alt.bzi-rs.de\/index.php\/wp-json\/wp\/v2\/comments?post=4747"}],"version-history":[{"count":6,"href":"https:\/\/alt.bzi-rs.de\/index.php\/wp-json\/wp\/v2\/pages\/4747\/revisions"}],"predecessor-version":[{"id":9085,"href":"https:\/\/alt.bzi-rs.de\/index.php\/wp-json\/wp\/v2\/pages\/4747\/revisions\/9085"}],"wp:attachment":[{"href":"https:\/\/alt.bzi-rs.de\/index.php\/wp-json\/wp\/v2\/media?parent=4747"}],"curies":[{"name":"wp","href":"https:\/\/api.w.org\/{rel}","templated":true}]}}