{"id":5087,"date":"2019-05-14T09:13:17","date_gmt":"2019-05-14T07:13:17","guid":{"rendered":"https:\/\/alt.bzi-rs.de\/?page_id=5087"},"modified":"2021-01-12T09:01:07","modified_gmt":"2021-01-12T08:01:07","slug":"produktionstechnologe","status":"publish","type":"page","link":"https:\/\/alt.bzi-rs.de\/index.php\/produktionstechnologe\/","title":{"rendered":"Produktionstechnologe"},"content":{"rendered":"<p><div class=\"fusion-fullwidth fullwidth-box fusion-builder-row-1 nonhundred-percent-fullwidth non-hundred-percent-height-scrolling\" style=\"background-color: rgba(255,255,255,0);background-position: center center;background-repeat: no-repeat;padding-top:0px;padding-right:0px;padding-bottom:0px;padding-left:0px;margin-bottom: 0px;margin-top: 0px;border-width: 0px 0px 0px 0px;border-color:#eae9e9;border-style:solid;\" ><div class=\"fusion-builder-row fusion-row\"><div class=\"fusion-layout-column fusion_builder_column fusion-builder-column-0 fusion_builder_column_1_1 1_1 fusion-one-full fusion-column-first fusion-column-last\" style=\"margin-top:0px;margin-bottom:0px;\"><div class=\"fusion-column-wrapper fusion-flex-column-wrapper-legacy\" style=\"background-position:left top;background-repeat:no-repeat;-webkit-background-size:cover;-moz-background-size:cover;-o-background-size:cover;background-size:cover;padding: 0px 0px 0px 0px;\"><style type=\"text\/css\"><\/style><div class=\"fusion-title title fusion-title-1 fusion-sep-none fusion-title-text fusion-title-size-three\" style=\"margin-top:15px;margin-right:0px;margin-bottom:25px;margin-left:0px;\"><h3 class=\"title-heading-left\" style=\"margin:0;\">Produktionstechnologe \/ Produktionstechnologin \u2013 ein Ausbildungsberuf mit \u00dcberblick<\/h3><\/div><div class=\"fusion-clearfix\"><\/div><\/div><\/div><\/div><\/div><div class=\"fusion-fullwidth fullwidth-box fusion-builder-row-2 nonhundred-percent-fullwidth non-hundred-percent-height-scrolling\" style=\"background-color: rgba(255,255,255,0);background-position: center center;background-repeat: no-repeat;padding-top:0px;padding-right:0px;padding-bottom:0px;padding-left:0px;margin-bottom: 0px;margin-top: 0px;border-width: 0px 0px 0px 0px;border-color:#eae9e9;border-style:solid;\" ><div class=\"fusion-builder-row fusion-row\"><div class=\"fusion-layout-column fusion_builder_column fusion-builder-column-1 fusion_builder_column_3_5 3_5 fusion-three-fifth fusion-column-first\" style=\"width:60%;width:calc(60% - ( ( 4% ) * 0.6 ) );margin-right: 4%;margin-top:0px;margin-bottom:0px;\"><div class=\"fusion-column-wrapper fusion-flex-column-wrapper-legacy\" style=\"background-position:left top;background-repeat:no-repeat;-webkit-background-size:cover;-moz-background-size:cover;-o-background-size:cover;background-size:cover;padding: 0px 0px 0px 0px;\"><div class=\"fusion-text fusion-text-1\"><p>Digitalisierung und Industrie 4.0 mit einem hohen Vernetzungsgrad in der Produktion auf modernsten Maschinen und Anlagen, ver\u00e4ndern die Arbeitsaufgaben im Unternehmen.<\/p>\n<p>Es fehlt Ihnen an Mitarbeitern die an komplexen Anlagen folgende T\u00e4tigkeiten durchf\u00fchren k\u00f6nnen?<\/p>\n<ul>\n<li>Produktionsanlagen beschicken bzw. bedienen und St\u00fcckzahlvorgaben sicherstellen<\/li>\n<li>Sicherheitseinrichtungen auf ihre Wirksamkeit pr\u00fcfen<\/li>\n<li>Produktionsanlagen gem\u00e4\u00df Vorgaben inspizieren<\/li>\n<li>Arbeitsschritte festgelegen und erforderliche Abwicklungszeiten einsch\u00e4tzen<\/li>\n<li>Vorschriften zum Datenschutz anwenden<\/li>\n<li>Testreihen fahren und Prozessparameter anpassen<\/li>\n<li>technischen Pr\u00fcfungen veranlassen<\/li>\n<li>Prozesse kontrollieren, \u00fcberwachen und protokollieren<\/li>\n<li>richtig Reklamationen annehmen<\/li>\n<li>Abl\u00e4ufe strukturieren und Arbeitspl\u00e4ne erstellen<\/li>\n<\/ul>\n<p>Dann ben\u00f6tigen Sie einen <strong>Produktionstechnologen \/ <\/strong>eine <strong>Produktionstechnologin<\/strong>, denn diese planen industrielle Produktionsprozesse, richten Produktionsanlagen ein und nehmen diese in Betrieb und betreuen und dokumentieren die Prozessabl\u00e4ufe.<\/p>\n<p>Das Einsatzgebiet dieses <strong>3-j\u00e4hrigen Ausbildungsberufes<\/strong> liegt im Maschinen- und Anlagenbau, im Fahrzeugbau und bei Unternehmen, die produktionsunterst\u00fctzende Dienstleistungen anbieten.<\/p>\n<p>Das Berufsbildungszentrum der Remscheider Metall- und Elektroindustrie steht Ihnen auch bei diesem zukunftsweisenden Berufsbild als Partner zur Seite und hat hierzu ein einzigartiges, innovatives Lehrgangskonzept entwickelt.<\/p>\n<p>Die Grundlage des BZI-Konzepts bilden die Lehrg\u00e4nge im ersten Ausbildungsjahr. Hierauf aufbauend folgen die fachspezifischen Inhalte im zweiten bis vierten Ausbildungsjahr in Kombination mit betriebsinternen Ausbildungsphasen. Am Ende der Ausbildung steht eine betriebliche Pr\u00fcfung (AP1 und AP2). Hier das Lehrgangskonzept f\u00fcr den Produktionstechnologen aufgeteilt auf die einzelnen Ausbildungsjahre:<\/p>\n<\/div><div class=\"fusion-clearfix\"><\/div><\/div><\/div><div class=\"fusion-layout-column fusion_builder_column fusion-builder-column-2 fusion_builder_column_2_5 2_5 fusion-two-fifth fusion-column-last\" style=\"width:40%;width:calc(40% - ( ( 4% ) * 0.4 ) );margin-top:0px;margin-bottom:0px;\"><div class=\"fusion-column-wrapper fusion-flex-column-wrapper-legacy\" style=\"background-position:left top;background-repeat:no-repeat;-webkit-background-size:cover;-moz-background-size:cover;-o-background-size:cover;background-size:cover;padding: 0px 0px 0px 0px;\"><span class=\" fusion-imageframe imageframe-dropshadow imageframe-1 hover-type-zoomin\" style=\"-webkit-box-shadow: 3px 3px 7px rgba(0,0,0,0.3);box-shadow: 3px 3px 7px rgba(0,0,0,0.3);\"><img decoding=\"async\" width=\"1500\" height=\"1000\" alt=\"Ausbildungsberuf - Produktionstechnologe \/ Produktionstechnologin\" title=\"Ausbildungsberuf &#8211; Produktionstechnologe \/ Produktionstechnologin\" src=\"https:\/\/alt.bzi-rs.de\/wp-content\/uploads\/2019\/05\/Produktionstechnologe-2.jpg\" class=\"img-responsive wp-image-5122\" srcset=\"https:\/\/alt.bzi-rs.de\/wp-content\/uploads\/2019\/05\/Produktionstechnologe-2-200x133.jpg 200w, https:\/\/alt.bzi-rs.de\/wp-content\/uploads\/2019\/05\/Produktionstechnologe-2-400x267.jpg 400w, https:\/\/alt.bzi-rs.de\/wp-content\/uploads\/2019\/05\/Produktionstechnologe-2-600x400.jpg 600w, https:\/\/alt.bzi-rs.de\/wp-content\/uploads\/2019\/05\/Produktionstechnologe-2-800x533.jpg 800w, https:\/\/alt.bzi-rs.de\/wp-content\/uploads\/2019\/05\/Produktionstechnologe-2-1200x800.jpg 1200w, https:\/\/alt.bzi-rs.de\/wp-content\/uploads\/2019\/05\/Produktionstechnologe-2.jpg 1500w\" sizes=\"(max-width: 800px) 100vw, 600px\" \/><\/span><br><br><br><br><span class=\" fusion-imageframe imageframe-dropshadow imageframe-2 hover-type-zoomin\" style=\"-webkit-box-shadow: 3px 3px 7px rgba(0,0,0,0.3);box-shadow: 3px 3px 7px rgba(0,0,0,0.3);\"><img decoding=\"async\" width=\"1500\" height=\"1000\" alt=\"Ausbildungsberuf - Produktionstechnologe \/ Produktionstechnologin\" title=\"Ausbildungsberuf &#8211; Produktionstechnologe \/ Produktionstechnologin\" src=\"https:\/\/alt.bzi-rs.de\/wp-content\/uploads\/2019\/05\/Produktionstechnologe-1.jpg\" class=\"img-responsive wp-image-5123\" srcset=\"https:\/\/alt.bzi-rs.de\/wp-content\/uploads\/2019\/05\/Produktionstechnologe-1-200x133.jpg 200w, https:\/\/alt.bzi-rs.de\/wp-content\/uploads\/2019\/05\/Produktionstechnologe-1-400x267.jpg 400w, https:\/\/alt.bzi-rs.de\/wp-content\/uploads\/2019\/05\/Produktionstechnologe-1-600x400.jpg 600w, https:\/\/alt.bzi-rs.de\/wp-content\/uploads\/2019\/05\/Produktionstechnologe-1-800x533.jpg 800w, https:\/\/alt.bzi-rs.de\/wp-content\/uploads\/2019\/05\/Produktionstechnologe-1-1200x800.jpg 1200w, https:\/\/alt.bzi-rs.de\/wp-content\/uploads\/2019\/05\/Produktionstechnologe-1.jpg 1500w\" sizes=\"(max-width: 800px) 100vw, 600px\" \/><\/span><div class=\"fusion-clearfix\"><\/div><\/div><\/div><\/div><\/div><div class=\"fusion-fullwidth fullwidth-box fusion-builder-row-3 nonhundred-percent-fullwidth non-hundred-percent-height-scrolling\" style=\"background-color: rgba(255,255,255,0);background-position: center center;background-repeat: no-repeat;padding-top:0px;padding-right:0px;padding-bottom:0px;padding-left:0px;margin-bottom: 0px;margin-top: 0px;border-width: 0px 0px 0px 0px;border-color:#eae9e9;border-style:solid;\" ><div class=\"fusion-builder-row fusion-row\"><div class=\"fusion-layout-column fusion_builder_column fusion-builder-column-3 fusion_builder_column_1_1 1_1 fusion-one-full fusion-column-first fusion-column-last\" style=\"margin-top:0px;margin-bottom:0px;\"><div class=\"fusion-column-wrapper fusion-flex-column-wrapper-legacy\" style=\"background-position:left top;background-repeat:no-repeat;-webkit-background-size:cover;-moz-background-size:cover;-o-background-size:cover;background-size:cover;padding: 0px 0px 0px 0px;\"><style type=\"text\/css\">#accordion-5087-1 .fusion-panel:hover, #accordion-5087-1 .fusion-panel.hover{ background-color: #ffffff } #accordion-5087-1 .fusion-panel { border-color:#c4c4c4; border-width:1px; background-color:#ffffff; }.fusion-accordian  #accordion-5087-1 .panel-title a .fa-fusion-box{ color: #ffffff;}.fusion-accordian  #accordion-5087-1 .panel-title a .fa-fusion-box:before{ font-size: 13px; width: 13px;}.fusion-accordian  #accordion-5087-1 .panel-title a{font-size:12px;}.fusion-accordian  #accordion-5087-1 .fa-fusion-box { background-color: #545454;border-color: #545454;}.fusion-accordian  #accordion-5087-1 .panel-title a:hover, #accordion-5087-1 .fusion-toggle-boxed-mode:hover .panel-title a { color: #0057a1;}.fusion-accordian  #accordion-5087-1 .panel-title .active .fa-fusion-box,.fusion-accordian  #accordion-5087-1 .panel-title a:hover .fa-fusion-box { background-color: #0057a1!important;border-color: #0057a1!important;}<\/style><div class=\"accordian fusion-accordian\"><div class=\"panel-group\" id=\"accordion-5087-1\"><div class=\"fusion-panel panel-default fusion-toggle-no-divider fusion-toggle-boxed-mode\"><div class=\"panel-heading\"><h4 class=\"panel-title toggle\"><a aria-expanded=\"false\" aria-controls=\"c5c16097e259351a6\" role=\"button\" data-toggle=\"collapse\" data-parent=\"#accordion-5087-1\" data-target=\"#c5c16097e259351a6\" href=\"#c5c16097e259351a6\"><span class=\"fusion-toggle-icon-wrapper\" aria-hidden=\"true\"><i class=\"fa-fusion-box\" aria-hidden=\"true\"><\/i><\/span><span class=\"fusion-toggle-heading\">Lehrg\u00e4nge f\u00fcr das 1. Ausbildungsjahr<\/span><\/a><\/h4><\/div><div id=\"c5c16097e259351a6\" class=\"panel-collapse collapse \"><div class=\"panel-body toggle-content fusion-clearfix\">\n<p><img decoding=\"async\" class=\"alignleft size-full wp-image-5117\" src=\"https:\/\/alt.bzi-rs.de\/wp-content\/uploads\/2019\/05\/1-3.jpg\" alt=\"\" width=\"687\" height=\"144\" srcset=\"https:\/\/alt.bzi-rs.de\/wp-content\/uploads\/2019\/05\/1-3-200x42.jpg 200w, https:\/\/alt.bzi-rs.de\/wp-content\/uploads\/2019\/05\/1-3-300x63.jpg 300w, https:\/\/alt.bzi-rs.de\/wp-content\/uploads\/2019\/05\/1-3-400x84.jpg 400w, https:\/\/alt.bzi-rs.de\/wp-content\/uploads\/2019\/05\/1-3-600x126.jpg 600w, https:\/\/alt.bzi-rs.de\/wp-content\/uploads\/2019\/05\/1-3.jpg 687w\" sizes=\"(max-width: 687px) 100vw, 687px\" \/><\/p>\n<\/div><\/div><\/div><div class=\"fusion-panel panel-default fusion-toggle-no-divider fusion-toggle-boxed-mode\"><div class=\"panel-heading\"><h4 class=\"panel-title toggle\"><a aria-expanded=\"false\" aria-controls=\"eab45625c5c69531c\" role=\"button\" data-toggle=\"collapse\" data-parent=\"#accordion-5087-1\" data-target=\"#eab45625c5c69531c\" href=\"#eab45625c5c69531c\"><span class=\"fusion-toggle-icon-wrapper\" aria-hidden=\"true\"><i class=\"fa-fusion-box\" aria-hidden=\"true\"><\/i><\/span><span class=\"fusion-toggle-heading\">Lehrg\u00e4nge f\u00fcr das 2. Ausbildungsjahr<\/span><\/a><\/h4><\/div><div id=\"eab45625c5c69531c\" class=\"panel-collapse collapse \"><div class=\"panel-body toggle-content fusion-clearfix\">\n<p><img decoding=\"async\" class=\"alignleft size-full wp-image-5118\" src=\"https:\/\/alt.bzi-rs.de\/wp-content\/uploads\/2019\/05\/2-2.jpg\" alt=\"\" width=\"683\" height=\"144\" srcset=\"https:\/\/alt.bzi-rs.de\/wp-content\/uploads\/2019\/05\/2-2-200x42.jpg 200w, https:\/\/alt.bzi-rs.de\/wp-content\/uploads\/2019\/05\/2-2-300x63.jpg 300w, https:\/\/alt.bzi-rs.de\/wp-content\/uploads\/2019\/05\/2-2-400x84.jpg 400w, https:\/\/alt.bzi-rs.de\/wp-content\/uploads\/2019\/05\/2-2-600x127.jpg 600w, https:\/\/alt.bzi-rs.de\/wp-content\/uploads\/2019\/05\/2-2.jpg 683w\" sizes=\"(max-width: 683px) 100vw, 683px\" \/><\/p>\n<\/div><\/div><\/div><div class=\"fusion-panel panel-default fusion-toggle-no-divider fusion-toggle-boxed-mode\"><div class=\"panel-heading\"><h4 class=\"panel-title toggle\"><a aria-expanded=\"false\" aria-controls=\"bd55a6181bfd7079e\" role=\"button\" data-toggle=\"collapse\" data-parent=\"#accordion-5087-1\" data-target=\"#bd55a6181bfd7079e\" href=\"#bd55a6181bfd7079e\"><span class=\"fusion-toggle-icon-wrapper\" aria-hidden=\"true\"><i class=\"fa-fusion-box\" aria-hidden=\"true\"><\/i><\/span><span class=\"fusion-toggle-heading\">Lehrg\u00e4nge f\u00fcr das 3. Ausbildungsjahr<\/span><\/a><\/h4><\/div><div id=\"bd55a6181bfd7079e\" class=\"panel-collapse collapse \"><div class=\"panel-body toggle-content fusion-clearfix\">\n<p><img decoding=\"async\" class=\"alignleft size-full wp-image-5119\" src=\"https:\/\/alt.bzi-rs.de\/wp-content\/uploads\/2019\/05\/3-3.jpg\" alt=\"\" width=\"683\" height=\"270\" srcset=\"https:\/\/alt.bzi-rs.de\/wp-content\/uploads\/2019\/05\/3-3-200x79.jpg 200w, https:\/\/alt.bzi-rs.de\/wp-content\/uploads\/2019\/05\/3-3-300x119.jpg 300w, https:\/\/alt.bzi-rs.de\/wp-content\/uploads\/2019\/05\/3-3-400x158.jpg 400w, https:\/\/alt.bzi-rs.de\/wp-content\/uploads\/2019\/05\/3-3-600x237.jpg 600w, https:\/\/alt.bzi-rs.de\/wp-content\/uploads\/2019\/05\/3-3.jpg 683w\" sizes=\"(max-width: 683px) 100vw, 683px\" \/><\/p>\n<\/div><\/div><\/div><div class=\"fusion-panel panel-default fusion-toggle-no-divider fusion-toggle-boxed-mode\"><div class=\"panel-heading\"><h4 class=\"panel-title toggle\"><a aria-expanded=\"false\" aria-controls=\"b42a7740db9703e45\" role=\"button\" data-toggle=\"collapse\" data-parent=\"#accordion-5087-1\" data-target=\"#b42a7740db9703e45\" href=\"#b42a7740db9703e45\"><span class=\"fusion-toggle-icon-wrapper\" aria-hidden=\"true\"><i class=\"fa-fusion-box\" aria-hidden=\"true\"><\/i><\/span><span class=\"fusion-toggle-heading\">Lehrgangsinhalte f\u00fcr den Produktionstechnologen \/ die Produktionstechnologin<\/span><\/a><\/h4><\/div><div id=\"b42a7740db9703e45\" class=\"panel-collapse collapse \"><div class=\"panel-body toggle-content fusion-clearfix\">\n<p><a href=\"https:\/\/alt.bzi-rs.de\/wp-content\/uploads\/2019\/05\/Lehrg\u00e4nge-Produktionstechnologe.pdf\">Flyer zum Download<\/a><\/p>\n<\/div><\/div><\/div><\/div><\/div><div class=\"fusion-sep-clear\"><\/div><div class=\"fusion-separator fusion-full-width-sep\" style=\"margin-left: auto;margin-right: auto;margin-bottom:20px;width:100%;\"><\/div><div class=\"fusion-sep-clear\"><\/div><div class=\"fusion-text fusion-text-2\"><p><strong>Nach erfolgreichem Abschluss dieser innovativen Ausbildung, bieten sich verschiedene M\u00f6glichkeiten der weiteren Qualifizierung:<\/strong><\/p>\n<p><span style=\"color: #006ab3;\"><strong>Gepr\u00fcfte\/r Prozessmanager\/in Produktionstechnologie im BZI<br \/>\n<\/strong><\/span>Absolventen dieser IHK-Aufstiegsqualifizierung f\u00fchren das Prozessmanagement f\u00fcr die Produktion und die damit verbundenen Innovations- und Verbesserungsvorhaben. Auch das Projektmanagement von komplexen Projekten in der Produktion geh\u00f6rt zu seinen Aufgaben. In diesen Zusammenh\u00e4ngen ist er in der Produkt- und Prozesskonzeption, in der Prozessentwicklung und -implementierung, im Produktionsanlauf oder in der Produktionsplanung und -steuerung t\u00e4tig. Prozessmanager Produktionstechnologie planen, implementieren und optimieren Produktionsprozesse und nehmen F\u00fchrungsaufgaben wahr.<br \/>\n<a href=\"https:\/\/alt.bzi-rs.de\/index.php\/gepruefter-prozessmanager-produktionstechnologie\/\">weitere Informationen<\/a><\/p>\n<p><span style=\"color: #006ab3;\"><strong>Studiengang Produktionstechnik (B.Eng.) der RFH K\u00f6ln am BZI Remscheid<br \/>\n<\/strong><\/span>Dieser berufs- und ausbildungsbegleitende Studiengang bietet die M\u00f6glichkeit einer fachlichen Weiterentwicklung zum Ingenieur. Damit wird dem wachsenden Bedarf der Industrie nach produktionstechnisch hoch qualifizierten Mitarbeitern Rechnung getragen. Mit dem Studium bieten sich weitreichende Perspektiven einer beruflichen Weiterentwicklung u. a. in folgenden Feldern:<\/p>\n<ul>\n<li>F\u00fchrungs- und Planungsfunktionen in Fertigung, Montage, Materialwirtschaft und Logistik<\/li>\n<li>Technischer Vertrieb oder Technischer Einkauf<\/li>\n<li>Projektmanagement und Qualit\u00e4tsmanagement<\/li>\n<li>Fabrikplanung und Simulation<\/li>\n<\/ul>\n<p><a href=\"https:\/\/alt.bzi-rs.de\/index.php\/studiengang-produktionstechnik-rfh\/\">weitere Informationen<\/a><\/p>\n<\/div><div class=\"fusion-sep-clear\"><\/div><div class=\"fusion-separator fusion-full-width-sep\" style=\"margin-left: auto;margin-right: auto;margin-bottom:10px;width:100%;\"><div class=\"fusion-separator-border sep-single sep-solid\" style=\"border-color:#e0dede;border-top-width:1px;\"><\/div><\/div><div class=\"fusion-sep-clear\"><\/div><div class=\"fusion-text fusion-text-3\"><p>Gerne steht Ihnen <strong>Herr Thomas Knipper<\/strong>, Ausbildungsleiter Metall\/Elektro (Telefon: 0 21 91 \u2013 93 87 \u2013 400, E-Mail: <a href=\"mailto:t.knipper@bzi-rs.de\" target=\"_blank\" rel=\"noopener noreferrer\">t.knipper@bzi-rs.de<\/a>)<br \/>\nbei Fragen rund um die Planung der Ausbildung zur Verf\u00fcgung. Sprechen Sie uns an.<\/p>\n<\/div><div class=\"fusion-clearfix\"><\/div><\/div><\/div><\/div><\/div><\/p>\n","protected":false},"excerpt":{"rendered":"","protected":false},"author":1,"featured_media":0,"parent":0,"menu_order":122,"comment_status":"closed","ping_status":"closed","template":"","meta":{"footnotes":""},"_links":{"self":[{"href":"https:\/\/alt.bzi-rs.de\/index.php\/wp-json\/wp\/v2\/pages\/5087"}],"collection":[{"href":"https:\/\/alt.bzi-rs.de\/index.php\/wp-json\/wp\/v2\/pages"}],"about":[{"href":"https:\/\/alt.bzi-rs.de\/index.php\/wp-json\/wp\/v2\/types\/page"}],"author":[{"embeddable":true,"href":"https:\/\/alt.bzi-rs.de\/index.php\/wp-json\/wp\/v2\/users\/1"}],"replies":[{"embeddable":true,"href":"https:\/\/alt.bzi-rs.de\/index.php\/wp-json\/wp\/v2\/comments?post=5087"}],"version-history":[{"count":33,"href":"https:\/\/alt.bzi-rs.de\/index.php\/wp-json\/wp\/v2\/pages\/5087\/revisions"}],"predecessor-version":[{"id":9095,"href":"https:\/\/alt.bzi-rs.de\/index.php\/wp-json\/wp\/v2\/pages\/5087\/revisions\/9095"}],"wp:attachment":[{"href":"https:\/\/alt.bzi-rs.de\/index.php\/wp-json\/wp\/v2\/media?parent=5087"}],"curies":[{"name":"wp","href":"https:\/\/api.w.org\/{rel}","templated":true}]}}