{"id":55,"date":"2018-01-15T11:39:35","date_gmt":"2018-01-15T10:39:35","guid":{"rendered":"https:\/\/alt.bzi-rs.de\/?page_id=55"},"modified":"2023-10-18T09:30:32","modified_gmt":"2023-10-18T07:30:32","slug":"metallgrundausbildung-alt","status":"publish","type":"page","link":"https:\/\/alt.bzi-rs.de\/index.php\/metallgrundausbildung-alt\/","title":{"rendered":"Metallgrundausbildung-alt"},"content":{"rendered":"<div class=\"fusion-fullwidth fullwidth-box fusion-builder-row-1 nonhundred-percent-fullwidth non-hundred-percent-height-scrolling\" style=\"background-color: rgba(255,255,255,0);background-position: center center;background-repeat: no-repeat;padding-top:0px;padding-right:0px;padding-bottom:0px;padding-left:0px;margin-bottom: 0px;margin-top: 0px;border-width: 0px 0px 0px 0px;border-color:#eae9e9;border-style:solid;\" ><div class=\"fusion-builder-row fusion-row\"><div class=\"fusion-layout-column fusion_builder_column fusion-builder-column-0 fusion_builder_column_1_1 1_1 fusion-one-full fusion-column-first fusion-column-last\" style=\"margin-top:0px;margin-bottom:0px;\"><div class=\"fusion-column-wrapper fusion-flex-column-wrapper-legacy\" style=\"background-position:left top;background-repeat:no-repeat;-webkit-background-size:cover;-moz-background-size:cover;-o-background-size:cover;background-size:cover;padding: 0px 0px 0px 0px;\"><style type=\"text\/css\"><\/style><div class=\"fusion-title title fusion-title-1 fusion-sep-none fusion-title-text fusion-title-size-two\" style=\"margin-top:0px;margin-right:0px;margin-bottom:0px;margin-left:0px;\"><h2 class=\"title-heading-left\" style=\"margin:0;\">Metallgrundausbildung (10 Wochen)<\/h2><\/div><div class=\"fusion-clearfix\"><\/div><\/div><\/div><div class=\"fusion-layout-column fusion_builder_column fusion-builder-column-1 fusion_builder_column_2_3 2_3 fusion-two-third fusion-column-first\" style=\"width:66.666666666667%;width:calc(66.666666666667% - ( ( 4% ) * 0.66666666666667 ) );margin-right: 4%;margin-top:0px;margin-bottom:0px;\"><div class=\"fusion-column-wrapper fusion-flex-column-wrapper-legacy\" style=\"background-position:left top;background-repeat:no-repeat;-webkit-background-size:cover;-moz-background-size:cover;-o-background-size:cover;background-size:cover;padding: 0px 0px 0px 0px;\"><div class=\"fusion-text fusion-text-1\"><p><strong>Qualifizierungsma\u00dfnahme<\/strong><\/p>\n<p><strong>Inhalte:<\/strong><\/p>\n<ul>\n<li>Metallgrundausbildung\u00a0 mit Kenntnisvermittlung:<\/li>\n<li>Werk- und Hilfsstoffe<\/li>\n<li>Anrei\u00dfen und Kennzeichnen<\/li>\n<li>Manuelles Spannen (Feilen, S\u00e4gen, Gewinde schneiden, Reiben)<\/li>\n<li>Maschinelles Spanen (Bohren, Senken, Reiben)<\/li>\n<li>Mess- und Pr\u00fcftechnik (Stahlma\u00dfstab, Messschieber, B\u00fcgelmessschraube, Anschlagwinkel, usw.)<\/li>\n<li>Arbeitssicherheit<\/li>\n<\/ul>\n<p>Theoretische Grundlagen:<\/p>\n<ul>\n<li>Technologie<\/li>\n<li>Technische Kommunikation<\/li>\n<li>Technische Mathematik<\/li>\n<\/ul>\n<p><strong>Ziel:<br \/>\n<\/strong>Die Teilnehmer erwerben in diesem Lehrgang die Grundlagen der Metallbe- und Verarbeitung in Praxis und Theorie.<\/p>\n<p>Die Inhalte sollen einer Einstiegsqualifizierung, Kenntnisvermittlung und Eignungsfeststellung dienen. Ferner besteht auch f\u00fcr die Teilnehmer die M\u00f6glichkeit, sich \u00fcber weitere Aufstiegsqualifikationen zu informieren und damit die sp\u00e4tere berufliche Laufbahn bewusst in die gew\u00fcnschte Richtung zu beeinflussen.<\/p>\n<p>Nach erfolgreicher Teilnahme am Lehrgang erhalten die Teilnehmer ein BZI-Lehrgangszertifikat.<\/p>\n<p><strong>Zielgruppe:<br \/>\n<\/strong>An- und Ungelernte, die aus einer T\u00e4tigkeit in der Metallindustrie oder verwandten T\u00e4tigkeiten Erfahrungen mitbringen und Interesse an einer qualifizierten T\u00e4tigkeit in einem Industriebetrieb haben.<\/p>\n<p><strong>Informationen:<br \/>\n<\/strong>Berufsbildungszentrum der Remscheider<br \/>\nMetall- und Elektroindustrie GmbH<br \/>\nW\u00fcstenhagener Stra\u00dfe 18 \u2013 26<br \/>\n42855 Remscheid<br \/>\nTelefon: 0 21 91 &#8211; 93 87 &#8211; 100<br \/>\nE-Mail: <a href=\"mailto:info@bzi-rs.de\" target=\"_blank\" rel=\"noopener noreferrer\">info@bzi-rs.de<\/a><\/p>\n<p><a href=\"https:\/\/alt.bzi-rs.de\/wp-content\/uploads\/2018\/10\/Grundausbildung-Metall-einzweij\u00e4hrig.pdf\">Flyer zur Metallgrundausbildung<\/a><\/p>\n<\/div><hr><p><a href=\"#\" onClick=\"history.back(); return false\">Zur\u00fcck zur \u00dcbersicht<\/a><\/p>\n<hr>\n<p><a href=\"http:\/\/www.bzi-rs.de\/index.php\/anmeldung-und-agb\/\">Anmeldung & AGB<\/a> | <a href=\"http:\/\/www.bzi-rs.de\/index.php\/foerdermoeglichkeiten\/\">F\u00f6rderm\u00f6glichkeiten<\/a> | <a href=\"http:\/\/www.bzi-rs.de\/index.php\/weiterbildungsbroschuere\/\">Weiterbildungsbrosch\u00fcre<\/a><\/p>\n<p><a href=\"#\" onClick=\"history.back(); return false\"><\/a><\/p>\n<div class=\"fusion-clearfix\"><\/div><\/div><\/div><div class=\"fusion-layout-column fusion_builder_column fusion-builder-column-2 fusion_builder_column_1_3 1_3 fusion-one-third fusion-column-last\" style=\"width:33.333333333333%;width:calc(33.333333333333% - ( ( 4% ) * 0.33333333333333 ) );margin-top:0px;margin-bottom:0px;\"><div class=\"fusion-column-wrapper fusion-flex-column-wrapper-legacy\" style=\"background-position:left top;background-repeat:no-repeat;-webkit-background-size:cover;-moz-background-size:cover;-o-background-size:cover;background-size:cover;padding: 0px 0px 0px 0px;\"><style type='text\/css'>.reading-box-container-1 .element-bottomshadow:before,.reading-box-container-1 .element-bottomshadow:after{opacity:0.70;}<\/style><div class=\"fusion-reading-box-container reading-box-container-1\" style=\"margin-top:0px;margin-bottom:84px;\"><div class=\"reading-box\" style=\"background-color:#f6f6f6;border-width:1px;border-color:#f6f6f6;border-left-width:3px;border-left-color:var(--primary_color);border-style:solid;\"><div class=\"reading-box-additional\">\n<div id=\"InfoControl_InfoPanel\" class=\"InfoPanel\"><span id=\"InfoControl_descriptionCity\" class=\"descriptionCity\"><strong>Termine:<br \/>\n<\/strong><\/span>Auf Anfrage<\/div>\n<\/div><div class=\"fusion-clearfix\"><\/div><\/div><\/div><div class=\"fusion-clearfix\"><\/div><\/div><\/div><\/div><\/div>\n","protected":false},"excerpt":{"rendered":"","protected":false},"author":1,"featured_media":0,"parent":0,"menu_order":234,"comment_status":"closed","ping_status":"closed","template":"","meta":{"footnotes":""},"_links":{"self":[{"href":"https:\/\/alt.bzi-rs.de\/index.php\/wp-json\/wp\/v2\/pages\/55"}],"collection":[{"href":"https:\/\/alt.bzi-rs.de\/index.php\/wp-json\/wp\/v2\/pages"}],"about":[{"href":"https:\/\/alt.bzi-rs.de\/index.php\/wp-json\/wp\/v2\/types\/page"}],"author":[{"embeddable":true,"href":"https:\/\/alt.bzi-rs.de\/index.php\/wp-json\/wp\/v2\/users\/1"}],"replies":[{"embeddable":true,"href":"https:\/\/alt.bzi-rs.de\/index.php\/wp-json\/wp\/v2\/comments?post=55"}],"version-history":[{"count":50,"href":"https:\/\/alt.bzi-rs.de\/index.php\/wp-json\/wp\/v2\/pages\/55\/revisions"}],"predecessor-version":[{"id":14561,"href":"https:\/\/alt.bzi-rs.de\/index.php\/wp-json\/wp\/v2\/pages\/55\/revisions\/14561"}],"wp:attachment":[{"href":"https:\/\/alt.bzi-rs.de\/index.php\/wp-json\/wp\/v2\/media?parent=55"}],"curies":[{"name":"wp","href":"https:\/\/api.w.org\/{rel}","templated":true}]}}