{"id":6070,"date":"2019-10-31T14:49:55","date_gmt":"2019-10-31T13:49:55","guid":{"rendered":"https:\/\/alt.bzi-rs.de\/?page_id=6070"},"modified":"2019-11-18T10:57:56","modified_gmt":"2019-11-18T09:57:56","slug":"tage-der-offenen-tuer2019","status":"publish","type":"page","link":"https:\/\/alt.bzi-rs.de\/index.php\/tage-der-offenen-tuer2019\/","title":{"rendered":"Tage der offenen T\u00fcr 2019"},"content":{"rendered":"<div class=\"fusion-fullwidth fullwidth-box fusion-builder-row-1 nonhundred-percent-fullwidth non-hundred-percent-height-scrolling\" style=\"background-color: rgba(255,255,255,0);background-position: center center;background-repeat: no-repeat;padding-top:0px;padding-right:0px;padding-bottom:0px;padding-left:0px;margin-bottom: 0px;margin-top: 0px;border-width: 0px 0px 0px 0px;border-color:#eae9e9;border-style:solid;\" ><div class=\"fusion-builder-row fusion-row\"><div class=\"fusion-layout-column fusion_builder_column fusion-builder-column-0 fusion_builder_column_1_1 1_1 fusion-one-full fusion-column-first fusion-column-last\" style=\"margin-top:0px;margin-bottom:0px;\"><div class=\"fusion-column-wrapper fusion-flex-column-wrapper-legacy\" style=\"background-position:left top;background-repeat:no-repeat;-webkit-background-size:cover;-moz-background-size:cover;-o-background-size:cover;background-size:cover;padding: 20px 0px 0px 0px;\"><div class=\"fusion-builder-row fusion-builder-row-inner fusion-row\"><div class=\"fusion-layout-column fusion_builder_column_inner fusion-builder-nested-column-0 fusion_builder_column_inner_1_3 1_3 fusion-one-third fusion-column-first\" style=\"width:33.333333333333%;width:calc(33.333333333333% - ( ( 4% ) * 0.33333333333333 ) );margin-right: 4%;margin-top:0px;margin-bottom:0px;\"><div class=\"fusion-column-wrapper fusion-flex-column-wrapper-legacy\" style=\"background-position:left top;background-repeat:no-repeat;-webkit-background-size:cover;-moz-background-size:cover;-o-background-size:cover;background-size:cover;padding: 0px 0px 0px 0px;\"><div class=\"imageframe-liftup\"><span class=\" fusion-imageframe imageframe-glow imageframe-1\" style=\"-webkit-box-shadow: 0 0 3px rgba(237,237,237,0.3);box-shadow: 0 0 3px rgba(237,237,237,0.3);\"><a href=\"https:\/\/alt.bzi-rs.de\/wp-content\/uploads\/2019\/10\/Plakat2019.jpg\" class=\"fusion-lightbox\" data-rel=\"iLightbox[4535b6ef5dca098eda8]\" data-caption=\"Tag der offenen T\u00fcr 2019\" data-title=\"Tag der offenen T\u00fcr 2019\" title=\"Tag der offenen T\u00fcr 2019\"><img decoding=\"async\" width=\"2479\" height=\"3505\" alt=\"Tag der offenen T\u00fcr 2019\" src=\"https:\/\/alt.bzi-rs.de\/wp-content\/uploads\/2019\/10\/Plakat2019.jpg\" class=\"img-responsive wp-image-6066\" srcset=\"https:\/\/alt.bzi-rs.de\/wp-content\/uploads\/2019\/10\/Plakat2019-200x283.jpg 200w, https:\/\/alt.bzi-rs.de\/wp-content\/uploads\/2019\/10\/Plakat2019-400x566.jpg 400w, https:\/\/alt.bzi-rs.de\/wp-content\/uploads\/2019\/10\/Plakat2019-600x848.jpg 600w, https:\/\/alt.bzi-rs.de\/wp-content\/uploads\/2019\/10\/Plakat2019-800x1131.jpg 800w, https:\/\/alt.bzi-rs.de\/wp-content\/uploads\/2019\/10\/Plakat2019-1200x1697.jpg 1200w, https:\/\/alt.bzi-rs.de\/wp-content\/uploads\/2019\/10\/Plakat2019.jpg 2479w\" sizes=\"(max-width: 800px) 100vw, 400px\" \/><\/a><\/span><\/div><div class=\"fusion-clearfix\"><\/div><\/div><\/div><div class=\"fusion-layout-column fusion_builder_column_inner fusion-builder-nested-column-1 fusion_builder_column_inner_2_3 2_3 fusion-two-third fusion-column-last\" style=\"width:66.666666666667%;width:calc(66.666666666667% - ( ( 4% ) * 0.66666666666667 ) );margin-top:0px;margin-bottom:0px;\"><div class=\"fusion-column-wrapper fusion-flex-column-wrapper-legacy\" style=\"background-position:left top;background-repeat:no-repeat;-webkit-background-size:cover;-moz-background-size:cover;-o-background-size:cover;background-size:cover;padding: 0px 0px 0px 0px;\"><style type=\"text\/css\"><\/style><div class=\"fusion-title title fusion-title-1 fusion-sep-none fusion-title-text fusion-title-size-two\" style=\"margin-top:0px;margin-right:0px;margin-bottom:31px;margin-left:0px;\"><h2 class=\"title-heading-left\" style=\"margin:0;\">Tage der offenen T\u00fcr 2019<\/h2><\/div><div class=\"fusion-text fusion-text-1\"><p>Im November 2019 finden im BZI wieder die Tage der offenen T\u00fcr statt.<\/p>\n<p><strong>F\u00fcr Samstag, 16. November und Sonntag, 17. November 2019 von 10.00 \u2013 16.00 Uhr laden wir Sie recht herzlich ein.<\/strong><\/p>\n<p>Pr\u00e4sentieren m\u00f6chten wir unsere Arbeit in den Ausbildungswerkst\u00e4tten und Techniklaboren.<br \/>\nHier geht es um:<\/p>\n<ul>\n<li>Ausbildung 4.0\n<ul>\n<li>Zusatzqualifikationen Metall \/ Elektro<\/li>\n<li>Digitale Lernplattformen<\/li>\n<li>Ausstellung \u201eWAVE von k\u00fcnstlicher Intelligenz\u201c Wuppertal Institut<\/li>\n<\/ul>\n<\/li>\n<li>Ausstellung bergischer Industriebetriebe mit freien Ausbildungspl\u00e4tzen f\u00fcr 2020<\/li>\n<li>Bewerbungscheck f\u00fcr Ausbildungsinteressierte mit Gewinnspiel<\/li>\n<li>Ausbildungsstrukturprogramm JOBSTARTER plus<\/li>\n<li>Info zu neuen Weiterbildungslehrg\u00e4ngen<\/li>\n<\/ul>\n<p>Unser Kompetenzzentrum f\u00fcr CNC-Technik pr\u00e4sentiert sich in Zusammenarbeit mit den Unternehmen Spinner, Keller, Heidenhain, GE Fanuc, Siemens, Zoller und anderen bereits ab dem <strong>11. November 2019 mit den <a href=\"https:\/\/www.spinner-nrw-wzm.com\/messetermine-2019\/\"><em>SPINNER-Technologie-Tagen<\/em>.<\/a><\/strong><\/p>\n<p>Wir freuen uns auf Sie!<\/p>\n<\/div><div class=\"fusion-clearfix\"><\/div><\/div><\/div><\/div><div class=\"fusion-clearfix\"><\/div><\/div><\/div><\/div><\/div>\n","protected":false},"excerpt":{"rendered":"","protected":false},"author":1,"featured_media":0,"parent":0,"menu_order":114,"comment_status":"closed","ping_status":"closed","template":"","meta":{"footnotes":""},"_links":{"self":[{"href":"https:\/\/alt.bzi-rs.de\/index.php\/wp-json\/wp\/v2\/pages\/6070"}],"collection":[{"href":"https:\/\/alt.bzi-rs.de\/index.php\/wp-json\/wp\/v2\/pages"}],"about":[{"href":"https:\/\/alt.bzi-rs.de\/index.php\/wp-json\/wp\/v2\/types\/page"}],"author":[{"embeddable":true,"href":"https:\/\/alt.bzi-rs.de\/index.php\/wp-json\/wp\/v2\/users\/1"}],"replies":[{"embeddable":true,"href":"https:\/\/alt.bzi-rs.de\/index.php\/wp-json\/wp\/v2\/comments?post=6070"}],"version-history":[{"count":16,"href":"https:\/\/alt.bzi-rs.de\/index.php\/wp-json\/wp\/v2\/pages\/6070\/revisions"}],"predecessor-version":[{"id":6090,"href":"https:\/\/alt.bzi-rs.de\/index.php\/wp-json\/wp\/v2\/pages\/6070\/revisions\/6090"}],"wp:attachment":[{"href":"https:\/\/alt.bzi-rs.de\/index.php\/wp-json\/wp\/v2\/media?parent=6070"}],"curies":[{"name":"wp","href":"https:\/\/api.w.org\/{rel}","templated":true}]}}