{"id":8278,"date":"2020-06-08T12:07:44","date_gmt":"2020-06-08T10:07:44","guid":{"rendered":"https:\/\/alt.bzi-rs.de\/?page_id=8278"},"modified":"2020-06-08T12:20:44","modified_gmt":"2020-06-08T10:20:44","slug":"konjunkturpaket","status":"publish","type":"page","link":"https:\/\/alt.bzi-rs.de\/index.php\/konjunkturpaket\/","title":{"rendered":"Konjunkturpaket"},"content":{"rendered":"<div class=\"fusion-fullwidth fullwidth-box fusion-builder-row-1 nonhundred-percent-fullwidth non-hundred-percent-height-scrolling\" style=\"background-color: rgba(255,255,255,0);background-position: center center;background-repeat: no-repeat;padding-top:0px;padding-right:0px;padding-bottom:0px;padding-left:0px;margin-bottom: 0px;margin-top: 0px;border-width: 0px 0px 0px 0px;border-color:#eae9e9;border-style:solid;\" ><div class=\"fusion-builder-row fusion-row\"><div class=\"fusion-layout-column fusion_builder_column fusion-builder-column-0 fusion_builder_column_5_6 5_6 fusion-five-sixth fusion-column-first\" style=\"width:83.333333333333%;width:calc(83.333333333333% - ( ( 4% ) * 0.83333333333333 ) );margin-right: 4%;margin-top:0px;margin-bottom:0px;\"><div class=\"fusion-column-wrapper fusion-flex-column-wrapper-legacy\" style=\"background-position:left top;background-repeat:no-repeat;-webkit-background-size:cover;-moz-background-size:cover;-o-background-size:cover;background-size:cover;padding: 0px 0px 0px 0px;\"><style type=\"text\/css\"><\/style><div class=\"fusion-title title fusion-title-1 fusion-sep-none fusion-title-text fusion-title-size-two\" style=\"margin-top:0px;margin-right:0px;margin-bottom:15px;margin-left:0px;\"><h2 class=\"title-heading-left\" style=\"margin:0;\">Ko\u00adali\u00adti\u00adons\u00adaus\u00adschuss be\u00adschlie\u00dft Kon\u00adjunk\u00adtur\u00adpa\u00adket<\/h2><\/div><div class=\"fusion-text fusion-text-1\"><p><strong>Corona-Folgen bek\u00e4mpfen, Wohlstand sichern, Zukunftsf\u00e4higkeit st\u00e4rken:<\/strong><\/p>\n<p>Der Koalitionsausschuss hat sich auf Eckpunkte eines beispiellosen <a href=\"https:\/\/www.bundesfinanzministerium.de\/Content\/DE\/Standardartikel\/Themen\/Schlaglichter\/Konjunkturpaket\/2020-06-03-eckpunktepapier.pdf?__blob=publicationFile&amp;v=9\" target=\"_blank\" rel=\"noopener noreferrer\">Konjunkturpakets<\/a> verst\u00e4ndigt. Gezielte Ma\u00dfnahmen im Umfang von insgesamt 130 Milliarden Euro sollen Besch\u00e4ftigte und Familien unterst\u00fctzen, Unternehmen stabilisieren, die Modernisierung des Landes voranbringen und daf\u00fcr sorgen, dass Deutschland gest\u00e4rkt aus der Krise hervorgeht.<\/p>\n<p>Unter anderem sorgt ein Schutzschirm f\u00fcr Auszubildende daf\u00fcr, dass Schulabsolventen ihre Ausbildung beginnen und Auszubildende ihre laufende Ausbildung ordentlich beenden k\u00f6nnen. Dazu z\u00e4hlen Pr\u00e4mienzahlungen f\u00fcr kleine und mittlere Unternehmen.<\/p>\n<p>Denn der Lernerfolg von Auszubildenden soll auch in der Pandemie nicht gef\u00e4hrdet werden. KMU, die ihr Ausbildungsplatzangebot 2020 im Vergleich zu den drei Vorjahren nicht verringern, erhalten f\u00fcr jeden neu geschlossenen Ausbildungsvertrag eine einmalige Pr\u00e4mie in H\u00f6he von 2.000 Euro, die nach Ende der Probezeit ausgezahlt wird. Solche Unternehmen, die das Angebot sogar erh\u00f6hen, erhalten f\u00fcr die zus\u00e4tzlichen Ausbildungsvertr\u00e4ge 3.000Euro. KMU, die ihre Ausbildungsaktivit\u00e4t trotz Corona-Belastungen fortsetzen und Ausbilder sowie Auszubildende nicht in Kurzarbeit bringen, k\u00f6nnen eine F\u00f6rderung erhalten. KMU, die die Ausbildung im Betrieb nicht fortsetzen k\u00f6nnen, sollen die M\u00f6glichkeit einer vor\u00fcbergehenden gef\u00f6rderten betrieblichen Verbund- oder Auftragsausbildung erhalten. Die Details der Durchf\u00fchrung einer solchen Verbund- oder Auftragsausbildung werden im Rahmen der Allianz f\u00fcr Aus-und Weiterbildung er\u00f6rtert. Betriebe, die zus\u00e4tzlich Auszubildende \u00fcbernehmen, die wegen Insolvenz ihres Ausbildungsbetriebs ihre Ausbildung nicht fortsetzen k\u00f6nnen, erhalten entsprechend der gemeinsamen Erkl\u00e4rung der <a href=\"https:\/\/www.aus-und-weiterbildungsallianz.de\/AAW\/Navigation\/DE\/Home\/home.html\" target=\"_blank\" rel=\"noopener noreferrer\">Allianz f\u00fcr Aus-und Weiterbildung<\/a> vom 26.5. eine \u00dcbernahmepr\u00e4mie.<\/p>\n<\/div><div class=\"fusion-clearfix\"><\/div><\/div><\/div><\/div><\/div>\n","protected":false},"excerpt":{"rendered":"","protected":false},"author":1,"featured_media":0,"parent":0,"menu_order":112,"comment_status":"closed","ping_status":"closed","template":"","meta":{"footnotes":""},"_links":{"self":[{"href":"https:\/\/alt.bzi-rs.de\/index.php\/wp-json\/wp\/v2\/pages\/8278"}],"collection":[{"href":"https:\/\/alt.bzi-rs.de\/index.php\/wp-json\/wp\/v2\/pages"}],"about":[{"href":"https:\/\/alt.bzi-rs.de\/index.php\/wp-json\/wp\/v2\/types\/page"}],"author":[{"embeddable":true,"href":"https:\/\/alt.bzi-rs.de\/index.php\/wp-json\/wp\/v2\/users\/1"}],"replies":[{"embeddable":true,"href":"https:\/\/alt.bzi-rs.de\/index.php\/wp-json\/wp\/v2\/comments?post=8278"}],"version-history":[{"count":5,"href":"https:\/\/alt.bzi-rs.de\/index.php\/wp-json\/wp\/v2\/pages\/8278\/revisions"}],"predecessor-version":[{"id":8283,"href":"https:\/\/alt.bzi-rs.de\/index.php\/wp-json\/wp\/v2\/pages\/8278\/revisions\/8283"}],"wp:attachment":[{"href":"https:\/\/alt.bzi-rs.de\/index.php\/wp-json\/wp\/v2\/media?parent=8278"}],"curies":[{"name":"wp","href":"https:\/\/api.w.org\/{rel}","templated":true}]}}