{"id":8818,"date":"2020-10-06T11:57:00","date_gmt":"2020-10-06T09:57:00","guid":{"rendered":"https:\/\/alt.bzi-rs.de\/?page_id=8818"},"modified":"2021-03-11T12:35:42","modified_gmt":"2021-03-11T11:35:42","slug":"formular-weiterbildung-anmeldung","status":"publish","type":"page","link":"https:\/\/alt.bzi-rs.de\/index.php\/formular-weiterbildung-anmeldung\/","title":{"rendered":"Formular Weiterbildung-Lehrgangsanmeldung"},"content":{"rendered":"<div class=\"fusion-fullwidth fullwidth-box fusion-builder-row-1 nonhundred-percent-fullwidth non-hundred-percent-height-scrolling\" style=\"background-color: rgba(255,255,255,0);background-position: center center;background-repeat: no-repeat;padding-top:0px;padding-right:0px;padding-bottom:0px;padding-left:0px;margin-bottom: 0px;margin-top: 0px;border-width: 0px 0px 0px 0px;border-color:#eae9e9;border-style:solid;\" ><div class=\"fusion-builder-row fusion-row\"><div class=\"fusion-layout-column fusion_builder_column fusion-builder-column-0 fusion_builder_column_1_1 1_1 fusion-one-full fusion-column-first fusion-column-last\" style=\"margin-top:0px;margin-bottom:0px;\"><div class=\"fusion-column-wrapper fusion-flex-column-wrapper-legacy\" style=\"background-position:left top;background-repeat:no-repeat;-webkit-background-size:cover;-moz-background-size:cover;-o-background-size:cover;background-size:cover;padding: 0px 0px 0px 0px;\"><style type=\"text\/css\"><\/style><div class=\"fusion-title title fusion-title-1 fusion-sep-none fusion-title-text fusion-title-size-two\" style=\"margin-top:20px;margin-right:0px;margin-bottom:20px;margin-left:0px;\"><h2 class=\"title-heading-left\" style=\"margin:0;\">Anmeldung f\u00fcr unsere Weiterbildungs-Seminare<\/h2><\/div><div class=\"fusion-text fusion-text-1\"><p><span style=\"color: #006ab3;\"><span id=\"InfoControl_descriptionDate\" class=\"descriptionDate\">Mit diesem Formular k\u00f6nnen Sie sich rechtsverbindlich f\u00fcr unsere Weiterbildungs-Seminare anmelden.<br \/>\n<\/span><span id=\"InfoControl_descriptionDate\" class=\"descriptionDate\"><span id=\"InfoControl_descriptionPrice\" class=\"descriptionPrice\"><\/span><\/span><strong>Pflichtfelder sind mit einem * gekennzeichnet<\/strong><\/span><\/p>\n<\/div><div class=\"fusion-sep-clear\"><\/div><div class=\"fusion-separator fusion-full-width-sep\" style=\"margin-left: auto;margin-right: auto;margin-top:30px;width:100%;\"><\/div><div class=\"fusion-sep-clear\"><\/div>\n<div class=\"wpcf7 no-js\" id=\"wpcf7-f8816-o1\" lang=\"de-DE\" dir=\"ltr\">\n<div class=\"screen-reader-response\"><p role=\"status\" aria-live=\"polite\" aria-atomic=\"true\"><\/p> <ul><\/ul><\/div>\n<form action=\"\/index.php\/wp-json\/wp\/v2\/pages\/8818#wpcf7-f8816-o1\" method=\"post\" class=\"wpcf7-form init\" aria-label=\"Kontaktformular\" novalidate=\"novalidate\" data-status=\"init\">\n<div style=\"display: none;\">\n<input type=\"hidden\" name=\"_wpcf7\" value=\"8816\" \/>\n<input type=\"hidden\" name=\"_wpcf7_version\" value=\"5.7.7\" \/>\n<input type=\"hidden\" name=\"_wpcf7_locale\" value=\"de_DE\" \/>\n<input type=\"hidden\" name=\"_wpcf7_unit_tag\" value=\"wpcf7-f8816-o1\" \/>\n<input type=\"hidden\" name=\"_wpcf7_container_post\" value=\"0\" \/>\n<input type=\"hidden\" name=\"_wpcf7_posted_data_hash\" value=\"\" \/>\n<\/div>\n<p>Anmeldung f\u00fcr den Lehrgang*<br \/>\n<span class=\"wpcf7-form-control-wrap\" data-name=\"Lehrgang\"><select class=\"wpcf7-form-control wpcf7-select wpcf7-validates-as-required\" aria-required=\"true\" aria-invalid=\"false\" name=\"Lehrgang\"><option value=\"\">&#8211; Bitte ausw\u00e4hlen &#8211;<\/option><option value=\"3D-Druck \u2013 Ein \u00dcberblick\">3D-Druck \u2013 Ein \u00dcberblick<\/option><option value=\"3D-Druck \u2013 Grundlagen\">3D-Druck \u2013 Grundlagen<\/option><option value=\"3D-Druck \u2013 Vertiefung\">3D-Druck \u2013 Vertiefung<\/option><option value=\"3D-Scan \u2013 professionelle Vermessung von 3D-Objekten\">3D-Scan \u2013 professionelle Vermessung von 3D-Objekten<\/option><option value=\"Arbeitstechnik und Zeitmanagement\">Arbeitstechnik und Zeitmanagement<\/option><option value=\"Ausbildereignung (AEVO)\">Ausbildereignung (AEVO)<\/option><option value=\"Ausbildereignung (AEVO) \u2013 praktische Pr\u00fcfung\">Ausbildereignung (AEVO) \u2013 praktische Pr\u00fcfung<\/option><option value=\"Ausbildereignung (AEVO) \u2013 Update 2020\">Ausbildereignung (AEVO) \u2013 Update 2020<\/option><option value=\"Azubi in der Industrie 4.0 (IHK)\">Azubi in der Industrie 4.0 (IHK)<\/option><option value=\"CAD \u2013 Grundlagen\">CAD \u2013 Grundlagen<\/option><option value=\"CAD \u2013 Vertiefung\">CAD \u2013 Vertiefung<\/option><option value=\"Coaching zur Pr\u00fcfungsvorbereitung\">Coaching zur Pr\u00fcfungsvorbereitung<\/option><option value=\"Datensicherheit unter Industrie 4.0\">Datensicherheit unter Industrie 4.0<\/option><option value=\"Design Thinking \u2013 hoch strukturierte Entwicklung von innovativen Produkten und Prozessen\">Design Thinking \u2013 hoch strukturierte Entwicklung von innovativen Produkten und Prozessen<\/option><option value=\"EIB-\/KNX-Lehrgang mit KNX-Zertifikat (autorisierte Schulungsst\u00e4tte)\">EIB-\/KNX-Lehrgang mit KNX-Zertifikat (autorisierte Schulungsst\u00e4tte)<\/option><option value=\"Elektrofachkraft f\u00fcr festgelegte T\u00e4tigkeiten\">Elektrofachkraft f\u00fcr festgelegte T\u00e4tigkeiten<\/option><option value=\"Elektrotechnik f\u00fcr Kaufleute\">Elektrotechnik f\u00fcr Kaufleute<\/option><option value=\"Elektrotechnisch unterwiesene Person\">Elektrotechnisch unterwiesene Person<\/option><option value=\"Fachkraft f\u00fcr Industrie 4.0 (IHK)\">Fachkraft f\u00fcr Industrie 4.0 (IHK)<\/option><option value=\"Fachkraft f\u00fcr Metalltechnik \u2013 Fachrichtung Zerspanungstechnik\">Fachkraft f\u00fcr Metalltechnik \u2013 Fachrichtung Zerspanungstechnik<\/option><option value=\"FANUC DIN-Programmierung Drehen oder Fr\u00e4sen\">FANUC DIN-Programmierung Drehen oder Fr\u00e4sen<\/option><option value=\"FANUC Manual Guide Drehen oder Fr\u00e4sen\">FANUC Manual Guide Drehen oder Fr\u00e4sen<\/option><option value=\"Fehlersuche und Diagnose im TIA Portal mit S7-1500\">Fehlersuche und Diagnose im TIA Portal mit S7-1500<\/option><option value=\"F\u00fchren f\u00fcr F\u00fchrungskr\u00e4fte \u2013 Vertiefungsseminar\">F\u00fchren f\u00fcr F\u00fchrungskr\u00e4fte \u2013 Vertiefungsseminar<\/option><option value=\"F\u00fchren f\u00fcr Vorarbeiter und Meister \u2013 Basisseminar\">F\u00fchren f\u00fcr Vorarbeiter und Meister \u2013 Basisseminar<\/option><option value=\"GDW-Maschinenschulung auf GDW C 280 Z Drehmaschine\">GDW-Maschinenschulung auf GDW C 280 Z Drehmaschine<\/option><option value=\"Gepr\u00fcfte\/r Industriemeister\/in Chemie\">Gepr\u00fcfte\/r Industriemeister\/in Chemie<\/option><option value=\"Gepr\u00fcfte\/r Industriemeister\/in Elektrotechnik (berufsbegleitend)\">Gepr\u00fcfte\/r Industriemeister\/in Elektrotechnik (berufsbegleitend)<\/option><option value=\"Gepr\u00fcfte\/r Industriemeister\/in Elektrotechnik (Blended Learning)\">Gepr\u00fcfte\/r Industriemeister\/in Elektrotechnik (Blended Learning)<\/option><option value=\"Gepr\u00fcfte\/r Industriemeister\/in Mechatronik\">Gepr\u00fcfte\/r Industriemeister\/in Mechatronik<\/option><option value=\"Gepr\u00fcfte\/r Industriemeister\/in Metall (berufsbegleitend)\">Gepr\u00fcfte\/r Industriemeister\/in Metall (berufsbegleitend)<\/option><option value=\"Gepr\u00fcfte\/r Industriemeister\/in Metall (Blended Learning)\">Gepr\u00fcfte\/r Industriemeister\/in Metall (Blended Learning)<\/option><option value=\"Gepr\u00fcfte\/r Technische\/r Betriebswirt\/in\">Gepr\u00fcfte\/r Technische\/r Betriebswirt\/in<\/option><option value=\"Gespr\u00e4chs- und Verhandlungstraining\">Gespr\u00e4chs- und Verhandlungstraining<\/option><option value=\"Grundlehrgang Lichtbogenhandschwei\u00dfen 111\">Grundlehrgang Lichtbogenhandschwei\u00dfen 111<\/option><option value=\"Grundlehrgang Metallaktivgasschwei\u00dfen MAG 135\">Grundlehrgang Metallaktivgasschwei\u00dfen MAG 135<\/option><option value=\"HEIDENHAIN Fr\u00e4sen Grundlagen TNC 640 \/ iTNC 530 \/ TNC 620\">HEIDENHAIN Fr\u00e4sen Grundlagen TNC 640 \/ iTNC 530 \/ TNC 620<\/option><option value=\"HEIDENHAIN Fr\u00e4sen Vertiefung TNC 640 \/ iTNC 530 \/ TNC 620\">HEIDENHAIN Fr\u00e4sen Vertiefung TNC 640 \/ iTNC 530 \/ TNC 620<\/option><option value=\"HEIDENHAIN TNC 640 \/ TNC 620 5-Achsbearbeitung\">HEIDENHAIN TNC 640 \/ TNC 620 5-Achsbearbeitung<\/option><option value=\"Hydraulik Aufbaustufe\">Hydraulik Aufbaustufe<\/option><option value=\"Hydraulik Grundstufe\">Hydraulik Grundstufe<\/option><option value=\"Industrieelektriker \u2013 Fachrichtung Betriebstechnik\">Industrieelektriker \u2013 Fachrichtung Betriebstechnik<\/option><option value=\"Industriefachkraft f\u00fcr CNC-Technik (IHK) \u2013 Komplettlehrgang\">Industriefachkraft f\u00fcr CNC-Technik (IHK) \u2013 Komplettlehrgang<\/option><option value=\"Jahresunterweisung f\u00fcr Elektrofachkr\u00e4fte\">Jahresunterweisung f\u00fcr Elektrofachkr\u00e4fte<\/option><option value=\"Komplettbearbeitung mit Gegenspindel, angetriebenen Werkzeugen und C-Achse\">Komplettbearbeitung mit Gegenspindel, angetriebenen Werkzeugen und C-Achse<\/option><option value=\"Konfliktmanagement f\u00fcr Ausbilder: Umgang mit Auszubildenden\">Konfliktmanagement f\u00fcr Ausbilder: Umgang mit Auszubildenden<\/option><option value=\"Maschinen- und Anlagenf\u00fchrer \u2013 Schwerpunkt Metall- und Kunststofftechnik\">Maschinen- und Anlagenf\u00fchrer \u2013 Schwerpunkt Metall- und Kunststofftechnik<\/option><option value=\"Mehrkanalprogrammierung Duplex\/Triplex mit Siemens 840D SL Operate\">Mehrkanalprogrammierung Duplex\/Triplex mit Siemens 840D SL Operate<\/option><option value=\"Mess- und Pr\u00fcfmittel richtig einsetzen\">Mess- und Pr\u00fcfmittel richtig einsetzen<\/option><option value=\"OKR \u2013 Die Unternehmensstrategie auf konkrete Ziele \u00fcbertragen und die Organisation aktivieren\">OKR \u2013 Die Unternehmensstrategie auf konkrete Ziele \u00fcbertragen und die Organisation aktivieren<\/option><option value=\"Online-Seminar: Erfolgreich zum neuen Mitarbeiter\">Online-Seminar: Erfolgreich zum neuen Mitarbeiter<\/option><option value=\"Online-Seminar: Jahresunterweisung f\u00fcr Elektrofachkr\u00e4fte\">Online-Seminar: Jahresunterweisung f\u00fcr Elektrofachkr\u00e4fte<\/option><option value=\"Online-Seminar: VDE 1 \u2013 Grundlagen elektrische Sicherheit\">Online-Seminar: VDE 1 \u2013 Grundlagen elektrische Sicherheit<\/option><option value=\"Online-Seminar: Verantwortliche Elektrofachkraft (VEFK)\">Online-Seminar: Verantwortliche Elektrofachkraft (VEFK)<\/option><option value=\"Pneumatik Aufbaustufe\">Pneumatik Aufbaustufe<\/option><option value=\"Pneumatik Grundstufe\">Pneumatik Grundstufe<\/option><option value=\"Pr\u00e4sentations- und Vortragstechniken\">Pr\u00e4sentations- und Vortragstechniken<\/option><option value=\"Produktivit\u00e4tssteigerung in KMU \u2013 mit vorhandenen Ressourcen effektiver arbeiten\">Produktivit\u00e4tssteigerung in KMU \u2013 mit vorhandenen Ressourcen effektiver arbeiten<\/option><option value=\"QCG-zertifiziert: Digitale Kompetenz im Job (IHK) \u2013 sicher handeln in einer digitalen Arbeitswelt\">QCG-zertifiziert: Digitale Kompetenz im Job (IHK) \u2013 sicher handeln in einer digitalen Arbeitswelt<\/option><option value=\"QCG-zertifiziert: Elektrofachkraft f\u00fcr festgelegte T\u00e4tigkeiten\">QCG-zertifiziert: Elektrofachkraft f\u00fcr festgelegte T\u00e4tigkeiten<\/option><option value=\"QCG-zertifiziert: Fachkraft f\u00fcr Metalltechnik \u2013 Fachrichtung Zerspanungstechnik\">QCG-zertifiziert: Fachkraft f\u00fcr Metalltechnik \u2013 Fachrichtung Zerspanungstechnik<\/option><option value=\"QCG-zertifiziert: Industriefachkraft f\u00fcr CNC-Technik (IHK) \u2013 Komplettlehrgang\">QCG-zertifiziert: Industriefachkraft f\u00fcr CNC-Technik (IHK) \u2013 Komplettlehrgang<\/option><option value=\"QCG-zertifiziert: Maschinen- und Anlagenf\u00fchrer \u2013 Schwerpunkt Metall- und Kunststofftechnik\">QCG-zertifiziert: Maschinen- und Anlagenf\u00fchrer \u2013 Schwerpunkt Metall- und Kunststofftechnik<\/option><option value=\"QCG-zertifiziert: SPS-Techniker (ZVEI) mit TIA Portal\">QCG-zertifiziert: SPS-Techniker (ZVEI) mit TIA Portal<\/option><option value=\"Roboter Aufbaulehrgang\">Roboter Aufbaulehrgang<\/option><option value=\"Roboter Grundlagen\">Roboter Grundlagen<\/option><option value=\"Scrum und Kanban zur agilen Unternehmenssteuerung und selbstgesteuerten Teamarbeit\">Scrum und Kanban zur agilen Unternehmenssteuerung und selbstgesteuerten Teamarbeit<\/option><option value=\"SINUMERIK DIN Drehen DIN\/ISO\">SINUMERIK DIN Drehen DIN\/ISO<\/option><option value=\"SINUMERIK DIN Fr\u00e4sen DIN\/ISO\">SINUMERIK DIN Fr\u00e4sen DIN\/ISO<\/option><option value=\"SINUMERIK ShopMill\">SINUMERIK ShopMill<\/option><option value=\"SINUMERIK ShopMill 5-Achsbearbeitung (3 + 2)\">SINUMERIK ShopMill 5-Achsbearbeitung (3 + 2)<\/option><option value=\"SINUMERIK ShopTurn\">SINUMERIK ShopTurn<\/option><option value=\"Softwareumsteigerlehrgang \u2013 Simatic Manager auf TIA Portal\">Softwareumsteigerlehrgang \u2013 Simatic Manager auf TIA Portal<\/option><option value=\"SPS-Techniker (ZVEI) mit TIA Portal\">SPS-Techniker (ZVEI) mit TIA Portal<\/option><option value=\"Technik f\u00fcr Kaufleute\">Technik f\u00fcr Kaufleute<\/option><option value=\"Telefontraining \u2013 rund ums Telefonieren f\u00fcr Angestellte im aktiven Kundenmanagement\">Telefontraining \u2013 rund ums Telefonieren f\u00fcr Angestellte im aktiven Kundenmanagement<\/option><option value=\"VDE 1 \u2013 Grundlagen elektrische Sicherheit\">VDE 1 \u2013 Grundlagen elektrische Sicherheit<\/option><option value=\"VDE 2 \u2013 Pr\u00fcfen und Inbetriebnahme von elektrischen Anlagen\">VDE 2 \u2013 Pr\u00fcfen und Inbetriebnahme von elektrischen Anlagen<\/option><option value=\"VDE 3 \u2013 Pr\u00fcfen und Inbetriebnahme von elektrischen Ger\u00e4ten\">VDE 3 \u2013 Pr\u00fcfen und Inbetriebnahme von elektrischen Ger\u00e4ten<\/option><option value=\"VDE 4 \u2013 Pr\u00fcfen und Inbetriebnahme von elektrischen Maschinen\">VDE 4 \u2013 Pr\u00fcfen und Inbetriebnahme von elektrischen Maschinen<\/option><option value=\"Verantwortliche Elektrofachkraft (VEFK)\">Verantwortliche Elektrofachkraft (VEFK)<\/option><option value=\"Zeichnungslesen f\u00fcr Kaufleute\">Zeichnungslesen f\u00fcr Kaufleute<\/option><option value=\"Ziele ohne Konsequenzen \u2013 das M\u00e4rchen vom Schicksal. Das 1\u00d71 der Effektivit\u00e4t in F\u00fchrung und Leitung\">Ziele ohne Konsequenzen \u2013 das M\u00e4rchen vom Schicksal. Das 1\u00d71 der Effektivit\u00e4t in F\u00fchrung und Leitung<\/option><\/select><\/span>\n<\/p>\n<p><label> Lehrgangsgeb\u00fchren<br \/>\n<span class=\"wpcf7-form-control-wrap\" data-name=\"Lehrgangsgebuehren\"><input size=\"40\" class=\"wpcf7-form-control wpcf7-text\" aria-invalid=\"false\" value=\"\" type=\"text\" name=\"Lehrgangsgebuehren\" \/><\/span> <\/label>\n<\/p>\n<p>Haben Sie einen Bildungsscheck\/Pr\u00e4miengutschein *: <span class=\"wpcf7-form-control-wrap\" data-name=\"Bildungscheck-Praemiengutschein\"><span class=\"wpcf7-form-control wpcf7-checkbox wpcf7-validates-as-required wpcf7-exclusive-checkbox\"><span class=\"wpcf7-list-item first\"><input type=\"checkbox\" name=\"Bildungscheck-Praemiengutschein\" value=\"Ja\" \/><span class=\"wpcf7-list-item-label\">Ja<\/span><\/span><span class=\"wpcf7-list-item\"><input type=\"checkbox\" name=\"Bildungscheck-Praemiengutschein\" value=\"Nein\" \/><span class=\"wpcf7-list-item-label\">Nein<\/span><\/span><span class=\"wpcf7-list-item last\"><input type=\"checkbox\" name=\"Bildungscheck-Praemiengutschein\" value=\"Wird beantragt\" \/><span class=\"wpcf7-list-item-label\">Wird beantragt<\/span><\/span><\/span><\/span>\n<\/p>\n<p>*<span class=\"wpcf7-form-control-wrap\" data-name=\"Anrede\"><span class=\"wpcf7-form-control wpcf7-checkbox wpcf7-validates-as-required wpcf7-exclusive-checkbox\"><span class=\"wpcf7-list-item first\"><label><input type=\"checkbox\" name=\"Anrede\" value=\"Frau\" \/><span class=\"wpcf7-list-item-label\">Frau<\/span><\/label><\/span><span class=\"wpcf7-list-item\"><label><input type=\"checkbox\" name=\"Anrede\" value=\"Herr\" \/><span class=\"wpcf7-list-item-label\">Herr<\/span><\/label><\/span><span class=\"wpcf7-list-item last\"><label><input type=\"checkbox\" name=\"Anrede\" value=\"Diverse\" \/><span class=\"wpcf7-list-item-label\">Diverse<\/span><\/label><\/span><\/span><\/span>\n<\/p>\n<p><label> Vorname*<br \/>\n<span class=\"wpcf7-form-control-wrap\" data-name=\"Vorname\"><input size=\"40\" class=\"wpcf7-form-control wpcf7-text wpcf7-validates-as-required\" aria-required=\"true\" aria-invalid=\"false\" value=\"\" type=\"text\" name=\"Vorname\" \/><\/span> <\/label>\n<\/p>\n<p><label> Nachname*<br \/>\n<span class=\"wpcf7-form-control-wrap\" data-name=\"Nachname\"><input size=\"40\" class=\"wpcf7-form-control wpcf7-text wpcf7-validates-as-required\" aria-required=\"true\" aria-invalid=\"false\" value=\"\" type=\"text\" name=\"Nachname\" \/><\/span> <\/label>\n<\/p>\n<p><label> Stra\u00dfe*<br \/>\n<span class=\"wpcf7-form-control-wrap\" data-name=\"Strasse\"><input size=\"40\" class=\"wpcf7-form-control wpcf7-text wpcf7-validates-as-required\" aria-required=\"true\" aria-invalid=\"false\" value=\"\" type=\"text\" name=\"Strasse\" \/><\/span> <\/label>\n<\/p>\n<p><label> PLZ\/Wohnort*<br \/>\n<span class=\"wpcf7-form-control-wrap\" data-name=\"PLZ-Wohnort\"><input size=\"40\" class=\"wpcf7-form-control wpcf7-text wpcf7-validates-as-required\" aria-required=\"true\" aria-invalid=\"false\" value=\"\" type=\"text\" name=\"PLZ-Wohnort\" \/><\/span> <\/label>\n<\/p>\n<p><label> E-Mail-Adresse*<br \/>\n<span class=\"wpcf7-form-control-wrap\" data-name=\"E-Mail\"><input size=\"40\" class=\"wpcf7-form-control wpcf7-text wpcf7-email wpcf7-validates-as-required wpcf7-validates-as-email\" aria-required=\"true\" aria-invalid=\"false\" value=\"\" type=\"email\" name=\"E-Mail\" \/><\/span> <\/label>\n<\/p>\n<p>Telefon*<br \/>\n<span class=\"wpcf7-form-control-wrap\" data-name=\"Telefonnummer\"><input size=\"40\" class=\"wpcf7-form-control wpcf7-text wpcf7-tel wpcf7-validates-as-required wpcf7-validates-as-tel\" aria-required=\"true\" aria-invalid=\"false\" value=\"\" type=\"tel\" name=\"Telefonnummer\" \/><\/span>\n<\/p>\n<p>Geburtsdatum*<br \/>\n<span class=\"wpcf7-form-control-wrap\" data-name=\"Geburtsdatum\"><input class=\"wpcf7-form-control wpcf7-date wpcf7-validates-as-required wpcf7-validates-as-date\" aria-required=\"true\" aria-invalid=\"false\" placeholder=\"tt.mm.jjjj\" value=\"\" type=\"date\" name=\"Geburtsdatum\" \/><\/span>\n<\/p>\n<p><label> Geburtsort*<br \/>\n<span class=\"wpcf7-form-control-wrap\" data-name=\"Geburtsort\"><input size=\"40\" class=\"wpcf7-form-control wpcf7-text wpcf7-validates-as-required\" aria-required=\"true\" aria-invalid=\"false\" value=\"\" type=\"text\" name=\"Geburtsort\" \/><\/span> <\/label>\n<\/p>\n<p>Schulabschluss*: <span class=\"wpcf7-form-control-wrap\" data-name=\"Schulabschluss\"><span class=\"wpcf7-form-control wpcf7-checkbox wpcf7-validates-as-required wpcf7-exclusive-checkbox\"><span class=\"wpcf7-list-item first\"><input type=\"checkbox\" name=\"Schulabschluss\" value=\"Hauptschule\" \/><span class=\"wpcf7-list-item-label\">Hauptschule<\/span><\/span><span class=\"wpcf7-list-item\"><input type=\"checkbox\" name=\"Schulabschluss\" value=\"Realschule\" \/><span class=\"wpcf7-list-item-label\">Realschule<\/span><\/span><span class=\"wpcf7-list-item\"><input type=\"checkbox\" name=\"Schulabschluss\" value=\"Abitur-Fachabitur\" \/><span class=\"wpcf7-list-item-label\">Abitur-Fachabitur<\/span><\/span><span class=\"wpcf7-list-item last\"><input type=\"checkbox\" name=\"Schulabschluss\" value=\"Sonstiges\" \/><span class=\"wpcf7-list-item-label\">Sonstiges<\/span><\/span><\/span><\/span>\n<\/p>\n<p><label> Beruf\/Fachrichtung*<br \/>\n<span class=\"wpcf7-form-control-wrap\" data-name=\"Beruf-Fachrichtung\"><input size=\"40\" class=\"wpcf7-form-control wpcf7-text wpcf7-validates-as-required\" aria-required=\"true\" aria-invalid=\"false\" value=\"\" type=\"text\" name=\"Beruf-Fachrichtung\" \/><\/span> <\/label>\n<\/p>\n<p>Sind Vorkenntnisse vorhanden?*: <span class=\"wpcf7-form-control-wrap\" data-name=\"Vorkenntnisse\"><span class=\"wpcf7-form-control wpcf7-checkbox wpcf7-validates-as-required wpcf7-exclusive-checkbox\"><span class=\"wpcf7-list-item first\"><input type=\"checkbox\" name=\"Vorkenntnisse\" value=\"Ja\" \/><span class=\"wpcf7-list-item-label\">Ja<\/span><\/span><span class=\"wpcf7-list-item last\"><input type=\"checkbox\" name=\"Vorkenntnisse\" value=\"Nein\" \/><span class=\"wpcf7-list-item-label\">Nein<\/span><\/span><\/span><\/span>\n<\/p>\n<p><label> Firma<br \/>\n<span class=\"wpcf7-form-control-wrap\" data-name=\"Firma\"><input size=\"40\" class=\"wpcf7-form-control wpcf7-text\" aria-invalid=\"false\" value=\"\" type=\"text\" name=\"Firma\" \/><\/span> <\/label>\n<\/p>\n<p><label> Stra\u00dfe<br \/>\n<span class=\"wpcf7-form-control-wrap\" data-name=\"Firma-Strasse\"><input size=\"40\" class=\"wpcf7-form-control wpcf7-text\" aria-invalid=\"false\" value=\"\" type=\"text\" name=\"Firma-Strasse\" \/><\/span> <\/label>\n<\/p>\n<p><label> PLZ\/Ort<br \/>\n<span class=\"wpcf7-form-control-wrap\" data-name=\"Firma-Ort\"><input size=\"40\" class=\"wpcf7-form-control wpcf7-text\" aria-invalid=\"false\" value=\"\" type=\"text\" name=\"Firma-Ort\" \/><\/span> <\/label>\n<\/p>\n<p><label> Ansprechpartner\/in<br \/>\n<span class=\"wpcf7-form-control-wrap\" data-name=\"Firma-Ansprechpartner\"><input size=\"40\" class=\"wpcf7-form-control wpcf7-text\" aria-invalid=\"false\" value=\"\" type=\"text\" name=\"Firma-Ansprechpartner\" \/><\/span> <\/label>\n<\/p>\n<p><label> E-Mail-Adresse<br \/>\n<span class=\"wpcf7-form-control-wrap\" data-name=\"E-Mail-Firma\"><input size=\"40\" class=\"wpcf7-form-control wpcf7-text wpcf7-email wpcf7-validates-as-email\" aria-invalid=\"false\" value=\"\" type=\"email\" name=\"E-Mail-Firma\" \/><\/span> <\/label>\n<\/p>\n<p>Telefon<br \/>\n<span class=\"wpcf7-form-control-wrap\" data-name=\"Telefonnummer-Firma\"><input size=\"40\" class=\"wpcf7-form-control wpcf7-text wpcf7-tel wpcf7-validates-as-tel\" aria-invalid=\"false\" value=\"\" type=\"tel\" name=\"Telefonnummer-Firma\" \/><\/span>\n<\/p>\n<p>Rechnungsempf\u00e4nger*: <span class=\"wpcf7-form-control-wrap\" data-name=\"Rechnungsempfaenger\"><span class=\"wpcf7-form-control wpcf7-checkbox wpcf7-validates-as-required wpcf7-exclusive-checkbox\"><span class=\"wpcf7-list-item first\"><input type=\"checkbox\" name=\"Rechnungsempfaenger\" value=\"Teilnehmer\/in\" \/><span class=\"wpcf7-list-item-label\">Teilnehmer\/in<\/span><\/span><span class=\"wpcf7-list-item last\"><input type=\"checkbox\" name=\"Rechnungsempfaenger\" value=\"Firma-Kostentr\u00e4ger\" \/><span class=\"wpcf7-list-item-label\">Firma-Kostentr\u00e4ger<\/span><\/span><\/span><\/span>\n<\/p>\n<p><label> Bitte teilen Sie uns - falls erforderlich - Ihre abweichende Rechnungsadresse mit.<br \/>\n<span class=\"wpcf7-form-control-wrap\" data-name=\"Abweichende\"><textarea cols=\"40\" rows=\"10\" class=\"wpcf7-form-control wpcf7-textarea\" aria-invalid=\"false\" name=\"Abweichende\"><\/textarea><\/span> <\/label>\n<\/p>\n<p><label> Bemerkungen<br \/>\n<span class=\"wpcf7-form-control-wrap\" data-name=\"Bemerkungen\"><textarea cols=\"40\" rows=\"10\" class=\"wpcf7-form-control wpcf7-textarea\" aria-invalid=\"false\" name=\"Bemerkungen\"><\/textarea><\/span> <\/label>\n<\/p>\n<p><label><span class=\"wpcf7-form-control-wrap\" data-name=\"acceptance-Vertragsbedingungen\"><span class=\"wpcf7-form-control wpcf7-acceptance\"><span class=\"wpcf7-list-item\"><input type=\"checkbox\" name=\"acceptance-Vertragsbedingungen\" value=\"1\" aria-invalid=\"false\" \/><\/span><\/span><\/span>Mit der Anmeldung best\u00e4tige ich die Kenntnissnahme und Anerkennung der <a href=\"https:\/\/alt.bzi-rs.de\/wp-content\/uploads\/2020\/10\/Weiterbildung-Vertragsbedingungen.pdf\"> Vertragsbedingungen.*<\/a><br \/>\n<\/label>\n<\/p>\n<p><label><span class=\"wpcf7-form-control-wrap\" data-name=\"acceptance-Datenschutz\"><span class=\"wpcf7-form-control wpcf7-acceptance\"><span class=\"wpcf7-list-item\"><input type=\"checkbox\" name=\"acceptance-Datenschutz\" value=\"1\" aria-invalid=\"false\" \/><\/span><\/span><\/span>Ich habe die <a href=\"https:\/\/alt.bzi-rs.de\/index.php\/datenschutzerklaerung\/\">Datenschutzhinweise<\/a> zur Kenntnis genommen.*<br \/>\n<\/label>\n<\/p>\n<p><input class=\"wpcf7-form-control has-spinner wpcf7-submit\" type=\"submit\" value=\"Senden\" \/>\n<\/p><div class=\"fusion-alert alert custom alert-custom fusion-alert-center wpcf7-response-output fusion-alert-capitalize alert-dismissable\" style=\"border-width:1px;\"><button type=\"button\" class=\"close toggle-alert\" data-dismiss=\"alert\" aria-hidden=\"true\">&times;<\/button><div class=\"fusion-alert-content-wrapper\"><span class=\"fusion-alert-content\"><\/span><\/div><\/div>\n<\/form>\n<\/div>\n<div class=\"fusion-clearfix\"><\/div><\/div><\/div><\/div><\/div>\n","protected":false},"excerpt":{"rendered":"","protected":false},"author":1,"featured_media":0,"parent":0,"menu_order":103,"comment_status":"closed","ping_status":"closed","template":"","meta":{"footnotes":""},"_links":{"self":[{"href":"https:\/\/alt.bzi-rs.de\/index.php\/wp-json\/wp\/v2\/pages\/8818"}],"collection":[{"href":"https:\/\/alt.bzi-rs.de\/index.php\/wp-json\/wp\/v2\/pages"}],"about":[{"href":"https:\/\/alt.bzi-rs.de\/index.php\/wp-json\/wp\/v2\/types\/page"}],"author":[{"embeddable":true,"href":"https:\/\/alt.bzi-rs.de\/index.php\/wp-json\/wp\/v2\/users\/1"}],"replies":[{"embeddable":true,"href":"https:\/\/alt.bzi-rs.de\/index.php\/wp-json\/wp\/v2\/comments?post=8818"}],"version-history":[{"count":6,"href":"https:\/\/alt.bzi-rs.de\/index.php\/wp-json\/wp\/v2\/pages\/8818\/revisions"}],"predecessor-version":[{"id":10127,"href":"https:\/\/alt.bzi-rs.de\/index.php\/wp-json\/wp\/v2\/pages\/8818\/revisions\/10127"}],"wp:attachment":[{"href":"https:\/\/alt.bzi-rs.de\/index.php\/wp-json\/wp\/v2\/media?parent=8818"}],"curies":[{"name":"wp","href":"https:\/\/api.w.org\/{rel}","templated":true}]}}