{"id":9895,"date":"2021-02-22T10:24:26","date_gmt":"2021-02-22T09:24:26","guid":{"rendered":"https:\/\/alt.bzi-rs.de\/?page_id=9895"},"modified":"2021-02-22T10:36:00","modified_gmt":"2021-02-22T09:36:00","slug":"ausbildung-pruefungscoaching","status":"publish","type":"page","link":"https:\/\/alt.bzi-rs.de\/index.php\/ausbildung-pruefungscoaching\/","title":{"rendered":"Pr\u00fcfungscoaching"},"content":{"rendered":"<p><div class=\"fusion-fullwidth fullwidth-box fusion-builder-row-1 nonhundred-percent-fullwidth non-hundred-percent-height-scrolling\" style=\"background-color: rgba(255,255,255,0);background-position: center center;background-repeat: no-repeat;padding-top:0px;padding-right:0px;padding-bottom:0px;padding-left:0px;margin-bottom: 0px;margin-top: 0px;border-width: 0px 0px 0px 0px;border-color:#eae9e9;border-style:solid;\" ><div class=\"fusion-builder-row fusion-row\"><div class=\"fusion-layout-column fusion_builder_column fusion-builder-column-0 fusion_builder_column_1_1 1_1 fusion-one-full fusion-column-first fusion-column-last\" style=\"margin-top:0px;margin-bottom:20px;\"><div class=\"fusion-column-wrapper fusion-flex-column-wrapper-legacy\" style=\"background-position:left top;background-repeat:no-repeat;-webkit-background-size:cover;-moz-background-size:cover;-o-background-size:cover;background-size:cover;padding: 0px 0px 0px 0px;\"><style type=\"text\/css\"><\/style><div class=\"fusion-title title fusion-title-1 fusion-sep-none fusion-title-text fusion-title-size-two\" style=\"margin-top:0px;margin-right:0px;margin-bottom:0px;margin-left:0px;\"><h2 class=\"title-heading-left\" style=\"margin:0;\">Coaching zur Pr\u00fcfungsvorbereitung<\/h2><\/div><div class=\"fusion-clearfix\"><\/div><\/div><\/div><\/div><\/div><div class=\"fusion-fullwidth fullwidth-box fusion-builder-row-2 nonhundred-percent-fullwidth non-hundred-percent-height-scrolling\" style=\"background-color: rgba(255,255,255,0);background-position: center center;background-repeat: no-repeat;padding-top:0px;padding-right:0px;padding-bottom:0px;padding-left:0px;margin-bottom: 0px;margin-top: 0px;border-width: 0px 0px 0px 0px;border-color:#eae9e9;border-style:solid;\" ><div class=\"fusion-builder-row fusion-row\"><div class=\"fusion-layout-column fusion_builder_column fusion-builder-column-1 fusion_builder_column_2_3 2_3 fusion-two-third fusion-column-first\" style=\"width:66.666666666667%;width:calc(66.666666666667% - ( ( 4% ) * 0.66666666666667 ) );margin-right: 4%;margin-top:0px;margin-bottom:0px;\"><div class=\"fusion-column-wrapper fusion-flex-column-wrapper-legacy\" style=\"background-position:left top;background-repeat:no-repeat;-webkit-background-size:cover;-moz-background-size:cover;-o-background-size:cover;background-size:cover;padding: 0px 0px 0px 0px;\"><div class=\"fusion-text fusion-text-1\"><p><strong>Ziele:<br \/>\n<\/strong>Coaching zur optimalen Pr\u00fcfungsvorbereitung f\u00fcr schriftliche und m\u00fcndliche Pr\u00fcfungen.<br \/>\nUnser psychologischer Berater hilft ein Pack-an bei der Pr\u00fcfungsvorbereitung zu finden. Alle Themen rund um gro\u00dfe Nervosit\u00e4t, Pr\u00fcfungsangst, dem Gef\u00fchl \u00fcberfordert zu sein oder Blackouts k\u00f6nnen Thema dieses pers\u00f6nlichen Coachings sein. Es wird individuell auf Bed\u00fcrfnisse eingegangen.<\/p>\n<p><strong>Inhalte:<br \/>\n<\/strong>Analyse des Lern- und Pr\u00fcfungstyps auf Grundlage psychologischer Methoden, Entwicklung einer Schritt-f\u00fcr-Schritt Anleitung zur Vorbereitung der Pr\u00fcfung, Zeitmanagement, Identifikation und Abbau von Hemmnissen in der Umsetzung oder St\u00e4rkung positiver Aspekte f\u00fcr ein Gelingen der Pr\u00fcfung.<\/p>\n<p><strong>Zielgruppe:<br \/>\n<\/strong>Alle die Pr\u00fcfungen irgendeiner Art vor sich haben.<\/p>\n<\/div><hr><p><a href=\"#\" onClick=\"history.back(); return false\">Zur\u00fcck zur \u00dcbersicht<\/a><\/p>\n<hr>\n<p><a href=\"http:\/\/www.bzi-rs.de\/index.php\/anmeldung-und-agb\/\">Anmeldung & AGB<\/a> | <a href=\"http:\/\/www.bzi-rs.de\/index.php\/foerdermoeglichkeiten\/\">F\u00f6rderm\u00f6glichkeiten<\/a> | <a href=\"http:\/\/www.bzi-rs.de\/index.php\/weiterbildungsbroschuere\/\">Weiterbildungsbrosch\u00fcre<\/a><\/p>\n<p><a href=\"#\" onClick=\"history.back(); return false\"><\/a><\/p>\n<div class=\"fusion-clearfix\"><\/div><\/div><\/div><div class=\"fusion-layout-column fusion_builder_column fusion-builder-column-2 fusion_builder_column_1_3 1_3 fusion-one-third fusion-column-last\" style=\"width:33.333333333333%;width:calc(33.333333333333% - ( ( 4% ) * 0.33333333333333 ) );margin-top:0px;margin-bottom:0px;\"><div class=\"fusion-column-wrapper fusion-flex-column-wrapper-legacy\" style=\"background-position:left top;background-repeat:no-repeat;-webkit-background-size:cover;-moz-background-size:cover;-o-background-size:cover;background-size:cover;padding: 0px 0px 0px 0px;\"><style type='text\/css'>.reading-box-container-1 .element-bottomshadow:before,.reading-box-container-1 .element-bottomshadow:after{opacity:0.70;}<\/style><div class=\"fusion-reading-box-container reading-box-container-1\" style=\"margin-top:0px;margin-bottom:84px;\"><div class=\"reading-box element-bottomshadow\" style=\"background-color:#f6f6f6;border-width:1px;border-color:#f6f6f6;border-left-width:3px;border-left-color:var(--primary_color);border-style:solid;\"><div class=\"reading-box-additional\">\n<div id=\"InfoControl_InfoPanel\" class=\"InfoPanel\"><span id=\"InfoControl_descriptionCity\" class=\"descriptionCity\"><strong>Ort:<\/strong><br \/>\nBerufsbildungszentrum der Remscheider<br \/>\nMetall- und Elektroindustrie GmbH<br \/>\nW\u00fcstenhagener Stra\u00dfe 18 &#8211; 26<br \/>\n42855 Remscheid<\/span><\/div>\n<div class=\"InfoPanel\"><span id=\"InfoControl_descriptionDate\" class=\"descriptionDate\"><strong><br \/>\n<\/strong><span class=\"descriptionDate\"><strong>Zeit:<br \/>\n<\/strong><\/span>90 Minuten<br \/>\n<\/span><\/div>\n<div class=\"InfoPanel\"><span id=\"InfoControl_descriptionTime\" class=\"descriptionTime\"><strong><br \/>\nLehrgangsgeb\u00fchren: <\/strong><br \/>\n<\/span><\/div>\n<div><span id=\"InfoControl_descriptionDate\" class=\"descriptionDate\">89,00 \u20ac<br \/>\n<\/span><\/div>\n<\/div><div class=\"fusion-clearfix\"><\/div><\/div><\/div><div class=\"fusion-clearfix\"><\/div><\/div><\/div><\/div><\/div><\/p>\n","protected":false},"excerpt":{"rendered":"","protected":false},"author":1,"featured_media":0,"parent":0,"menu_order":15,"comment_status":"closed","ping_status":"closed","template":"","meta":{"footnotes":""},"_links":{"self":[{"href":"https:\/\/alt.bzi-rs.de\/index.php\/wp-json\/wp\/v2\/pages\/9895"}],"collection":[{"href":"https:\/\/alt.bzi-rs.de\/index.php\/wp-json\/wp\/v2\/pages"}],"about":[{"href":"https:\/\/alt.bzi-rs.de\/index.php\/wp-json\/wp\/v2\/types\/page"}],"author":[{"embeddable":true,"href":"https:\/\/alt.bzi-rs.de\/index.php\/wp-json\/wp\/v2\/users\/1"}],"replies":[{"embeddable":true,"href":"https:\/\/alt.bzi-rs.de\/index.php\/wp-json\/wp\/v2\/comments?post=9895"}],"version-history":[{"count":5,"href":"https:\/\/alt.bzi-rs.de\/index.php\/wp-json\/wp\/v2\/pages\/9895\/revisions"}],"predecessor-version":[{"id":9906,"href":"https:\/\/alt.bzi-rs.de\/index.php\/wp-json\/wp\/v2\/pages\/9895\/revisions\/9906"}],"wp:attachment":[{"href":"https:\/\/alt.bzi-rs.de\/index.php\/wp-json\/wp\/v2\/media?parent=9895"}],"curies":[{"name":"wp","href":"https:\/\/api.w.org\/{rel}","templated":true}]}}